{"id":990932,"date":"2025-09-26T08:40:54","date_gmt":"2025-09-26T08:40:54","guid":{"rendered":"https:\/\/new.albatartufi.com\/alba-tartufi-club\/"},"modified":"2025-10-23T14:31:36","modified_gmt":"2025-10-23T14:31:36","slug":"alba-tartufi-club","status":"publish","type":"page","link":"https:\/\/new.albatartufi.com\/en\/alba-tartufi-club\/","title":{"rendered":"Alba Tartufi Club"},"content":{"rendered":"\t\t<div data-elementor-type=\"wp-page\" data-elementor-id=\"990932\" class=\"elementor elementor-990932 elementor-988912\" data-elementor-post-type=\"page\">\n\t\t\t\t\t\t<section class=\"elementor-section elementor-top-section elementor-element elementor-element-842a562 elementor-section-height-min-height elementor-section-content-bottom elementor-section-boxed elementor-section-height-default elementor-section-items-middle\" data-id=\"842a562\" data-element_type=\"section\" data-settings=\"{&quot;background_background&quot;:&quot;classic&quot;}\">\n\t\t\t\t\t\t\t<div class=\"elementor-background-overlay\"><\/div>\n\t\t\t\t\t\t\t<div class=\"elementor-container elementor-column-gap-default\">\n\t\t\t\t\t<div class=\"elementor-column elementor-col-100 elementor-top-column elementor-element elementor-element-4f542b5\" data-id=\"4f542b5\" data-element_type=\"column\">\n\t\t\t<div class=\"elementor-widget-wrap\">\n\t\t\t\t\t\t\t<\/div>\n\t\t<\/div>\n\t\t\t\t\t<\/div>\n\t\t<\/section>\n\t\t<div class=\"elementor-element elementor-element-a9c65e2 e-flex e-con-boxed e-con e-parent\" data-id=\"a9c65e2\" data-element_type=\"container\" data-settings=\"{&quot;background_background&quot;:&quot;classic&quot;}\">\n\t\t\t\t\t<div class=\"e-con-inner\">\n\t\t<div class=\"elementor-element elementor-element-bc18efc e-con-full e-flex e-con e-child\" data-id=\"bc18efc\" data-element_type=\"container\">\n\t\t\t\t<div class=\"elementor-element elementor-element-530f832 elementor-widget elementor-widget-image\" data-id=\"530f832\" data-element_type=\"widget\" data-widget_type=\"image.default\">\n\t\t\t\t<div class=\"elementor-widget-container\">\n\t\t\t\t\t\t\t\t\t<div class=\"elementor-image\">\n\t\t\t\t\t\t\t\t\t\t\t\t\t\t\t\t\t\t\t\t\t<img fetchpriority=\"high\" decoding=\"async\" width=\"790\" height=\"520\" src=\"https:\/\/new.albatartufi.com\/wp-content\/uploads\/2025\/10\/card-alba-tartufi.png\" class=\"attachment-large size-large wp-image-993745\" alt=\"alba tartufi card\" \/>\t\t\t\t\t\t\t\t\t\t\t\t\t\t\t\t\t\t\t\t\t\t\t\t<\/div>\n\t\t\t\t\t\t\t\t<\/div>\n\t\t\t\t<\/div>\n\t\t\t\t<\/div>\n\t\t<div class=\"elementor-element elementor-element-4057408 e-con-full e-flex e-con e-child\" data-id=\"4057408\" data-element_type=\"container\">\n\t\t\t\t<div class=\"elementor-element elementor-element-21bf581 elementor-absolute elementor-widget elementor-widget-image\" data-id=\"21bf581\" data-element_type=\"widget\" data-settings=\"{&quot;_position&quot;:&quot;absolute&quot;}\" data-widget_type=\"image.default\">\n\t\t\t\t<div class=\"elementor-widget-container\">\n\t\t\t\t\t\t\t\t\t<div class=\"elementor-image\">\n\t\t\t\t\t\t\t\t\t\t\t\t\t\t\t\t\t\t\t\t\t<img decoding=\"async\" width=\"178\" height=\"174\" src=\"https:\/\/new.albatartufi.com\/wp-content\/uploads\/2025\/09\/Vector_truffle_2.webp\" class=\"attachment-large size-large wp-image-990937\" alt=\"White Alba truffle\" \/>\t\t\t\t\t\t\t\t\t\t\t\t\t\t\t\t\t\t\t\t\t\t\t\t<\/div>\n\t\t\t\t\t\t\t\t<\/div>\n\t\t\t\t<\/div>\n\t\t\t\t<div class=\"elementor-element elementor-element-9eac7f7 elementor-invisible elementor-widget elementor-widget-heading\" data-id=\"9eac7f7\" data-element_type=\"widget\" data-settings=\"{&quot;_animation&quot;:&quot;fadeIn&quot;,&quot;_animation_delay&quot;:200,&quot;_animation_tablet&quot;:&quot;none&quot;}\" data-widget_type=\"heading.default\">\n\t\t\t\t<div class=\"elementor-widget-container\">\n\t\t\t\t\t<h1 class=\"elementor-heading-title elementor-size-default\">Alba Tartufi Club<\/h1>\t\t\t\t<\/div>\n\t\t\t\t<\/div>\n\t\t\t\t<div class=\"elementor-element elementor-element-cafceb5 elementor-widget elementor-widget-heading\" data-id=\"cafceb5\" data-element_type=\"widget\" data-widget_type=\"heading.default\">\n\t\t\t\t<div class=\"elementor-widget-container\">\n\t\t\t\t\t<h2 class=\"elementor-heading-title elementor-size-default\">Truffle Club Card<\/h2>\t\t\t\t<\/div>\n\t\t\t\t<\/div>\n\t\t\t\t<div class=\"elementor-element elementor-element-137eafc elementor-widget elementor-widget-text-editor\" data-id=\"137eafc\" data-element_type=\"widget\" data-widget_type=\"text-editor.default\">\n\t\t\t\t<div class=\"elementor-widget-container\">\n\t\t\t\t\t\t\t\t\t<p>The Alba Tartufi Truffle Club Card entitles holders to promotional offers from Alba Tartufi, reserved exclusively for members.<\/p><p>La carte est valable pendant toute la dur\u00e9e de l&#8217;adh\u00e9sion au Club. Les offres promotionnelles ne peuvent \u00eatre utilis\u00e9es par les membres que sur le portail web www.albatartufi.com, propri\u00e9t\u00e9 d&#8217;Alba Tartufi. <\/p><p>Sign up for the newsletter to join the Club.<\/p>\t\t\t\t\t\t\t\t<\/div>\n\t\t\t\t<\/div>\n\t\t\t\t<div class=\"elementor-element elementor-element-6964b8a elementor-align-center elementor-hidden-desktop elementor-hidden-tablet elementor-hidden-mobile elementor-widget elementor-widget-button\" data-id=\"6964b8a\" data-element_type=\"widget\" data-widget_type=\"button.default\">\n\t\t\t\t<div class=\"elementor-widget-container\">\n\t\t\t\t\t\t\t\t\t<div class=\"elementor-button-wrapper\">\n\t\t\t\t\t<a class=\"elementor-button elementor-button-link elementor-size-sm\" href=\"\/newsletter\">\n\t\t\t\t\t\t<span class=\"elementor-button-content-wrapper\">\n\t\t\t\t\t\t<span class=\"elementor-button-icon\">\n\t\t\t\t<i aria-hidden=\"true\" class=\"fas fa-arrow-right\"><\/i>\t\t\t<\/span>\n\t\t\t\t\t\t\t\t\t<span class=\"elementor-button-text\">sign up now<\/span>\n\t\t\t\t\t<\/span>\n\t\t\t\t\t<\/a>\n\t\t\t\t<\/div>\n\t\t\t\t\t\t\t\t<\/div>\n\t\t\t\t<\/div>\n\t\t\t\t<\/div>\n\t\t\t\t\t<\/div>\n\t\t\t\t<\/div>\n\t\t<div class=\"elementor-element elementor-element-5e7e03e e-con-full e-flex e-con e-parent\" data-id=\"5e7e03e\" data-element_type=\"container\" data-settings=\"{&quot;background_background&quot;:&quot;classic&quot;}\">\n\t\t\t\t<div class=\"elementor-element elementor-element-af29295 elementor-widget elementor-widget-template\" data-id=\"af29295\" data-element_type=\"widget\" data-widget_type=\"template.default\">\n\t\t\t\t<div class=\"elementor-widget-container\">\n\t\t\t\t\t\t\t<div class=\"elementor-template\">\n\t\t\t\t\t<div data-elementor-type=\"section\" data-elementor-id=\"993864\" class=\"elementor elementor-993864 elementor-993235\" data-elementor-post-type=\"elementor_library\">\n\t\t\t\t\t<section class=\"elementor-section elementor-top-section elementor-element elementor-element-694975c8 elementor-section-height-min-height elementor-section-boxed elementor-section-height-default elementor-section-items-middle\" data-id=\"694975c8\" data-element_type=\"section\" id=\"subscribe-form\" data-settings=\"{&quot;background_background&quot;:&quot;classic&quot;}\">\n\t\t\t\t\t\t<div class=\"elementor-container elementor-column-gap-default\">\n\t\t\t\t\t<div class=\"elementor-column elementor-col-100 elementor-top-column elementor-element elementor-element-11fe2c5e\" data-id=\"11fe2c5e\" data-element_type=\"column\" data-settings=\"{&quot;background_background&quot;:&quot;classic&quot;}\">\n\t\t\t<div class=\"elementor-widget-wrap elementor-element-populated\">\n\t\t\t\t\t\t<div class=\"elementor-element elementor-element-a6985ba elementor-widget elementor-widget-heading\" data-id=\"a6985ba\" data-element_type=\"widget\" data-widget_type=\"heading.default\">\n\t\t\t\t<div class=\"elementor-widget-container\">\n\t\t\t\t\t<h2 class=\"elementor-heading-title elementor-size-default\">Alba Tartufi Club Registration<\/h2>\t\t\t\t<\/div>\n\t\t\t\t<\/div>\n\t\t\t\t<div class=\"elementor-element elementor-element-ac3a79c elementor-button-align-center elementor-widget elementor-widget-form\" data-id=\"ac3a79c\" data-element_type=\"widget\" data-settings=\"{&quot;step_next_label&quot;:&quot;Next&quot;,&quot;step_previous_label&quot;:&quot;Previous&quot;,&quot;button_width&quot;:&quot;100&quot;,&quot;step_type&quot;:&quot;number_text&quot;,&quot;step_icon_shape&quot;:&quot;circle&quot;}\" data-widget_type=\"form.default\">\n\t\t\t\t<div class=\"elementor-widget-container\">\n\t\t\t\t\t\t\t<form class=\"elementor-form\" method=\"post\" name=\"Subscribe\" aria-label=\"Subscribe\">\n\t\t\t<input type=\"hidden\" name=\"post_id\" value=\"993864\"\/>\n\t\t\t<input type=\"hidden\" name=\"form_id\" value=\"ac3a79c\"\/>\n\t\t\t<input type=\"hidden\" name=\"referer_title\" value=\"Truffle of Alba (Piedmont &#8211; Italy)\" \/>\n\n\t\t\t\n\t\t\t<div class=\"elementor-form-fields-wrapper elementor-labels-\">\n\t\t\t\t\t\t\t\t<div class=\"elementor-field-type-text elementor-field-group elementor-column elementor-field-group-name elementor-col-50 elementor-field-required\">\n\t\t\t\t\t\t\t\t\t\t\t\t<label for=\"form-field-name\" class=\"elementor-field-label elementor-screen-only\">\n\t\t\t\t\t\t\t\tName\t\t\t\t\t\t\t<\/label>\n\t\t\t\t\t\t\t\t\t\t\t\t\t\t<input size=\"1\" type=\"text\" name=\"form_fields[name]\" id=\"form-field-name\" class=\"elementor-field elementor-size-md  elementor-field-textual\" placeholder=\"Name\" required=\"required\">\n\t\t\t\t\t\t\t\t\t\t\t<\/div>\n\t\t\t\t\t\t\t\t<div class=\"elementor-field-type-text elementor-field-group elementor-column elementor-field-group-field_7167dcc elementor-col-50\">\n\t\t\t\t\t\t\t\t\t\t\t\t<label for=\"form-field-field_7167dcc\" class=\"elementor-field-label elementor-screen-only\">\n\t\t\t\t\t\t\t\tFamily name\t\t\t\t\t\t\t<\/label>\n\t\t\t\t\t\t\t\t\t\t\t\t\t\t<input size=\"1\" type=\"text\" name=\"form_fields[field_7167dcc]\" id=\"form-field-field_7167dcc\" class=\"elementor-field elementor-size-md  elementor-field-textual\" placeholder=\"Family name\">\n\t\t\t\t\t\t\t\t\t\t\t<\/div>\n\t\t\t\t\t\t\t\t<div class=\"elementor-field-type-email elementor-field-group elementor-column elementor-field-group-email elementor-col-100 elementor-field-required\">\n\t\t\t\t\t\t\t\t\t\t\t\t<label for=\"form-field-email\" class=\"elementor-field-label elementor-screen-only\">\n\t\t\t\t\t\t\t\tEmail\t\t\t\t\t\t\t<\/label>\n\t\t\t\t\t\t\t\t\t\t\t\t\t\t<input size=\"1\" type=\"email\" name=\"form_fields[email]\" id=\"form-field-email\" class=\"elementor-field elementor-size-md  elementor-field-textual\" placeholder=\"Email\" required=\"required\">\n\t\t\t\t\t\t\t\t\t\t\t<\/div>\n\t\t\t\t\t\t\t\t<div class=\"elementor-field-type-acceptance elementor-field-group elementor-column elementor-field-group-field_dff084a elementor-col-100 elementor-field-required\">\n\t\t\t\t\t\t\t<div class=\"elementor-field-subgroup\">\n\t\t\t<span class=\"elementor-field-option\">\n\t\t\t\t<input type=\"checkbox\" name=\"form_fields[field_dff084a]\" id=\"form-field-field_dff084a\" class=\"elementor-field elementor-size-md  elementor-acceptance-field\" required=\"required\">\n\t\t\t\t<label for=\"form-field-field_dff084a\">I consent to the processing of personal data.<\/label>\t\t\t<\/span>\n\t\t<\/div>\n\t\t\t\t\t\t<\/div>\n\t\t\t\t\t\t\t\t<div class=\"elementor-field-group elementor-column elementor-field-type-submit elementor-col-100 e-form__buttons\">\n\t\t\t\t\t<button class=\"elementor-button elementor-size-lg\" type=\"submit\">\n\t\t\t\t\t\t<span class=\"elementor-button-content-wrapper\">\n\t\t\t\t\t\t\t\t\t\t\t\t\t\t\t<span class=\"elementor-button-icon\">\n\t\t\t\t\t\t\t\t\t<i aria-hidden=\"true\" class=\"fas fa-arrow-right\"><\/i>\t\t\t\t\t\t\t\t\t\t\t\t\t\t\t\t\t<\/span>\n\t\t\t\t\t\t\t\t\t\t\t\t\t\t\t\t\t\t\t\t\t\t<span class=\"elementor-button-text\">Sign up<\/span>\n\t\t\t\t\t\t\t\t\t\t\t\t\t<\/span>\n\t\t\t\t\t<\/button>\n\t\t\t\t<\/div>\n\t\t\t<\/div>\n\t\t<\/form>\n\t\t\t\t\t\t<\/div>\n\t\t\t\t<\/div>\n\t\t\t\t\t<\/div>\n\t\t<\/div>\n\t\t\t\t\t<\/div>\n\t\t<\/section>\n\t\t\t\t<\/div>\n\t\t\t\t<\/div>\n\t\t\t\t\t\t<\/div>\n\t\t\t\t<\/div>\n\t\t\t\t<\/div>\n\t\t\t\t<\/div>\n\t\t","protected":false},"excerpt":{"rendered":"<p>Alba Tartufi Club Truffle Club Card The Alba Tartufi Truffle Club Card entitles holders to promotional offers from Alba Tartufi, reserved exclusively for members. La carte est valable pendant toute la dur\u00e9e de l&#8217;adh\u00e9sion au Club. Les offres promotionnelles ne peuvent \u00eatre utilis\u00e9es par les membres que sur le portail web www.albatartufi.com, propri\u00e9t\u00e9 d&#8217;Alba Tartufi&#8230;.<\/p>\n","protected":false},"author":1,"featured_media":0,"parent":0,"menu_order":0,"comment_status":"closed","ping_status":"closed","template":"","meta":{"inline_featured_image":false,"footnotes":""},"class_list":["post-990932","page","type-page","status-publish","hentry"],"yoast_head":"<!-- This site is optimized with the Yoast SEO plugin v26.2 - https:\/\/yoast.com\/wordpress\/plugins\/seo\/ -->\n<title>Alba Tartufi Club - Truffle of Alba (Piedmont - Italy)<\/title>\n<meta name=\"description\" content=\"Alba Truffle Tour: Tour Nature and Truffle Hunting (simulated). The Territory of the Tour: Langhe, Roero and Monferrato (Piedmont - Italy).\" \/>\n<meta name=\"robots\" content=\"index, follow, max-snippet:-1, max-image-preview:large, max-video-preview:-1\" \/>\n<link rel=\"canonical\" href=\"https:\/\/new.albatartufi.com\/en\/alba-tartufi-club\/\" \/>\n<meta property=\"og:locale\" content=\"en_US\" \/>\n<meta property=\"og:type\" content=\"article\" \/>\n<meta property=\"og:title\" content=\"Alba Tartufi Club - Truffle of Alba (Piedmont - Italy)\" \/>\n<meta property=\"og:description\" content=\"Alba Truffle Tour: Tour Nature and Truffle Hunting (simulated). The Territory of the Tour: Langhe, Roero and Monferrato (Piedmont - Italy).\" \/>\n<meta property=\"og:url\" content=\"https:\/\/new.albatartufi.com\/en\/alba-tartufi-club\/\" \/>\n<meta property=\"og:site_name\" content=\"Truffle of Alba (Piedmont - Italy)\" \/>\n<meta property=\"article:publisher\" content=\"https:\/\/www.facebook.com\/albatartufi\" \/>\n<meta property=\"article:modified_time\" content=\"2025-10-23T14:31:36+00:00\" \/>\n<meta property=\"og:image\" content=\"https:\/\/new.albatartufi.com\/wp-content\/uploads\/2025\/10\/card-alba-tartufi.png\" \/>\n\t<meta property=\"og:image:width\" content=\"790\" \/>\n\t<meta property=\"og:image:height\" content=\"520\" \/>\n\t<meta property=\"og:image:type\" content=\"image\/png\" \/>\n<meta name=\"twitter:card\" content=\"summary_large_image\" \/>\n<meta name=\"twitter:site\" content=\"@albatartufi\" \/>\n<script type=\"application\/ld+json\" class=\"yoast-schema-graph\">{\"@context\":\"https:\/\/schema.org\",\"@graph\":[{\"@type\":\"WebPage\",\"@id\":\"https:\/\/new.albatartufi.com\/en\/alba-tartufi-club\/\",\"url\":\"https:\/\/new.albatartufi.com\/en\/alba-tartufi-club\/\",\"name\":\"Alba Tartufi Club - Truffle of Alba (Piedmont - Italy)\",\"isPartOf\":{\"@id\":\"https:\/\/new.albatartufi.com\/#website\"},\"primaryImageOfPage\":{\"@id\":\"https:\/\/new.albatartufi.com\/en\/alba-tartufi-club\/#primaryimage\"},\"image\":{\"@id\":\"https:\/\/new.albatartufi.com\/en\/alba-tartufi-club\/#primaryimage\"},\"thumbnailUrl\":\"https:\/\/new.albatartufi.com\/wp-content\/uploads\/2025\/10\/card-alba-tartufi.png\",\"datePublished\":\"2025-09-26T08:40:54+00:00\",\"dateModified\":\"2025-10-23T14:31:36+00:00\",\"description\":\"Alba Truffle Tour: Tour Nature and Truffle Hunting (simulated). The Territory of the Tour: Langhe, Roero and Monferrato (Piedmont - Italy).\",\"breadcrumb\":{\"@id\":\"https:\/\/new.albatartufi.com\/en\/alba-tartufi-club\/#breadcrumb\"},\"inLanguage\":\"en-US\",\"potentialAction\":[{\"@type\":\"ReadAction\",\"target\":[\"https:\/\/new.albatartufi.com\/en\/alba-tartufi-club\/\"]}]},{\"@type\":\"ImageObject\",\"inLanguage\":\"en-US\",\"@id\":\"https:\/\/new.albatartufi.com\/en\/alba-tartufi-club\/#primaryimage\",\"url\":\"https:\/\/new.albatartufi.com\/wp-content\/uploads\/2025\/10\/card-alba-tartufi.png\",\"contentUrl\":\"https:\/\/new.albatartufi.com\/wp-content\/uploads\/2025\/10\/card-alba-tartufi.png\"},{\"@type\":\"BreadcrumbList\",\"@id\":\"https:\/\/new.albatartufi.com\/en\/alba-tartufi-club\/#breadcrumb\",\"itemListElement\":[{\"@type\":\"ListItem\",\"position\":1,\"name\":\"Home\",\"item\":\"https:\/\/new.albatartufi.com\/en\/tartufo-di-alba-piemonte-italia\/\"},{\"@type\":\"ListItem\",\"position\":2,\"name\":\"Alba Tartufi Club\"}]},{\"@type\":\"WebSite\",\"@id\":\"https:\/\/new.albatartufi.com\/#website\",\"url\":\"https:\/\/new.albatartufi.com\/\",\"name\":\"Alba Tartufi\",\"description\":\"Tartufo di Alba (Piemonte - Italia)\",\"publisher\":{\"@id\":\"https:\/\/new.albatartufi.com\/#organization\"},\"potentialAction\":[{\"@type\":\"SearchAction\",\"target\":{\"@type\":\"EntryPoint\",\"urlTemplate\":\"https:\/\/new.albatartufi.com\/?s={search_term_string}\"},\"query-input\":{\"@type\":\"PropertyValueSpecification\",\"valueRequired\":true,\"valueName\":\"search_term_string\"}}],\"inLanguage\":\"en-US\"},{\"@type\":\"Organization\",\"@id\":\"https:\/\/new.albatartufi.com\/#organization\",\"name\":\"Alba Tartufi\",\"url\":\"https:\/\/new.albatartufi.com\/\",\"logo\":{\"@type\":\"ImageObject\",\"inLanguage\":\"en-US\",\"@id\":\"https:\/\/new.albatartufi.com\/#\/schema\/logo\/image\/\",\"url\":\"https:\/\/new.albatartufi.com\/wp-content\/uploads\/2025\/09\/cropped-logo_alba_tartufi.webp\",\"contentUrl\":\"https:\/\/new.albatartufi.com\/wp-content\/uploads\/2025\/09\/cropped-logo_alba_tartufi.webp\",\"width\":389,\"height\":211,\"caption\":\"Alba Tartufi\"},\"image\":{\"@id\":\"https:\/\/new.albatartufi.com\/#\/schema\/logo\/image\/\"},\"sameAs\":[\"https:\/\/www.facebook.com\/albatartufi\",\"https:\/\/x.com\/albatartufi\",\"https:\/\/www.instagram.com\/albatartufi\/\"]}]}<\/script>\n<!-- \/ Yoast SEO plugin. -->","yoast_head_json":{"title":"Alba Tartufi Club - Truffle of Alba (Piedmont - Italy)","description":"Alba Truffle Tour: Tour Nature and Truffle Hunting (simulated). The Territory of the Tour: Langhe, Roero and Monferrato (Piedmont - Italy).","robots":{"index":"index","follow":"follow","max-snippet":"max-snippet:-1","max-image-preview":"max-image-preview:large","max-video-preview":"max-video-preview:-1"},"canonical":"https:\/\/new.albatartufi.com\/en\/alba-tartufi-club\/","og_locale":"en_US","og_type":"article","og_title":"Alba Tartufi Club - Truffle of Alba (Piedmont - Italy)","og_description":"Alba Truffle Tour: Tour Nature and Truffle Hunting (simulated). The Territory of the Tour: Langhe, Roero and Monferrato (Piedmont - Italy).","og_url":"https:\/\/new.albatartufi.com\/en\/alba-tartufi-club\/","og_site_name":"Truffle of Alba (Piedmont - Italy)","article_publisher":"https:\/\/www.facebook.com\/albatartufi","article_modified_time":"2025-10-23T14:31:36+00:00","og_image":[{"width":790,"height":520,"url":"https:\/\/new.albatartufi.com\/wp-content\/uploads\/2025\/10\/card-alba-tartufi.png","type":"image\/png"}],"twitter_card":"summary_large_image","twitter_site":"@albatartufi","schema":{"@context":"https:\/\/schema.org","@graph":[{"@type":"WebPage","@id":"https:\/\/new.albatartufi.com\/en\/alba-tartufi-club\/","url":"https:\/\/new.albatartufi.com\/en\/alba-tartufi-club\/","name":"Alba Tartufi Club - Truffle of Alba (Piedmont - Italy)","isPartOf":{"@id":"https:\/\/new.albatartufi.com\/#website"},"primaryImageOfPage":{"@id":"https:\/\/new.albatartufi.com\/en\/alba-tartufi-club\/#primaryimage"},"image":{"@id":"https:\/\/new.albatartufi.com\/en\/alba-tartufi-club\/#primaryimage"},"thumbnailUrl":"https:\/\/new.albatartufi.com\/wp-content\/uploads\/2025\/10\/card-alba-tartufi.png","datePublished":"2025-09-26T08:40:54+00:00","dateModified":"2025-10-23T14:31:36+00:00","description":"Alba Truffle Tour: Tour Nature and Truffle Hunting (simulated). The Territory of the Tour: Langhe, Roero and Monferrato (Piedmont - Italy).","breadcrumb":{"@id":"https:\/\/new.albatartufi.com\/en\/alba-tartufi-club\/#breadcrumb"},"inLanguage":"en-US","potentialAction":[{"@type":"ReadAction","target":["https:\/\/new.albatartufi.com\/en\/alba-tartufi-club\/"]}]},{"@type":"ImageObject","inLanguage":"en-US","@id":"https:\/\/new.albatartufi.com\/en\/alba-tartufi-club\/#primaryimage","url":"https:\/\/new.albatartufi.com\/wp-content\/uploads\/2025\/10\/card-alba-tartufi.png","contentUrl":"https:\/\/new.albatartufi.com\/wp-content\/uploads\/2025\/10\/card-alba-tartufi.png"},{"@type":"BreadcrumbList","@id":"https:\/\/new.albatartufi.com\/en\/alba-tartufi-club\/#breadcrumb","itemListElement":[{"@type":"ListItem","position":1,"name":"Home","item":"https:\/\/new.albatartufi.com\/en\/tartufo-di-alba-piemonte-italia\/"},{"@type":"ListItem","position":2,"name":"Alba Tartufi Club"}]},{"@type":"WebSite","@id":"https:\/\/new.albatartufi.com\/#website","url":"https:\/\/new.albatartufi.com\/","name":"Alba Tartufi","description":"Tartufo di Alba (Piemonte - Italia)","publisher":{"@id":"https:\/\/new.albatartufi.com\/#organization"},"potentialAction":[{"@type":"SearchAction","target":{"@type":"EntryPoint","urlTemplate":"https:\/\/new.albatartufi.com\/?s={search_term_string}"},"query-input":{"@type":"PropertyValueSpecification","valueRequired":true,"valueName":"search_term_string"}}],"inLanguage":"en-US"},{"@type":"Organization","@id":"https:\/\/new.albatartufi.com\/#organization","name":"Alba Tartufi","url":"https:\/\/new.albatartufi.com\/","logo":{"@type":"ImageObject","inLanguage":"en-US","@id":"https:\/\/new.albatartufi.com\/#\/schema\/logo\/image\/","url":"https:\/\/new.albatartufi.com\/wp-content\/uploads\/2025\/09\/cropped-logo_alba_tartufi.webp","contentUrl":"https:\/\/new.albatartufi.com\/wp-content\/uploads\/2025\/09\/cropped-logo_alba_tartufi.webp","width":389,"height":211,"caption":"Alba Tartufi"},"image":{"@id":"https:\/\/new.albatartufi.com\/#\/schema\/logo\/image\/"},"sameAs":["https:\/\/www.facebook.com\/albatartufi","https:\/\/x.com\/albatartufi","https:\/\/www.instagram.com\/albatartufi\/"]}]}},"_links":{"self":[{"href":"https:\/\/new.albatartufi.com\/en\/wp-json\/wp\/v2\/pages\/990932","targetHints":{"allow":["GET"]}}],"collection":[{"href":"https:\/\/new.albatartufi.com\/en\/wp-json\/wp\/v2\/pages"}],"about":[{"href":"https:\/\/new.albatartufi.com\/en\/wp-json\/wp\/v2\/types\/page"}],"author":[{"embeddable":true,"href":"https:\/\/new.albatartufi.com\/en\/wp-json\/wp\/v2\/users\/1"}],"replies":[{"embeddable":true,"href":"https:\/\/new.albatartufi.com\/en\/wp-json\/wp\/v2\/comments?post=990932"}],"version-history":[{"count":12,"href":"https:\/\/new.albatartufi.com\/en\/wp-json\/wp\/v2\/pages\/990932\/revisions"}],"predecessor-version":[{"id":995489,"href":"https:\/\/new.albatartufi.com\/en\/wp-json\/wp\/v2\/pages\/990932\/revisions\/995489"}],"wp:attachment":[{"href":"https:\/\/new.albatartufi.com\/en\/wp-json\/wp\/v2\/media?parent=990932"}],"curies":[{"name":"wp","href":"https:\/\/api.w.org\/{rel}","templated":true}]}}