{"id":988856,"date":"2025-09-22T15:02:34","date_gmt":"2025-09-22T15:02:34","guid":{"rendered":"https:\/\/new.albatartufi.com\/prodotto\/porcini-mushroom-and-truffle-cream\/"},"modified":"2025-10-14T14:00:15","modified_gmt":"2025-10-14T14:00:15","slug":"porcini-mushroom-and-truffle-cream","status":"publish","type":"product","link":"https:\/\/new.albatartufi.com\/en\/shop\/porcini-mushroom-and-truffle-cream\/","title":{"rendered":"Porcini Mushroom and Truffle Cream"},"content":{"rendered":"<div class=\"vgblk-rw-wrapper limit-wrapper\">\n<h4>180g jar.<\/h4>\n<h4 class=\"text-dark\">RECOMMENDED USE<\/h4>\n<p class=\"text-muted\">Cream with porcini mushrooms flavoured with truffles, recommended for seasoning first courses or game-based main courses. Also excellent for preparing canap\u00e9s and appetisers, and original when used to season fish dishes. To best appreciate its qualities, use about 20 g of product per person.<\/p>\n<h5 class=\"text-dark mb-0 mt-2\">STORAGE<\/h5>\n<p class=\"text-muted\">The product maintains its characteristics unchanged from the date of production for the times and temperatures defined below: in the refrigerator (+4\u00b0C) &#8211; once opened, store in the refrigerator covered with oil and consume within a few days; at room temperature &#8211; in a closed jar, consume by the expiry date shown on the jar (M.C.T.).<\/p>\n<h5 class=\"text-dark mb-0 mt-2\">INGREDIENTS<\/h5>\n<p class=\"text-muted\">C\u00e8pes 70,0%, huile d&#8217;olive vierge extra 24,0%, truffe noire d&#8217;\u00e9t\u00e9 (Tuber aestivum Vitt.) 5,0%, ar\u00f4me de truffe blanche 0,5%, sel 0,5%.<\/p>\n<p>PRESENCE OF ALLERGENS<\/p>\n<p class=\"text-muted\">No.<\/p>\n<h5 class=\"text-dark mb-0 mt-2\">GMO PRESENCE<\/h5>\n<p class=\"text-muted\">No.<\/p>\n<h5 class=\"text-dark mb-0 mt-2\">MINIMUM CONSERVATION TERM (M.C.T.)<\/h5>\n<p class=\"text-muted\">48 months.<\/p>\n<h5 class=\"text-dark mb-0 mt-2\">NUTRITIONAL CHARACTERISTICS<\/h5>\n<table class=\"tabella-nut\">\n<thead>\n<tr>\n<td>PARAMETER<\/td>\n<td>VALUES<\/td>\n<\/tr>\n<\/thead>\n<tbody>\n<tr>\n<td>VALEUR \u00c9NERG\u00c9TIQUE<\/td>\n<td>KJ 1048<\/td>\n<\/tr>\n<tr>\n<td>KCAL<\/td>\n<td>254<\/td>\n<\/tr>\n<tr>\n<td>FATS<\/td>\n<td>26 g<\/td>\n<\/tr>\n<tr>\n<td>MATI\u00c8RES GRASSES DONT ACIDES GRAS SATUR\u00c9S<\/td>\n<td>5,4 g<\/td>\n<\/tr>\n<tr>\n<td>CARBOHYDRATE<\/td>\n<td>2,2 g<\/td>\n<\/tr>\n<tr>\n<td>OF WHICH SUGARS<\/td>\n<td>&lt;&lt;0,5 g<\/td>\n<\/tr>\n<tr>\n<td>PROTEINE<\/td>\n<td>3,3 g<\/td>\n<\/tr>\n<tr>\n<td>SALT<\/td>\n<td>1,8 g<\/td>\n<\/tr>\n<\/tbody>\n<\/table>\n<\/div>\n<p><!-- .vgblk-rw-wrapper --><\/p>\n","protected":false},"excerpt":{"rendered":"<p>180g jar. RECOMMENDED USE Cream with porcini mushrooms flavoured with truffles, recommended for seasoning first courses or game-based main courses. Also excellent for preparing canap\u00e9s and appetisers, and original when used to season fish dishes. To best appreciate its qualities, use about 20 g of product per person. STORAGE The product maintains its characteristics unchanged&#8230;<\/p>\n","protected":false},"featured_media":994338,"template":"","meta":{"inline_featured_image":false},"product_brand":[],"product_cat":[67],"product_tag":[],"class_list":{"0":"post-988856","1":"product","2":"type-product","3":"status-publish","4":"has-post-thumbnail","6":"product_cat-preserved-truffles","8":"first","9":"instock","10":"shipping-taxable","11":"purchasable","12":"product-type-simple"},"yoast_head":"<!-- This site is optimized with the Yoast SEO plugin v26.2 - https:\/\/yoast.com\/wordpress\/plugins\/seo\/ -->\n<title>Porcini Mushroom and Truffle Cream - Truffle of Alba (Piedmont - Italy)<\/title>\n<meta name=\"description\" content=\"Cream with porcini mushrooms flavoured with truffles, recommended for seasoning first courses or game-based main courses.\" \/>\n<meta name=\"robots\" content=\"index, follow, max-snippet:-1, max-image-preview:large, max-video-preview:-1\" \/>\n<link rel=\"canonical\" href=\"https:\/\/new.albatartufi.com\/en\/shop\/porcini-mushroom-and-truffle-cream\/\" \/>\n<meta property=\"og:locale\" content=\"en_US\" \/>\n<meta property=\"og:type\" content=\"article\" \/>\n<meta property=\"og:title\" content=\"Porcini Mushroom and Truffle Cream - Truffle of Alba (Piedmont - Italy)\" \/>\n<meta property=\"og:description\" content=\"Cream with porcini mushrooms flavoured with truffles, recommended for seasoning first courses or game-based main courses.\" \/>\n<meta property=\"og:url\" content=\"https:\/\/new.albatartufi.com\/en\/shop\/porcini-mushroom-and-truffle-cream\/\" \/>\n<meta property=\"og:site_name\" content=\"Truffle of Alba (Piedmont - Italy)\" \/>\n<meta property=\"article:publisher\" content=\"https:\/\/www.facebook.com\/albatartufi\" \/>\n<meta property=\"article:modified_time\" content=\"2025-10-14T14:00:15+00:00\" \/>\n<meta property=\"og:image\" content=\"https:\/\/new.albatartufi.com\/wp-content\/uploads\/2025\/09\/cremafunghiporcini-1.png\" \/>\n\t<meta property=\"og:image:width\" content=\"800\" \/>\n\t<meta property=\"og:image:height\" content=\"800\" \/>\n\t<meta property=\"og:image:type\" content=\"image\/png\" \/>\n<meta name=\"twitter:card\" content=\"summary_large_image\" \/>\n<meta name=\"twitter:site\" content=\"@albatartufi\" \/>\n<meta name=\"twitter:label1\" content=\"Est. reading time\" \/>\n\t<meta name=\"twitter:data1\" content=\"2 minutes\" \/>\n<script type=\"application\/ld+json\" class=\"yoast-schema-graph\">{\"@context\":\"https:\/\/schema.org\",\"@graph\":[{\"@type\":\"WebPage\",\"@id\":\"https:\/\/new.albatartufi.com\/en\/shop\/porcini-mushroom-and-truffle-cream\/\",\"url\":\"https:\/\/new.albatartufi.com\/en\/shop\/porcini-mushroom-and-truffle-cream\/\",\"name\":\"Porcini Mushroom and Truffle Cream - Truffle of Alba (Piedmont - Italy)\",\"isPartOf\":{\"@id\":\"https:\/\/new.albatartufi.com\/#website\"},\"primaryImageOfPage\":{\"@id\":\"https:\/\/new.albatartufi.com\/en\/shop\/porcini-mushroom-and-truffle-cream\/#primaryimage\"},\"image\":{\"@id\":\"https:\/\/new.albatartufi.com\/en\/shop\/porcini-mushroom-and-truffle-cream\/#primaryimage\"},\"thumbnailUrl\":\"https:\/\/new.albatartufi.com\/wp-content\/uploads\/2025\/09\/cremafunghiporcini-1.png\",\"datePublished\":\"2025-09-22T15:02:34+00:00\",\"dateModified\":\"2025-10-14T14:00:15+00:00\",\"description\":\"Cream with porcini mushrooms flavoured with truffles, recommended for seasoning first courses or game-based main courses.\",\"breadcrumb\":{\"@id\":\"https:\/\/new.albatartufi.com\/en\/shop\/porcini-mushroom-and-truffle-cream\/#breadcrumb\"},\"inLanguage\":\"en-US\",\"potentialAction\":[{\"@type\":\"ReadAction\",\"target\":[\"https:\/\/new.albatartufi.com\/en\/shop\/porcini-mushroom-and-truffle-cream\/\"]}]},{\"@type\":\"ImageObject\",\"inLanguage\":\"en-US\",\"@id\":\"https:\/\/new.albatartufi.com\/en\/shop\/porcini-mushroom-and-truffle-cream\/#primaryimage\",\"url\":\"https:\/\/new.albatartufi.com\/wp-content\/uploads\/2025\/09\/cremafunghiporcini-1.png\",\"contentUrl\":\"https:\/\/new.albatartufi.com\/wp-content\/uploads\/2025\/09\/cremafunghiporcini-1.png\",\"width\":800,\"height\":800,\"caption\":\"Crema di Funghi Porcini e Tartufo\"},{\"@type\":\"BreadcrumbList\",\"@id\":\"https:\/\/new.albatartufi.com\/en\/shop\/porcini-mushroom-and-truffle-cream\/#breadcrumb\",\"itemListElement\":[{\"@type\":\"ListItem\",\"position\":1,\"name\":\"Home\",\"item\":\"https:\/\/new.albatartufi.com\/en\/tartufo-di-alba-piemonte-italia\/\"},{\"@type\":\"ListItem\",\"position\":2,\"name\":\"Shop\",\"item\":\"https:\/\/new.albatartufi.com\/en\/shop\/\"},{\"@type\":\"ListItem\",\"position\":3,\"name\":\"Porcini Mushroom and Truffle Cream\"}]},{\"@type\":\"WebSite\",\"@id\":\"https:\/\/new.albatartufi.com\/#website\",\"url\":\"https:\/\/new.albatartufi.com\/\",\"name\":\"Alba Tartufi\",\"description\":\"Tartufo di Alba (Piemonte - Italia)\",\"publisher\":{\"@id\":\"https:\/\/new.albatartufi.com\/#organization\"},\"potentialAction\":[{\"@type\":\"SearchAction\",\"target\":{\"@type\":\"EntryPoint\",\"urlTemplate\":\"https:\/\/new.albatartufi.com\/?s={search_term_string}\"},\"query-input\":{\"@type\":\"PropertyValueSpecification\",\"valueRequired\":true,\"valueName\":\"search_term_string\"}}],\"inLanguage\":\"en-US\"},{\"@type\":\"Organization\",\"@id\":\"https:\/\/new.albatartufi.com\/#organization\",\"name\":\"Alba Tartufi\",\"url\":\"https:\/\/new.albatartufi.com\/\",\"logo\":{\"@type\":\"ImageObject\",\"inLanguage\":\"en-US\",\"@id\":\"https:\/\/new.albatartufi.com\/#\/schema\/logo\/image\/\",\"url\":\"https:\/\/new.albatartufi.com\/wp-content\/uploads\/2025\/09\/cropped-logo_alba_tartufi.webp\",\"contentUrl\":\"https:\/\/new.albatartufi.com\/wp-content\/uploads\/2025\/09\/cropped-logo_alba_tartufi.webp\",\"width\":389,\"height\":211,\"caption\":\"Alba Tartufi\"},\"image\":{\"@id\":\"https:\/\/new.albatartufi.com\/#\/schema\/logo\/image\/\"},\"sameAs\":[\"https:\/\/www.facebook.com\/albatartufi\",\"https:\/\/x.com\/albatartufi\",\"https:\/\/www.instagram.com\/albatartufi\/\"]}]}<\/script>\n<!-- \/ Yoast SEO plugin. -->","yoast_head_json":{"title":"Porcini Mushroom and Truffle Cream - Truffle of Alba (Piedmont - Italy)","description":"Cream with porcini mushrooms flavoured with truffles, recommended for seasoning first courses or game-based main courses.","robots":{"index":"index","follow":"follow","max-snippet":"max-snippet:-1","max-image-preview":"max-image-preview:large","max-video-preview":"max-video-preview:-1"},"canonical":"https:\/\/new.albatartufi.com\/en\/shop\/porcini-mushroom-and-truffle-cream\/","og_locale":"en_US","og_type":"article","og_title":"Porcini Mushroom and Truffle Cream - Truffle of Alba (Piedmont - Italy)","og_description":"Cream with porcini mushrooms flavoured with truffles, recommended for seasoning first courses or game-based main courses.","og_url":"https:\/\/new.albatartufi.com\/en\/shop\/porcini-mushroom-and-truffle-cream\/","og_site_name":"Truffle of Alba (Piedmont - Italy)","article_publisher":"https:\/\/www.facebook.com\/albatartufi","article_modified_time":"2025-10-14T14:00:15+00:00","og_image":[{"width":800,"height":800,"url":"https:\/\/new.albatartufi.com\/wp-content\/uploads\/2025\/09\/cremafunghiporcini-1.png","type":"image\/png"}],"twitter_card":"summary_large_image","twitter_site":"@albatartufi","twitter_misc":{"Est. reading time":"2 minutes"},"schema":{"@context":"https:\/\/schema.org","@graph":[{"@type":"WebPage","@id":"https:\/\/new.albatartufi.com\/en\/shop\/porcini-mushroom-and-truffle-cream\/","url":"https:\/\/new.albatartufi.com\/en\/shop\/porcini-mushroom-and-truffle-cream\/","name":"Porcini Mushroom and Truffle Cream - Truffle of Alba (Piedmont - Italy)","isPartOf":{"@id":"https:\/\/new.albatartufi.com\/#website"},"primaryImageOfPage":{"@id":"https:\/\/new.albatartufi.com\/en\/shop\/porcini-mushroom-and-truffle-cream\/#primaryimage"},"image":{"@id":"https:\/\/new.albatartufi.com\/en\/shop\/porcini-mushroom-and-truffle-cream\/#primaryimage"},"thumbnailUrl":"https:\/\/new.albatartufi.com\/wp-content\/uploads\/2025\/09\/cremafunghiporcini-1.png","datePublished":"2025-09-22T15:02:34+00:00","dateModified":"2025-10-14T14:00:15+00:00","description":"Cream with porcini mushrooms flavoured with truffles, recommended for seasoning first courses or game-based main courses.","breadcrumb":{"@id":"https:\/\/new.albatartufi.com\/en\/shop\/porcini-mushroom-and-truffle-cream\/#breadcrumb"},"inLanguage":"en-US","potentialAction":[{"@type":"ReadAction","target":["https:\/\/new.albatartufi.com\/en\/shop\/porcini-mushroom-and-truffle-cream\/"]}]},{"@type":"ImageObject","inLanguage":"en-US","@id":"https:\/\/new.albatartufi.com\/en\/shop\/porcini-mushroom-and-truffle-cream\/#primaryimage","url":"https:\/\/new.albatartufi.com\/wp-content\/uploads\/2025\/09\/cremafunghiporcini-1.png","contentUrl":"https:\/\/new.albatartufi.com\/wp-content\/uploads\/2025\/09\/cremafunghiporcini-1.png","width":800,"height":800,"caption":"Crema di Funghi Porcini e Tartufo"},{"@type":"BreadcrumbList","@id":"https:\/\/new.albatartufi.com\/en\/shop\/porcini-mushroom-and-truffle-cream\/#breadcrumb","itemListElement":[{"@type":"ListItem","position":1,"name":"Home","item":"https:\/\/new.albatartufi.com\/en\/tartufo-di-alba-piemonte-italia\/"},{"@type":"ListItem","position":2,"name":"Shop","item":"https:\/\/new.albatartufi.com\/en\/shop\/"},{"@type":"ListItem","position":3,"name":"Porcini Mushroom and Truffle Cream"}]},{"@type":"WebSite","@id":"https:\/\/new.albatartufi.com\/#website","url":"https:\/\/new.albatartufi.com\/","name":"Alba Tartufi","description":"Tartufo di Alba (Piemonte - Italia)","publisher":{"@id":"https:\/\/new.albatartufi.com\/#organization"},"potentialAction":[{"@type":"SearchAction","target":{"@type":"EntryPoint","urlTemplate":"https:\/\/new.albatartufi.com\/?s={search_term_string}"},"query-input":{"@type":"PropertyValueSpecification","valueRequired":true,"valueName":"search_term_string"}}],"inLanguage":"en-US"},{"@type":"Organization","@id":"https:\/\/new.albatartufi.com\/#organization","name":"Alba Tartufi","url":"https:\/\/new.albatartufi.com\/","logo":{"@type":"ImageObject","inLanguage":"en-US","@id":"https:\/\/new.albatartufi.com\/#\/schema\/logo\/image\/","url":"https:\/\/new.albatartufi.com\/wp-content\/uploads\/2025\/09\/cropped-logo_alba_tartufi.webp","contentUrl":"https:\/\/new.albatartufi.com\/wp-content\/uploads\/2025\/09\/cropped-logo_alba_tartufi.webp","width":389,"height":211,"caption":"Alba Tartufi"},"image":{"@id":"https:\/\/new.albatartufi.com\/#\/schema\/logo\/image\/"},"sameAs":["https:\/\/www.facebook.com\/albatartufi","https:\/\/x.com\/albatartufi","https:\/\/www.instagram.com\/albatartufi\/"]}]}},"_links":{"self":[{"href":"https:\/\/new.albatartufi.com\/en\/wp-json\/wp\/v2\/product\/988856","targetHints":{"allow":["GET"]}}],"collection":[{"href":"https:\/\/new.albatartufi.com\/en\/wp-json\/wp\/v2\/product"}],"about":[{"href":"https:\/\/new.albatartufi.com\/en\/wp-json\/wp\/v2\/types\/product"}],"version-history":[{"count":2,"href":"https:\/\/new.albatartufi.com\/en\/wp-json\/wp\/v2\/product\/988856\/revisions"}],"predecessor-version":[{"id":994340,"href":"https:\/\/new.albatartufi.com\/en\/wp-json\/wp\/v2\/product\/988856\/revisions\/994340"}],"wp:featuredmedia":[{"embeddable":true,"href":"https:\/\/new.albatartufi.com\/en\/wp-json\/wp\/v2\/media\/994338"}],"wp:attachment":[{"href":"https:\/\/new.albatartufi.com\/en\/wp-json\/wp\/v2\/media?parent=988856"}],"wp:term":[{"taxonomy":"product_brand","embeddable":true,"href":"https:\/\/new.albatartufi.com\/en\/wp-json\/wp\/v2\/product_brand?post=988856"},{"taxonomy":"product_cat","embeddable":true,"href":"https:\/\/new.albatartufi.com\/en\/wp-json\/wp\/v2\/product_cat?post=988856"},{"taxonomy":"product_tag","embeddable":true,"href":"https:\/\/new.albatartufi.com\/en\/wp-json\/wp\/v2\/product_tag?post=988856"}],"curies":[{"name":"wp","href":"https:\/\/api.w.org\/{rel}","templated":true}]}}