{"id":988872,"date":"2025-09-22T14:53:59","date_gmt":"2025-09-22T14:53:59","guid":{"rendered":"https:\/\/new.albatartufi.com\/prodotto\/mix-of-5-creams-and-sauces\/"},"modified":"2025-10-14T13:29:36","modified_gmt":"2025-10-14T13:29:36","slug":"mix-of-5-creams-and-sauces","status":"publish","type":"product","link":"https:\/\/new.albatartufi.com\/en\/shop\/mix-of-5-creams-and-sauces\/","title":{"rendered":"Mix of 5 Creams and Sauces"},"content":{"rendered":"<div class=\"vgblk-rw-wrapper limit-wrapper\">\n<h3>5 jars of 180 gr.<\/h3>\n<p>&nbsp;<\/p>\n<p class=\"text-muted\">A mix of 5 truffle creams and sauces to enjoy in a variety of combinations:<br \/>\n&#8211; Royal Sauce with Truffles 180 g<br \/>\n&#8211; Truffle Sauce 180 g<br \/>\n&#8211; Porcini Mushroom and Truffle Cream 180 g<br \/>\n&#8211; Cheese and Truffle Cream 180 g<br \/>\n&#8211; Delicious Truffle Sauce 180 g<\/p>\n<h4 class=\"text-dark\">RECOMMENDED USE<\/h4>\n<p class=\"text-muted\">The history of the aperitif began in Turin in 1876 (Piedmont, Italy) with Vermouth, a delicious aromatised wine. With the Mix of 5 Creams and Sauces, you can create excellent canap\u00e9s in different flavours, which can be paired with an equal number of cocktails. The Mix of 5 Creams and Sauces can also be enjoyed at parties, events and romantic t\u00eate-\u00e0-t\u00eates.<\/p>\n<h4 class=\"text-dark\">STORAGE<\/h4>\n<p class=\"text-muted\">conservation: Once opened, store in the refrigerator and consume within a few days.<\/p>\n<p>Product information data sheets:<\/p>\n<ul>\n<li><a href=\"http:\/\/prodotto\/salsa-reale-con-tartufo\/\" target=\"_blank\" rel=\"noopener\">Royal Sauce with Truffle<\/a><\/li>\n<li><a href=\"http:\/\/prodotto\/crema-tartufata\/\" target=\"_blank\" rel=\"noopener\">Truffle Sauce<\/a><\/li>\n<li><a href=\"http:\/\/prodotto\/crema-di-funghi-porcini-e-tartufo\/\" target=\"_blank\" rel=\"noopener\">Porcini Mushroom Cream with Truffle<\/a><\/li>\n<li><a href=\"http:\/\/prodotto\/crema-di-formaggi-al-tartufo\/\" target=\"_blank\" rel=\"noopener\">Truffle Cheese Cream<\/a><\/li>\n<li><a href=\"http:\/\/prodotto\/la-sfiziosa\/\" target=\"_blank\" rel=\"noopener\">Tasty Sauce<\/a><\/li>\n<\/ul>\n<\/div>\n<p><!-- .vgblk-rw-wrapper --><\/p>\n","protected":false},"excerpt":{"rendered":"<p>5 jars of 180 gr. &nbsp; A mix of 5 truffle creams and sauces to enjoy in a variety of combinations: &#8211; Royal Sauce with Truffles 180 g &#8211; Truffle Sauce 180 g &#8211; Porcini Mushroom and Truffle Cream 180 g &#8211; Cheese and Truffle Cream 180 g &#8211; Delicious Truffle Sauce 180 g RECOMMENDED&#8230;<\/p>\n","protected":false},"featured_media":994311,"template":"","meta":{"inline_featured_image":false},"product_brand":[],"product_cat":[67],"product_tag":[],"class_list":{"0":"post-988872","1":"product","2":"type-product","3":"status-publish","4":"has-post-thumbnail","6":"product_cat-preserved-truffles","8":"first","9":"instock","10":"shipping-taxable","11":"purchasable","12":"product-type-simple"},"yoast_head":"<!-- This site is optimized with the Yoast SEO plugin v26.2 - https:\/\/yoast.com\/wordpress\/plugins\/seo\/ -->\n<title>Mix of 5 Creams and Sauces - Truffle of Alba (Piedmont - Italy)<\/title>\n<meta name=\"description\" content=\"A mix of 5 truffle creams and sauces to enjoy in a variety of combinations\" \/>\n<meta name=\"robots\" content=\"index, follow, max-snippet:-1, max-image-preview:large, max-video-preview:-1\" \/>\n<link rel=\"canonical\" href=\"https:\/\/new.albatartufi.com\/en\/shop\/mix-of-5-creams-and-sauces\/\" \/>\n<meta property=\"og:locale\" content=\"en_US\" \/>\n<meta property=\"og:type\" content=\"article\" \/>\n<meta property=\"og:title\" content=\"Mix of 5 Creams and Sauces - Truffle of Alba (Piedmont - Italy)\" \/>\n<meta property=\"og:description\" content=\"A mix of 5 truffle creams and sauces to enjoy in a variety of combinations\" \/>\n<meta property=\"og:url\" content=\"https:\/\/new.albatartufi.com\/en\/shop\/mix-of-5-creams-and-sauces\/\" \/>\n<meta property=\"og:site_name\" content=\"Truffle of Alba (Piedmont - Italy)\" \/>\n<meta property=\"article:publisher\" content=\"https:\/\/www.facebook.com\/albatartufi\" \/>\n<meta property=\"article:modified_time\" content=\"2025-10-14T13:29:36+00:00\" \/>\n<meta property=\"og:image\" content=\"https:\/\/new.albatartufi.com\/wp-content\/uploads\/2025\/09\/mixsalse-1.png\" \/>\n\t<meta property=\"og:image:width\" content=\"750\" \/>\n\t<meta property=\"og:image:height\" content=\"750\" \/>\n\t<meta property=\"og:image:type\" content=\"image\/png\" \/>\n<meta name=\"twitter:card\" content=\"summary_large_image\" \/>\n<meta name=\"twitter:site\" content=\"@albatartufi\" \/>\n<meta name=\"twitter:label1\" content=\"Est. reading time\" \/>\n\t<meta name=\"twitter:data1\" content=\"1 minute\" \/>\n<script type=\"application\/ld+json\" class=\"yoast-schema-graph\">{\"@context\":\"https:\/\/schema.org\",\"@graph\":[{\"@type\":\"WebPage\",\"@id\":\"https:\/\/new.albatartufi.com\/en\/shop\/mix-of-5-creams-and-sauces\/\",\"url\":\"https:\/\/new.albatartufi.com\/en\/shop\/mix-of-5-creams-and-sauces\/\",\"name\":\"Mix of 5 Creams and Sauces - Truffle of Alba (Piedmont - Italy)\",\"isPartOf\":{\"@id\":\"https:\/\/new.albatartufi.com\/#website\"},\"primaryImageOfPage\":{\"@id\":\"https:\/\/new.albatartufi.com\/en\/shop\/mix-of-5-creams-and-sauces\/#primaryimage\"},\"image\":{\"@id\":\"https:\/\/new.albatartufi.com\/en\/shop\/mix-of-5-creams-and-sauces\/#primaryimage\"},\"thumbnailUrl\":\"https:\/\/new.albatartufi.com\/wp-content\/uploads\/2025\/09\/mixsalse-1.png\",\"datePublished\":\"2025-09-22T14:53:59+00:00\",\"dateModified\":\"2025-10-14T13:29:36+00:00\",\"description\":\"A mix of 5 truffle creams and sauces to enjoy in a variety of combinations\",\"breadcrumb\":{\"@id\":\"https:\/\/new.albatartufi.com\/en\/shop\/mix-of-5-creams-and-sauces\/#breadcrumb\"},\"inLanguage\":\"en-US\",\"potentialAction\":[{\"@type\":\"ReadAction\",\"target\":[\"https:\/\/new.albatartufi.com\/en\/shop\/mix-of-5-creams-and-sauces\/\"]}]},{\"@type\":\"ImageObject\",\"inLanguage\":\"en-US\",\"@id\":\"https:\/\/new.albatartufi.com\/en\/shop\/mix-of-5-creams-and-sauces\/#primaryimage\",\"url\":\"https:\/\/new.albatartufi.com\/wp-content\/uploads\/2025\/09\/mixsalse-1.png\",\"contentUrl\":\"https:\/\/new.albatartufi.com\/wp-content\/uploads\/2025\/09\/mixsalse-1.png\",\"width\":750,\"height\":750,\"caption\":\"Mix di 5 Creme e Salse\"},{\"@type\":\"BreadcrumbList\",\"@id\":\"https:\/\/new.albatartufi.com\/en\/shop\/mix-of-5-creams-and-sauces\/#breadcrumb\",\"itemListElement\":[{\"@type\":\"ListItem\",\"position\":1,\"name\":\"Home\",\"item\":\"https:\/\/new.albatartufi.com\/en\/tartufo-di-alba-piemonte-italia\/\"},{\"@type\":\"ListItem\",\"position\":2,\"name\":\"Shop\",\"item\":\"https:\/\/new.albatartufi.com\/en\/shop\/\"},{\"@type\":\"ListItem\",\"position\":3,\"name\":\"Mix of 5 Creams and Sauces\"}]},{\"@type\":\"WebSite\",\"@id\":\"https:\/\/new.albatartufi.com\/#website\",\"url\":\"https:\/\/new.albatartufi.com\/\",\"name\":\"Alba Tartufi\",\"description\":\"Tartufo di Alba (Piemonte - Italia)\",\"publisher\":{\"@id\":\"https:\/\/new.albatartufi.com\/#organization\"},\"potentialAction\":[{\"@type\":\"SearchAction\",\"target\":{\"@type\":\"EntryPoint\",\"urlTemplate\":\"https:\/\/new.albatartufi.com\/?s={search_term_string}\"},\"query-input\":{\"@type\":\"PropertyValueSpecification\",\"valueRequired\":true,\"valueName\":\"search_term_string\"}}],\"inLanguage\":\"en-US\"},{\"@type\":\"Organization\",\"@id\":\"https:\/\/new.albatartufi.com\/#organization\",\"name\":\"Alba Tartufi\",\"url\":\"https:\/\/new.albatartufi.com\/\",\"logo\":{\"@type\":\"ImageObject\",\"inLanguage\":\"en-US\",\"@id\":\"https:\/\/new.albatartufi.com\/#\/schema\/logo\/image\/\",\"url\":\"https:\/\/new.albatartufi.com\/wp-content\/uploads\/2025\/09\/cropped-logo_alba_tartufi.webp\",\"contentUrl\":\"https:\/\/new.albatartufi.com\/wp-content\/uploads\/2025\/09\/cropped-logo_alba_tartufi.webp\",\"width\":389,\"height\":211,\"caption\":\"Alba Tartufi\"},\"image\":{\"@id\":\"https:\/\/new.albatartufi.com\/#\/schema\/logo\/image\/\"},\"sameAs\":[\"https:\/\/www.facebook.com\/albatartufi\",\"https:\/\/x.com\/albatartufi\",\"https:\/\/www.instagram.com\/albatartufi\/\"]}]}<\/script>\n<!-- \/ Yoast SEO plugin. -->","yoast_head_json":{"title":"Mix of 5 Creams and Sauces - Truffle of Alba (Piedmont - Italy)","description":"A mix of 5 truffle creams and sauces to enjoy in a variety of combinations","robots":{"index":"index","follow":"follow","max-snippet":"max-snippet:-1","max-image-preview":"max-image-preview:large","max-video-preview":"max-video-preview:-1"},"canonical":"https:\/\/new.albatartufi.com\/en\/shop\/mix-of-5-creams-and-sauces\/","og_locale":"en_US","og_type":"article","og_title":"Mix of 5 Creams and Sauces - Truffle of Alba (Piedmont - Italy)","og_description":"A mix of 5 truffle creams and sauces to enjoy in a variety of combinations","og_url":"https:\/\/new.albatartufi.com\/en\/shop\/mix-of-5-creams-and-sauces\/","og_site_name":"Truffle of Alba (Piedmont - Italy)","article_publisher":"https:\/\/www.facebook.com\/albatartufi","article_modified_time":"2025-10-14T13:29:36+00:00","og_image":[{"width":750,"height":750,"url":"https:\/\/new.albatartufi.com\/wp-content\/uploads\/2025\/09\/mixsalse-1.png","type":"image\/png"}],"twitter_card":"summary_large_image","twitter_site":"@albatartufi","twitter_misc":{"Est. reading time":"1 minute"},"schema":{"@context":"https:\/\/schema.org","@graph":[{"@type":"WebPage","@id":"https:\/\/new.albatartufi.com\/en\/shop\/mix-of-5-creams-and-sauces\/","url":"https:\/\/new.albatartufi.com\/en\/shop\/mix-of-5-creams-and-sauces\/","name":"Mix of 5 Creams and Sauces - Truffle of Alba (Piedmont - Italy)","isPartOf":{"@id":"https:\/\/new.albatartufi.com\/#website"},"primaryImageOfPage":{"@id":"https:\/\/new.albatartufi.com\/en\/shop\/mix-of-5-creams-and-sauces\/#primaryimage"},"image":{"@id":"https:\/\/new.albatartufi.com\/en\/shop\/mix-of-5-creams-and-sauces\/#primaryimage"},"thumbnailUrl":"https:\/\/new.albatartufi.com\/wp-content\/uploads\/2025\/09\/mixsalse-1.png","datePublished":"2025-09-22T14:53:59+00:00","dateModified":"2025-10-14T13:29:36+00:00","description":"A mix of 5 truffle creams and sauces to enjoy in a variety of combinations","breadcrumb":{"@id":"https:\/\/new.albatartufi.com\/en\/shop\/mix-of-5-creams-and-sauces\/#breadcrumb"},"inLanguage":"en-US","potentialAction":[{"@type":"ReadAction","target":["https:\/\/new.albatartufi.com\/en\/shop\/mix-of-5-creams-and-sauces\/"]}]},{"@type":"ImageObject","inLanguage":"en-US","@id":"https:\/\/new.albatartufi.com\/en\/shop\/mix-of-5-creams-and-sauces\/#primaryimage","url":"https:\/\/new.albatartufi.com\/wp-content\/uploads\/2025\/09\/mixsalse-1.png","contentUrl":"https:\/\/new.albatartufi.com\/wp-content\/uploads\/2025\/09\/mixsalse-1.png","width":750,"height":750,"caption":"Mix di 5 Creme e Salse"},{"@type":"BreadcrumbList","@id":"https:\/\/new.albatartufi.com\/en\/shop\/mix-of-5-creams-and-sauces\/#breadcrumb","itemListElement":[{"@type":"ListItem","position":1,"name":"Home","item":"https:\/\/new.albatartufi.com\/en\/tartufo-di-alba-piemonte-italia\/"},{"@type":"ListItem","position":2,"name":"Shop","item":"https:\/\/new.albatartufi.com\/en\/shop\/"},{"@type":"ListItem","position":3,"name":"Mix of 5 Creams and Sauces"}]},{"@type":"WebSite","@id":"https:\/\/new.albatartufi.com\/#website","url":"https:\/\/new.albatartufi.com\/","name":"Alba Tartufi","description":"Tartufo di Alba (Piemonte - Italia)","publisher":{"@id":"https:\/\/new.albatartufi.com\/#organization"},"potentialAction":[{"@type":"SearchAction","target":{"@type":"EntryPoint","urlTemplate":"https:\/\/new.albatartufi.com\/?s={search_term_string}"},"query-input":{"@type":"PropertyValueSpecification","valueRequired":true,"valueName":"search_term_string"}}],"inLanguage":"en-US"},{"@type":"Organization","@id":"https:\/\/new.albatartufi.com\/#organization","name":"Alba Tartufi","url":"https:\/\/new.albatartufi.com\/","logo":{"@type":"ImageObject","inLanguage":"en-US","@id":"https:\/\/new.albatartufi.com\/#\/schema\/logo\/image\/","url":"https:\/\/new.albatartufi.com\/wp-content\/uploads\/2025\/09\/cropped-logo_alba_tartufi.webp","contentUrl":"https:\/\/new.albatartufi.com\/wp-content\/uploads\/2025\/09\/cropped-logo_alba_tartufi.webp","width":389,"height":211,"caption":"Alba Tartufi"},"image":{"@id":"https:\/\/new.albatartufi.com\/#\/schema\/logo\/image\/"},"sameAs":["https:\/\/www.facebook.com\/albatartufi","https:\/\/x.com\/albatartufi","https:\/\/www.instagram.com\/albatartufi\/"]}]}},"_links":{"self":[{"href":"https:\/\/new.albatartufi.com\/en\/wp-json\/wp\/v2\/product\/988872","targetHints":{"allow":["GET"]}}],"collection":[{"href":"https:\/\/new.albatartufi.com\/en\/wp-json\/wp\/v2\/product"}],"about":[{"href":"https:\/\/new.albatartufi.com\/en\/wp-json\/wp\/v2\/types\/product"}],"version-history":[{"count":3,"href":"https:\/\/new.albatartufi.com\/en\/wp-json\/wp\/v2\/product\/988872\/revisions"}],"predecessor-version":[{"id":994309,"href":"https:\/\/new.albatartufi.com\/en\/wp-json\/wp\/v2\/product\/988872\/revisions\/994309"}],"wp:featuredmedia":[{"embeddable":true,"href":"https:\/\/new.albatartufi.com\/en\/wp-json\/wp\/v2\/media\/994311"}],"wp:attachment":[{"href":"https:\/\/new.albatartufi.com\/en\/wp-json\/wp\/v2\/media?parent=988872"}],"wp:term":[{"taxonomy":"product_brand","embeddable":true,"href":"https:\/\/new.albatartufi.com\/en\/wp-json\/wp\/v2\/product_brand?post=988872"},{"taxonomy":"product_cat","embeddable":true,"href":"https:\/\/new.albatartufi.com\/en\/wp-json\/wp\/v2\/product_cat?post=988872"},{"taxonomy":"product_tag","embeddable":true,"href":"https:\/\/new.albatartufi.com\/en\/wp-json\/wp\/v2\/product_tag?post=988872"}],"curies":[{"name":"wp","href":"https:\/\/api.w.org\/{rel}","templated":true}]}}