{"id":990973,"date":"2025-09-26T09:19:47","date_gmt":"2025-09-26T09:19:47","guid":{"rendered":"https:\/\/new.albatartufi.com\/truffes-fraiches\/"},"modified":"2025-10-22T15:34:53","modified_gmt":"2025-10-22T15:34:53","slug":"truffes-fraiches","status":"publish","type":"page","link":"https:\/\/new.albatartufi.com\/fr\/truffes-fraiches\/","title":{"rendered":"Truffes Fra\u00eeches"},"content":{"rendered":"\t\t<div data-elementor-type=\"wp-page\" data-elementor-id=\"990973\" class=\"elementor elementor-990973 elementor-988957\" data-elementor-post-type=\"page\">\n\t\t\t\t\t\t<section class=\"elementor-section elementor-top-section elementor-element elementor-element-c3c5487 elementor-section-height-min-height elementor-section-content-bottom elementor-section-boxed elementor-section-height-default elementor-section-items-middle\" data-id=\"c3c5487\" data-element_type=\"section\" data-settings=\"{&quot;background_background&quot;:&quot;classic&quot;}\">\n\t\t\t\t\t\t\t<div class=\"elementor-background-overlay\"><\/div>\n\t\t\t\t\t\t\t<div class=\"elementor-container elementor-column-gap-default\">\n\t\t\t\t\t<div class=\"elementor-column elementor-col-100 elementor-top-column elementor-element elementor-element-153c8f8\" data-id=\"153c8f8\" data-element_type=\"column\">\n\t\t\t<div class=\"elementor-widget-wrap elementor-element-populated\">\n\t\t\t\t\t\t<div class=\"elementor-element elementor-element-8bd37fe elementor-widget elementor-widget-heading\" data-id=\"8bd37fe\" data-element_type=\"widget\" data-widget_type=\"heading.default\">\n\t\t\t\t<div class=\"elementor-widget-container\">\n\t\t\t\t\t<h1 class=\"elementor-heading-title elementor-size-default\">Truffes fra\u00eeches<\/h1>\t\t\t\t<\/div>\n\t\t\t\t<\/div>\n\t\t\t\t\t<\/div>\n\t\t<\/div>\n\t\t\t\t\t<\/div>\n\t\t<\/section>\n\t\t\t\t<section class=\"elementor-section elementor-top-section elementor-element elementor-element-b935162 elementor-section-height-min-height elementor-section-boxed elementor-section-height-default elementor-section-items-middle\" data-id=\"b935162\" data-element_type=\"section\" data-settings=\"{&quot;background_background&quot;:&quot;classic&quot;}\">\n\t\t\t\t\t\t<div class=\"elementor-container elementor-column-gap-default\">\n\t\t\t\t\t<div class=\"elementor-column elementor-col-100 elementor-top-column elementor-element elementor-element-e016081\" data-id=\"e016081\" data-element_type=\"column\">\n\t\t\t<div class=\"elementor-widget-wrap elementor-element-populated\">\n\t\t\t\t\t\t<div class=\"elementor-element elementor-element-0bb1764 elementor-absolute elementor-widget elementor-widget-image\" data-id=\"0bb1764\" data-element_type=\"widget\" data-settings=\"{&quot;_position&quot;:&quot;absolute&quot;}\" data-widget_type=\"image.default\">\n\t\t\t\t<div class=\"elementor-widget-container\">\n\t\t\t\t\t\t\t\t\t<div class=\"elementor-image\">\n\t\t\t\t\t\t\t\t\t\t\t\t\t\t\t\t\t\t\t\t\t<img decoding=\"async\" width=\"178\" height=\"174\" src=\"https:\/\/new.albatartufi.com\/wp-content\/uploads\/2025\/09\/Vector_truffle_2.webp\" class=\"attachment-large size-large wp-image-990972\" alt=\"Truffe blanche d&#039;Alba\" \/>\t\t\t\t\t\t\t\t\t\t\t\t\t\t\t\t\t\t\t\t\t\t\t\t<\/div>\n\t\t\t\t\t\t\t\t<\/div>\n\t\t\t\t<\/div>\n\t\t\t\t<div class=\"elementor-element elementor-element-d425b8c elementor-widget elementor-widget-text-editor\" data-id=\"d425b8c\" data-element_type=\"widget\" data-widget_type=\"text-editor.default\">\n\t\t\t\t<div class=\"elementor-widget-container\">\n\t\t\t\t\t\t\t\t\t<p class=\"p1\">Bienvenue dans notre s\u00e9lection de truffes fra\u00eeches, un voyage sensoriel \u00e0 travers les parfums, les saveurs et le raffinement du terroir le plus pr\u00e9cieux. Vous ne trouverez ici que des produits r\u00e9colt\u00e9s par des mains expertes, conserv\u00e9s dans des conditions optimales afin de pr\u00e9server le parfum et l&rsquo;int\u00e9grit\u00e9 du fruit. <\/p>\t\t\t\t\t\t\t\t<\/div>\n\t\t\t\t<\/div>\n\t\t\t\t\t<\/div>\n\t\t<\/div>\n\t\t\t\t\t<\/div>\n\t\t<\/section>\n\t\t<div class=\"elementor-element elementor-element-29a7393 e-flex e-con-boxed e-con e-parent\" data-id=\"29a7393\" data-element_type=\"container\" data-settings=\"{&quot;background_background&quot;:&quot;classic&quot;}\">\n\t\t\t\t\t<div class=\"e-con-inner\">\n\t\t\t\t\t<\/div>\n\t\t\t\t<\/div>\n\t\t\t\t<\/div>\n\t\t","protected":false},"excerpt":{"rendered":"<p>Truffes fra\u00eeches Bienvenue dans notre s\u00e9lection de truffes fra\u00eeches, un voyage sensoriel \u00e0 travers les parfums, les saveurs et le raffinement du terroir le plus pr\u00e9cieux. Vous ne trouverez ici que des produits r\u00e9colt\u00e9s par des mains expertes, conserv\u00e9s dans des conditions optimales afin de pr\u00e9server le parfum et l&rsquo;int\u00e9grit\u00e9 du fruit.<\/p>\n","protected":false},"author":1,"featured_media":0,"parent":0,"menu_order":0,"comment_status":"closed","ping_status":"closed","template":"","meta":{"inline_featured_image":false,"footnotes":""},"class_list":["post-990973","page","type-page","status-publish","hentry"],"yoast_head":"<!-- This site is optimized with the Yoast SEO plugin v26.2 - https:\/\/yoast.com\/wordpress\/plugins\/seo\/ -->\n<title>Truffes Fra\u00eeches - Truffe d&#039;Alba (Pi\u00e9mont - Italie)<\/title>\n<meta name=\"description\" content=\"Truffes Fra\u00eeches - Truffe Blanche d&#039;Alba, Truffe Noire Pr\u00e9cieuse, Truffe Noire d&#039;Automne, Truffe Noire d&#039;\u00c9t\u00e9 et Truffe Bianchetto ou Truffe Marzuolo - ALBA TARTUFI! Truffes Fra\u00eeches du Pi\u00e9mont!! Truffes de Saison!!!\" \/>\n<meta name=\"robots\" content=\"index, follow, max-snippet:-1, max-image-preview:large, max-video-preview:-1\" \/>\n<link rel=\"canonical\" href=\"https:\/\/new.albatartufi.com\/fr\/truffes-fraiches\/\" \/>\n<meta property=\"og:locale\" content=\"fr_FR\" \/>\n<meta property=\"og:type\" content=\"article\" \/>\n<meta property=\"og:title\" content=\"Truffes Fra\u00eeches - Truffe d&#039;Alba (Pi\u00e9mont - Italie)\" \/>\n<meta property=\"og:description\" content=\"Truffes Fra\u00eeches - Truffe Blanche d&#039;Alba, Truffe Noire Pr\u00e9cieuse, Truffe Noire d&#039;Automne, Truffe Noire d&#039;\u00c9t\u00e9 et Truffe Bianchetto ou Truffe Marzuolo - ALBA TARTUFI! Truffes Fra\u00eeches du Pi\u00e9mont!! Truffes de Saison!!!\" \/>\n<meta property=\"og:url\" content=\"https:\/\/new.albatartufi.com\/fr\/truffes-fraiches\/\" \/>\n<meta property=\"og:site_name\" content=\"Truffe d&#039;Alba (Pi\u00e9mont - Italie)\" \/>\n<meta property=\"article:publisher\" content=\"https:\/\/www.facebook.com\/albatartufi\" \/>\n<meta property=\"article:modified_time\" content=\"2025-10-22T15:34:53+00:00\" \/>\n<meta property=\"og:image\" content=\"https:\/\/new.albatartufi.com\/wp-content\/uploads\/2025\/09\/Vector_truffle_2.webp\" \/>\n\t<meta property=\"og:image:width\" content=\"178\" \/>\n\t<meta property=\"og:image:height\" content=\"174\" \/>\n\t<meta property=\"og:image:type\" content=\"image\/webp\" \/>\n<meta name=\"twitter:card\" content=\"summary_large_image\" \/>\n<meta name=\"twitter:site\" content=\"@albatartufi\" \/>\n<script type=\"application\/ld+json\" class=\"yoast-schema-graph\">{\"@context\":\"https:\/\/schema.org\",\"@graph\":[{\"@type\":\"WebPage\",\"@id\":\"https:\/\/new.albatartufi.com\/fr\/truffes-fraiches\/\",\"url\":\"https:\/\/new.albatartufi.com\/fr\/truffes-fraiches\/\",\"name\":\"Truffes Fra\u00eeches - Truffe d'Alba (Pi\u00e9mont - Italie)\",\"isPartOf\":{\"@id\":\"https:\/\/new.albatartufi.com\/#website\"},\"primaryImageOfPage\":{\"@id\":\"https:\/\/new.albatartufi.com\/fr\/truffes-fraiches\/#primaryimage\"},\"image\":{\"@id\":\"https:\/\/new.albatartufi.com\/fr\/truffes-fraiches\/#primaryimage\"},\"thumbnailUrl\":\"https:\/\/new.albatartufi.com\/wp-content\/uploads\/2025\/09\/Vector_truffle_2.webp\",\"datePublished\":\"2025-09-26T09:19:47+00:00\",\"dateModified\":\"2025-10-22T15:34:53+00:00\",\"description\":\"Truffes Fra\u00eeches - Truffe Blanche d'Alba, Truffe Noire Pr\u00e9cieuse, Truffe Noire d'Automne, Truffe Noire d'\u00c9t\u00e9 et Truffe Bianchetto ou Truffe Marzuolo - ALBA TARTUFI! Truffes Fra\u00eeches du Pi\u00e9mont!! Truffes de Saison!!!\",\"breadcrumb\":{\"@id\":\"https:\/\/new.albatartufi.com\/fr\/truffes-fraiches\/#breadcrumb\"},\"inLanguage\":\"fr-FR\",\"potentialAction\":[{\"@type\":\"ReadAction\",\"target\":[\"https:\/\/new.albatartufi.com\/fr\/truffes-fraiches\/\"]}]},{\"@type\":\"ImageObject\",\"inLanguage\":\"fr-FR\",\"@id\":\"https:\/\/new.albatartufi.com\/fr\/truffes-fraiches\/#primaryimage\",\"url\":\"https:\/\/new.albatartufi.com\/wp-content\/uploads\/2025\/09\/Vector_truffle_2.webp\",\"contentUrl\":\"https:\/\/new.albatartufi.com\/wp-content\/uploads\/2025\/09\/Vector_truffle_2.webp\"},{\"@type\":\"BreadcrumbList\",\"@id\":\"https:\/\/new.albatartufi.com\/fr\/truffes-fraiches\/#breadcrumb\",\"itemListElement\":[{\"@type\":\"ListItem\",\"position\":1,\"name\":\"Home\",\"item\":\"https:\/\/new.albatartufi.com\/fr\/truffe-dalba-piemont-italie\/\"},{\"@type\":\"ListItem\",\"position\":2,\"name\":\"Truffes Fra\u00eeches\"}]},{\"@type\":\"WebSite\",\"@id\":\"https:\/\/new.albatartufi.com\/#website\",\"url\":\"https:\/\/new.albatartufi.com\/\",\"name\":\"Alba Tartufi\",\"description\":\"Tartufo di Alba (Piemonte - Italia)\",\"publisher\":{\"@id\":\"https:\/\/new.albatartufi.com\/#organization\"},\"potentialAction\":[{\"@type\":\"SearchAction\",\"target\":{\"@type\":\"EntryPoint\",\"urlTemplate\":\"https:\/\/new.albatartufi.com\/?s={search_term_string}\"},\"query-input\":{\"@type\":\"PropertyValueSpecification\",\"valueRequired\":true,\"valueName\":\"search_term_string\"}}],\"inLanguage\":\"fr-FR\"},{\"@type\":\"Organization\",\"@id\":\"https:\/\/new.albatartufi.com\/#organization\",\"name\":\"Alba Tartufi\",\"url\":\"https:\/\/new.albatartufi.com\/\",\"logo\":{\"@type\":\"ImageObject\",\"inLanguage\":\"fr-FR\",\"@id\":\"https:\/\/new.albatartufi.com\/#\/schema\/logo\/image\/\",\"url\":\"https:\/\/new.albatartufi.com\/wp-content\/uploads\/2025\/09\/cropped-logo_alba_tartufi.webp\",\"contentUrl\":\"https:\/\/new.albatartufi.com\/wp-content\/uploads\/2025\/09\/cropped-logo_alba_tartufi.webp\",\"width\":389,\"height\":211,\"caption\":\"Alba Tartufi\"},\"image\":{\"@id\":\"https:\/\/new.albatartufi.com\/#\/schema\/logo\/image\/\"},\"sameAs\":[\"https:\/\/www.facebook.com\/albatartufi\",\"https:\/\/x.com\/albatartufi\",\"https:\/\/www.instagram.com\/albatartufi\/\"]}]}<\/script>\n<!-- \/ Yoast SEO plugin. -->","yoast_head_json":{"title":"Truffes Fra\u00eeches - Truffe d'Alba (Pi\u00e9mont - Italie)","description":"Truffes Fra\u00eeches - Truffe Blanche d'Alba, Truffe Noire Pr\u00e9cieuse, Truffe Noire d'Automne, Truffe Noire d'\u00c9t\u00e9 et Truffe Bianchetto ou Truffe Marzuolo - ALBA TARTUFI! Truffes Fra\u00eeches du Pi\u00e9mont!! Truffes de Saison!!!","robots":{"index":"index","follow":"follow","max-snippet":"max-snippet:-1","max-image-preview":"max-image-preview:large","max-video-preview":"max-video-preview:-1"},"canonical":"https:\/\/new.albatartufi.com\/fr\/truffes-fraiches\/","og_locale":"fr_FR","og_type":"article","og_title":"Truffes Fra\u00eeches - Truffe d'Alba (Pi\u00e9mont - Italie)","og_description":"Truffes Fra\u00eeches - Truffe Blanche d'Alba, Truffe Noire Pr\u00e9cieuse, Truffe Noire d'Automne, Truffe Noire d'\u00c9t\u00e9 et Truffe Bianchetto ou Truffe Marzuolo - ALBA TARTUFI! Truffes Fra\u00eeches du Pi\u00e9mont!! Truffes de Saison!!!","og_url":"https:\/\/new.albatartufi.com\/fr\/truffes-fraiches\/","og_site_name":"Truffe d'Alba (Pi\u00e9mont - Italie)","article_publisher":"https:\/\/www.facebook.com\/albatartufi","article_modified_time":"2025-10-22T15:34:53+00:00","og_image":[{"width":178,"height":174,"url":"https:\/\/new.albatartufi.com\/wp-content\/uploads\/2025\/09\/Vector_truffle_2.webp","type":"image\/webp"}],"twitter_card":"summary_large_image","twitter_site":"@albatartufi","schema":{"@context":"https:\/\/schema.org","@graph":[{"@type":"WebPage","@id":"https:\/\/new.albatartufi.com\/fr\/truffes-fraiches\/","url":"https:\/\/new.albatartufi.com\/fr\/truffes-fraiches\/","name":"Truffes Fra\u00eeches - Truffe d'Alba (Pi\u00e9mont - Italie)","isPartOf":{"@id":"https:\/\/new.albatartufi.com\/#website"},"primaryImageOfPage":{"@id":"https:\/\/new.albatartufi.com\/fr\/truffes-fraiches\/#primaryimage"},"image":{"@id":"https:\/\/new.albatartufi.com\/fr\/truffes-fraiches\/#primaryimage"},"thumbnailUrl":"https:\/\/new.albatartufi.com\/wp-content\/uploads\/2025\/09\/Vector_truffle_2.webp","datePublished":"2025-09-26T09:19:47+00:00","dateModified":"2025-10-22T15:34:53+00:00","description":"Truffes Fra\u00eeches - Truffe Blanche d'Alba, Truffe Noire Pr\u00e9cieuse, Truffe Noire d'Automne, Truffe Noire d'\u00c9t\u00e9 et Truffe Bianchetto ou Truffe Marzuolo - ALBA TARTUFI! Truffes Fra\u00eeches du Pi\u00e9mont!! Truffes de Saison!!!","breadcrumb":{"@id":"https:\/\/new.albatartufi.com\/fr\/truffes-fraiches\/#breadcrumb"},"inLanguage":"fr-FR","potentialAction":[{"@type":"ReadAction","target":["https:\/\/new.albatartufi.com\/fr\/truffes-fraiches\/"]}]},{"@type":"ImageObject","inLanguage":"fr-FR","@id":"https:\/\/new.albatartufi.com\/fr\/truffes-fraiches\/#primaryimage","url":"https:\/\/new.albatartufi.com\/wp-content\/uploads\/2025\/09\/Vector_truffle_2.webp","contentUrl":"https:\/\/new.albatartufi.com\/wp-content\/uploads\/2025\/09\/Vector_truffle_2.webp"},{"@type":"BreadcrumbList","@id":"https:\/\/new.albatartufi.com\/fr\/truffes-fraiches\/#breadcrumb","itemListElement":[{"@type":"ListItem","position":1,"name":"Home","item":"https:\/\/new.albatartufi.com\/fr\/truffe-dalba-piemont-italie\/"},{"@type":"ListItem","position":2,"name":"Truffes Fra\u00eeches"}]},{"@type":"WebSite","@id":"https:\/\/new.albatartufi.com\/#website","url":"https:\/\/new.albatartufi.com\/","name":"Alba Tartufi","description":"Tartufo di Alba (Piemonte - Italia)","publisher":{"@id":"https:\/\/new.albatartufi.com\/#organization"},"potentialAction":[{"@type":"SearchAction","target":{"@type":"EntryPoint","urlTemplate":"https:\/\/new.albatartufi.com\/?s={search_term_string}"},"query-input":{"@type":"PropertyValueSpecification","valueRequired":true,"valueName":"search_term_string"}}],"inLanguage":"fr-FR"},{"@type":"Organization","@id":"https:\/\/new.albatartufi.com\/#organization","name":"Alba Tartufi","url":"https:\/\/new.albatartufi.com\/","logo":{"@type":"ImageObject","inLanguage":"fr-FR","@id":"https:\/\/new.albatartufi.com\/#\/schema\/logo\/image\/","url":"https:\/\/new.albatartufi.com\/wp-content\/uploads\/2025\/09\/cropped-logo_alba_tartufi.webp","contentUrl":"https:\/\/new.albatartufi.com\/wp-content\/uploads\/2025\/09\/cropped-logo_alba_tartufi.webp","width":389,"height":211,"caption":"Alba Tartufi"},"image":{"@id":"https:\/\/new.albatartufi.com\/#\/schema\/logo\/image\/"},"sameAs":["https:\/\/www.facebook.com\/albatartufi","https:\/\/x.com\/albatartufi","https:\/\/www.instagram.com\/albatartufi\/"]}]}},"_links":{"self":[{"href":"https:\/\/new.albatartufi.com\/fr\/wp-json\/wp\/v2\/pages\/990973","targetHints":{"allow":["GET"]}}],"collection":[{"href":"https:\/\/new.albatartufi.com\/fr\/wp-json\/wp\/v2\/pages"}],"about":[{"href":"https:\/\/new.albatartufi.com\/fr\/wp-json\/wp\/v2\/types\/page"}],"author":[{"embeddable":true,"href":"https:\/\/new.albatartufi.com\/fr\/wp-json\/wp\/v2\/users\/1"}],"replies":[{"embeddable":true,"href":"https:\/\/new.albatartufi.com\/fr\/wp-json\/wp\/v2\/comments?post=990973"}],"version-history":[{"count":11,"href":"https:\/\/new.albatartufi.com\/fr\/wp-json\/wp\/v2\/pages\/990973\/revisions"}],"predecessor-version":[{"id":995500,"href":"https:\/\/new.albatartufi.com\/fr\/wp-json\/wp\/v2\/pages\/990973\/revisions\/995500"}],"wp:attachment":[{"href":"https:\/\/new.albatartufi.com\/fr\/wp-json\/wp\/v2\/media?parent=990973"}],"curies":[{"name":"wp","href":"https:\/\/api.w.org\/{rel}","templated":true}]}}