{"id":990986,"date":"2025-09-26T08:40:10","date_gmt":"2025-09-26T08:40:10","guid":{"rendered":"https:\/\/new.albatartufi.com\/bourse-aux-truffes\/"},"modified":"2025-10-22T15:34:07","modified_gmt":"2025-10-22T15:34:07","slug":"bourse-aux-truffes","status":"publish","type":"page","link":"https:\/\/new.albatartufi.com\/fr\/bourse-aux-truffes\/","title":{"rendered":"Bourse Aux Truffes"},"content":{"rendered":"\t\t<div data-elementor-type=\"wp-page\" data-elementor-id=\"990986\" class=\"elementor elementor-990986 elementor-988907\" data-elementor-post-type=\"page\">\n\t\t\t\t\t\t<section class=\"elementor-section elementor-top-section elementor-element elementor-element-842a562 elementor-section-height-min-height elementor-section-content-bottom elementor-section-boxed elementor-section-height-default elementor-section-items-middle\" data-id=\"842a562\" data-element_type=\"section\" data-settings=\"{&quot;background_background&quot;:&quot;classic&quot;}\">\n\t\t\t\t\t\t\t<div class=\"elementor-background-overlay\"><\/div>\n\t\t\t\t\t\t\t<div class=\"elementor-container elementor-column-gap-default\">\n\t\t\t\t\t<div class=\"elementor-column elementor-col-100 elementor-top-column elementor-element elementor-element-60e0336\" data-id=\"60e0336\" data-element_type=\"column\">\n\t\t\t<div class=\"elementor-widget-wrap\">\n\t\t\t\t\t\t\t<\/div>\n\t\t<\/div>\n\t\t\t\t\t<\/div>\n\t\t<\/section>\n\t\t\t\t<section class=\"elementor-section elementor-top-section elementor-element elementor-element-fe91e54 elementor-section-height-min-height animated-slow elementor-section-boxed elementor-section-height-default elementor-section-items-middle elementor-invisible\" data-id=\"fe91e54\" data-element_type=\"section\" data-settings=\"{&quot;animation&quot;:&quot;fadeIn&quot;,&quot;animation_delay&quot;:400,&quot;background_background&quot;:&quot;classic&quot;}\">\n\t\t\t\t\t\t<div class=\"elementor-container elementor-column-gap-default\">\n\t\t\t\t\t<div class=\"elementor-column elementor-col-100 elementor-top-column elementor-element elementor-element-2e4dd9d\" data-id=\"2e4dd9d\" data-element_type=\"column\">\n\t\t\t<div class=\"elementor-widget-wrap elementor-element-populated\">\n\t\t\t\t\t\t<div class=\"elementor-element elementor-element-b13cd68 elementor-absolute elementor-widget elementor-widget-image\" data-id=\"b13cd68\" data-element_type=\"widget\" data-settings=\"{&quot;_position&quot;:&quot;absolute&quot;}\" data-widget_type=\"image.default\">\n\t\t\t\t<div class=\"elementor-widget-container\">\n\t\t\t\t\t\t\t\t\t<div class=\"elementor-image\">\n\t\t\t\t\t\t\t\t\t\t\t\t\t\t\t\t\t\t\t\t\t<img decoding=\"async\" width=\"178\" height=\"174\" src=\"https:\/\/new.albatartufi.com\/wp-content\/uploads\/2025\/09\/Vector_truffle_2.webp\" class=\"attachment-thumbnail size-thumbnail wp-image-990972\" alt=\"Truffe blanche d&#039;Alba\" \/>\t\t\t\t\t\t\t\t\t\t\t\t\t\t\t\t\t\t\t\t\t\t\t\t<\/div>\n\t\t\t\t\t\t\t\t<\/div>\n\t\t\t\t<\/div>\n\t\t\t\t<div class=\"elementor-element elementor-element-89c4f1d elementor-invisible elementor-widget elementor-widget-heading\" data-id=\"89c4f1d\" data-element_type=\"widget\" data-settings=\"{&quot;_animation&quot;:&quot;fadeIn&quot;,&quot;_animation_delay&quot;:200,&quot;_animation_tablet&quot;:&quot;none&quot;}\" data-widget_type=\"heading.default\">\n\t\t\t\t<div class=\"elementor-widget-container\">\n\t\t\t\t\t<h3 class=\"elementor-heading-title elementor-size-default\">alba tartufi<\/h3>\t\t\t\t<\/div>\n\t\t\t\t<\/div>\n\t\t\t\t<div class=\"elementor-element elementor-element-3b6b272 elementor-widget elementor-widget-heading\" data-id=\"3b6b272\" data-element_type=\"widget\" data-widget_type=\"heading.default\">\n\t\t\t\t<div class=\"elementor-widget-container\">\n\t\t\t\t\t<h1 class=\"elementor-heading-title elementor-size-default\">Bourse aux truffes<\/h1>\t\t\t\t<\/div>\n\t\t\t\t<\/div>\n\t\t\t\t<div class=\"elementor-element elementor-element-49c75a6 elementor-widget elementor-widget-text-editor\" data-id=\"49c75a6\" data-element_type=\"widget\" data-widget_type=\"text-editor.default\">\n\t\t\t\t<div class=\"elementor-widget-container\">\n\t\t\t\t\t\t\t\t\t<p>Le Borsino del Tartufo est un outil mis \u00e0 disposition du public par Alba Tartufi afin de rester inform\u00e9 en permanence des prix des truffes.<br>En vous inscrivant gratuitement \u00e0 la bourse aux truffes, vous recevrez, en fonction de l&rsquo;\u00e9volution des conditions du march\u00e9, les cotations actualis\u00e9es des principales qualit\u00e9s de truffes disponibles sur le march\u00e9, directement dans votre bo\u00eete mail.<br>Chaque saison a ses truffes et la bourse aux truffes vous permet de suivre les cours, mais aussi de savoir quand la nouvelle saison va commencer.<br>Le cours de la truffe est un outil qui permet de conna\u00eetre le prix moyen au d\u00e9tail de la truffe blanche d&rsquo;Alba dans sa taille la plus courante, qui est d&rsquo;environ 20 grammes. La taille est d\u00e9terminante pour le prix de la truffe blanche d&rsquo;Alba et, par cons\u00e9quent, les deux valeurs sont directement proportionnelles (grosse truffe, prix \/ hg plus \u00e9lev\u00e9). <\/p><p>Comparez les <br><a href=\"https:\/\/new.albatartufi.com\/fr\/truffes-fraiches\/\">prix d&rsquo;AlbaTartufi<\/a><br> avec les cotations de la <br><a href=\"https:\/\/www.tuber.it\/borsino-del-tartufo\/\" target=\"_blank\" rel=\"noopener\">Bourse officielle de la truffe d&rsquo;Alba<\/a><br>.<\/p>\t\t\t\t\t\t\t\t<\/div>\n\t\t\t\t<\/div>\n\t\t\t\t\t<\/div>\n\t\t<\/div>\n\t\t\t\t\t<\/div>\n\t\t<\/section>\n\t\t\t\t<\/div>\n\t\t","protected":false},"excerpt":{"rendered":"<p>alba tartufi Bourse aux truffes Le Borsino del Tartufo est un outil mis \u00e0 disposition du public par Alba Tartufi afin de rester inform\u00e9 en permanence des prix des truffes.En vous inscrivant gratuitement \u00e0 la bourse aux truffes, vous recevrez, en fonction de l&rsquo;\u00e9volution des conditions du march\u00e9, les cotations actualis\u00e9es des principales qualit\u00e9s de&#8230;<\/p>\n","protected":false},"author":1,"featured_media":0,"parent":0,"menu_order":0,"comment_status":"closed","ping_status":"closed","template":"","meta":{"inline_featured_image":false,"footnotes":""},"class_list":["post-990986","page","type-page","status-publish","hentry"],"yoast_head":"<!-- This site is optimized with the Yoast SEO plugin v26.2 - https:\/\/yoast.com\/wordpress\/plugins\/seo\/ -->\n<title>Bourse Aux Truffes - Truffe d&#039;Alba (Pi\u00e9mont - Italie)<\/title>\n<meta name=\"description\" content=\"Avec l&#039;inscription gratuite \u00e0 la Bourse Aux Truffes, vous serez toujours inform\u00e9 des Prix du March\u00e9 (cotations) de la Truffe Blanche Alba.\" \/>\n<meta name=\"robots\" content=\"index, follow, max-snippet:-1, max-image-preview:large, max-video-preview:-1\" \/>\n<link rel=\"canonical\" href=\"https:\/\/new.albatartufi.com\/fr\/bourse-aux-truffes\/\" \/>\n<meta property=\"og:locale\" content=\"fr_FR\" \/>\n<meta property=\"og:type\" content=\"article\" \/>\n<meta property=\"og:title\" content=\"Bourse Aux Truffes - Truffe d&#039;Alba (Pi\u00e9mont - Italie)\" \/>\n<meta property=\"og:description\" content=\"Avec l&#039;inscription gratuite \u00e0 la Bourse Aux Truffes, vous serez toujours inform\u00e9 des Prix du March\u00e9 (cotations) de la Truffe Blanche Alba.\" \/>\n<meta property=\"og:url\" content=\"https:\/\/new.albatartufi.com\/fr\/bourse-aux-truffes\/\" \/>\n<meta property=\"og:site_name\" content=\"Truffe d&#039;Alba (Pi\u00e9mont - Italie)\" \/>\n<meta property=\"article:publisher\" content=\"https:\/\/www.facebook.com\/albatartufi\" \/>\n<meta property=\"article:modified_time\" content=\"2025-10-22T15:34:07+00:00\" \/>\n<meta property=\"og:image\" content=\"https:\/\/new.albatartufi.com\/wp-content\/uploads\/2025\/09\/Vector_truffle_2.webp\" \/>\n\t<meta property=\"og:image:width\" content=\"178\" \/>\n\t<meta property=\"og:image:height\" content=\"174\" \/>\n\t<meta property=\"og:image:type\" content=\"image\/webp\" \/>\n<meta name=\"twitter:card\" content=\"summary_large_image\" \/>\n<meta name=\"twitter:site\" content=\"@albatartufi\" \/>\n<meta name=\"twitter:label1\" content=\"Dur\u00e9e de lecture estim\u00e9e\" \/>\n\t<meta name=\"twitter:data1\" content=\"1 minute\" \/>\n<script type=\"application\/ld+json\" class=\"yoast-schema-graph\">{\"@context\":\"https:\/\/schema.org\",\"@graph\":[{\"@type\":\"WebPage\",\"@id\":\"https:\/\/new.albatartufi.com\/fr\/bourse-aux-truffes\/\",\"url\":\"https:\/\/new.albatartufi.com\/fr\/bourse-aux-truffes\/\",\"name\":\"Bourse Aux Truffes - Truffe d'Alba (Pi\u00e9mont - Italie)\",\"isPartOf\":{\"@id\":\"https:\/\/new.albatartufi.com\/#website\"},\"primaryImageOfPage\":{\"@id\":\"https:\/\/new.albatartufi.com\/fr\/bourse-aux-truffes\/#primaryimage\"},\"image\":{\"@id\":\"https:\/\/new.albatartufi.com\/fr\/bourse-aux-truffes\/#primaryimage\"},\"thumbnailUrl\":\"https:\/\/new.albatartufi.com\/wp-content\/uploads\/2025\/09\/Vector_truffle_2.webp\",\"datePublished\":\"2025-09-26T08:40:10+00:00\",\"dateModified\":\"2025-10-22T15:34:07+00:00\",\"description\":\"Avec l'inscription gratuite \u00e0 la Bourse Aux Truffes, vous serez toujours inform\u00e9 des Prix du March\u00e9 (cotations) de la Truffe Blanche Alba.\",\"breadcrumb\":{\"@id\":\"https:\/\/new.albatartufi.com\/fr\/bourse-aux-truffes\/#breadcrumb\"},\"inLanguage\":\"fr-FR\",\"potentialAction\":[{\"@type\":\"ReadAction\",\"target\":[\"https:\/\/new.albatartufi.com\/fr\/bourse-aux-truffes\/\"]}]},{\"@type\":\"ImageObject\",\"inLanguage\":\"fr-FR\",\"@id\":\"https:\/\/new.albatartufi.com\/fr\/bourse-aux-truffes\/#primaryimage\",\"url\":\"https:\/\/new.albatartufi.com\/wp-content\/uploads\/2025\/09\/Vector_truffle_2.webp\",\"contentUrl\":\"https:\/\/new.albatartufi.com\/wp-content\/uploads\/2025\/09\/Vector_truffle_2.webp\"},{\"@type\":\"BreadcrumbList\",\"@id\":\"https:\/\/new.albatartufi.com\/fr\/bourse-aux-truffes\/#breadcrumb\",\"itemListElement\":[{\"@type\":\"ListItem\",\"position\":1,\"name\":\"Home\",\"item\":\"https:\/\/new.albatartufi.com\/fr\/truffe-dalba-piemont-italie\/\"},{\"@type\":\"ListItem\",\"position\":2,\"name\":\"Bourse Aux Truffes\"}]},{\"@type\":\"WebSite\",\"@id\":\"https:\/\/new.albatartufi.com\/#website\",\"url\":\"https:\/\/new.albatartufi.com\/\",\"name\":\"Alba Tartufi\",\"description\":\"Tartufo di Alba (Piemonte - Italia)\",\"publisher\":{\"@id\":\"https:\/\/new.albatartufi.com\/#organization\"},\"potentialAction\":[{\"@type\":\"SearchAction\",\"target\":{\"@type\":\"EntryPoint\",\"urlTemplate\":\"https:\/\/new.albatartufi.com\/?s={search_term_string}\"},\"query-input\":{\"@type\":\"PropertyValueSpecification\",\"valueRequired\":true,\"valueName\":\"search_term_string\"}}],\"inLanguage\":\"fr-FR\"},{\"@type\":\"Organization\",\"@id\":\"https:\/\/new.albatartufi.com\/#organization\",\"name\":\"Alba Tartufi\",\"url\":\"https:\/\/new.albatartufi.com\/\",\"logo\":{\"@type\":\"ImageObject\",\"inLanguage\":\"fr-FR\",\"@id\":\"https:\/\/new.albatartufi.com\/#\/schema\/logo\/image\/\",\"url\":\"https:\/\/new.albatartufi.com\/wp-content\/uploads\/2025\/09\/cropped-logo_alba_tartufi.webp\",\"contentUrl\":\"https:\/\/new.albatartufi.com\/wp-content\/uploads\/2025\/09\/cropped-logo_alba_tartufi.webp\",\"width\":389,\"height\":211,\"caption\":\"Alba Tartufi\"},\"image\":{\"@id\":\"https:\/\/new.albatartufi.com\/#\/schema\/logo\/image\/\"},\"sameAs\":[\"https:\/\/www.facebook.com\/albatartufi\",\"https:\/\/x.com\/albatartufi\",\"https:\/\/www.instagram.com\/albatartufi\/\"]}]}<\/script>\n<!-- \/ Yoast SEO plugin. -->","yoast_head_json":{"title":"Bourse Aux Truffes - Truffe d'Alba (Pi\u00e9mont - Italie)","description":"Avec l'inscription gratuite \u00e0 la Bourse Aux Truffes, vous serez toujours inform\u00e9 des Prix du March\u00e9 (cotations) de la Truffe Blanche Alba.","robots":{"index":"index","follow":"follow","max-snippet":"max-snippet:-1","max-image-preview":"max-image-preview:large","max-video-preview":"max-video-preview:-1"},"canonical":"https:\/\/new.albatartufi.com\/fr\/bourse-aux-truffes\/","og_locale":"fr_FR","og_type":"article","og_title":"Bourse Aux Truffes - Truffe d'Alba (Pi\u00e9mont - Italie)","og_description":"Avec l'inscription gratuite \u00e0 la Bourse Aux Truffes, vous serez toujours inform\u00e9 des Prix du March\u00e9 (cotations) de la Truffe Blanche Alba.","og_url":"https:\/\/new.albatartufi.com\/fr\/bourse-aux-truffes\/","og_site_name":"Truffe d'Alba (Pi\u00e9mont - Italie)","article_publisher":"https:\/\/www.facebook.com\/albatartufi","article_modified_time":"2025-10-22T15:34:07+00:00","og_image":[{"width":178,"height":174,"url":"https:\/\/new.albatartufi.com\/wp-content\/uploads\/2025\/09\/Vector_truffle_2.webp","type":"image\/webp"}],"twitter_card":"summary_large_image","twitter_site":"@albatartufi","twitter_misc":{"Dur\u00e9e de lecture estim\u00e9e":"1 minute"},"schema":{"@context":"https:\/\/schema.org","@graph":[{"@type":"WebPage","@id":"https:\/\/new.albatartufi.com\/fr\/bourse-aux-truffes\/","url":"https:\/\/new.albatartufi.com\/fr\/bourse-aux-truffes\/","name":"Bourse Aux Truffes - Truffe d'Alba (Pi\u00e9mont - Italie)","isPartOf":{"@id":"https:\/\/new.albatartufi.com\/#website"},"primaryImageOfPage":{"@id":"https:\/\/new.albatartufi.com\/fr\/bourse-aux-truffes\/#primaryimage"},"image":{"@id":"https:\/\/new.albatartufi.com\/fr\/bourse-aux-truffes\/#primaryimage"},"thumbnailUrl":"https:\/\/new.albatartufi.com\/wp-content\/uploads\/2025\/09\/Vector_truffle_2.webp","datePublished":"2025-09-26T08:40:10+00:00","dateModified":"2025-10-22T15:34:07+00:00","description":"Avec l'inscription gratuite \u00e0 la Bourse Aux Truffes, vous serez toujours inform\u00e9 des Prix du March\u00e9 (cotations) de la Truffe Blanche Alba.","breadcrumb":{"@id":"https:\/\/new.albatartufi.com\/fr\/bourse-aux-truffes\/#breadcrumb"},"inLanguage":"fr-FR","potentialAction":[{"@type":"ReadAction","target":["https:\/\/new.albatartufi.com\/fr\/bourse-aux-truffes\/"]}]},{"@type":"ImageObject","inLanguage":"fr-FR","@id":"https:\/\/new.albatartufi.com\/fr\/bourse-aux-truffes\/#primaryimage","url":"https:\/\/new.albatartufi.com\/wp-content\/uploads\/2025\/09\/Vector_truffle_2.webp","contentUrl":"https:\/\/new.albatartufi.com\/wp-content\/uploads\/2025\/09\/Vector_truffle_2.webp"},{"@type":"BreadcrumbList","@id":"https:\/\/new.albatartufi.com\/fr\/bourse-aux-truffes\/#breadcrumb","itemListElement":[{"@type":"ListItem","position":1,"name":"Home","item":"https:\/\/new.albatartufi.com\/fr\/truffe-dalba-piemont-italie\/"},{"@type":"ListItem","position":2,"name":"Bourse Aux Truffes"}]},{"@type":"WebSite","@id":"https:\/\/new.albatartufi.com\/#website","url":"https:\/\/new.albatartufi.com\/","name":"Alba Tartufi","description":"Tartufo di Alba (Piemonte - Italia)","publisher":{"@id":"https:\/\/new.albatartufi.com\/#organization"},"potentialAction":[{"@type":"SearchAction","target":{"@type":"EntryPoint","urlTemplate":"https:\/\/new.albatartufi.com\/?s={search_term_string}"},"query-input":{"@type":"PropertyValueSpecification","valueRequired":true,"valueName":"search_term_string"}}],"inLanguage":"fr-FR"},{"@type":"Organization","@id":"https:\/\/new.albatartufi.com\/#organization","name":"Alba Tartufi","url":"https:\/\/new.albatartufi.com\/","logo":{"@type":"ImageObject","inLanguage":"fr-FR","@id":"https:\/\/new.albatartufi.com\/#\/schema\/logo\/image\/","url":"https:\/\/new.albatartufi.com\/wp-content\/uploads\/2025\/09\/cropped-logo_alba_tartufi.webp","contentUrl":"https:\/\/new.albatartufi.com\/wp-content\/uploads\/2025\/09\/cropped-logo_alba_tartufi.webp","width":389,"height":211,"caption":"Alba Tartufi"},"image":{"@id":"https:\/\/new.albatartufi.com\/#\/schema\/logo\/image\/"},"sameAs":["https:\/\/www.facebook.com\/albatartufi","https:\/\/x.com\/albatartufi","https:\/\/www.instagram.com\/albatartufi\/"]}]}},"_links":{"self":[{"href":"https:\/\/new.albatartufi.com\/fr\/wp-json\/wp\/v2\/pages\/990986","targetHints":{"allow":["GET"]}}],"collection":[{"href":"https:\/\/new.albatartufi.com\/fr\/wp-json\/wp\/v2\/pages"}],"about":[{"href":"https:\/\/new.albatartufi.com\/fr\/wp-json\/wp\/v2\/types\/page"}],"author":[{"embeddable":true,"href":"https:\/\/new.albatartufi.com\/fr\/wp-json\/wp\/v2\/users\/1"}],"replies":[{"embeddable":true,"href":"https:\/\/new.albatartufi.com\/fr\/wp-json\/wp\/v2\/comments?post=990986"}],"version-history":[{"count":19,"href":"https:\/\/new.albatartufi.com\/fr\/wp-json\/wp\/v2\/pages\/990986\/revisions"}],"predecessor-version":[{"id":995497,"href":"https:\/\/new.albatartufi.com\/fr\/wp-json\/wp\/v2\/pages\/990986\/revisions\/995497"}],"wp:attachment":[{"href":"https:\/\/new.albatartufi.com\/fr\/wp-json\/wp\/v2\/media?parent=990986"}],"curies":[{"name":"wp","href":"https:\/\/api.w.org\/{rel}","templated":true}]}}