{"id":988514,"date":"2025-09-22T14:21:34","date_gmt":"2025-09-22T14:21:34","guid":{"rendered":"https:\/\/new.albatartufi.com\/prodotto\/creme-de-truffe-noire-de-qualite\/"},"modified":"2025-10-14T15:09:22","modified_gmt":"2025-10-14T15:09:22","slug":"creme-de-truffe-noire-de-qualite","status":"publish","type":"product","link":"https:\/\/new.albatartufi.com\/fr\/shop\/creme-de-truffe-noire-de-qualite\/","title":{"rendered":"Cr\u00e8me de Truffe Noire de Qualit\u00e9"},"content":{"rendered":"<div class=\"vgblk-rw-wrapper limit-wrapper\">\n<h4>Pot de 50g.<\/h4>\n<h4 class=\"text-dark\">UTILISATION RECOMMAND\u00c9E<\/h4>\n<p class=\"text-muted\">La Cr\u00e8me de Truffe Noire de Qualit\u00e9 contient 73 % de ce pr\u00e9cieux tubercule, de l&rsquo;huile d&rsquo;olive et quelques grains de sel. Id\u00e9ale pour parfumer les entr\u00e9es et les plats principaux, mais aussi les tartines et les cro\u00fbtons. Elle se marie \u00e9galement parfaitement avec les raviolis farcis \u00e0 la viande, en exaltant leur go\u00fbt et leur saveur. Pour appr\u00e9cier au mieux les qualit\u00e9s du produit, utilisez environ 20 g par personne.<\/p>\n<div class=\"modal-body\">\n<h5 class=\"text-dark mb-0 mt-2\">STOCKAGE<\/h5>\n<p class=\"text-muted\">Le produit conserve ses caract\u00e9ristiques inchang\u00e9es depuis la date de fabrication pour les dur\u00e9es et temp\u00e9ratures d\u00e9finies ci-dessous : au r\u00e9frig\u00e9rateur (+4\u00b0C) &#8211; une fois ouvert, \u00e0 conserver au r\u00e9frig\u00e9rateur recouvert d&rsquo;huile et \u00e0 consommer sous quelques jours ; \u00e0 temp\u00e9rature ambiante &#8211; en pot ferm\u00e9, \u00e0 consommer avant la date de p\u00e9remption indiqu\u00e9e sur le pot (D.M.C).<\/p>\n<h5 class=\"text-dark mb-0 mt-2\">INGR\u00c9DIENTS<\/h5>\n<p class=\"text-muted\">Truffe noire 73% (Tuber melanosporum Vitt), huile d&rsquo;olive vierge extra 26%, sel 1%.<\/p>\n<h5 class=\"text-dark mb-0 mt-2\">PR\u00c9SENCE D&rsquo;ALLERG\u00c8NES<\/h5>\n<p class=\"text-muted\">Non.<\/p>\n<h5 class=\"text-dark mb-0 mt-2\">PR\u00c9SENCE D&rsquo;OGM<\/h5>\n<p class=\"text-muted\">Non.<\/p>\n<h5 class=\"text-dark mb-0 mt-2\">DUREE MINIMUM DE CONSERVATION (D.M.C.)<\/h5>\n<p class=\"text-muted\">48 mois.<\/p>\n<h5 class=\"text-dark mb-0 mt-2\">CARACT\u00c9RISTIQUES NUTRITIONNELLES &#8211; U.M.: g\/100g<\/h5>\n<table class=\"tabella-nut\">\n<thead>\n<tr>\n<td>PARAM\u00c8TRE<\/td>\n<td>VALEURS<\/td>\n<\/tr>\n<\/thead>\n<tbody>\n<tr>\n<td>VALEUR \u00c9NERG\u00c9TIQUE<\/td>\n<td>KJ 1407<\/td>\n<\/tr>\n<tr>\n<td>KCAL<\/td>\n<td>336<\/td>\n<\/tr>\n<tr>\n<td>GRAISSES<\/td>\n<td>34 g<\/td>\n<\/tr>\n<tr>\n<td>MATI\u00c8RES GRASSES DONT ACIDES GRAS SATUR\u00c9S<\/td>\n<td>5,5 g<\/td>\n<\/tr>\n<tr>\n<td>GLUCIDES<\/td>\n<td>&lt;0,5 g<\/td>\n<\/tr>\n<tr>\n<td>DONT LES SUCRES<\/td>\n<td>&lt;&lt;0,5 g<\/td>\n<\/tr>\n<tr>\n<td>PROTEINE<\/td>\n<td>2,4 g<\/td>\n<\/tr>\n<tr>\n<td>SEL<\/td>\n<td>2,75 g<\/td>\n<\/tr>\n<\/tbody>\n<\/table>\n<\/div>\n<div class=\"modal-footer\"><\/div>\n<\/div>\n<p><!-- .vgblk-rw-wrapper --><\/p>\n","protected":false},"excerpt":{"rendered":"<p>Pot de 50g. UTILISATION RECOMMAND\u00c9E La Cr\u00e8me de Truffe Noire de Qualit\u00e9 contient 73 % de ce pr\u00e9cieux tubercule, de l&rsquo;huile d&rsquo;olive et quelques grains de sel. Id\u00e9ale pour parfumer les entr\u00e9es et les plats principaux, mais aussi les tartines et les cro\u00fbtons. Elle se marie \u00e9galement parfaitement avec les raviolis farcis \u00e0 la viande,&#8230;<\/p>\n","protected":false},"featured_media":994274,"template":"","meta":{"inline_featured_image":false},"product_brand":[],"product_cat":[69],"product_tag":[],"class_list":{"0":"post-988514","1":"product","2":"type-product","3":"status-publish","4":"has-post-thumbnail","6":"product_cat-truffes-conservees","8":"first","9":"instock","10":"shipping-taxable","11":"purchasable","12":"product-type-simple"},"yoast_head":"<!-- This site is optimized with the Yoast SEO plugin v26.2 - https:\/\/yoast.com\/wordpress\/plugins\/seo\/ -->\n<title>Cr\u00e8me de Truffe Noire de Qualit\u00e9 - Truffe d&#039;Alba (Pi\u00e9mont - Italie)<\/title>\n<meta name=\"description\" content=\"Id\u00e9ale pour parfumer les entr\u00e9es et les plats principaux, mais aussi les tartines et les cro\u00fbtons. Elle se marie \u00e9galement parfaitement avec les raviolis farcis \u00e0 la viande, en exaltant leur go\u00fbt et leur saveur.\" \/>\n<meta name=\"robots\" content=\"index, follow, max-snippet:-1, max-image-preview:large, max-video-preview:-1\" \/>\n<link rel=\"canonical\" href=\"https:\/\/new.albatartufi.com\/fr\/shop\/creme-de-truffe-noire-de-qualite\/\" \/>\n<meta property=\"og:locale\" content=\"fr_FR\" \/>\n<meta property=\"og:type\" content=\"article\" \/>\n<meta property=\"og:title\" content=\"Cr\u00e8me de Truffe Noire de Qualit\u00e9 - Truffe d&#039;Alba (Pi\u00e9mont - Italie)\" \/>\n<meta property=\"og:description\" content=\"Id\u00e9ale pour parfumer les entr\u00e9es et les plats principaux, mais aussi les tartines et les cro\u00fbtons. Elle se marie \u00e9galement parfaitement avec les raviolis farcis \u00e0 la viande, en exaltant leur go\u00fbt et leur saveur.\" \/>\n<meta property=\"og:url\" content=\"https:\/\/new.albatartufi.com\/fr\/shop\/creme-de-truffe-noire-de-qualite\/\" \/>\n<meta property=\"og:site_name\" content=\"Truffe d&#039;Alba (Pi\u00e9mont - Italie)\" \/>\n<meta property=\"article:publisher\" content=\"https:\/\/www.facebook.com\/albatartufi\" \/>\n<meta property=\"article:modified_time\" content=\"2025-10-14T15:09:22+00:00\" \/>\n<meta property=\"og:image\" content=\"https:\/\/new.albatartufi.com\/wp-content\/uploads\/2025\/09\/crematartufonero50-1.png\" \/>\n\t<meta property=\"og:image:width\" content=\"800\" \/>\n\t<meta property=\"og:image:height\" content=\"800\" \/>\n\t<meta property=\"og:image:type\" content=\"image\/png\" \/>\n<meta name=\"twitter:card\" content=\"summary_large_image\" \/>\n<meta name=\"twitter:site\" content=\"@albatartufi\" \/>\n<meta name=\"twitter:label1\" content=\"Dur\u00e9e de lecture estim\u00e9e\" \/>\n\t<meta name=\"twitter:data1\" content=\"2 minutes\" \/>\n<script type=\"application\/ld+json\" class=\"yoast-schema-graph\">{\"@context\":\"https:\/\/schema.org\",\"@graph\":[{\"@type\":\"WebPage\",\"@id\":\"https:\/\/new.albatartufi.com\/fr\/shop\/creme-de-truffe-noire-de-qualite\/\",\"url\":\"https:\/\/new.albatartufi.com\/fr\/shop\/creme-de-truffe-noire-de-qualite\/\",\"name\":\"Cr\u00e8me de Truffe Noire de Qualit\u00e9 - Truffe d'Alba (Pi\u00e9mont - Italie)\",\"isPartOf\":{\"@id\":\"https:\/\/new.albatartufi.com\/#website\"},\"primaryImageOfPage\":{\"@id\":\"https:\/\/new.albatartufi.com\/fr\/shop\/creme-de-truffe-noire-de-qualite\/#primaryimage\"},\"image\":{\"@id\":\"https:\/\/new.albatartufi.com\/fr\/shop\/creme-de-truffe-noire-de-qualite\/#primaryimage\"},\"thumbnailUrl\":\"https:\/\/new.albatartufi.com\/wp-content\/uploads\/2025\/09\/crematartufonero50-1.png\",\"datePublished\":\"2025-09-22T14:21:34+00:00\",\"dateModified\":\"2025-10-14T15:09:22+00:00\",\"description\":\"Id\u00e9ale pour parfumer les entr\u00e9es et les plats principaux, mais aussi les tartines et les cro\u00fbtons. Elle se marie \u00e9galement parfaitement avec les raviolis farcis \u00e0 la viande, en exaltant leur go\u00fbt et leur saveur.\",\"breadcrumb\":{\"@id\":\"https:\/\/new.albatartufi.com\/fr\/shop\/creme-de-truffe-noire-de-qualite\/#breadcrumb\"},\"inLanguage\":\"fr-FR\",\"potentialAction\":[{\"@type\":\"ReadAction\",\"target\":[\"https:\/\/new.albatartufi.com\/fr\/shop\/creme-de-truffe-noire-de-qualite\/\"]}]},{\"@type\":\"ImageObject\",\"inLanguage\":\"fr-FR\",\"@id\":\"https:\/\/new.albatartufi.com\/fr\/shop\/creme-de-truffe-noire-de-qualite\/#primaryimage\",\"url\":\"https:\/\/new.albatartufi.com\/wp-content\/uploads\/2025\/09\/crematartufonero50-1.png\",\"contentUrl\":\"https:\/\/new.albatartufi.com\/wp-content\/uploads\/2025\/09\/crematartufonero50-1.png\",\"width\":800,\"height\":800,\"caption\":\"Crema di tartufo nero pregiato\"},{\"@type\":\"BreadcrumbList\",\"@id\":\"https:\/\/new.albatartufi.com\/fr\/shop\/creme-de-truffe-noire-de-qualite\/#breadcrumb\",\"itemListElement\":[{\"@type\":\"ListItem\",\"position\":1,\"name\":\"Home\",\"item\":\"https:\/\/new.albatartufi.com\/fr\/truffe-dalba-piemont-italie\/\"},{\"@type\":\"ListItem\",\"position\":2,\"name\":\"Boutique\",\"item\":\"https:\/\/new.albatartufi.com\/fr\/boutique\/\"},{\"@type\":\"ListItem\",\"position\":3,\"name\":\"Cr\u00e8me de Truffe Noire de Qualit\u00e9\"}]},{\"@type\":\"WebSite\",\"@id\":\"https:\/\/new.albatartufi.com\/#website\",\"url\":\"https:\/\/new.albatartufi.com\/\",\"name\":\"Alba Tartufi\",\"description\":\"Tartufo di Alba (Piemonte - Italia)\",\"publisher\":{\"@id\":\"https:\/\/new.albatartufi.com\/#organization\"},\"potentialAction\":[{\"@type\":\"SearchAction\",\"target\":{\"@type\":\"EntryPoint\",\"urlTemplate\":\"https:\/\/new.albatartufi.com\/?s={search_term_string}\"},\"query-input\":{\"@type\":\"PropertyValueSpecification\",\"valueRequired\":true,\"valueName\":\"search_term_string\"}}],\"inLanguage\":\"fr-FR\"},{\"@type\":\"Organization\",\"@id\":\"https:\/\/new.albatartufi.com\/#organization\",\"name\":\"Alba Tartufi\",\"url\":\"https:\/\/new.albatartufi.com\/\",\"logo\":{\"@type\":\"ImageObject\",\"inLanguage\":\"fr-FR\",\"@id\":\"https:\/\/new.albatartufi.com\/#\/schema\/logo\/image\/\",\"url\":\"https:\/\/new.albatartufi.com\/wp-content\/uploads\/2025\/09\/cropped-logo_alba_tartufi.webp\",\"contentUrl\":\"https:\/\/new.albatartufi.com\/wp-content\/uploads\/2025\/09\/cropped-logo_alba_tartufi.webp\",\"width\":389,\"height\":211,\"caption\":\"Alba Tartufi\"},\"image\":{\"@id\":\"https:\/\/new.albatartufi.com\/#\/schema\/logo\/image\/\"},\"sameAs\":[\"https:\/\/www.facebook.com\/albatartufi\",\"https:\/\/x.com\/albatartufi\",\"https:\/\/www.instagram.com\/albatartufi\/\"]}]}<\/script>\n<!-- \/ Yoast SEO plugin. -->","yoast_head_json":{"title":"Cr\u00e8me de Truffe Noire de Qualit\u00e9 - Truffe d'Alba (Pi\u00e9mont - Italie)","description":"Id\u00e9ale pour parfumer les entr\u00e9es et les plats principaux, mais aussi les tartines et les cro\u00fbtons. Elle se marie \u00e9galement parfaitement avec les raviolis farcis \u00e0 la viande, en exaltant leur go\u00fbt et leur saveur.","robots":{"index":"index","follow":"follow","max-snippet":"max-snippet:-1","max-image-preview":"max-image-preview:large","max-video-preview":"max-video-preview:-1"},"canonical":"https:\/\/new.albatartufi.com\/fr\/shop\/creme-de-truffe-noire-de-qualite\/","og_locale":"fr_FR","og_type":"article","og_title":"Cr\u00e8me de Truffe Noire de Qualit\u00e9 - Truffe d'Alba (Pi\u00e9mont - Italie)","og_description":"Id\u00e9ale pour parfumer les entr\u00e9es et les plats principaux, mais aussi les tartines et les cro\u00fbtons. Elle se marie \u00e9galement parfaitement avec les raviolis farcis \u00e0 la viande, en exaltant leur go\u00fbt et leur saveur.","og_url":"https:\/\/new.albatartufi.com\/fr\/shop\/creme-de-truffe-noire-de-qualite\/","og_site_name":"Truffe d'Alba (Pi\u00e9mont - Italie)","article_publisher":"https:\/\/www.facebook.com\/albatartufi","article_modified_time":"2025-10-14T15:09:22+00:00","og_image":[{"width":800,"height":800,"url":"https:\/\/new.albatartufi.com\/wp-content\/uploads\/2025\/09\/crematartufonero50-1.png","type":"image\/png"}],"twitter_card":"summary_large_image","twitter_site":"@albatartufi","twitter_misc":{"Dur\u00e9e de lecture estim\u00e9e":"2 minutes"},"schema":{"@context":"https:\/\/schema.org","@graph":[{"@type":"WebPage","@id":"https:\/\/new.albatartufi.com\/fr\/shop\/creme-de-truffe-noire-de-qualite\/","url":"https:\/\/new.albatartufi.com\/fr\/shop\/creme-de-truffe-noire-de-qualite\/","name":"Cr\u00e8me de Truffe Noire de Qualit\u00e9 - Truffe d'Alba (Pi\u00e9mont - Italie)","isPartOf":{"@id":"https:\/\/new.albatartufi.com\/#website"},"primaryImageOfPage":{"@id":"https:\/\/new.albatartufi.com\/fr\/shop\/creme-de-truffe-noire-de-qualite\/#primaryimage"},"image":{"@id":"https:\/\/new.albatartufi.com\/fr\/shop\/creme-de-truffe-noire-de-qualite\/#primaryimage"},"thumbnailUrl":"https:\/\/new.albatartufi.com\/wp-content\/uploads\/2025\/09\/crematartufonero50-1.png","datePublished":"2025-09-22T14:21:34+00:00","dateModified":"2025-10-14T15:09:22+00:00","description":"Id\u00e9ale pour parfumer les entr\u00e9es et les plats principaux, mais aussi les tartines et les cro\u00fbtons. Elle se marie \u00e9galement parfaitement avec les raviolis farcis \u00e0 la viande, en exaltant leur go\u00fbt et leur saveur.","breadcrumb":{"@id":"https:\/\/new.albatartufi.com\/fr\/shop\/creme-de-truffe-noire-de-qualite\/#breadcrumb"},"inLanguage":"fr-FR","potentialAction":[{"@type":"ReadAction","target":["https:\/\/new.albatartufi.com\/fr\/shop\/creme-de-truffe-noire-de-qualite\/"]}]},{"@type":"ImageObject","inLanguage":"fr-FR","@id":"https:\/\/new.albatartufi.com\/fr\/shop\/creme-de-truffe-noire-de-qualite\/#primaryimage","url":"https:\/\/new.albatartufi.com\/wp-content\/uploads\/2025\/09\/crematartufonero50-1.png","contentUrl":"https:\/\/new.albatartufi.com\/wp-content\/uploads\/2025\/09\/crematartufonero50-1.png","width":800,"height":800,"caption":"Crema di tartufo nero pregiato"},{"@type":"BreadcrumbList","@id":"https:\/\/new.albatartufi.com\/fr\/shop\/creme-de-truffe-noire-de-qualite\/#breadcrumb","itemListElement":[{"@type":"ListItem","position":1,"name":"Home","item":"https:\/\/new.albatartufi.com\/fr\/truffe-dalba-piemont-italie\/"},{"@type":"ListItem","position":2,"name":"Boutique","item":"https:\/\/new.albatartufi.com\/fr\/boutique\/"},{"@type":"ListItem","position":3,"name":"Cr\u00e8me de Truffe Noire de Qualit\u00e9"}]},{"@type":"WebSite","@id":"https:\/\/new.albatartufi.com\/#website","url":"https:\/\/new.albatartufi.com\/","name":"Alba Tartufi","description":"Tartufo di Alba (Piemonte - Italia)","publisher":{"@id":"https:\/\/new.albatartufi.com\/#organization"},"potentialAction":[{"@type":"SearchAction","target":{"@type":"EntryPoint","urlTemplate":"https:\/\/new.albatartufi.com\/?s={search_term_string}"},"query-input":{"@type":"PropertyValueSpecification","valueRequired":true,"valueName":"search_term_string"}}],"inLanguage":"fr-FR"},{"@type":"Organization","@id":"https:\/\/new.albatartufi.com\/#organization","name":"Alba Tartufi","url":"https:\/\/new.albatartufi.com\/","logo":{"@type":"ImageObject","inLanguage":"fr-FR","@id":"https:\/\/new.albatartufi.com\/#\/schema\/logo\/image\/","url":"https:\/\/new.albatartufi.com\/wp-content\/uploads\/2025\/09\/cropped-logo_alba_tartufi.webp","contentUrl":"https:\/\/new.albatartufi.com\/wp-content\/uploads\/2025\/09\/cropped-logo_alba_tartufi.webp","width":389,"height":211,"caption":"Alba Tartufi"},"image":{"@id":"https:\/\/new.albatartufi.com\/#\/schema\/logo\/image\/"},"sameAs":["https:\/\/www.facebook.com\/albatartufi","https:\/\/x.com\/albatartufi","https:\/\/www.instagram.com\/albatartufi\/"]}]}},"_links":{"self":[{"href":"https:\/\/new.albatartufi.com\/fr\/wp-json\/wp\/v2\/product\/988514","targetHints":{"allow":["GET"]}}],"collection":[{"href":"https:\/\/new.albatartufi.com\/fr\/wp-json\/wp\/v2\/product"}],"about":[{"href":"https:\/\/new.albatartufi.com\/fr\/wp-json\/wp\/v2\/types\/product"}],"version-history":[{"count":3,"href":"https:\/\/new.albatartufi.com\/fr\/wp-json\/wp\/v2\/product\/988514\/revisions"}],"predecessor-version":[{"id":994394,"href":"https:\/\/new.albatartufi.com\/fr\/wp-json\/wp\/v2\/product\/988514\/revisions\/994394"}],"wp:featuredmedia":[{"embeddable":true,"href":"https:\/\/new.albatartufi.com\/fr\/wp-json\/wp\/v2\/media\/994274"}],"wp:attachment":[{"href":"https:\/\/new.albatartufi.com\/fr\/wp-json\/wp\/v2\/media?parent=988514"}],"wp:term":[{"taxonomy":"product_brand","embeddable":true,"href":"https:\/\/new.albatartufi.com\/fr\/wp-json\/wp\/v2\/product_brand?post=988514"},{"taxonomy":"product_cat","embeddable":true,"href":"https:\/\/new.albatartufi.com\/fr\/wp-json\/wp\/v2\/product_cat?post=988514"},{"taxonomy":"product_tag","embeddable":true,"href":"https:\/\/new.albatartufi.com\/fr\/wp-json\/wp\/v2\/product_tag?post=988514"}],"curies":[{"name":"wp","href":"https:\/\/api.w.org\/{rel}","templated":true}]}}