{"id":988761,"date":"2025-09-23T08:54:10","date_gmt":"2025-09-23T08:54:10","guid":{"rendered":"https:\/\/new.albatartufi.com\/prodotto\/truffe-blanche-ou-marzuolo\/"},"modified":"2025-10-12T18:57:17","modified_gmt":"2025-10-12T18:57:17","slug":"truffe-blanche-ou-marzuolo","status":"publish","type":"product","link":"https:\/\/new.albatartufi.com\/fr\/shop\/truffe-blanche-ou-marzuolo\/","title":{"rendered":"Truffe Blanche ou Marzuolo"},"content":{"rendered":"<div class=\"vgblk-rw-wrapper limit-wrapper\">\n<h5 class=\"text-muted\"><strong>Poids compris entre 5 et 30 grammes.<\/strong> <strong>\u00c0 partir de 100 g.<\/strong><\/h5>\n<p class=\"text-muted\">La truffe blanche (Tuber Albidum Pico ou Tuber Borchii Vitt.), commun\u00e9ment appel\u00e9e \u00ab truffe marzuolo \u00bb, est une vari\u00e9t\u00e9 de truffe blanche. La truffe Bianchetto a une forme globuleuse irr\u00e9guli\u00e8re, une p\u00e9riode lisse, de couleur blanc cass\u00e9 \u00e0 maturit\u00e9, qui prend une teinte plus fonc\u00e9e avec des taches rouille \u00e0 mesure qu&rsquo;elle m\u00fbrit. La chair est \u00e9galement blanch\u00e2tre au d\u00e9but, mais elle tend ensuite \u00e0 devenir fauve, puis brun violac\u00e9, avec des veines blanches grossi\u00e8res. Au nez, la truffe Bianchetto a d&rsquo;abord un parfum d\u00e9licat, puis, lorsqu&rsquo;elle atteint sa pleine maturit\u00e9, elle devient tr\u00e8s forte et d\u00e9gage une note parfum\u00e9e et enivrante typique d&rsquo;ail.<\/p>\n<h4 class=\"text-dark\"><strong>UTILISATION CONSEILL\u00c9E<\/strong><\/h4>\n<p class=\"text-muted\">La truffe Bianchetto peut \u00eatre servie crue, coup\u00e9e en fines lamelles sur des plats froids selon votre go\u00fbt, ou sur des plats chauds tels que le risotto au beurre ou au fromage, la cotoletta di pollo (escalope de poulet farcie \u00e0 la truffe Bianchetto et au beurre) et les frittelle ou frittate di verdure (beignets ou omelettes aux l\u00e9gumes). La temp\u00e9rature des plats met en valeur et exalte au maximum l&rsquo;ar\u00f4me de la truffe Bianchetto.<\/p>\n<\/div>\n<p><!-- .vgblk-rw-wrapper --><\/p>\n","protected":false},"excerpt":{"rendered":"<h5 class=\"text-muted\"><strong>Poids compris entre 5 et 30 grammes.<\/strong> <strong>\u00c0 partir de 100 g.<\/strong><\/h5>\n<p class=\"text-muted\">La truffe blanche (Tuber Albidum Pico ou Tuber Borchii Vitt.), commun\u00e9ment appel\u00e9e \u00ab truffe marzuolo \u00bb, est une vari\u00e9t\u00e9 de truffe blanche.<\/p>\n","protected":false},"featured_media":994024,"template":"","meta":{"inline_featured_image":false},"product_brand":[],"product_cat":[81],"product_tag":[],"class_list":{"0":"post-988761","1":"product","2":"type-product","3":"status-publish","4":"has-post-thumbnail","6":"product_cat-truffes-fraiches","8":"first","9":"instock","10":"shipping-taxable","11":"product-type-simple"},"yoast_head":"<!-- This site is optimized with the Yoast SEO plugin v26.2 - https:\/\/yoast.com\/wordpress\/plugins\/seo\/ -->\n<title>Truffe Blanche ou Marzuolo - Truffe d&#039;Alba (Pi\u00e9mont - Italie)<\/title>\n<meta name=\"description\" content=\"D\u00e9couvrez la truffe Bianchetto ou Marzuolo, au parfum d\u00e9licat et \u00e0 la saveur \u00e9quilibr\u00e9e. Disponible fra\u00eeche en saison, s\u00e9lectionn\u00e9e par AlbaTartufi.\" \/>\n<meta name=\"robots\" content=\"index, follow, max-snippet:-1, max-image-preview:large, max-video-preview:-1\" \/>\n<link rel=\"canonical\" href=\"https:\/\/new.albatartufi.com\/fr\/shop\/truffe-blanche-ou-marzuolo\/\" \/>\n<meta property=\"og:locale\" content=\"fr_FR\" \/>\n<meta property=\"og:type\" content=\"article\" \/>\n<meta property=\"og:title\" content=\"Truffe Blanche ou Marzuolo - Truffe d&#039;Alba (Pi\u00e9mont - Italie)\" \/>\n<meta property=\"og:description\" content=\"D\u00e9couvrez la truffe Bianchetto ou Marzuolo, au parfum d\u00e9licat et \u00e0 la saveur \u00e9quilibr\u00e9e. Disponible fra\u00eeche en saison, s\u00e9lectionn\u00e9e par AlbaTartufi.\" \/>\n<meta property=\"og:url\" content=\"https:\/\/new.albatartufi.com\/fr\/shop\/truffe-blanche-ou-marzuolo\/\" \/>\n<meta property=\"og:site_name\" content=\"Truffe d&#039;Alba (Pi\u00e9mont - Italie)\" \/>\n<meta property=\"article:publisher\" content=\"https:\/\/www.facebook.com\/albatartufi\" \/>\n<meta property=\"article:modified_time\" content=\"2025-10-12T18:57:17+00:00\" \/>\n<meta property=\"og:image\" content=\"https:\/\/new.albatartufi.com\/wp-content\/uploads\/2025\/09\/bianchetto-1.jpg\" \/>\n\t<meta property=\"og:image:width\" content=\"750\" \/>\n\t<meta property=\"og:image:height\" content=\"750\" \/>\n\t<meta property=\"og:image:type\" content=\"image\/jpeg\" \/>\n<meta name=\"twitter:card\" content=\"summary_large_image\" \/>\n<meta name=\"twitter:site\" content=\"@albatartufi\" \/>\n<meta name=\"twitter:label1\" content=\"Dur\u00e9e de lecture estim\u00e9e\" \/>\n\t<meta name=\"twitter:data1\" content=\"2 minutes\" \/>\n<script type=\"application\/ld+json\" class=\"yoast-schema-graph\">{\"@context\":\"https:\/\/schema.org\",\"@graph\":[{\"@type\":\"WebPage\",\"@id\":\"https:\/\/new.albatartufi.com\/fr\/shop\/truffe-blanche-ou-marzuolo\/\",\"url\":\"https:\/\/new.albatartufi.com\/fr\/shop\/truffe-blanche-ou-marzuolo\/\",\"name\":\"Truffe Blanche ou Marzuolo - Truffe d'Alba (Pi\u00e9mont - Italie)\",\"isPartOf\":{\"@id\":\"https:\/\/new.albatartufi.com\/#website\"},\"primaryImageOfPage\":{\"@id\":\"https:\/\/new.albatartufi.com\/fr\/shop\/truffe-blanche-ou-marzuolo\/#primaryimage\"},\"image\":{\"@id\":\"https:\/\/new.albatartufi.com\/fr\/shop\/truffe-blanche-ou-marzuolo\/#primaryimage\"},\"thumbnailUrl\":\"https:\/\/new.albatartufi.com\/wp-content\/uploads\/2025\/09\/bianchetto-1.jpg\",\"datePublished\":\"2025-09-23T08:54:10+00:00\",\"dateModified\":\"2025-10-12T18:57:17+00:00\",\"description\":\"D\u00e9couvrez la truffe Bianchetto ou Marzuolo, au parfum d\u00e9licat et \u00e0 la saveur \u00e9quilibr\u00e9e. Disponible fra\u00eeche en saison, s\u00e9lectionn\u00e9e par AlbaTartufi.\",\"breadcrumb\":{\"@id\":\"https:\/\/new.albatartufi.com\/fr\/shop\/truffe-blanche-ou-marzuolo\/#breadcrumb\"},\"inLanguage\":\"fr-FR\",\"potentialAction\":[{\"@type\":\"ReadAction\",\"target\":[\"https:\/\/new.albatartufi.com\/fr\/shop\/truffe-blanche-ou-marzuolo\/\"]}]},{\"@type\":\"ImageObject\",\"inLanguage\":\"fr-FR\",\"@id\":\"https:\/\/new.albatartufi.com\/fr\/shop\/truffe-blanche-ou-marzuolo\/#primaryimage\",\"url\":\"https:\/\/new.albatartufi.com\/wp-content\/uploads\/2025\/09\/bianchetto-1.jpg\",\"contentUrl\":\"https:\/\/new.albatartufi.com\/wp-content\/uploads\/2025\/09\/bianchetto-1.jpg\",\"width\":750,\"height\":750,\"caption\":\"Tartufo Bianchetto o Marzuolo\"},{\"@type\":\"BreadcrumbList\",\"@id\":\"https:\/\/new.albatartufi.com\/fr\/shop\/truffe-blanche-ou-marzuolo\/#breadcrumb\",\"itemListElement\":[{\"@type\":\"ListItem\",\"position\":1,\"name\":\"Home\",\"item\":\"https:\/\/new.albatartufi.com\/fr\/truffe-dalba-piemont-italie\/\"},{\"@type\":\"ListItem\",\"position\":2,\"name\":\"Boutique\",\"item\":\"https:\/\/new.albatartufi.com\/fr\/boutique\/\"},{\"@type\":\"ListItem\",\"position\":3,\"name\":\"Truffe Blanche ou Marzuolo\"}]},{\"@type\":\"WebSite\",\"@id\":\"https:\/\/new.albatartufi.com\/#website\",\"url\":\"https:\/\/new.albatartufi.com\/\",\"name\":\"Alba Tartufi\",\"description\":\"Tartufo di Alba (Piemonte - Italia)\",\"publisher\":{\"@id\":\"https:\/\/new.albatartufi.com\/#organization\"},\"potentialAction\":[{\"@type\":\"SearchAction\",\"target\":{\"@type\":\"EntryPoint\",\"urlTemplate\":\"https:\/\/new.albatartufi.com\/?s={search_term_string}\"},\"query-input\":{\"@type\":\"PropertyValueSpecification\",\"valueRequired\":true,\"valueName\":\"search_term_string\"}}],\"inLanguage\":\"fr-FR\"},{\"@type\":\"Organization\",\"@id\":\"https:\/\/new.albatartufi.com\/#organization\",\"name\":\"Alba Tartufi\",\"url\":\"https:\/\/new.albatartufi.com\/\",\"logo\":{\"@type\":\"ImageObject\",\"inLanguage\":\"fr-FR\",\"@id\":\"https:\/\/new.albatartufi.com\/#\/schema\/logo\/image\/\",\"url\":\"https:\/\/new.albatartufi.com\/wp-content\/uploads\/2025\/09\/cropped-logo_alba_tartufi.webp\",\"contentUrl\":\"https:\/\/new.albatartufi.com\/wp-content\/uploads\/2025\/09\/cropped-logo_alba_tartufi.webp\",\"width\":389,\"height\":211,\"caption\":\"Alba Tartufi\"},\"image\":{\"@id\":\"https:\/\/new.albatartufi.com\/#\/schema\/logo\/image\/\"},\"sameAs\":[\"https:\/\/www.facebook.com\/albatartufi\",\"https:\/\/x.com\/albatartufi\",\"https:\/\/www.instagram.com\/albatartufi\/\"]}]}<\/script>\n<!-- \/ Yoast SEO plugin. -->","yoast_head_json":{"title":"Truffe Blanche ou Marzuolo - Truffe d'Alba (Pi\u00e9mont - Italie)","description":"D\u00e9couvrez la truffe Bianchetto ou Marzuolo, au parfum d\u00e9licat et \u00e0 la saveur \u00e9quilibr\u00e9e. Disponible fra\u00eeche en saison, s\u00e9lectionn\u00e9e par AlbaTartufi.","robots":{"index":"index","follow":"follow","max-snippet":"max-snippet:-1","max-image-preview":"max-image-preview:large","max-video-preview":"max-video-preview:-1"},"canonical":"https:\/\/new.albatartufi.com\/fr\/shop\/truffe-blanche-ou-marzuolo\/","og_locale":"fr_FR","og_type":"article","og_title":"Truffe Blanche ou Marzuolo - Truffe d'Alba (Pi\u00e9mont - Italie)","og_description":"D\u00e9couvrez la truffe Bianchetto ou Marzuolo, au parfum d\u00e9licat et \u00e0 la saveur \u00e9quilibr\u00e9e. Disponible fra\u00eeche en saison, s\u00e9lectionn\u00e9e par AlbaTartufi.","og_url":"https:\/\/new.albatartufi.com\/fr\/shop\/truffe-blanche-ou-marzuolo\/","og_site_name":"Truffe d'Alba (Pi\u00e9mont - Italie)","article_publisher":"https:\/\/www.facebook.com\/albatartufi","article_modified_time":"2025-10-12T18:57:17+00:00","og_image":[{"width":750,"height":750,"url":"https:\/\/new.albatartufi.com\/wp-content\/uploads\/2025\/09\/bianchetto-1.jpg","type":"image\/jpeg"}],"twitter_card":"summary_large_image","twitter_site":"@albatartufi","twitter_misc":{"Dur\u00e9e de lecture estim\u00e9e":"2 minutes"},"schema":{"@context":"https:\/\/schema.org","@graph":[{"@type":"WebPage","@id":"https:\/\/new.albatartufi.com\/fr\/shop\/truffe-blanche-ou-marzuolo\/","url":"https:\/\/new.albatartufi.com\/fr\/shop\/truffe-blanche-ou-marzuolo\/","name":"Truffe Blanche ou Marzuolo - Truffe d'Alba (Pi\u00e9mont - Italie)","isPartOf":{"@id":"https:\/\/new.albatartufi.com\/#website"},"primaryImageOfPage":{"@id":"https:\/\/new.albatartufi.com\/fr\/shop\/truffe-blanche-ou-marzuolo\/#primaryimage"},"image":{"@id":"https:\/\/new.albatartufi.com\/fr\/shop\/truffe-blanche-ou-marzuolo\/#primaryimage"},"thumbnailUrl":"https:\/\/new.albatartufi.com\/wp-content\/uploads\/2025\/09\/bianchetto-1.jpg","datePublished":"2025-09-23T08:54:10+00:00","dateModified":"2025-10-12T18:57:17+00:00","description":"D\u00e9couvrez la truffe Bianchetto ou Marzuolo, au parfum d\u00e9licat et \u00e0 la saveur \u00e9quilibr\u00e9e. Disponible fra\u00eeche en saison, s\u00e9lectionn\u00e9e par AlbaTartufi.","breadcrumb":{"@id":"https:\/\/new.albatartufi.com\/fr\/shop\/truffe-blanche-ou-marzuolo\/#breadcrumb"},"inLanguage":"fr-FR","potentialAction":[{"@type":"ReadAction","target":["https:\/\/new.albatartufi.com\/fr\/shop\/truffe-blanche-ou-marzuolo\/"]}]},{"@type":"ImageObject","inLanguage":"fr-FR","@id":"https:\/\/new.albatartufi.com\/fr\/shop\/truffe-blanche-ou-marzuolo\/#primaryimage","url":"https:\/\/new.albatartufi.com\/wp-content\/uploads\/2025\/09\/bianchetto-1.jpg","contentUrl":"https:\/\/new.albatartufi.com\/wp-content\/uploads\/2025\/09\/bianchetto-1.jpg","width":750,"height":750,"caption":"Tartufo Bianchetto o Marzuolo"},{"@type":"BreadcrumbList","@id":"https:\/\/new.albatartufi.com\/fr\/shop\/truffe-blanche-ou-marzuolo\/#breadcrumb","itemListElement":[{"@type":"ListItem","position":1,"name":"Home","item":"https:\/\/new.albatartufi.com\/fr\/truffe-dalba-piemont-italie\/"},{"@type":"ListItem","position":2,"name":"Boutique","item":"https:\/\/new.albatartufi.com\/fr\/boutique\/"},{"@type":"ListItem","position":3,"name":"Truffe Blanche ou Marzuolo"}]},{"@type":"WebSite","@id":"https:\/\/new.albatartufi.com\/#website","url":"https:\/\/new.albatartufi.com\/","name":"Alba Tartufi","description":"Tartufo di Alba (Piemonte - Italia)","publisher":{"@id":"https:\/\/new.albatartufi.com\/#organization"},"potentialAction":[{"@type":"SearchAction","target":{"@type":"EntryPoint","urlTemplate":"https:\/\/new.albatartufi.com\/?s={search_term_string}"},"query-input":{"@type":"PropertyValueSpecification","valueRequired":true,"valueName":"search_term_string"}}],"inLanguage":"fr-FR"},{"@type":"Organization","@id":"https:\/\/new.albatartufi.com\/#organization","name":"Alba Tartufi","url":"https:\/\/new.albatartufi.com\/","logo":{"@type":"ImageObject","inLanguage":"fr-FR","@id":"https:\/\/new.albatartufi.com\/#\/schema\/logo\/image\/","url":"https:\/\/new.albatartufi.com\/wp-content\/uploads\/2025\/09\/cropped-logo_alba_tartufi.webp","contentUrl":"https:\/\/new.albatartufi.com\/wp-content\/uploads\/2025\/09\/cropped-logo_alba_tartufi.webp","width":389,"height":211,"caption":"Alba Tartufi"},"image":{"@id":"https:\/\/new.albatartufi.com\/#\/schema\/logo\/image\/"},"sameAs":["https:\/\/www.facebook.com\/albatartufi","https:\/\/x.com\/albatartufi","https:\/\/www.instagram.com\/albatartufi\/"]}]}},"_links":{"self":[{"href":"https:\/\/new.albatartufi.com\/fr\/wp-json\/wp\/v2\/product\/988761","targetHints":{"allow":["GET"]}}],"collection":[{"href":"https:\/\/new.albatartufi.com\/fr\/wp-json\/wp\/v2\/product"}],"about":[{"href":"https:\/\/new.albatartufi.com\/fr\/wp-json\/wp\/v2\/types\/product"}],"version-history":[{"count":2,"href":"https:\/\/new.albatartufi.com\/fr\/wp-json\/wp\/v2\/product\/988761\/revisions"}],"predecessor-version":[{"id":994045,"href":"https:\/\/new.albatartufi.com\/fr\/wp-json\/wp\/v2\/product\/988761\/revisions\/994045"}],"wp:featuredmedia":[{"embeddable":true,"href":"https:\/\/new.albatartufi.com\/fr\/wp-json\/wp\/v2\/media\/994024"}],"wp:attachment":[{"href":"https:\/\/new.albatartufi.com\/fr\/wp-json\/wp\/v2\/media?parent=988761"}],"wp:term":[{"taxonomy":"product_brand","embeddable":true,"href":"https:\/\/new.albatartufi.com\/fr\/wp-json\/wp\/v2\/product_brand?post=988761"},{"taxonomy":"product_cat","embeddable":true,"href":"https:\/\/new.albatartufi.com\/fr\/wp-json\/wp\/v2\/product_cat?post=988761"},{"taxonomy":"product_tag","embeddable":true,"href":"https:\/\/new.albatartufi.com\/fr\/wp-json\/wp\/v2\/product_tag?post=988761"}],"curies":[{"name":"wp","href":"https:\/\/api.w.org\/{rel}","templated":true}]}}