{"id":988769,"date":"2025-09-23T08:50:07","date_gmt":"2025-09-23T08:50:07","guid":{"rendered":"https:\/\/new.albatartufi.com\/prodotto\/truffe-blanche-dalba-3\/"},"modified":"2025-10-12T18:59:06","modified_gmt":"2025-10-12T18:59:06","slug":"truffe-blanche-alba-10-20-gr","status":"publish","type":"product","link":"https:\/\/new.albatartufi.com\/fr\/shop\/truffe-blanche-alba-10-20-gr\/","title":{"rendered":"Truffe blanche d&rsquo;Alba"},"content":{"rendered":"<div class=\"vgblk-rw-wrapper limit-wrapper\">\n<h5 class=\"text-muted\"><strong>Calibre de plus de 10 \u00e0 20 grammes. \u00c0 partir de 50 gr.<\/strong><\/h5>\n<p class=\"text-muted\">La truffe blanche d&rsquo;Alba, \u00e9galement appel\u00e9e \u00ab Tuber Magnatum Pico \u00bb, est consid\u00e9r\u00e9e comme la truffe la plus pris\u00e9e par les gourmets du monde entier. La truffe blanche d&rsquo;Alba est r\u00e9colt\u00e9e dans les territoires des Langhe, du Roero et du Monferrato. Elle n&rsquo;est pas cultivable et constitue un gardien naturel du territoire. La truffe blanche d&rsquo;Alba a une surface ext\u00e9rieure velout\u00e9e, de couleur ocre verd\u00e2tre, et sa chair est de couleur blanc-jaune-gris\u00e2tre avec de fines veines blanches. Son parfum agr\u00e9ablement aromatique la rend unique en son genre. La truffe blanche d&rsquo;Alba ne pousse qu&rsquo;au Pi\u00e9mont (Italie) et sa r\u00e9colte a lieu du 1er octobre au 31 janvier.<\/p>\n<h4 class=\"text-dark\"><strong>UTILISATION CONSEILL\u00c9E<\/strong><\/h4>\n<p class=\"text-muted\">La truffe blanche d&rsquo;Alba doit \u00eatre servie crue, coup\u00e9e en fines lamelles sur des plats froids ou chauds. Elle est id\u00e9ale avec les \u00ab Pasta Tajarin \u00bb (p\u00e2tes tagliolini), le risotto, les fromages, la viande crue, les salades de c\u00e8pes et les pizzas royales. L&rsquo;ar\u00f4me de la truffe blanche d&rsquo;Alba est particuli\u00e8rement mis en valeur sur les \u0153ufs au plat.<\/p>\n<\/div>\n<p><!-- .vgblk-rw-wrapper --><\/p>\n","protected":false},"excerpt":{"rendered":"<h5 class=\"text-muted\"><strong>Calibre de plus de 10 \u00e0 20 grammes. \u00c0 partir de 50 gr.<\/strong><\/h5>\n<p class=\"text-muted\">La Truffe Blanche d&rsquo;Alba, \u00e9galement appel\u00e9e \u00ab\u00a0Tuber Magnatum Pico\u00a0\u00bb, est consid\u00e9r\u00e9e comme la Truffe la plus pris\u00e9e des Gourmets du Monde entier.<\/p>\n","protected":false},"featured_media":994011,"template":"","meta":{"inline_featured_image":false},"product_brand":[],"product_cat":[81],"product_tag":[],"class_list":{"0":"post-988769","1":"product","2":"type-product","3":"status-publish","4":"has-post-thumbnail","6":"product_cat-truffes-fraiches","8":"first","9":"instock","10":"shipping-taxable","11":"product-type-simple"},"yoast_head":"<!-- This site is optimized with the Yoast SEO plugin v26.2 - https:\/\/yoast.com\/wordpress\/plugins\/seo\/ -->\n<title>Truffe blanche d&#039;Alba - Truffe d&#039;Alba (Pi\u00e9mont - Italie)<\/title>\n<meta name=\"description\" content=\"D\u00e9couvrez la truffe blanche d&#039;Alba, au parfum d\u00e9licat et \u00e0 la saveur \u00e9quilibr\u00e9e. Disponible fra\u00eeche en saison, s\u00e9lectionn\u00e9e par AlbaTartufi.\" \/>\n<meta name=\"robots\" content=\"index, follow, max-snippet:-1, max-image-preview:large, max-video-preview:-1\" \/>\n<link rel=\"canonical\" href=\"https:\/\/new.albatartufi.com\/fr\/shop\/truffe-blanche-alba-10-20-gr\/\" \/>\n<meta property=\"og:locale\" content=\"fr_FR\" \/>\n<meta property=\"og:type\" content=\"article\" \/>\n<meta property=\"og:title\" content=\"Truffe blanche d&#039;Alba - Truffe d&#039;Alba (Pi\u00e9mont - Italie)\" \/>\n<meta property=\"og:description\" content=\"D\u00e9couvrez la truffe blanche d&#039;Alba, au parfum d\u00e9licat et \u00e0 la saveur \u00e9quilibr\u00e9e. Disponible fra\u00eeche en saison, s\u00e9lectionn\u00e9e par AlbaTartufi.\" \/>\n<meta property=\"og:url\" content=\"https:\/\/new.albatartufi.com\/fr\/shop\/truffe-blanche-alba-10-20-gr\/\" \/>\n<meta property=\"og:site_name\" content=\"Truffe d&#039;Alba (Pi\u00e9mont - Italie)\" \/>\n<meta property=\"article:publisher\" content=\"https:\/\/www.facebook.com\/albatartufi\" \/>\n<meta property=\"article:modified_time\" content=\"2025-10-12T18:59:06+00:00\" \/>\n<meta property=\"og:image\" content=\"https:\/\/new.albatartufi.com\/wp-content\/uploads\/2025\/09\/tartufo-bianco-alba-1.jpg\" \/>\n\t<meta property=\"og:image:width\" content=\"750\" \/>\n\t<meta property=\"og:image:height\" content=\"750\" \/>\n\t<meta property=\"og:image:type\" content=\"image\/jpeg\" \/>\n<meta name=\"twitter:card\" content=\"summary_large_image\" \/>\n<meta name=\"twitter:site\" content=\"@albatartufi\" \/>\n<meta name=\"twitter:label1\" content=\"Dur\u00e9e de lecture estim\u00e9e\" \/>\n\t<meta name=\"twitter:data1\" content=\"2 minutes\" \/>\n<script type=\"application\/ld+json\" class=\"yoast-schema-graph\">{\"@context\":\"https:\/\/schema.org\",\"@graph\":[{\"@type\":\"WebPage\",\"@id\":\"https:\/\/new.albatartufi.com\/fr\/shop\/truffe-blanche-alba-10-20-gr\/\",\"url\":\"https:\/\/new.albatartufi.com\/fr\/shop\/truffe-blanche-alba-10-20-gr\/\",\"name\":\"Truffe blanche d'Alba - Truffe d'Alba (Pi\u00e9mont - Italie)\",\"isPartOf\":{\"@id\":\"https:\/\/new.albatartufi.com\/#website\"},\"primaryImageOfPage\":{\"@id\":\"https:\/\/new.albatartufi.com\/fr\/shop\/truffe-blanche-alba-10-20-gr\/#primaryimage\"},\"image\":{\"@id\":\"https:\/\/new.albatartufi.com\/fr\/shop\/truffe-blanche-alba-10-20-gr\/#primaryimage\"},\"thumbnailUrl\":\"https:\/\/new.albatartufi.com\/wp-content\/uploads\/2025\/09\/tartufo-bianco-alba-1.jpg\",\"datePublished\":\"2025-09-23T08:50:07+00:00\",\"dateModified\":\"2025-10-12T18:59:06+00:00\",\"description\":\"D\u00e9couvrez la truffe blanche d'Alba, au parfum d\u00e9licat et \u00e0 la saveur \u00e9quilibr\u00e9e. Disponible fra\u00eeche en saison, s\u00e9lectionn\u00e9e par AlbaTartufi.\",\"breadcrumb\":{\"@id\":\"https:\/\/new.albatartufi.com\/fr\/shop\/truffe-blanche-alba-10-20-gr\/#breadcrumb\"},\"inLanguage\":\"fr-FR\",\"potentialAction\":[{\"@type\":\"ReadAction\",\"target\":[\"https:\/\/new.albatartufi.com\/fr\/shop\/truffe-blanche-alba-10-20-gr\/\"]}]},{\"@type\":\"ImageObject\",\"inLanguage\":\"fr-FR\",\"@id\":\"https:\/\/new.albatartufi.com\/fr\/shop\/truffe-blanche-alba-10-20-gr\/#primaryimage\",\"url\":\"https:\/\/new.albatartufi.com\/wp-content\/uploads\/2025\/09\/tartufo-bianco-alba-1.jpg\",\"contentUrl\":\"https:\/\/new.albatartufi.com\/wp-content\/uploads\/2025\/09\/tartufo-bianco-alba-1.jpg\",\"width\":750,\"height\":750,\"caption\":\"Truffe blanche d'Alba\"},{\"@type\":\"BreadcrumbList\",\"@id\":\"https:\/\/new.albatartufi.com\/fr\/shop\/truffe-blanche-alba-10-20-gr\/#breadcrumb\",\"itemListElement\":[{\"@type\":\"ListItem\",\"position\":1,\"name\":\"Home\",\"item\":\"https:\/\/new.albatartufi.com\/fr\/truffe-dalba-piemont-italie\/\"},{\"@type\":\"ListItem\",\"position\":2,\"name\":\"Boutique\",\"item\":\"https:\/\/new.albatartufi.com\/fr\/boutique\/\"},{\"@type\":\"ListItem\",\"position\":3,\"name\":\"Truffe blanche d&#8217;Alba\"}]},{\"@type\":\"WebSite\",\"@id\":\"https:\/\/new.albatartufi.com\/#website\",\"url\":\"https:\/\/new.albatartufi.com\/\",\"name\":\"Alba Tartufi\",\"description\":\"Tartufo di Alba (Piemonte - Italia)\",\"publisher\":{\"@id\":\"https:\/\/new.albatartufi.com\/#organization\"},\"potentialAction\":[{\"@type\":\"SearchAction\",\"target\":{\"@type\":\"EntryPoint\",\"urlTemplate\":\"https:\/\/new.albatartufi.com\/?s={search_term_string}\"},\"query-input\":{\"@type\":\"PropertyValueSpecification\",\"valueRequired\":true,\"valueName\":\"search_term_string\"}}],\"inLanguage\":\"fr-FR\"},{\"@type\":\"Organization\",\"@id\":\"https:\/\/new.albatartufi.com\/#organization\",\"name\":\"Alba Tartufi\",\"url\":\"https:\/\/new.albatartufi.com\/\",\"logo\":{\"@type\":\"ImageObject\",\"inLanguage\":\"fr-FR\",\"@id\":\"https:\/\/new.albatartufi.com\/#\/schema\/logo\/image\/\",\"url\":\"https:\/\/new.albatartufi.com\/wp-content\/uploads\/2025\/09\/cropped-logo_alba_tartufi.webp\",\"contentUrl\":\"https:\/\/new.albatartufi.com\/wp-content\/uploads\/2025\/09\/cropped-logo_alba_tartufi.webp\",\"width\":389,\"height\":211,\"caption\":\"Alba Tartufi\"},\"image\":{\"@id\":\"https:\/\/new.albatartufi.com\/#\/schema\/logo\/image\/\"},\"sameAs\":[\"https:\/\/www.facebook.com\/albatartufi\",\"https:\/\/x.com\/albatartufi\",\"https:\/\/www.instagram.com\/albatartufi\/\"]}]}<\/script>\n<!-- \/ Yoast SEO plugin. -->","yoast_head_json":{"title":"Truffe blanche d'Alba - Truffe d'Alba (Pi\u00e9mont - Italie)","description":"D\u00e9couvrez la truffe blanche d'Alba, au parfum d\u00e9licat et \u00e0 la saveur \u00e9quilibr\u00e9e. Disponible fra\u00eeche en saison, s\u00e9lectionn\u00e9e par AlbaTartufi.","robots":{"index":"index","follow":"follow","max-snippet":"max-snippet:-1","max-image-preview":"max-image-preview:large","max-video-preview":"max-video-preview:-1"},"canonical":"https:\/\/new.albatartufi.com\/fr\/shop\/truffe-blanche-alba-10-20-gr\/","og_locale":"fr_FR","og_type":"article","og_title":"Truffe blanche d'Alba - Truffe d'Alba (Pi\u00e9mont - Italie)","og_description":"D\u00e9couvrez la truffe blanche d'Alba, au parfum d\u00e9licat et \u00e0 la saveur \u00e9quilibr\u00e9e. Disponible fra\u00eeche en saison, s\u00e9lectionn\u00e9e par AlbaTartufi.","og_url":"https:\/\/new.albatartufi.com\/fr\/shop\/truffe-blanche-alba-10-20-gr\/","og_site_name":"Truffe d'Alba (Pi\u00e9mont - Italie)","article_publisher":"https:\/\/www.facebook.com\/albatartufi","article_modified_time":"2025-10-12T18:59:06+00:00","og_image":[{"width":750,"height":750,"url":"https:\/\/new.albatartufi.com\/wp-content\/uploads\/2025\/09\/tartufo-bianco-alba-1.jpg","type":"image\/jpeg"}],"twitter_card":"summary_large_image","twitter_site":"@albatartufi","twitter_misc":{"Dur\u00e9e de lecture estim\u00e9e":"2 minutes"},"schema":{"@context":"https:\/\/schema.org","@graph":[{"@type":"WebPage","@id":"https:\/\/new.albatartufi.com\/fr\/shop\/truffe-blanche-alba-10-20-gr\/","url":"https:\/\/new.albatartufi.com\/fr\/shop\/truffe-blanche-alba-10-20-gr\/","name":"Truffe blanche d'Alba - Truffe d'Alba (Pi\u00e9mont - Italie)","isPartOf":{"@id":"https:\/\/new.albatartufi.com\/#website"},"primaryImageOfPage":{"@id":"https:\/\/new.albatartufi.com\/fr\/shop\/truffe-blanche-alba-10-20-gr\/#primaryimage"},"image":{"@id":"https:\/\/new.albatartufi.com\/fr\/shop\/truffe-blanche-alba-10-20-gr\/#primaryimage"},"thumbnailUrl":"https:\/\/new.albatartufi.com\/wp-content\/uploads\/2025\/09\/tartufo-bianco-alba-1.jpg","datePublished":"2025-09-23T08:50:07+00:00","dateModified":"2025-10-12T18:59:06+00:00","description":"D\u00e9couvrez la truffe blanche d'Alba, au parfum d\u00e9licat et \u00e0 la saveur \u00e9quilibr\u00e9e. Disponible fra\u00eeche en saison, s\u00e9lectionn\u00e9e par AlbaTartufi.","breadcrumb":{"@id":"https:\/\/new.albatartufi.com\/fr\/shop\/truffe-blanche-alba-10-20-gr\/#breadcrumb"},"inLanguage":"fr-FR","potentialAction":[{"@type":"ReadAction","target":["https:\/\/new.albatartufi.com\/fr\/shop\/truffe-blanche-alba-10-20-gr\/"]}]},{"@type":"ImageObject","inLanguage":"fr-FR","@id":"https:\/\/new.albatartufi.com\/fr\/shop\/truffe-blanche-alba-10-20-gr\/#primaryimage","url":"https:\/\/new.albatartufi.com\/wp-content\/uploads\/2025\/09\/tartufo-bianco-alba-1.jpg","contentUrl":"https:\/\/new.albatartufi.com\/wp-content\/uploads\/2025\/09\/tartufo-bianco-alba-1.jpg","width":750,"height":750,"caption":"Truffe blanche d'Alba"},{"@type":"BreadcrumbList","@id":"https:\/\/new.albatartufi.com\/fr\/shop\/truffe-blanche-alba-10-20-gr\/#breadcrumb","itemListElement":[{"@type":"ListItem","position":1,"name":"Home","item":"https:\/\/new.albatartufi.com\/fr\/truffe-dalba-piemont-italie\/"},{"@type":"ListItem","position":2,"name":"Boutique","item":"https:\/\/new.albatartufi.com\/fr\/boutique\/"},{"@type":"ListItem","position":3,"name":"Truffe blanche d&#8217;Alba"}]},{"@type":"WebSite","@id":"https:\/\/new.albatartufi.com\/#website","url":"https:\/\/new.albatartufi.com\/","name":"Alba Tartufi","description":"Tartufo di Alba (Piemonte - Italia)","publisher":{"@id":"https:\/\/new.albatartufi.com\/#organization"},"potentialAction":[{"@type":"SearchAction","target":{"@type":"EntryPoint","urlTemplate":"https:\/\/new.albatartufi.com\/?s={search_term_string}"},"query-input":{"@type":"PropertyValueSpecification","valueRequired":true,"valueName":"search_term_string"}}],"inLanguage":"fr-FR"},{"@type":"Organization","@id":"https:\/\/new.albatartufi.com\/#organization","name":"Alba Tartufi","url":"https:\/\/new.albatartufi.com\/","logo":{"@type":"ImageObject","inLanguage":"fr-FR","@id":"https:\/\/new.albatartufi.com\/#\/schema\/logo\/image\/","url":"https:\/\/new.albatartufi.com\/wp-content\/uploads\/2025\/09\/cropped-logo_alba_tartufi.webp","contentUrl":"https:\/\/new.albatartufi.com\/wp-content\/uploads\/2025\/09\/cropped-logo_alba_tartufi.webp","width":389,"height":211,"caption":"Alba Tartufi"},"image":{"@id":"https:\/\/new.albatartufi.com\/#\/schema\/logo\/image\/"},"sameAs":["https:\/\/www.facebook.com\/albatartufi","https:\/\/x.com\/albatartufi","https:\/\/www.instagram.com\/albatartufi\/"]}]}},"_links":{"self":[{"href":"https:\/\/new.albatartufi.com\/fr\/wp-json\/wp\/v2\/product\/988769","targetHints":{"allow":["GET"]}}],"collection":[{"href":"https:\/\/new.albatartufi.com\/fr\/wp-json\/wp\/v2\/product"}],"about":[{"href":"https:\/\/new.albatartufi.com\/fr\/wp-json\/wp\/v2\/types\/product"}],"version-history":[{"count":2,"href":"https:\/\/new.albatartufi.com\/fr\/wp-json\/wp\/v2\/product\/988769\/revisions"}],"predecessor-version":[{"id":994047,"href":"https:\/\/new.albatartufi.com\/fr\/wp-json\/wp\/v2\/product\/988769\/revisions\/994047"}],"wp:featuredmedia":[{"embeddable":true,"href":"https:\/\/new.albatartufi.com\/fr\/wp-json\/wp\/v2\/media\/994011"}],"wp:attachment":[{"href":"https:\/\/new.albatartufi.com\/fr\/wp-json\/wp\/v2\/media?parent=988769"}],"wp:term":[{"taxonomy":"product_brand","embeddable":true,"href":"https:\/\/new.albatartufi.com\/fr\/wp-json\/wp\/v2\/product_brand?post=988769"},{"taxonomy":"product_cat","embeddable":true,"href":"https:\/\/new.albatartufi.com\/fr\/wp-json\/wp\/v2\/product_cat?post=988769"},{"taxonomy":"product_tag","embeddable":true,"href":"https:\/\/new.albatartufi.com\/fr\/wp-json\/wp\/v2\/product_tag?post=988769"}],"curies":[{"name":"wp","href":"https:\/\/api.w.org\/{rel}","templated":true}]}}