{"id":988780,"date":"2025-09-23T08:32:24","date_gmt":"2025-09-23T08:32:24","guid":{"rendered":"https:\/\/new.albatartufi.com\/prodotto\/truffe-noire-dete\/"},"modified":"2025-10-12T19:02:04","modified_gmt":"2025-10-12T19:02:04","slug":"truffe-noire-dete","status":"publish","type":"product","link":"https:\/\/new.albatartufi.com\/fr\/shop\/truffe-noire-dete\/","title":{"rendered":"Truffe noire d&rsquo;\u00e9t\u00e9"},"content":{"rendered":"<div class=\"vgblk-rw-wrapper limit-wrapper\">\n<h5 class=\"text-muted\"><strong>Poids compris entre 20 et 70 grammes.<\/strong> <strong>\u00c0 partir de 100 g.<\/strong><\/h5>\n<p class=\"text-muted\">La truffe noire d&rsquo;\u00e9t\u00e9 du Pi\u00e9mont est une truffe particuli\u00e8rement r\u00e9pandue dans cette r\u00e9gion. Il est principalement r\u00e9colt\u00e9 dans les r\u00e9gions des Langhe, du Roero et du Monferrato. Il est commun\u00e9ment appel\u00e9 \u00ab Scorzone \u00bb en raison de son \u00e9corce dure et rugueuse, de couleur noir-brun, riche en excroissances pyramidales, saillantes et volumineuses. La chair est de couleur noisette, parcourue de nombreuses veines blanches, et d\u00e9gage un parfum de champignon au go\u00fbt tr\u00e8s d\u00e9licat. Dans le Pi\u00e9mont, la r\u00e9colte de la truffe noire d&rsquo;\u00e9t\u00e9 a lieu du 1er juin au 31 ao\u00fbt.<\/p>\n<h4 class=\"text-dark\"><strong>UTILISATION CONSEILL\u00c9E<\/strong><\/h4>\n<p class=\"text-muted\">Apr\u00e8s une cuisson rapide, la truffe noire d&rsquo;\u00e9t\u00e9 peut \u00eatre utilis\u00e9e comme ingr\u00e9dient dans les farces et les sauces, les risottos ou coup\u00e9e en fines lamelles sur des salades.<\/p>\n<\/div>\n<p><!-- .vgblk-rw-wrapper --><\/p>\n","protected":false},"excerpt":{"rendered":"<h5 class=\"text-muted\"><strong>Poids compris entre 20 et 70 grammes.<\/strong> <strong>\u00c0 partir de 100 g.<\/strong><\/h5>\n<p>La truffe noire d&rsquo;\u00e9t\u00e9 du Pi\u00e9mont est une truffe particuli\u00e8rement r\u00e9pandue dans cette r\u00e9gion.<\/p>\n","protected":false},"featured_media":993999,"template":"","meta":{"inline_featured_image":false},"product_brand":[],"product_cat":[81],"product_tag":[],"class_list":{"0":"post-988780","1":"product","2":"type-product","3":"status-publish","4":"has-post-thumbnail","6":"product_cat-truffes-fraiches","8":"first","9":"instock","10":"sold-individually","11":"shipping-taxable","12":"purchasable","13":"product-type-variable"},"yoast_head":"<!-- This site is optimized with the Yoast SEO plugin v26.2 - https:\/\/yoast.com\/wordpress\/plugins\/seo\/ -->\n<title>Truffe noire d&#039;\u00e9t\u00e9 - Truffe d&#039;Alba (Pi\u00e9mont - Italie)<\/title>\n<meta name=\"description\" content=\"D\u00e9couvrez la truffe noire d&#039;\u00e9t\u00e9 du Pi\u00e9mont, au parfum d\u00e9licat et \u00e0 la saveur \u00e9quilibr\u00e9e. Disponible fra\u00eeche en saison, s\u00e9lectionn\u00e9e par AlbaTartufi.\" \/>\n<meta name=\"robots\" content=\"index, follow, max-snippet:-1, max-image-preview:large, max-video-preview:-1\" \/>\n<link rel=\"canonical\" href=\"https:\/\/new.albatartufi.com\/fr\/shop\/truffe-noire-dete\/\" \/>\n<meta property=\"og:locale\" content=\"fr_FR\" \/>\n<meta property=\"og:type\" content=\"article\" \/>\n<meta property=\"og:title\" content=\"Truffe noire d&#039;\u00e9t\u00e9 - Truffe d&#039;Alba (Pi\u00e9mont - Italie)\" \/>\n<meta property=\"og:description\" content=\"D\u00e9couvrez la truffe noire d&#039;\u00e9t\u00e9 du Pi\u00e9mont, au parfum d\u00e9licat et \u00e0 la saveur \u00e9quilibr\u00e9e. Disponible fra\u00eeche en saison, s\u00e9lectionn\u00e9e par AlbaTartufi.\" \/>\n<meta property=\"og:url\" content=\"https:\/\/new.albatartufi.com\/fr\/shop\/truffe-noire-dete\/\" \/>\n<meta property=\"og:site_name\" content=\"Truffe d&#039;Alba (Pi\u00e9mont - Italie)\" \/>\n<meta property=\"article:publisher\" content=\"https:\/\/www.facebook.com\/albatartufi\" \/>\n<meta property=\"article:modified_time\" content=\"2025-10-12T19:02:04+00:00\" \/>\n<meta property=\"og:image\" content=\"https:\/\/new.albatartufi.com\/wp-content\/uploads\/2025\/09\/tartufo-nero-estivo-1.jpg\" \/>\n\t<meta property=\"og:image:width\" content=\"750\" \/>\n\t<meta property=\"og:image:height\" content=\"750\" \/>\n\t<meta property=\"og:image:type\" content=\"image\/jpeg\" \/>\n<meta name=\"twitter:card\" content=\"summary_large_image\" \/>\n<meta name=\"twitter:site\" content=\"@albatartufi\" \/>\n<meta name=\"twitter:label1\" content=\"Dur\u00e9e de lecture estim\u00e9e\" \/>\n\t<meta name=\"twitter:data1\" content=\"1 minute\" \/>\n<script type=\"application\/ld+json\" class=\"yoast-schema-graph\">{\"@context\":\"https:\/\/schema.org\",\"@graph\":[{\"@type\":\"WebPage\",\"@id\":\"https:\/\/new.albatartufi.com\/fr\/shop\/truffe-noire-dete\/\",\"url\":\"https:\/\/new.albatartufi.com\/fr\/shop\/truffe-noire-dete\/\",\"name\":\"Truffe noire d'\u00e9t\u00e9 - Truffe d'Alba (Pi\u00e9mont - Italie)\",\"isPartOf\":{\"@id\":\"https:\/\/new.albatartufi.com\/#website\"},\"primaryImageOfPage\":{\"@id\":\"https:\/\/new.albatartufi.com\/fr\/shop\/truffe-noire-dete\/#primaryimage\"},\"image\":{\"@id\":\"https:\/\/new.albatartufi.com\/fr\/shop\/truffe-noire-dete\/#primaryimage\"},\"thumbnailUrl\":\"https:\/\/new.albatartufi.com\/wp-content\/uploads\/2025\/09\/tartufo-nero-estivo-1.jpg\",\"datePublished\":\"2025-09-23T08:32:24+00:00\",\"dateModified\":\"2025-10-12T19:02:04+00:00\",\"description\":\"D\u00e9couvrez la truffe noire d'\u00e9t\u00e9 du Pi\u00e9mont, au parfum d\u00e9licat et \u00e0 la saveur \u00e9quilibr\u00e9e. Disponible fra\u00eeche en saison, s\u00e9lectionn\u00e9e par AlbaTartufi.\",\"breadcrumb\":{\"@id\":\"https:\/\/new.albatartufi.com\/fr\/shop\/truffe-noire-dete\/#breadcrumb\"},\"inLanguage\":\"fr-FR\",\"potentialAction\":[{\"@type\":\"ReadAction\",\"target\":[\"https:\/\/new.albatartufi.com\/fr\/shop\/truffe-noire-dete\/\"]}]},{\"@type\":\"ImageObject\",\"inLanguage\":\"fr-FR\",\"@id\":\"https:\/\/new.albatartufi.com\/fr\/shop\/truffe-noire-dete\/#primaryimage\",\"url\":\"https:\/\/new.albatartufi.com\/wp-content\/uploads\/2025\/09\/tartufo-nero-estivo-1.jpg\",\"contentUrl\":\"https:\/\/new.albatartufi.com\/wp-content\/uploads\/2025\/09\/tartufo-nero-estivo-1.jpg\",\"width\":750,\"height\":750,\"caption\":\"Truffe noire d'\u00e9t\u00e9\"},{\"@type\":\"BreadcrumbList\",\"@id\":\"https:\/\/new.albatartufi.com\/fr\/shop\/truffe-noire-dete\/#breadcrumb\",\"itemListElement\":[{\"@type\":\"ListItem\",\"position\":1,\"name\":\"Home\",\"item\":\"https:\/\/new.albatartufi.com\/fr\/truffe-dalba-piemont-italie\/\"},{\"@type\":\"ListItem\",\"position\":2,\"name\":\"Boutique\",\"item\":\"https:\/\/new.albatartufi.com\/fr\/boutique\/\"},{\"@type\":\"ListItem\",\"position\":3,\"name\":\"Truffe noire d&#8217;\u00e9t\u00e9\"}]},{\"@type\":\"WebSite\",\"@id\":\"https:\/\/new.albatartufi.com\/#website\",\"url\":\"https:\/\/new.albatartufi.com\/\",\"name\":\"Alba Tartufi\",\"description\":\"Tartufo di Alba (Piemonte - Italia)\",\"publisher\":{\"@id\":\"https:\/\/new.albatartufi.com\/#organization\"},\"potentialAction\":[{\"@type\":\"SearchAction\",\"target\":{\"@type\":\"EntryPoint\",\"urlTemplate\":\"https:\/\/new.albatartufi.com\/?s={search_term_string}\"},\"query-input\":{\"@type\":\"PropertyValueSpecification\",\"valueRequired\":true,\"valueName\":\"search_term_string\"}}],\"inLanguage\":\"fr-FR\"},{\"@type\":\"Organization\",\"@id\":\"https:\/\/new.albatartufi.com\/#organization\",\"name\":\"Alba Tartufi\",\"url\":\"https:\/\/new.albatartufi.com\/\",\"logo\":{\"@type\":\"ImageObject\",\"inLanguage\":\"fr-FR\",\"@id\":\"https:\/\/new.albatartufi.com\/#\/schema\/logo\/image\/\",\"url\":\"https:\/\/new.albatartufi.com\/wp-content\/uploads\/2025\/09\/cropped-logo_alba_tartufi.webp\",\"contentUrl\":\"https:\/\/new.albatartufi.com\/wp-content\/uploads\/2025\/09\/cropped-logo_alba_tartufi.webp\",\"width\":389,\"height\":211,\"caption\":\"Alba Tartufi\"},\"image\":{\"@id\":\"https:\/\/new.albatartufi.com\/#\/schema\/logo\/image\/\"},\"sameAs\":[\"https:\/\/www.facebook.com\/albatartufi\",\"https:\/\/x.com\/albatartufi\",\"https:\/\/www.instagram.com\/albatartufi\/\"]}]}<\/script>\n<!-- \/ Yoast SEO plugin. -->","yoast_head_json":{"title":"Truffe noire d'\u00e9t\u00e9 - Truffe d'Alba (Pi\u00e9mont - Italie)","description":"D\u00e9couvrez la truffe noire d'\u00e9t\u00e9 du Pi\u00e9mont, au parfum d\u00e9licat et \u00e0 la saveur \u00e9quilibr\u00e9e. Disponible fra\u00eeche en saison, s\u00e9lectionn\u00e9e par AlbaTartufi.","robots":{"index":"index","follow":"follow","max-snippet":"max-snippet:-1","max-image-preview":"max-image-preview:large","max-video-preview":"max-video-preview:-1"},"canonical":"https:\/\/new.albatartufi.com\/fr\/shop\/truffe-noire-dete\/","og_locale":"fr_FR","og_type":"article","og_title":"Truffe noire d'\u00e9t\u00e9 - Truffe d'Alba (Pi\u00e9mont - Italie)","og_description":"D\u00e9couvrez la truffe noire d'\u00e9t\u00e9 du Pi\u00e9mont, au parfum d\u00e9licat et \u00e0 la saveur \u00e9quilibr\u00e9e. Disponible fra\u00eeche en saison, s\u00e9lectionn\u00e9e par AlbaTartufi.","og_url":"https:\/\/new.albatartufi.com\/fr\/shop\/truffe-noire-dete\/","og_site_name":"Truffe d'Alba (Pi\u00e9mont - Italie)","article_publisher":"https:\/\/www.facebook.com\/albatartufi","article_modified_time":"2025-10-12T19:02:04+00:00","og_image":[{"width":750,"height":750,"url":"https:\/\/new.albatartufi.com\/wp-content\/uploads\/2025\/09\/tartufo-nero-estivo-1.jpg","type":"image\/jpeg"}],"twitter_card":"summary_large_image","twitter_site":"@albatartufi","twitter_misc":{"Dur\u00e9e de lecture estim\u00e9e":"1 minute"},"schema":{"@context":"https:\/\/schema.org","@graph":[{"@type":"WebPage","@id":"https:\/\/new.albatartufi.com\/fr\/shop\/truffe-noire-dete\/","url":"https:\/\/new.albatartufi.com\/fr\/shop\/truffe-noire-dete\/","name":"Truffe noire d'\u00e9t\u00e9 - Truffe d'Alba (Pi\u00e9mont - Italie)","isPartOf":{"@id":"https:\/\/new.albatartufi.com\/#website"},"primaryImageOfPage":{"@id":"https:\/\/new.albatartufi.com\/fr\/shop\/truffe-noire-dete\/#primaryimage"},"image":{"@id":"https:\/\/new.albatartufi.com\/fr\/shop\/truffe-noire-dete\/#primaryimage"},"thumbnailUrl":"https:\/\/new.albatartufi.com\/wp-content\/uploads\/2025\/09\/tartufo-nero-estivo-1.jpg","datePublished":"2025-09-23T08:32:24+00:00","dateModified":"2025-10-12T19:02:04+00:00","description":"D\u00e9couvrez la truffe noire d'\u00e9t\u00e9 du Pi\u00e9mont, au parfum d\u00e9licat et \u00e0 la saveur \u00e9quilibr\u00e9e. Disponible fra\u00eeche en saison, s\u00e9lectionn\u00e9e par AlbaTartufi.","breadcrumb":{"@id":"https:\/\/new.albatartufi.com\/fr\/shop\/truffe-noire-dete\/#breadcrumb"},"inLanguage":"fr-FR","potentialAction":[{"@type":"ReadAction","target":["https:\/\/new.albatartufi.com\/fr\/shop\/truffe-noire-dete\/"]}]},{"@type":"ImageObject","inLanguage":"fr-FR","@id":"https:\/\/new.albatartufi.com\/fr\/shop\/truffe-noire-dete\/#primaryimage","url":"https:\/\/new.albatartufi.com\/wp-content\/uploads\/2025\/09\/tartufo-nero-estivo-1.jpg","contentUrl":"https:\/\/new.albatartufi.com\/wp-content\/uploads\/2025\/09\/tartufo-nero-estivo-1.jpg","width":750,"height":750,"caption":"Truffe noire d'\u00e9t\u00e9"},{"@type":"BreadcrumbList","@id":"https:\/\/new.albatartufi.com\/fr\/shop\/truffe-noire-dete\/#breadcrumb","itemListElement":[{"@type":"ListItem","position":1,"name":"Home","item":"https:\/\/new.albatartufi.com\/fr\/truffe-dalba-piemont-italie\/"},{"@type":"ListItem","position":2,"name":"Boutique","item":"https:\/\/new.albatartufi.com\/fr\/boutique\/"},{"@type":"ListItem","position":3,"name":"Truffe noire d&#8217;\u00e9t\u00e9"}]},{"@type":"WebSite","@id":"https:\/\/new.albatartufi.com\/#website","url":"https:\/\/new.albatartufi.com\/","name":"Alba Tartufi","description":"Tartufo di Alba (Piemonte - Italia)","publisher":{"@id":"https:\/\/new.albatartufi.com\/#organization"},"potentialAction":[{"@type":"SearchAction","target":{"@type":"EntryPoint","urlTemplate":"https:\/\/new.albatartufi.com\/?s={search_term_string}"},"query-input":{"@type":"PropertyValueSpecification","valueRequired":true,"valueName":"search_term_string"}}],"inLanguage":"fr-FR"},{"@type":"Organization","@id":"https:\/\/new.albatartufi.com\/#organization","name":"Alba Tartufi","url":"https:\/\/new.albatartufi.com\/","logo":{"@type":"ImageObject","inLanguage":"fr-FR","@id":"https:\/\/new.albatartufi.com\/#\/schema\/logo\/image\/","url":"https:\/\/new.albatartufi.com\/wp-content\/uploads\/2025\/09\/cropped-logo_alba_tartufi.webp","contentUrl":"https:\/\/new.albatartufi.com\/wp-content\/uploads\/2025\/09\/cropped-logo_alba_tartufi.webp","width":389,"height":211,"caption":"Alba Tartufi"},"image":{"@id":"https:\/\/new.albatartufi.com\/#\/schema\/logo\/image\/"},"sameAs":["https:\/\/www.facebook.com\/albatartufi","https:\/\/x.com\/albatartufi","https:\/\/www.instagram.com\/albatartufi\/"]}]}},"_links":{"self":[{"href":"https:\/\/new.albatartufi.com\/fr\/wp-json\/wp\/v2\/product\/988780","targetHints":{"allow":["GET"]}}],"collection":[{"href":"https:\/\/new.albatartufi.com\/fr\/wp-json\/wp\/v2\/product"}],"about":[{"href":"https:\/\/new.albatartufi.com\/fr\/wp-json\/wp\/v2\/types\/product"}],"version-history":[{"count":3,"href":"https:\/\/new.albatartufi.com\/fr\/wp-json\/wp\/v2\/product\/988780\/revisions"}],"predecessor-version":[{"id":994049,"href":"https:\/\/new.albatartufi.com\/fr\/wp-json\/wp\/v2\/product\/988780\/revisions\/994049"}],"wp:featuredmedia":[{"embeddable":true,"href":"https:\/\/new.albatartufi.com\/fr\/wp-json\/wp\/v2\/media\/993999"}],"wp:attachment":[{"href":"https:\/\/new.albatartufi.com\/fr\/wp-json\/wp\/v2\/media?parent=988780"}],"wp:term":[{"taxonomy":"product_brand","embeddable":true,"href":"https:\/\/new.albatartufi.com\/fr\/wp-json\/wp\/v2\/product_brand?post=988780"},{"taxonomy":"product_cat","embeddable":true,"href":"https:\/\/new.albatartufi.com\/fr\/wp-json\/wp\/v2\/product_cat?post=988780"},{"taxonomy":"product_tag","embeddable":true,"href":"https:\/\/new.albatartufi.com\/fr\/wp-json\/wp\/v2\/product_tag?post=988780"}],"curies":[{"name":"wp","href":"https:\/\/api.w.org\/{rel}","templated":true}]}}