{"id":988825,"date":"2025-09-22T15:20:12","date_gmt":"2025-09-22T15:20:12","guid":{"rendered":"https:\/\/new.albatartufi.com\/prodotto\/coupe-truffes-en-bois-alba-tartufi\/"},"modified":"2025-10-14T15:01:32","modified_gmt":"2025-10-14T15:01:32","slug":"coupe-truffes-en-bois-alba-tartufi","status":"publish","type":"product","link":"https:\/\/new.albatartufi.com\/fr\/shop\/coupe-truffes-en-bois-alba-tartufi\/","title":{"rendered":"Coupe-truffes en bois &#8211; Alba Tartufi"},"content":{"rendered":"<div class=\"vgblk-rw-wrapper limit-wrapper\">\n<h4 class=\"text-dark\">UTILISATION RECOMMAND\u00c9E<\/h4>\n<p class=\"text-muted\">Le coupe-truffes en bois est l&rsquo;ustensile indispensable pour trancher au mieux les truffes sur vos plats. Il est \u00e9quip\u00e9 d&rsquo;une lame r\u00e9glable en hauteur afin de choisir l&rsquo;\u00e9paisseur pr\u00e9f\u00e9r\u00e9e de la tranche de truffe en fonction de l&rsquo;utilisation gastronomique. Comme dans les meilleurs restaurants, il est conseill\u00e9 de trancher en pr\u00e9sence des convives.<\/p>\n<div class=\"col-lg-12 text-center p-3\">\n<div class=\"form-row\">\n<div class=\"col-lg-12 pb-4\">\n<div id=\"peso_esposto_27\" class=\"form-control-carrello lead\"><\/div>\n<\/div>\n<\/div>\n<\/div>\n<\/div>\n<p><!-- .vgblk-rw-wrapper --><\/p>\n","protected":false},"excerpt":{"rendered":"<p>UTILISATION RECOMMAND\u00c9E Le coupe-truffes en bois est l&rsquo;ustensile indispensable pour trancher au mieux les truffes sur vos plats. Il est \u00e9quip\u00e9 d&rsquo;une lame r\u00e9glable en hauteur afin de choisir l&rsquo;\u00e9paisseur pr\u00e9f\u00e9r\u00e9e de la tranche de truffe en fonction de l&rsquo;utilisation gastronomique. Comme dans les meilleurs restaurants, il est conseill\u00e9 de trancher en pr\u00e9sence des convives.<\/p>\n","protected":false},"featured_media":994371,"template":"","meta":{"inline_featured_image":false},"product_brand":[],"product_cat":[69],"product_tag":[],"class_list":{"0":"post-988825","1":"product","2":"type-product","3":"status-publish","4":"has-post-thumbnail","6":"product_cat-truffes-conservees","8":"first","9":"instock","10":"shipping-taxable","11":"purchasable","12":"product-type-simple"},"yoast_head":"<!-- This site is optimized with the Yoast SEO plugin v26.2 - https:\/\/yoast.com\/wordpress\/plugins\/seo\/ -->\n<title>Coupe-truffes en bois - Alba Tartufi - Truffe d&#039;Alba (Pi\u00e9mont - Italie)<\/title>\n<meta name=\"description\" content=\"Le coupe-truffes en bois est l&#039;ustensile indispensable pour trancher au mieux les truffes sur vos plats.\" \/>\n<meta name=\"robots\" content=\"index, follow, max-snippet:-1, max-image-preview:large, max-video-preview:-1\" \/>\n<link rel=\"canonical\" href=\"https:\/\/new.albatartufi.com\/fr\/shop\/coupe-truffes-en-bois-alba-tartufi\/\" \/>\n<meta property=\"og:locale\" content=\"fr_FR\" \/>\n<meta property=\"og:type\" content=\"article\" \/>\n<meta property=\"og:title\" content=\"Coupe-truffes en bois - Alba Tartufi - Truffe d&#039;Alba (Pi\u00e9mont - Italie)\" \/>\n<meta property=\"og:description\" content=\"Le coupe-truffes en bois est l&#039;ustensile indispensable pour trancher au mieux les truffes sur vos plats.\" \/>\n<meta property=\"og:url\" content=\"https:\/\/new.albatartufi.com\/fr\/shop\/coupe-truffes-en-bois-alba-tartufi\/\" \/>\n<meta property=\"og:site_name\" content=\"Truffe d&#039;Alba (Pi\u00e9mont - Italie)\" \/>\n<meta property=\"article:publisher\" content=\"https:\/\/www.facebook.com\/albatartufi\" \/>\n<meta property=\"article:modified_time\" content=\"2025-10-14T15:01:32+00:00\" \/>\n<meta property=\"og:image\" content=\"https:\/\/new.albatartufi.com\/wp-content\/uploads\/2025\/09\/tagliatartufi-1.png\" \/>\n\t<meta property=\"og:image:width\" content=\"800\" \/>\n\t<meta property=\"og:image:height\" content=\"800\" \/>\n\t<meta property=\"og:image:type\" content=\"image\/png\" \/>\n<meta name=\"twitter:card\" content=\"summary_large_image\" \/>\n<meta name=\"twitter:site\" content=\"@albatartufi\" \/>\n<meta name=\"twitter:label1\" content=\"Dur\u00e9e de lecture estim\u00e9e\" \/>\n\t<meta name=\"twitter:data1\" content=\"1 minute\" \/>\n<script type=\"application\/ld+json\" class=\"yoast-schema-graph\">{\"@context\":\"https:\/\/schema.org\",\"@graph\":[{\"@type\":\"WebPage\",\"@id\":\"https:\/\/new.albatartufi.com\/fr\/shop\/coupe-truffes-en-bois-alba-tartufi\/\",\"url\":\"https:\/\/new.albatartufi.com\/fr\/shop\/coupe-truffes-en-bois-alba-tartufi\/\",\"name\":\"Coupe-truffes en bois - Alba Tartufi - Truffe d'Alba (Pi\u00e9mont - Italie)\",\"isPartOf\":{\"@id\":\"https:\/\/new.albatartufi.com\/#website\"},\"primaryImageOfPage\":{\"@id\":\"https:\/\/new.albatartufi.com\/fr\/shop\/coupe-truffes-en-bois-alba-tartufi\/#primaryimage\"},\"image\":{\"@id\":\"https:\/\/new.albatartufi.com\/fr\/shop\/coupe-truffes-en-bois-alba-tartufi\/#primaryimage\"},\"thumbnailUrl\":\"https:\/\/new.albatartufi.com\/wp-content\/uploads\/2025\/09\/tagliatartufi-1.png\",\"datePublished\":\"2025-09-22T15:20:12+00:00\",\"dateModified\":\"2025-10-14T15:01:32+00:00\",\"description\":\"Le coupe-truffes en bois est l'ustensile indispensable pour trancher au mieux les truffes sur vos plats.\",\"breadcrumb\":{\"@id\":\"https:\/\/new.albatartufi.com\/fr\/shop\/coupe-truffes-en-bois-alba-tartufi\/#breadcrumb\"},\"inLanguage\":\"fr-FR\",\"potentialAction\":[{\"@type\":\"ReadAction\",\"target\":[\"https:\/\/new.albatartufi.com\/fr\/shop\/coupe-truffes-en-bois-alba-tartufi\/\"]}]},{\"@type\":\"ImageObject\",\"inLanguage\":\"fr-FR\",\"@id\":\"https:\/\/new.albatartufi.com\/fr\/shop\/coupe-truffes-en-bois-alba-tartufi\/#primaryimage\",\"url\":\"https:\/\/new.albatartufi.com\/wp-content\/uploads\/2025\/09\/tagliatartufi-1.png\",\"contentUrl\":\"https:\/\/new.albatartufi.com\/wp-content\/uploads\/2025\/09\/tagliatartufi-1.png\",\"width\":800,\"height\":800,\"caption\":\"taglia tartufi\"},{\"@type\":\"BreadcrumbList\",\"@id\":\"https:\/\/new.albatartufi.com\/fr\/shop\/coupe-truffes-en-bois-alba-tartufi\/#breadcrumb\",\"itemListElement\":[{\"@type\":\"ListItem\",\"position\":1,\"name\":\"Home\",\"item\":\"https:\/\/new.albatartufi.com\/fr\/truffe-dalba-piemont-italie\/\"},{\"@type\":\"ListItem\",\"position\":2,\"name\":\"Boutique\",\"item\":\"https:\/\/new.albatartufi.com\/fr\/boutique\/\"},{\"@type\":\"ListItem\",\"position\":3,\"name\":\"Coupe-truffes en bois &#8211; Alba Tartufi\"}]},{\"@type\":\"WebSite\",\"@id\":\"https:\/\/new.albatartufi.com\/#website\",\"url\":\"https:\/\/new.albatartufi.com\/\",\"name\":\"Alba Tartufi\",\"description\":\"Tartufo di Alba (Piemonte - Italia)\",\"publisher\":{\"@id\":\"https:\/\/new.albatartufi.com\/#organization\"},\"potentialAction\":[{\"@type\":\"SearchAction\",\"target\":{\"@type\":\"EntryPoint\",\"urlTemplate\":\"https:\/\/new.albatartufi.com\/?s={search_term_string}\"},\"query-input\":{\"@type\":\"PropertyValueSpecification\",\"valueRequired\":true,\"valueName\":\"search_term_string\"}}],\"inLanguage\":\"fr-FR\"},{\"@type\":\"Organization\",\"@id\":\"https:\/\/new.albatartufi.com\/#organization\",\"name\":\"Alba Tartufi\",\"url\":\"https:\/\/new.albatartufi.com\/\",\"logo\":{\"@type\":\"ImageObject\",\"inLanguage\":\"fr-FR\",\"@id\":\"https:\/\/new.albatartufi.com\/#\/schema\/logo\/image\/\",\"url\":\"https:\/\/new.albatartufi.com\/wp-content\/uploads\/2025\/09\/cropped-logo_alba_tartufi.webp\",\"contentUrl\":\"https:\/\/new.albatartufi.com\/wp-content\/uploads\/2025\/09\/cropped-logo_alba_tartufi.webp\",\"width\":389,\"height\":211,\"caption\":\"Alba Tartufi\"},\"image\":{\"@id\":\"https:\/\/new.albatartufi.com\/#\/schema\/logo\/image\/\"},\"sameAs\":[\"https:\/\/www.facebook.com\/albatartufi\",\"https:\/\/x.com\/albatartufi\",\"https:\/\/www.instagram.com\/albatartufi\/\"]}]}<\/script>\n<!-- \/ Yoast SEO plugin. -->","yoast_head_json":{"title":"Coupe-truffes en bois - Alba Tartufi - Truffe d'Alba (Pi\u00e9mont - Italie)","description":"Le coupe-truffes en bois est l'ustensile indispensable pour trancher au mieux les truffes sur vos plats.","robots":{"index":"index","follow":"follow","max-snippet":"max-snippet:-1","max-image-preview":"max-image-preview:large","max-video-preview":"max-video-preview:-1"},"canonical":"https:\/\/new.albatartufi.com\/fr\/shop\/coupe-truffes-en-bois-alba-tartufi\/","og_locale":"fr_FR","og_type":"article","og_title":"Coupe-truffes en bois - Alba Tartufi - Truffe d'Alba (Pi\u00e9mont - Italie)","og_description":"Le coupe-truffes en bois est l'ustensile indispensable pour trancher au mieux les truffes sur vos plats.","og_url":"https:\/\/new.albatartufi.com\/fr\/shop\/coupe-truffes-en-bois-alba-tartufi\/","og_site_name":"Truffe d'Alba (Pi\u00e9mont - Italie)","article_publisher":"https:\/\/www.facebook.com\/albatartufi","article_modified_time":"2025-10-14T15:01:32+00:00","og_image":[{"width":800,"height":800,"url":"https:\/\/new.albatartufi.com\/wp-content\/uploads\/2025\/09\/tagliatartufi-1.png","type":"image\/png"}],"twitter_card":"summary_large_image","twitter_site":"@albatartufi","twitter_misc":{"Dur\u00e9e de lecture estim\u00e9e":"1 minute"},"schema":{"@context":"https:\/\/schema.org","@graph":[{"@type":"WebPage","@id":"https:\/\/new.albatartufi.com\/fr\/shop\/coupe-truffes-en-bois-alba-tartufi\/","url":"https:\/\/new.albatartufi.com\/fr\/shop\/coupe-truffes-en-bois-alba-tartufi\/","name":"Coupe-truffes en bois - Alba Tartufi - Truffe d'Alba (Pi\u00e9mont - Italie)","isPartOf":{"@id":"https:\/\/new.albatartufi.com\/#website"},"primaryImageOfPage":{"@id":"https:\/\/new.albatartufi.com\/fr\/shop\/coupe-truffes-en-bois-alba-tartufi\/#primaryimage"},"image":{"@id":"https:\/\/new.albatartufi.com\/fr\/shop\/coupe-truffes-en-bois-alba-tartufi\/#primaryimage"},"thumbnailUrl":"https:\/\/new.albatartufi.com\/wp-content\/uploads\/2025\/09\/tagliatartufi-1.png","datePublished":"2025-09-22T15:20:12+00:00","dateModified":"2025-10-14T15:01:32+00:00","description":"Le coupe-truffes en bois est l'ustensile indispensable pour trancher au mieux les truffes sur vos plats.","breadcrumb":{"@id":"https:\/\/new.albatartufi.com\/fr\/shop\/coupe-truffes-en-bois-alba-tartufi\/#breadcrumb"},"inLanguage":"fr-FR","potentialAction":[{"@type":"ReadAction","target":["https:\/\/new.albatartufi.com\/fr\/shop\/coupe-truffes-en-bois-alba-tartufi\/"]}]},{"@type":"ImageObject","inLanguage":"fr-FR","@id":"https:\/\/new.albatartufi.com\/fr\/shop\/coupe-truffes-en-bois-alba-tartufi\/#primaryimage","url":"https:\/\/new.albatartufi.com\/wp-content\/uploads\/2025\/09\/tagliatartufi-1.png","contentUrl":"https:\/\/new.albatartufi.com\/wp-content\/uploads\/2025\/09\/tagliatartufi-1.png","width":800,"height":800,"caption":"taglia tartufi"},{"@type":"BreadcrumbList","@id":"https:\/\/new.albatartufi.com\/fr\/shop\/coupe-truffes-en-bois-alba-tartufi\/#breadcrumb","itemListElement":[{"@type":"ListItem","position":1,"name":"Home","item":"https:\/\/new.albatartufi.com\/fr\/truffe-dalba-piemont-italie\/"},{"@type":"ListItem","position":2,"name":"Boutique","item":"https:\/\/new.albatartufi.com\/fr\/boutique\/"},{"@type":"ListItem","position":3,"name":"Coupe-truffes en bois &#8211; Alba Tartufi"}]},{"@type":"WebSite","@id":"https:\/\/new.albatartufi.com\/#website","url":"https:\/\/new.albatartufi.com\/","name":"Alba Tartufi","description":"Tartufo di Alba (Piemonte - Italia)","publisher":{"@id":"https:\/\/new.albatartufi.com\/#organization"},"potentialAction":[{"@type":"SearchAction","target":{"@type":"EntryPoint","urlTemplate":"https:\/\/new.albatartufi.com\/?s={search_term_string}"},"query-input":{"@type":"PropertyValueSpecification","valueRequired":true,"valueName":"search_term_string"}}],"inLanguage":"fr-FR"},{"@type":"Organization","@id":"https:\/\/new.albatartufi.com\/#organization","name":"Alba Tartufi","url":"https:\/\/new.albatartufi.com\/","logo":{"@type":"ImageObject","inLanguage":"fr-FR","@id":"https:\/\/new.albatartufi.com\/#\/schema\/logo\/image\/","url":"https:\/\/new.albatartufi.com\/wp-content\/uploads\/2025\/09\/cropped-logo_alba_tartufi.webp","contentUrl":"https:\/\/new.albatartufi.com\/wp-content\/uploads\/2025\/09\/cropped-logo_alba_tartufi.webp","width":389,"height":211,"caption":"Alba Tartufi"},"image":{"@id":"https:\/\/new.albatartufi.com\/#\/schema\/logo\/image\/"},"sameAs":["https:\/\/www.facebook.com\/albatartufi","https:\/\/x.com\/albatartufi","https:\/\/www.instagram.com\/albatartufi\/"]}]}},"_links":{"self":[{"href":"https:\/\/new.albatartufi.com\/fr\/wp-json\/wp\/v2\/product\/988825","targetHints":{"allow":["GET"]}}],"collection":[{"href":"https:\/\/new.albatartufi.com\/fr\/wp-json\/wp\/v2\/product"}],"about":[{"href":"https:\/\/new.albatartufi.com\/fr\/wp-json\/wp\/v2\/types\/product"}],"version-history":[{"count":2,"href":"https:\/\/new.albatartufi.com\/fr\/wp-json\/wp\/v2\/product\/988825\/revisions"}],"predecessor-version":[{"id":994380,"href":"https:\/\/new.albatartufi.com\/fr\/wp-json\/wp\/v2\/product\/988825\/revisions\/994380"}],"wp:featuredmedia":[{"embeddable":true,"href":"https:\/\/new.albatartufi.com\/fr\/wp-json\/wp\/v2\/media\/994371"}],"wp:attachment":[{"href":"https:\/\/new.albatartufi.com\/fr\/wp-json\/wp\/v2\/media?parent=988825"}],"wp:term":[{"taxonomy":"product_brand","embeddable":true,"href":"https:\/\/new.albatartufi.com\/fr\/wp-json\/wp\/v2\/product_brand?post=988825"},{"taxonomy":"product_cat","embeddable":true,"href":"https:\/\/new.albatartufi.com\/fr\/wp-json\/wp\/v2\/product_cat?post=988825"},{"taxonomy":"product_tag","embeddable":true,"href":"https:\/\/new.albatartufi.com\/fr\/wp-json\/wp\/v2\/product_tag?post=988825"}],"curies":[{"name":"wp","href":"https:\/\/api.w.org\/{rel}","templated":true}]}}