{"id":988831,"date":"2025-09-22T15:18:31","date_gmt":"2025-09-22T15:18:31","guid":{"rendered":"https:\/\/new.albatartufi.com\/prodotto\/sel-a-la-truffe-blanche-dalba\/"},"modified":"2025-10-14T15:02:03","modified_gmt":"2025-10-14T15:02:03","slug":"sel-a-la-truffe-blanche-dalba","status":"publish","type":"product","link":"https:\/\/new.albatartufi.com\/fr\/shop\/sel-a-la-truffe-blanche-dalba\/","title":{"rendered":"Sel \u00e0 la truffe blanche d&rsquo;Alba"},"content":{"rendered":"<div class=\"vgblk-rw-wrapper limit-wrapper\">\n<h4>DONT SUCRES<br \/>\n0 g<\/h4>\n<h4 class=\"text-dark\">UTILISATION RECOMMAND\u00c9E<\/h4>\n<p class=\"text-muted\">Un sel extraordinaire recherch\u00e9 par les gourmets du monde entier. Agr\u00e9ment\u00e9 de petits copeaux de truffe, ce pr\u00e9cieux m\u00e9lange est id\u00e9al pour relever tous les plats chauds : p\u00e2tes, viande, poisson, \u0153ufs, fromage, salades, pommes de terre et l\u00e9gumes. Le sel \u00e0 la truffe blanche d&rsquo;Alba peut \u00e9galement \u00eatre utilis\u00e9 dans la pr\u00e9paration de sushis et de foie gras.<\/p>\n<h5 class=\"text-dark mb-0 mt-2\">STOCKAGE<\/h5>\n<p class=\"text-muted\">Le produit conserve ses caract\u00e9ristiques inchang\u00e9es depuis la date de production pendant les dur\u00e9es et temp\u00e9ratures d\u00e9finies ci-dessous : \u00e0 temp\u00e9rature ambiante &#8211; que le pot soit ouvert ou ferm\u00e9, \u00e0 consommer avant la date limite de consommation indiqu\u00e9e sur le pot (T.M.C.).<\/p>\n<h5 class=\"text-dark mb-0 mt-2\">INGR\u00c9DIENTS<\/h5>\n<p class=\"text-muted\">Sel marin fin italien 99,4%, truffe blanche d&rsquo;Alba d\u00e9shydrat\u00e9e (Tartufo magnatum Pico) 0,6% (\u00e9quivalent \u00e0 3% de truffe fra\u00eeche)<\/p>\n<h5 class=\"text-dark mb-0 mt-2\">PR\u00c9SENCE D&rsquo;ALLERG\u00c8NES<\/h5>\n<p class=\"text-muted\">Non.<\/p>\n<h5 class=\"text-dark mb-0 mt-2\">PR\u00c9SENCE D&rsquo;OGM<\/h5>\n<p class=\"text-muted\">Non.<\/p>\n<h5 class=\"text-dark mb-0 mt-2\">DUREE MINIMUM DE CONSERVATION (D.M.C.)<\/h5>\n<p class=\"text-muted\">24 mois<\/p>\n<h5 class=\"text-dark mb-0 mt-2\">CARACT\u00c9RISTIQUES NUTRITIONNELLES &#8211; U.M.: g\/100g<\/h5>\n<table class=\"tabella-nut\">\n<thead>\n<tr>\n<td>PARAM\u00c8TRE<\/td>\n<td>VALEURS<\/td>\n<\/tr>\n<\/thead>\n<tbody>\n<tr>\n<td>VALEUR \u00c9NERG\u00c9TIQUE<\/td>\n<td>0 kJ<\/td>\n<\/tr>\n<tr>\n<td>KCAL<\/td>\n<td>0<\/td>\n<\/tr>\n<tr>\n<td>MATI\u00c8RES GRASSES<\/td>\n<td>0 g0<\/td>\n<\/tr>\n<tr>\n<td>MATI\u00c8RES GRASSES DONT ACIDES GRAS SATUR\u00c9S<\/td>\n<td>0 g<\/td>\n<\/tr>\n<tr>\n<td>GLUCIDES<\/td>\n<td>0 g<\/td>\n<\/tr>\n<tr>\n<td>DONT SUCRES<\/td>\n<td>0 g<\/td>\n<\/tr>\n<tr>\n<td>PROT\u00c9INES<\/td>\n<td>0 g<\/td>\n<\/tr>\n<tr>\n<td>SEL<\/td>\n<td>98,7 g<\/td>\n<\/tr>\n<\/tbody>\n<\/table>\n<\/div>\n<p><!-- .vgblk-rw-wrapper --><\/p>\n","protected":false},"excerpt":{"rendered":"<p>DONT SUCRES 0 g UTILISATION RECOMMAND\u00c9E Un sel extraordinaire recherch\u00e9 par les gourmets du monde entier. Agr\u00e9ment\u00e9 de petits copeaux de truffe, ce pr\u00e9cieux m\u00e9lange est id\u00e9al pour relever tous les plats chauds : p\u00e2tes, viande, poisson, \u0153ufs, fromage, salades, pommes de terre et l\u00e9gumes. Le sel \u00e0 la truffe blanche d&rsquo;Alba peut \u00e9galement \u00eatre&#8230;<\/p>\n","protected":false},"featured_media":994363,"template":"","meta":{"inline_featured_image":false},"product_brand":[],"product_cat":[69],"product_tag":[],"class_list":{"0":"post-988831","1":"product","2":"type-product","3":"status-publish","4":"has-post-thumbnail","6":"product_cat-truffes-conservees","8":"first","9":"instock","10":"shipping-taxable","11":"purchasable","12":"product-type-simple"},"yoast_head":"<!-- This site is optimized with the Yoast SEO plugin v26.2 - https:\/\/yoast.com\/wordpress\/plugins\/seo\/ -->\n<title>Sel \u00e0 la truffe blanche d&#039;Alba - Truffe d&#039;Alba (Pi\u00e9mont - Italie)<\/title>\n<meta name=\"description\" content=\"Agr\u00e9ment\u00e9 de petits copeaux de truffe, ce pr\u00e9cieux m\u00e9lange est id\u00e9al pour relever tous les plats chauds : p\u00e2tes, viande, poisson, \u0153ufs, fromage, salades, pommes de terre et l\u00e9gumes.\" \/>\n<meta name=\"robots\" content=\"index, follow, max-snippet:-1, max-image-preview:large, max-video-preview:-1\" \/>\n<link rel=\"canonical\" href=\"https:\/\/new.albatartufi.com\/fr\/shop\/sel-a-la-truffe-blanche-dalba\/\" \/>\n<meta property=\"og:locale\" content=\"fr_FR\" \/>\n<meta property=\"og:type\" content=\"article\" \/>\n<meta property=\"og:title\" content=\"Sel \u00e0 la truffe blanche d&#039;Alba - Truffe d&#039;Alba (Pi\u00e9mont - Italie)\" \/>\n<meta property=\"og:description\" content=\"Agr\u00e9ment\u00e9 de petits copeaux de truffe, ce pr\u00e9cieux m\u00e9lange est id\u00e9al pour relever tous les plats chauds : p\u00e2tes, viande, poisson, \u0153ufs, fromage, salades, pommes de terre et l\u00e9gumes.\" \/>\n<meta property=\"og:url\" content=\"https:\/\/new.albatartufi.com\/fr\/shop\/sel-a-la-truffe-blanche-dalba\/\" \/>\n<meta property=\"og:site_name\" content=\"Truffe d&#039;Alba (Pi\u00e9mont - Italie)\" \/>\n<meta property=\"article:publisher\" content=\"https:\/\/www.facebook.com\/albatartufi\" \/>\n<meta property=\"article:modified_time\" content=\"2025-10-14T15:02:03+00:00\" \/>\n<meta property=\"og:image\" content=\"https:\/\/new.albatartufi.com\/wp-content\/uploads\/2025\/09\/saletartufo100-1.png\" \/>\n\t<meta property=\"og:image:width\" content=\"800\" \/>\n\t<meta property=\"og:image:height\" content=\"800\" \/>\n\t<meta property=\"og:image:type\" content=\"image\/png\" \/>\n<meta name=\"twitter:card\" content=\"summary_large_image\" \/>\n<meta name=\"twitter:site\" content=\"@albatartufi\" \/>\n<meta name=\"twitter:label1\" content=\"Dur\u00e9e de lecture estim\u00e9e\" \/>\n\t<meta name=\"twitter:data1\" content=\"2 minutes\" \/>\n<script type=\"application\/ld+json\" class=\"yoast-schema-graph\">{\"@context\":\"https:\/\/schema.org\",\"@graph\":[{\"@type\":\"WebPage\",\"@id\":\"https:\/\/new.albatartufi.com\/fr\/shop\/sel-a-la-truffe-blanche-dalba\/\",\"url\":\"https:\/\/new.albatartufi.com\/fr\/shop\/sel-a-la-truffe-blanche-dalba\/\",\"name\":\"Sel \u00e0 la truffe blanche d'Alba - Truffe d'Alba (Pi\u00e9mont - Italie)\",\"isPartOf\":{\"@id\":\"https:\/\/new.albatartufi.com\/#website\"},\"primaryImageOfPage\":{\"@id\":\"https:\/\/new.albatartufi.com\/fr\/shop\/sel-a-la-truffe-blanche-dalba\/#primaryimage\"},\"image\":{\"@id\":\"https:\/\/new.albatartufi.com\/fr\/shop\/sel-a-la-truffe-blanche-dalba\/#primaryimage\"},\"thumbnailUrl\":\"https:\/\/new.albatartufi.com\/wp-content\/uploads\/2025\/09\/saletartufo100-1.png\",\"datePublished\":\"2025-09-22T15:18:31+00:00\",\"dateModified\":\"2025-10-14T15:02:03+00:00\",\"description\":\"Agr\u00e9ment\u00e9 de petits copeaux de truffe, ce pr\u00e9cieux m\u00e9lange est id\u00e9al pour relever tous les plats chauds : p\u00e2tes, viande, poisson, \u0153ufs, fromage, salades, pommes de terre et l\u00e9gumes.\",\"breadcrumb\":{\"@id\":\"https:\/\/new.albatartufi.com\/fr\/shop\/sel-a-la-truffe-blanche-dalba\/#breadcrumb\"},\"inLanguage\":\"fr-FR\",\"potentialAction\":[{\"@type\":\"ReadAction\",\"target\":[\"https:\/\/new.albatartufi.com\/fr\/shop\/sel-a-la-truffe-blanche-dalba\/\"]}]},{\"@type\":\"ImageObject\",\"inLanguage\":\"fr-FR\",\"@id\":\"https:\/\/new.albatartufi.com\/fr\/shop\/sel-a-la-truffe-blanche-dalba\/#primaryimage\",\"url\":\"https:\/\/new.albatartufi.com\/wp-content\/uploads\/2025\/09\/saletartufo100-1.png\",\"contentUrl\":\"https:\/\/new.albatartufi.com\/wp-content\/uploads\/2025\/09\/saletartufo100-1.png\",\"width\":800,\"height\":800,\"caption\":\"Sale con Tartufo Bianco d'Alba\"},{\"@type\":\"BreadcrumbList\",\"@id\":\"https:\/\/new.albatartufi.com\/fr\/shop\/sel-a-la-truffe-blanche-dalba\/#breadcrumb\",\"itemListElement\":[{\"@type\":\"ListItem\",\"position\":1,\"name\":\"Home\",\"item\":\"https:\/\/new.albatartufi.com\/fr\/truffe-dalba-piemont-italie\/\"},{\"@type\":\"ListItem\",\"position\":2,\"name\":\"Boutique\",\"item\":\"https:\/\/new.albatartufi.com\/fr\/boutique\/\"},{\"@type\":\"ListItem\",\"position\":3,\"name\":\"Sel \u00e0 la truffe blanche d&#8217;Alba\"}]},{\"@type\":\"WebSite\",\"@id\":\"https:\/\/new.albatartufi.com\/#website\",\"url\":\"https:\/\/new.albatartufi.com\/\",\"name\":\"Alba Tartufi\",\"description\":\"Tartufo di Alba (Piemonte - Italia)\",\"publisher\":{\"@id\":\"https:\/\/new.albatartufi.com\/#organization\"},\"potentialAction\":[{\"@type\":\"SearchAction\",\"target\":{\"@type\":\"EntryPoint\",\"urlTemplate\":\"https:\/\/new.albatartufi.com\/?s={search_term_string}\"},\"query-input\":{\"@type\":\"PropertyValueSpecification\",\"valueRequired\":true,\"valueName\":\"search_term_string\"}}],\"inLanguage\":\"fr-FR\"},{\"@type\":\"Organization\",\"@id\":\"https:\/\/new.albatartufi.com\/#organization\",\"name\":\"Alba Tartufi\",\"url\":\"https:\/\/new.albatartufi.com\/\",\"logo\":{\"@type\":\"ImageObject\",\"inLanguage\":\"fr-FR\",\"@id\":\"https:\/\/new.albatartufi.com\/#\/schema\/logo\/image\/\",\"url\":\"https:\/\/new.albatartufi.com\/wp-content\/uploads\/2025\/09\/cropped-logo_alba_tartufi.webp\",\"contentUrl\":\"https:\/\/new.albatartufi.com\/wp-content\/uploads\/2025\/09\/cropped-logo_alba_tartufi.webp\",\"width\":389,\"height\":211,\"caption\":\"Alba Tartufi\"},\"image\":{\"@id\":\"https:\/\/new.albatartufi.com\/#\/schema\/logo\/image\/\"},\"sameAs\":[\"https:\/\/www.facebook.com\/albatartufi\",\"https:\/\/x.com\/albatartufi\",\"https:\/\/www.instagram.com\/albatartufi\/\"]}]}<\/script>\n<!-- \/ Yoast SEO plugin. -->","yoast_head_json":{"title":"Sel \u00e0 la truffe blanche d'Alba - Truffe d'Alba (Pi\u00e9mont - Italie)","description":"Agr\u00e9ment\u00e9 de petits copeaux de truffe, ce pr\u00e9cieux m\u00e9lange est id\u00e9al pour relever tous les plats chauds : p\u00e2tes, viande, poisson, \u0153ufs, fromage, salades, pommes de terre et l\u00e9gumes.","robots":{"index":"index","follow":"follow","max-snippet":"max-snippet:-1","max-image-preview":"max-image-preview:large","max-video-preview":"max-video-preview:-1"},"canonical":"https:\/\/new.albatartufi.com\/fr\/shop\/sel-a-la-truffe-blanche-dalba\/","og_locale":"fr_FR","og_type":"article","og_title":"Sel \u00e0 la truffe blanche d'Alba - Truffe d'Alba (Pi\u00e9mont - Italie)","og_description":"Agr\u00e9ment\u00e9 de petits copeaux de truffe, ce pr\u00e9cieux m\u00e9lange est id\u00e9al pour relever tous les plats chauds : p\u00e2tes, viande, poisson, \u0153ufs, fromage, salades, pommes de terre et l\u00e9gumes.","og_url":"https:\/\/new.albatartufi.com\/fr\/shop\/sel-a-la-truffe-blanche-dalba\/","og_site_name":"Truffe d'Alba (Pi\u00e9mont - Italie)","article_publisher":"https:\/\/www.facebook.com\/albatartufi","article_modified_time":"2025-10-14T15:02:03+00:00","og_image":[{"width":800,"height":800,"url":"https:\/\/new.albatartufi.com\/wp-content\/uploads\/2025\/09\/saletartufo100-1.png","type":"image\/png"}],"twitter_card":"summary_large_image","twitter_site":"@albatartufi","twitter_misc":{"Dur\u00e9e de lecture estim\u00e9e":"2 minutes"},"schema":{"@context":"https:\/\/schema.org","@graph":[{"@type":"WebPage","@id":"https:\/\/new.albatartufi.com\/fr\/shop\/sel-a-la-truffe-blanche-dalba\/","url":"https:\/\/new.albatartufi.com\/fr\/shop\/sel-a-la-truffe-blanche-dalba\/","name":"Sel \u00e0 la truffe blanche d'Alba - Truffe d'Alba (Pi\u00e9mont - Italie)","isPartOf":{"@id":"https:\/\/new.albatartufi.com\/#website"},"primaryImageOfPage":{"@id":"https:\/\/new.albatartufi.com\/fr\/shop\/sel-a-la-truffe-blanche-dalba\/#primaryimage"},"image":{"@id":"https:\/\/new.albatartufi.com\/fr\/shop\/sel-a-la-truffe-blanche-dalba\/#primaryimage"},"thumbnailUrl":"https:\/\/new.albatartufi.com\/wp-content\/uploads\/2025\/09\/saletartufo100-1.png","datePublished":"2025-09-22T15:18:31+00:00","dateModified":"2025-10-14T15:02:03+00:00","description":"Agr\u00e9ment\u00e9 de petits copeaux de truffe, ce pr\u00e9cieux m\u00e9lange est id\u00e9al pour relever tous les plats chauds : p\u00e2tes, viande, poisson, \u0153ufs, fromage, salades, pommes de terre et l\u00e9gumes.","breadcrumb":{"@id":"https:\/\/new.albatartufi.com\/fr\/shop\/sel-a-la-truffe-blanche-dalba\/#breadcrumb"},"inLanguage":"fr-FR","potentialAction":[{"@type":"ReadAction","target":["https:\/\/new.albatartufi.com\/fr\/shop\/sel-a-la-truffe-blanche-dalba\/"]}]},{"@type":"ImageObject","inLanguage":"fr-FR","@id":"https:\/\/new.albatartufi.com\/fr\/shop\/sel-a-la-truffe-blanche-dalba\/#primaryimage","url":"https:\/\/new.albatartufi.com\/wp-content\/uploads\/2025\/09\/saletartufo100-1.png","contentUrl":"https:\/\/new.albatartufi.com\/wp-content\/uploads\/2025\/09\/saletartufo100-1.png","width":800,"height":800,"caption":"Sale con Tartufo Bianco d'Alba"},{"@type":"BreadcrumbList","@id":"https:\/\/new.albatartufi.com\/fr\/shop\/sel-a-la-truffe-blanche-dalba\/#breadcrumb","itemListElement":[{"@type":"ListItem","position":1,"name":"Home","item":"https:\/\/new.albatartufi.com\/fr\/truffe-dalba-piemont-italie\/"},{"@type":"ListItem","position":2,"name":"Boutique","item":"https:\/\/new.albatartufi.com\/fr\/boutique\/"},{"@type":"ListItem","position":3,"name":"Sel \u00e0 la truffe blanche d&#8217;Alba"}]},{"@type":"WebSite","@id":"https:\/\/new.albatartufi.com\/#website","url":"https:\/\/new.albatartufi.com\/","name":"Alba Tartufi","description":"Tartufo di Alba (Piemonte - Italia)","publisher":{"@id":"https:\/\/new.albatartufi.com\/#organization"},"potentialAction":[{"@type":"SearchAction","target":{"@type":"EntryPoint","urlTemplate":"https:\/\/new.albatartufi.com\/?s={search_term_string}"},"query-input":{"@type":"PropertyValueSpecification","valueRequired":true,"valueName":"search_term_string"}}],"inLanguage":"fr-FR"},{"@type":"Organization","@id":"https:\/\/new.albatartufi.com\/#organization","name":"Alba Tartufi","url":"https:\/\/new.albatartufi.com\/","logo":{"@type":"ImageObject","inLanguage":"fr-FR","@id":"https:\/\/new.albatartufi.com\/#\/schema\/logo\/image\/","url":"https:\/\/new.albatartufi.com\/wp-content\/uploads\/2025\/09\/cropped-logo_alba_tartufi.webp","contentUrl":"https:\/\/new.albatartufi.com\/wp-content\/uploads\/2025\/09\/cropped-logo_alba_tartufi.webp","width":389,"height":211,"caption":"Alba Tartufi"},"image":{"@id":"https:\/\/new.albatartufi.com\/#\/schema\/logo\/image\/"},"sameAs":["https:\/\/www.facebook.com\/albatartufi","https:\/\/x.com\/albatartufi","https:\/\/www.instagram.com\/albatartufi\/"]}]}},"_links":{"self":[{"href":"https:\/\/new.albatartufi.com\/fr\/wp-json\/wp\/v2\/product\/988831","targetHints":{"allow":["GET"]}}],"collection":[{"href":"https:\/\/new.albatartufi.com\/fr\/wp-json\/wp\/v2\/product"}],"about":[{"href":"https:\/\/new.albatartufi.com\/fr\/wp-json\/wp\/v2\/types\/product"}],"version-history":[{"count":2,"href":"https:\/\/new.albatartufi.com\/fr\/wp-json\/wp\/v2\/product\/988831\/revisions"}],"predecessor-version":[{"id":994381,"href":"https:\/\/new.albatartufi.com\/fr\/wp-json\/wp\/v2\/product\/988831\/revisions\/994381"}],"wp:featuredmedia":[{"embeddable":true,"href":"https:\/\/new.albatartufi.com\/fr\/wp-json\/wp\/v2\/media\/994363"}],"wp:attachment":[{"href":"https:\/\/new.albatartufi.com\/fr\/wp-json\/wp\/v2\/media?parent=988831"}],"wp:term":[{"taxonomy":"product_brand","embeddable":true,"href":"https:\/\/new.albatartufi.com\/fr\/wp-json\/wp\/v2\/product_brand?post=988831"},{"taxonomy":"product_cat","embeddable":true,"href":"https:\/\/new.albatartufi.com\/fr\/wp-json\/wp\/v2\/product_cat?post=988831"},{"taxonomy":"product_tag","embeddable":true,"href":"https:\/\/new.albatartufi.com\/fr\/wp-json\/wp\/v2\/product_tag?post=988831"}],"curies":[{"name":"wp","href":"https:\/\/api.w.org\/{rel}","templated":true}]}}