{"id":988836,"date":"2025-09-22T15:14:26","date_gmt":"2025-09-22T15:14:26","guid":{"rendered":"https:\/\/new.albatartufi.com\/prodotto\/tranches-de-truffe-noire-dete\/"},"modified":"2025-10-14T15:03:09","modified_gmt":"2025-10-14T15:03:09","slug":"tranches-de-truffe-noire-dete","status":"publish","type":"product","link":"https:\/\/new.albatartufi.com\/fr\/shop\/tranches-de-truffe-noire-dete\/","title":{"rendered":"Tranches de truffe noire d&rsquo;\u00e9t\u00e9"},"content":{"rendered":"<div class=\"vgblk-rw-wrapper limit-wrapper\">\n<h4>Pot de 80 g (25 g \u00e9goutt\u00e9s)<\/h4>\n<h4 class=\"text-dark\">UTILISATION RECOMMAND\u00c9E<\/h4>\n<p class=\"text-muted\">Les tranches de truffe noire d&rsquo;\u00e9t\u00e9 \u00e0 l&rsquo;huile d&rsquo;olive peuvent \u00eatre utilis\u00e9es dans les carpaccios de viande, les riz aux champignons, les salades estivales et les pizzas. Pour rehausser et garnir vos plats chauds et froids, disposez-les directement dans l&rsquo;assiette en fin de cuisson. Si vous le souhaitez, l&rsquo;huile peut \u00e9galement parfumer vos recettes.<\/p>\n<h5 class=\"text-dark mb-0 mt-2\">STOCKAGE<\/h5>\n<p class=\"text-muted\">Le produit conserve ses caract\u00e9ristiques inchang\u00e9es depuis la date de fabrication pour les dur\u00e9es et temp\u00e9ratures d\u00e9finies ci-dessous : au r\u00e9frig\u00e9rateur (+4\u00b0C) &#8211; une fois ouvert, \u00e0 conserver au r\u00e9frig\u00e9rateur recouvert d&rsquo;huile et \u00e0 consommer sous quelques jours ; \u00e0 temp\u00e9rature ambiante &#8211; en pot ferm\u00e9, \u00e0 consommer avant la date de p\u00e9remption indiqu\u00e9e sur le pot (D.M.C).<\/p>\n<h5 class=\"text-dark mb-0 mt-2\">INGR\u00c9DIENTS<\/h5>\n<p class=\"text-muted\">Truffe noire d&rsquo;\u00e9t\u00e9 65% (Tuber aestivum Vitt.), huile d&rsquo;olive vierge extra 34%, sel 1%.<\/p>\n<h5 class=\"text-dark mb-0 mt-2\">PR\u00c9SENCE D&rsquo;ALLERG\u00c8NES<\/h5>\n<p class=\"text-muted\">Non.<\/p>\n<h5 class=\"text-dark mb-0 mt-2\">PR\u00c9SENCE D&rsquo;OGM<\/h5>\n<p class=\"text-muted\">Non.<\/p>\n<h5 class=\"text-dark mb-0 mt-2\">DUREE MINIMUM DE CONSERVATION (D.M.C.)<\/h5>\n<p class=\"text-muted\">48 mois.<\/p>\n<h5 class=\"text-dark mb-0 mt-2\">CARACT\u00c9RISTIQUES NUTRITIONNELLES<\/h5>\n<p>SUCRES<\/p>\n<table class=\"tabella-nut\">\n<thead>\n<tr>\n<td>PARAM\u00c8TRE<\/td>\n<td>VALEURS<\/td>\n<\/tr>\n<\/thead>\n<tbody>\n<tr>\n<td>VALEUR \u00c9NERG\u00c9TIQUE<\/td>\n<td>413 kJ<\/td>\n<\/tr>\n<tr>\n<td>KCAL<\/td>\n<td>98,8<\/td>\n<\/tr>\n<tr>\n<td>MATI\u00c8RES GRASSES<\/td>\n<td>116,5 g<\/td>\n<\/tr>\n<tr>\n<td>MATI\u00c8RES GRASSES DONT ACIDES GRAS SATUR\u00c9S<\/td>\n<td>7 g<\/td>\n<\/tr>\n<tr>\n<td>GLUCIDES<\/td>\n<td>0,45 g<\/td>\n<\/tr>\n<tr>\n<td>DONT<\/td>\n<td>&lt;0,01 g<\/td>\n<\/tr>\n<tr>\n<td>PROT\u00c9INES<\/td>\n<td>3,9 g<\/td>\n<\/tr>\n<tr>\n<td>Sel<\/td>\n<td>1g<\/td>\n<\/tr>\n<\/tbody>\n<\/table>\n<\/div>\n<p><!-- .vgblk-rw-wrapper --><\/p>\n","protected":false},"excerpt":{"rendered":"<p>Pot de 80 g (25 g \u00e9goutt\u00e9s) UTILISATION RECOMMAND\u00c9E Les tranches de truffe noire d&rsquo;\u00e9t\u00e9 \u00e0 l&rsquo;huile d&rsquo;olive peuvent \u00eatre utilis\u00e9es dans les carpaccios de viande, les riz aux champignons, les salades estivales et les pizzas. Pour rehausser et garnir vos plats chauds et froids, disposez-les directement dans l&rsquo;assiette en fin de cuisson. Si vous&#8230;<\/p>\n","protected":false},"featured_media":994367,"template":"","meta":{"inline_featured_image":false},"product_brand":[],"product_cat":[69],"product_tag":[],"class_list":{"0":"post-988836","1":"product","2":"type-product","3":"status-publish","4":"has-post-thumbnail","6":"product_cat-truffes-conservees","8":"first","9":"instock","10":"shipping-taxable","11":"purchasable","12":"product-type-simple"},"yoast_head":"<!-- This site is optimized with the Yoast SEO plugin v26.2 - https:\/\/yoast.com\/wordpress\/plugins\/seo\/ -->\n<title>Tranches de truffe noire d&#039;\u00e9t\u00e9 - Truffe d&#039;Alba (Pi\u00e9mont - Italie)<\/title>\n<meta name=\"description\" content=\"Les tranches de truffe noire d&#039;\u00e9t\u00e9 \u00e0 l&#039;huile d&#039;olive peuvent \u00eatre utilis\u00e9es dans les carpaccios de viande, les riz aux champignons, les salades estivales et les pizzas.\" \/>\n<meta name=\"robots\" content=\"index, follow, max-snippet:-1, max-image-preview:large, max-video-preview:-1\" \/>\n<link rel=\"canonical\" href=\"https:\/\/new.albatartufi.com\/fr\/shop\/tranches-de-truffe-noire-dete\/\" \/>\n<meta property=\"og:locale\" content=\"fr_FR\" \/>\n<meta property=\"og:type\" content=\"article\" \/>\n<meta property=\"og:title\" content=\"Tranches de truffe noire d&#039;\u00e9t\u00e9 - Truffe d&#039;Alba (Pi\u00e9mont - Italie)\" \/>\n<meta property=\"og:description\" content=\"Les tranches de truffe noire d&#039;\u00e9t\u00e9 \u00e0 l&#039;huile d&#039;olive peuvent \u00eatre utilis\u00e9es dans les carpaccios de viande, les riz aux champignons, les salades estivales et les pizzas.\" \/>\n<meta property=\"og:url\" content=\"https:\/\/new.albatartufi.com\/fr\/shop\/tranches-de-truffe-noire-dete\/\" \/>\n<meta property=\"og:site_name\" content=\"Truffe d&#039;Alba (Pi\u00e9mont - Italie)\" \/>\n<meta property=\"article:publisher\" content=\"https:\/\/www.facebook.com\/albatartufi\" \/>\n<meta property=\"article:modified_time\" content=\"2025-10-14T15:03:09+00:00\" \/>\n<meta property=\"og:image\" content=\"https:\/\/new.albatartufi.com\/wp-content\/uploads\/2025\/09\/fettine_tartufo_nero-1.png\" \/>\n\t<meta property=\"og:image:width\" content=\"800\" \/>\n\t<meta property=\"og:image:height\" content=\"800\" \/>\n\t<meta property=\"og:image:type\" content=\"image\/png\" \/>\n<meta name=\"twitter:card\" content=\"summary_large_image\" \/>\n<meta name=\"twitter:site\" content=\"@albatartufi\" \/>\n<meta name=\"twitter:label1\" content=\"Dur\u00e9e de lecture estim\u00e9e\" \/>\n\t<meta name=\"twitter:data1\" content=\"2 minutes\" \/>\n<script type=\"application\/ld+json\" class=\"yoast-schema-graph\">{\"@context\":\"https:\/\/schema.org\",\"@graph\":[{\"@type\":\"WebPage\",\"@id\":\"https:\/\/new.albatartufi.com\/fr\/shop\/tranches-de-truffe-noire-dete\/\",\"url\":\"https:\/\/new.albatartufi.com\/fr\/shop\/tranches-de-truffe-noire-dete\/\",\"name\":\"Tranches de truffe noire d'\u00e9t\u00e9 - Truffe d'Alba (Pi\u00e9mont - Italie)\",\"isPartOf\":{\"@id\":\"https:\/\/new.albatartufi.com\/#website\"},\"primaryImageOfPage\":{\"@id\":\"https:\/\/new.albatartufi.com\/fr\/shop\/tranches-de-truffe-noire-dete\/#primaryimage\"},\"image\":{\"@id\":\"https:\/\/new.albatartufi.com\/fr\/shop\/tranches-de-truffe-noire-dete\/#primaryimage\"},\"thumbnailUrl\":\"https:\/\/new.albatartufi.com\/wp-content\/uploads\/2025\/09\/fettine_tartufo_nero-1.png\",\"datePublished\":\"2025-09-22T15:14:26+00:00\",\"dateModified\":\"2025-10-14T15:03:09+00:00\",\"description\":\"Les tranches de truffe noire d'\u00e9t\u00e9 \u00e0 l'huile d'olive peuvent \u00eatre utilis\u00e9es dans les carpaccios de viande, les riz aux champignons, les salades estivales et les pizzas.\",\"breadcrumb\":{\"@id\":\"https:\/\/new.albatartufi.com\/fr\/shop\/tranches-de-truffe-noire-dete\/#breadcrumb\"},\"inLanguage\":\"fr-FR\",\"potentialAction\":[{\"@type\":\"ReadAction\",\"target\":[\"https:\/\/new.albatartufi.com\/fr\/shop\/tranches-de-truffe-noire-dete\/\"]}]},{\"@type\":\"ImageObject\",\"inLanguage\":\"fr-FR\",\"@id\":\"https:\/\/new.albatartufi.com\/fr\/shop\/tranches-de-truffe-noire-dete\/#primaryimage\",\"url\":\"https:\/\/new.albatartufi.com\/wp-content\/uploads\/2025\/09\/fettine_tartufo_nero-1.png\",\"contentUrl\":\"https:\/\/new.albatartufi.com\/wp-content\/uploads\/2025\/09\/fettine_tartufo_nero-1.png\",\"width\":800,\"height\":800,\"caption\":\"Fettine di tartufo Nero\"},{\"@type\":\"BreadcrumbList\",\"@id\":\"https:\/\/new.albatartufi.com\/fr\/shop\/tranches-de-truffe-noire-dete\/#breadcrumb\",\"itemListElement\":[{\"@type\":\"ListItem\",\"position\":1,\"name\":\"Home\",\"item\":\"https:\/\/new.albatartufi.com\/fr\/truffe-dalba-piemont-italie\/\"},{\"@type\":\"ListItem\",\"position\":2,\"name\":\"Boutique\",\"item\":\"https:\/\/new.albatartufi.com\/fr\/boutique\/\"},{\"@type\":\"ListItem\",\"position\":3,\"name\":\"Tranches de truffe noire d&#8217;\u00e9t\u00e9\"}]},{\"@type\":\"WebSite\",\"@id\":\"https:\/\/new.albatartufi.com\/#website\",\"url\":\"https:\/\/new.albatartufi.com\/\",\"name\":\"Alba Tartufi\",\"description\":\"Tartufo di Alba (Piemonte - Italia)\",\"publisher\":{\"@id\":\"https:\/\/new.albatartufi.com\/#organization\"},\"potentialAction\":[{\"@type\":\"SearchAction\",\"target\":{\"@type\":\"EntryPoint\",\"urlTemplate\":\"https:\/\/new.albatartufi.com\/?s={search_term_string}\"},\"query-input\":{\"@type\":\"PropertyValueSpecification\",\"valueRequired\":true,\"valueName\":\"search_term_string\"}}],\"inLanguage\":\"fr-FR\"},{\"@type\":\"Organization\",\"@id\":\"https:\/\/new.albatartufi.com\/#organization\",\"name\":\"Alba Tartufi\",\"url\":\"https:\/\/new.albatartufi.com\/\",\"logo\":{\"@type\":\"ImageObject\",\"inLanguage\":\"fr-FR\",\"@id\":\"https:\/\/new.albatartufi.com\/#\/schema\/logo\/image\/\",\"url\":\"https:\/\/new.albatartufi.com\/wp-content\/uploads\/2025\/09\/cropped-logo_alba_tartufi.webp\",\"contentUrl\":\"https:\/\/new.albatartufi.com\/wp-content\/uploads\/2025\/09\/cropped-logo_alba_tartufi.webp\",\"width\":389,\"height\":211,\"caption\":\"Alba Tartufi\"},\"image\":{\"@id\":\"https:\/\/new.albatartufi.com\/#\/schema\/logo\/image\/\"},\"sameAs\":[\"https:\/\/www.facebook.com\/albatartufi\",\"https:\/\/x.com\/albatartufi\",\"https:\/\/www.instagram.com\/albatartufi\/\"]}]}<\/script>\n<!-- \/ Yoast SEO plugin. -->","yoast_head_json":{"title":"Tranches de truffe noire d'\u00e9t\u00e9 - Truffe d'Alba (Pi\u00e9mont - Italie)","description":"Les tranches de truffe noire d'\u00e9t\u00e9 \u00e0 l'huile d'olive peuvent \u00eatre utilis\u00e9es dans les carpaccios de viande, les riz aux champignons, les salades estivales et les pizzas.","robots":{"index":"index","follow":"follow","max-snippet":"max-snippet:-1","max-image-preview":"max-image-preview:large","max-video-preview":"max-video-preview:-1"},"canonical":"https:\/\/new.albatartufi.com\/fr\/shop\/tranches-de-truffe-noire-dete\/","og_locale":"fr_FR","og_type":"article","og_title":"Tranches de truffe noire d'\u00e9t\u00e9 - Truffe d'Alba (Pi\u00e9mont - Italie)","og_description":"Les tranches de truffe noire d'\u00e9t\u00e9 \u00e0 l'huile d'olive peuvent \u00eatre utilis\u00e9es dans les carpaccios de viande, les riz aux champignons, les salades estivales et les pizzas.","og_url":"https:\/\/new.albatartufi.com\/fr\/shop\/tranches-de-truffe-noire-dete\/","og_site_name":"Truffe d'Alba (Pi\u00e9mont - Italie)","article_publisher":"https:\/\/www.facebook.com\/albatartufi","article_modified_time":"2025-10-14T15:03:09+00:00","og_image":[{"width":800,"height":800,"url":"https:\/\/new.albatartufi.com\/wp-content\/uploads\/2025\/09\/fettine_tartufo_nero-1.png","type":"image\/png"}],"twitter_card":"summary_large_image","twitter_site":"@albatartufi","twitter_misc":{"Dur\u00e9e de lecture estim\u00e9e":"2 minutes"},"schema":{"@context":"https:\/\/schema.org","@graph":[{"@type":"WebPage","@id":"https:\/\/new.albatartufi.com\/fr\/shop\/tranches-de-truffe-noire-dete\/","url":"https:\/\/new.albatartufi.com\/fr\/shop\/tranches-de-truffe-noire-dete\/","name":"Tranches de truffe noire d'\u00e9t\u00e9 - Truffe d'Alba (Pi\u00e9mont - Italie)","isPartOf":{"@id":"https:\/\/new.albatartufi.com\/#website"},"primaryImageOfPage":{"@id":"https:\/\/new.albatartufi.com\/fr\/shop\/tranches-de-truffe-noire-dete\/#primaryimage"},"image":{"@id":"https:\/\/new.albatartufi.com\/fr\/shop\/tranches-de-truffe-noire-dete\/#primaryimage"},"thumbnailUrl":"https:\/\/new.albatartufi.com\/wp-content\/uploads\/2025\/09\/fettine_tartufo_nero-1.png","datePublished":"2025-09-22T15:14:26+00:00","dateModified":"2025-10-14T15:03:09+00:00","description":"Les tranches de truffe noire d'\u00e9t\u00e9 \u00e0 l'huile d'olive peuvent \u00eatre utilis\u00e9es dans les carpaccios de viande, les riz aux champignons, les salades estivales et les pizzas.","breadcrumb":{"@id":"https:\/\/new.albatartufi.com\/fr\/shop\/tranches-de-truffe-noire-dete\/#breadcrumb"},"inLanguage":"fr-FR","potentialAction":[{"@type":"ReadAction","target":["https:\/\/new.albatartufi.com\/fr\/shop\/tranches-de-truffe-noire-dete\/"]}]},{"@type":"ImageObject","inLanguage":"fr-FR","@id":"https:\/\/new.albatartufi.com\/fr\/shop\/tranches-de-truffe-noire-dete\/#primaryimage","url":"https:\/\/new.albatartufi.com\/wp-content\/uploads\/2025\/09\/fettine_tartufo_nero-1.png","contentUrl":"https:\/\/new.albatartufi.com\/wp-content\/uploads\/2025\/09\/fettine_tartufo_nero-1.png","width":800,"height":800,"caption":"Fettine di tartufo Nero"},{"@type":"BreadcrumbList","@id":"https:\/\/new.albatartufi.com\/fr\/shop\/tranches-de-truffe-noire-dete\/#breadcrumb","itemListElement":[{"@type":"ListItem","position":1,"name":"Home","item":"https:\/\/new.albatartufi.com\/fr\/truffe-dalba-piemont-italie\/"},{"@type":"ListItem","position":2,"name":"Boutique","item":"https:\/\/new.albatartufi.com\/fr\/boutique\/"},{"@type":"ListItem","position":3,"name":"Tranches de truffe noire d&#8217;\u00e9t\u00e9"}]},{"@type":"WebSite","@id":"https:\/\/new.albatartufi.com\/#website","url":"https:\/\/new.albatartufi.com\/","name":"Alba Tartufi","description":"Tartufo di Alba (Piemonte - Italia)","publisher":{"@id":"https:\/\/new.albatartufi.com\/#organization"},"potentialAction":[{"@type":"SearchAction","target":{"@type":"EntryPoint","urlTemplate":"https:\/\/new.albatartufi.com\/?s={search_term_string}"},"query-input":{"@type":"PropertyValueSpecification","valueRequired":true,"valueName":"search_term_string"}}],"inLanguage":"fr-FR"},{"@type":"Organization","@id":"https:\/\/new.albatartufi.com\/#organization","name":"Alba Tartufi","url":"https:\/\/new.albatartufi.com\/","logo":{"@type":"ImageObject","inLanguage":"fr-FR","@id":"https:\/\/new.albatartufi.com\/#\/schema\/logo\/image\/","url":"https:\/\/new.albatartufi.com\/wp-content\/uploads\/2025\/09\/cropped-logo_alba_tartufi.webp","contentUrl":"https:\/\/new.albatartufi.com\/wp-content\/uploads\/2025\/09\/cropped-logo_alba_tartufi.webp","width":389,"height":211,"caption":"Alba Tartufi"},"image":{"@id":"https:\/\/new.albatartufi.com\/#\/schema\/logo\/image\/"},"sameAs":["https:\/\/www.facebook.com\/albatartufi","https:\/\/x.com\/albatartufi","https:\/\/www.instagram.com\/albatartufi\/"]}]}},"_links":{"self":[{"href":"https:\/\/new.albatartufi.com\/fr\/wp-json\/wp\/v2\/product\/988836","targetHints":{"allow":["GET"]}}],"collection":[{"href":"https:\/\/new.albatartufi.com\/fr\/wp-json\/wp\/v2\/product"}],"about":[{"href":"https:\/\/new.albatartufi.com\/fr\/wp-json\/wp\/v2\/types\/product"}],"version-history":[{"count":3,"href":"https:\/\/new.albatartufi.com\/fr\/wp-json\/wp\/v2\/product\/988836\/revisions"}],"predecessor-version":[{"id":994383,"href":"https:\/\/new.albatartufi.com\/fr\/wp-json\/wp\/v2\/product\/988836\/revisions\/994383"}],"wp:featuredmedia":[{"embeddable":true,"href":"https:\/\/new.albatartufi.com\/fr\/wp-json\/wp\/v2\/media\/994367"}],"wp:attachment":[{"href":"https:\/\/new.albatartufi.com\/fr\/wp-json\/wp\/v2\/media?parent=988836"}],"wp:term":[{"taxonomy":"product_brand","embeddable":true,"href":"https:\/\/new.albatartufi.com\/fr\/wp-json\/wp\/v2\/product_brand?post=988836"},{"taxonomy":"product_cat","embeddable":true,"href":"https:\/\/new.albatartufi.com\/fr\/wp-json\/wp\/v2\/product_cat?post=988836"},{"taxonomy":"product_tag","embeddable":true,"href":"https:\/\/new.albatartufi.com\/fr\/wp-json\/wp\/v2\/product_tag?post=988836"}],"curies":[{"name":"wp","href":"https:\/\/api.w.org\/{rel}","templated":true}]}}