{"id":988853,"date":"2025-09-22T15:05:16","date_gmt":"2025-09-22T15:05:16","guid":{"rendered":"https:\/\/new.albatartufi.com\/prodotto\/creme-a-la-truffe\/"},"modified":"2025-10-14T15:04:42","modified_gmt":"2025-10-14T15:04:42","slug":"creme-a-la-truffe","status":"publish","type":"product","link":"https:\/\/new.albatartufi.com\/fr\/shop\/creme-a-la-truffe\/","title":{"rendered":"Cr\u00e8me \u00e0 la truffe"},"content":{"rendered":"<div class=\"vgblk-rw-wrapper limit-wrapper\">\n<h4>Pot de 180g.<\/h4>\n<h4 class=\"text-dark\">UTILISATION RECOMMAND\u00c9E<\/h4>\n<p class=\"text-muted\">Cr\u00e8me \u00e0 base de champignons de Paris, d&rsquo;olives et de truffe noire d&rsquo;\u00e9t\u00e9, principalement utilis\u00e9e pour assaisonner les entr\u00e9es et les bruschette savoureuses. C&rsquo;est un produit classique pour tous les plats \u00e0 base de truffe. La cr\u00e8me \u00e0 la truffe permet \u00e9galement de rehausser les plats au go\u00fbt d\u00e9licat, en les enrichissant de parfums et de sensations.<\/p>\n<h5 class=\"text-dark mb-0 mt-2\">STOCKAGE<\/h5>\n<p class=\"text-muted\">Le produit conserve ses caract\u00e9ristiques inchang\u00e9es depuis la date de fabrication pour les dur\u00e9es et temp\u00e9ratures d\u00e9finies ci-dessous : au r\u00e9frig\u00e9rateur (+4\u00b0C) &#8211; une fois ouvert, \u00e0 conserver au r\u00e9frig\u00e9rateur recouvert d&rsquo;huile et \u00e0 consommer sous quelques jours ; \u00e0 temp\u00e9rature ambiante &#8211; en pot ferm\u00e9, \u00e0 consommer avant la date de p\u00e9remption indiqu\u00e9e sur le pot (D.M.C).<\/p>\n<h5 class=\"text-dark mb-0 mt-2\">INGR\u00c9DIENTS<\/h5>\n<p class=\"text-muted\">C\u00e8pes 60,0%, Huile d&rsquo;olive vierge extra 29,5%, Truffe noire d&rsquo;\u00e9t\u00e9 (Tuber aestivum Vitt.) 5,0%, Olives noires 4,0%, Herbes aromatiques et \u00e9pices (ail, \u00e9chalote, poireau) 0,1%, Ar\u00f4me de truffe blanche 0,4%, Sel 1,0%.<\/p>\n<h5 class=\"text-dark mb-0 mt-2\">PR\u00c9SENCE D&rsquo;ALLERG\u00c8NES<\/h5>\n<p class=\"text-muted\">Non.<\/p>\n<h5 class=\"text-dark mb-0 mt-2\">PR\u00c9SENCE D&rsquo;OGM<\/h5>\n<p class=\"text-muted\">Non.<\/p>\n<h5 class=\"text-dark mb-0 mt-2\">DUREE MINIMUM DE CONSERVATION (D.M.C.)<\/h5>\n<p class=\"text-muted\">48 mois.<\/p>\n<h5 class=\"text-dark mb-0 mt-2\">CARACT\u00c9RISTIQUES NUTRITIONNELLES<\/h5>\n<p>0,05 g<\/p>\n<table class=\"tabella-nut\">\n<thead>\n<tr>\n<td>PARAM\u00c8TRE<\/td>\n<td>VALEURS<\/td>\n<\/tr>\n<\/thead>\n<tbody>\n<tr>\n<td>VALEUR \u00c9NERG\u00c9TIQUE<\/td>\n<td>1348 kJ<\/td>\n<\/tr>\n<tr>\n<td>KCAL<\/td>\n<td>327<\/td>\n<\/tr>\n<tr>\n<td>GRAISSES<\/td>\n<td>34 g<\/td>\n<\/tr>\n<tr>\n<td>MATI\u00c8RES GRASSES DONT ACIDES GRAS SATUR\u00c9S<\/td>\n<td>6,2 g<\/td>\n<\/tr>\n<tr>\n<td>GLUCIDES<\/td>\n<td>1,4 g<\/td>\n<\/tr>\n<tr>\n<td>DONT SUCRES<\/td>\n<td>&lt;<\/td>\n<\/tr>\n<tr>\n<td>PROTEINE<\/td>\n<td>3,4 g<\/td>\n<\/tr>\n<tr>\n<td>SEL<\/td>\n<td>0,74 g<\/td>\n<\/tr>\n<\/tbody>\n<\/table>\n<\/div>\n<p><!-- .vgblk-rw-wrapper --><\/p>\n","protected":false},"excerpt":{"rendered":"<p>Pot de 180g. UTILISATION RECOMMAND\u00c9E Cr\u00e8me \u00e0 base de champignons de Paris, d&rsquo;olives et de truffe noire d&rsquo;\u00e9t\u00e9, principalement utilis\u00e9e pour assaisonner les entr\u00e9es et les bruschette savoureuses. C&rsquo;est un produit classique pour tous les plats \u00e0 base de truffe. La cr\u00e8me \u00e0 la truffe permet \u00e9galement de rehausser les plats au go\u00fbt d\u00e9licat, en&#8230;<\/p>\n","protected":false},"featured_media":994344,"template":"","meta":{"inline_featured_image":false},"product_brand":[],"product_cat":[69],"product_tag":[],"class_list":{"0":"post-988853","1":"product","2":"type-product","3":"status-publish","4":"has-post-thumbnail","6":"product_cat-truffes-conservees","8":"first","9":"instock","10":"shipping-taxable","11":"purchasable","12":"product-type-simple"},"yoast_head":"<!-- This site is optimized with the Yoast SEO plugin v26.2 - https:\/\/yoast.com\/wordpress\/plugins\/seo\/ -->\n<title>Cr\u00e8me \u00e0 la truffe - Truffe d&#039;Alba (Pi\u00e9mont - Italie)<\/title>\n<meta name=\"description\" content=\"Cr\u00e8me \u00e0 base de champignons de Paris, d&#039;olives et de truffe noire d&#039;\u00e9t\u00e9, principalement utilis\u00e9e pour assaisonner les entr\u00e9es et les bruschette savoureuses.\" \/>\n<meta name=\"robots\" content=\"index, follow, max-snippet:-1, max-image-preview:large, max-video-preview:-1\" \/>\n<link rel=\"canonical\" href=\"https:\/\/new.albatartufi.com\/fr\/shop\/creme-a-la-truffe\/\" \/>\n<meta property=\"og:locale\" content=\"fr_FR\" \/>\n<meta property=\"og:type\" content=\"article\" \/>\n<meta property=\"og:title\" content=\"Cr\u00e8me \u00e0 la truffe - Truffe d&#039;Alba (Pi\u00e9mont - Italie)\" \/>\n<meta property=\"og:description\" content=\"Cr\u00e8me \u00e0 base de champignons de Paris, d&#039;olives et de truffe noire d&#039;\u00e9t\u00e9, principalement utilis\u00e9e pour assaisonner les entr\u00e9es et les bruschette savoureuses.\" \/>\n<meta property=\"og:url\" content=\"https:\/\/new.albatartufi.com\/fr\/shop\/creme-a-la-truffe\/\" \/>\n<meta property=\"og:site_name\" content=\"Truffe d&#039;Alba (Pi\u00e9mont - Italie)\" \/>\n<meta property=\"article:publisher\" content=\"https:\/\/www.facebook.com\/albatartufi\" \/>\n<meta property=\"article:modified_time\" content=\"2025-10-14T15:04:42+00:00\" \/>\n<meta property=\"og:image\" content=\"https:\/\/new.albatartufi.com\/wp-content\/uploads\/2025\/09\/salsa_tartufata-1.png\" \/>\n\t<meta property=\"og:image:width\" content=\"800\" \/>\n\t<meta property=\"og:image:height\" content=\"800\" \/>\n\t<meta property=\"og:image:type\" content=\"image\/png\" \/>\n<meta name=\"twitter:card\" content=\"summary_large_image\" \/>\n<meta name=\"twitter:site\" content=\"@albatartufi\" \/>\n<meta name=\"twitter:label1\" content=\"Dur\u00e9e de lecture estim\u00e9e\" \/>\n\t<meta name=\"twitter:data1\" content=\"2 minutes\" \/>\n<script type=\"application\/ld+json\" class=\"yoast-schema-graph\">{\"@context\":\"https:\/\/schema.org\",\"@graph\":[{\"@type\":\"WebPage\",\"@id\":\"https:\/\/new.albatartufi.com\/fr\/shop\/creme-a-la-truffe\/\",\"url\":\"https:\/\/new.albatartufi.com\/fr\/shop\/creme-a-la-truffe\/\",\"name\":\"Cr\u00e8me \u00e0 la truffe - Truffe d'Alba (Pi\u00e9mont - Italie)\",\"isPartOf\":{\"@id\":\"https:\/\/new.albatartufi.com\/#website\"},\"primaryImageOfPage\":{\"@id\":\"https:\/\/new.albatartufi.com\/fr\/shop\/creme-a-la-truffe\/#primaryimage\"},\"image\":{\"@id\":\"https:\/\/new.albatartufi.com\/fr\/shop\/creme-a-la-truffe\/#primaryimage\"},\"thumbnailUrl\":\"https:\/\/new.albatartufi.com\/wp-content\/uploads\/2025\/09\/salsa_tartufata-1.png\",\"datePublished\":\"2025-09-22T15:05:16+00:00\",\"dateModified\":\"2025-10-14T15:04:42+00:00\",\"description\":\"Cr\u00e8me \u00e0 base de champignons de Paris, d'olives et de truffe noire d'\u00e9t\u00e9, principalement utilis\u00e9e pour assaisonner les entr\u00e9es et les bruschette savoureuses.\",\"breadcrumb\":{\"@id\":\"https:\/\/new.albatartufi.com\/fr\/shop\/creme-a-la-truffe\/#breadcrumb\"},\"inLanguage\":\"fr-FR\",\"potentialAction\":[{\"@type\":\"ReadAction\",\"target\":[\"https:\/\/new.albatartufi.com\/fr\/shop\/creme-a-la-truffe\/\"]}]},{\"@type\":\"ImageObject\",\"inLanguage\":\"fr-FR\",\"@id\":\"https:\/\/new.albatartufi.com\/fr\/shop\/creme-a-la-truffe\/#primaryimage\",\"url\":\"https:\/\/new.albatartufi.com\/wp-content\/uploads\/2025\/09\/salsa_tartufata-1.png\",\"contentUrl\":\"https:\/\/new.albatartufi.com\/wp-content\/uploads\/2025\/09\/salsa_tartufata-1.png\",\"width\":800,\"height\":800,\"caption\":\"Crema Tartufata\"},{\"@type\":\"BreadcrumbList\",\"@id\":\"https:\/\/new.albatartufi.com\/fr\/shop\/creme-a-la-truffe\/#breadcrumb\",\"itemListElement\":[{\"@type\":\"ListItem\",\"position\":1,\"name\":\"Home\",\"item\":\"https:\/\/new.albatartufi.com\/fr\/truffe-dalba-piemont-italie\/\"},{\"@type\":\"ListItem\",\"position\":2,\"name\":\"Boutique\",\"item\":\"https:\/\/new.albatartufi.com\/fr\/boutique\/\"},{\"@type\":\"ListItem\",\"position\":3,\"name\":\"Cr\u00e8me \u00e0 la truffe\"}]},{\"@type\":\"WebSite\",\"@id\":\"https:\/\/new.albatartufi.com\/#website\",\"url\":\"https:\/\/new.albatartufi.com\/\",\"name\":\"Alba Tartufi\",\"description\":\"Tartufo di Alba (Piemonte - Italia)\",\"publisher\":{\"@id\":\"https:\/\/new.albatartufi.com\/#organization\"},\"potentialAction\":[{\"@type\":\"SearchAction\",\"target\":{\"@type\":\"EntryPoint\",\"urlTemplate\":\"https:\/\/new.albatartufi.com\/?s={search_term_string}\"},\"query-input\":{\"@type\":\"PropertyValueSpecification\",\"valueRequired\":true,\"valueName\":\"search_term_string\"}}],\"inLanguage\":\"fr-FR\"},{\"@type\":\"Organization\",\"@id\":\"https:\/\/new.albatartufi.com\/#organization\",\"name\":\"Alba Tartufi\",\"url\":\"https:\/\/new.albatartufi.com\/\",\"logo\":{\"@type\":\"ImageObject\",\"inLanguage\":\"fr-FR\",\"@id\":\"https:\/\/new.albatartufi.com\/#\/schema\/logo\/image\/\",\"url\":\"https:\/\/new.albatartufi.com\/wp-content\/uploads\/2025\/09\/cropped-logo_alba_tartufi.webp\",\"contentUrl\":\"https:\/\/new.albatartufi.com\/wp-content\/uploads\/2025\/09\/cropped-logo_alba_tartufi.webp\",\"width\":389,\"height\":211,\"caption\":\"Alba Tartufi\"},\"image\":{\"@id\":\"https:\/\/new.albatartufi.com\/#\/schema\/logo\/image\/\"},\"sameAs\":[\"https:\/\/www.facebook.com\/albatartufi\",\"https:\/\/x.com\/albatartufi\",\"https:\/\/www.instagram.com\/albatartufi\/\"]}]}<\/script>\n<!-- \/ Yoast SEO plugin. -->","yoast_head_json":{"title":"Cr\u00e8me \u00e0 la truffe - Truffe d'Alba (Pi\u00e9mont - Italie)","description":"Cr\u00e8me \u00e0 base de champignons de Paris, d'olives et de truffe noire d'\u00e9t\u00e9, principalement utilis\u00e9e pour assaisonner les entr\u00e9es et les bruschette savoureuses.","robots":{"index":"index","follow":"follow","max-snippet":"max-snippet:-1","max-image-preview":"max-image-preview:large","max-video-preview":"max-video-preview:-1"},"canonical":"https:\/\/new.albatartufi.com\/fr\/shop\/creme-a-la-truffe\/","og_locale":"fr_FR","og_type":"article","og_title":"Cr\u00e8me \u00e0 la truffe - Truffe d'Alba (Pi\u00e9mont - Italie)","og_description":"Cr\u00e8me \u00e0 base de champignons de Paris, d'olives et de truffe noire d'\u00e9t\u00e9, principalement utilis\u00e9e pour assaisonner les entr\u00e9es et les bruschette savoureuses.","og_url":"https:\/\/new.albatartufi.com\/fr\/shop\/creme-a-la-truffe\/","og_site_name":"Truffe d'Alba (Pi\u00e9mont - Italie)","article_publisher":"https:\/\/www.facebook.com\/albatartufi","article_modified_time":"2025-10-14T15:04:42+00:00","og_image":[{"width":800,"height":800,"url":"https:\/\/new.albatartufi.com\/wp-content\/uploads\/2025\/09\/salsa_tartufata-1.png","type":"image\/png"}],"twitter_card":"summary_large_image","twitter_site":"@albatartufi","twitter_misc":{"Dur\u00e9e de lecture estim\u00e9e":"2 minutes"},"schema":{"@context":"https:\/\/schema.org","@graph":[{"@type":"WebPage","@id":"https:\/\/new.albatartufi.com\/fr\/shop\/creme-a-la-truffe\/","url":"https:\/\/new.albatartufi.com\/fr\/shop\/creme-a-la-truffe\/","name":"Cr\u00e8me \u00e0 la truffe - Truffe d'Alba (Pi\u00e9mont - Italie)","isPartOf":{"@id":"https:\/\/new.albatartufi.com\/#website"},"primaryImageOfPage":{"@id":"https:\/\/new.albatartufi.com\/fr\/shop\/creme-a-la-truffe\/#primaryimage"},"image":{"@id":"https:\/\/new.albatartufi.com\/fr\/shop\/creme-a-la-truffe\/#primaryimage"},"thumbnailUrl":"https:\/\/new.albatartufi.com\/wp-content\/uploads\/2025\/09\/salsa_tartufata-1.png","datePublished":"2025-09-22T15:05:16+00:00","dateModified":"2025-10-14T15:04:42+00:00","description":"Cr\u00e8me \u00e0 base de champignons de Paris, d'olives et de truffe noire d'\u00e9t\u00e9, principalement utilis\u00e9e pour assaisonner les entr\u00e9es et les bruschette savoureuses.","breadcrumb":{"@id":"https:\/\/new.albatartufi.com\/fr\/shop\/creme-a-la-truffe\/#breadcrumb"},"inLanguage":"fr-FR","potentialAction":[{"@type":"ReadAction","target":["https:\/\/new.albatartufi.com\/fr\/shop\/creme-a-la-truffe\/"]}]},{"@type":"ImageObject","inLanguage":"fr-FR","@id":"https:\/\/new.albatartufi.com\/fr\/shop\/creme-a-la-truffe\/#primaryimage","url":"https:\/\/new.albatartufi.com\/wp-content\/uploads\/2025\/09\/salsa_tartufata-1.png","contentUrl":"https:\/\/new.albatartufi.com\/wp-content\/uploads\/2025\/09\/salsa_tartufata-1.png","width":800,"height":800,"caption":"Crema Tartufata"},{"@type":"BreadcrumbList","@id":"https:\/\/new.albatartufi.com\/fr\/shop\/creme-a-la-truffe\/#breadcrumb","itemListElement":[{"@type":"ListItem","position":1,"name":"Home","item":"https:\/\/new.albatartufi.com\/fr\/truffe-dalba-piemont-italie\/"},{"@type":"ListItem","position":2,"name":"Boutique","item":"https:\/\/new.albatartufi.com\/fr\/boutique\/"},{"@type":"ListItem","position":3,"name":"Cr\u00e8me \u00e0 la truffe"}]},{"@type":"WebSite","@id":"https:\/\/new.albatartufi.com\/#website","url":"https:\/\/new.albatartufi.com\/","name":"Alba Tartufi","description":"Tartufo di Alba (Piemonte - Italia)","publisher":{"@id":"https:\/\/new.albatartufi.com\/#organization"},"potentialAction":[{"@type":"SearchAction","target":{"@type":"EntryPoint","urlTemplate":"https:\/\/new.albatartufi.com\/?s={search_term_string}"},"query-input":{"@type":"PropertyValueSpecification","valueRequired":true,"valueName":"search_term_string"}}],"inLanguage":"fr-FR"},{"@type":"Organization","@id":"https:\/\/new.albatartufi.com\/#organization","name":"Alba Tartufi","url":"https:\/\/new.albatartufi.com\/","logo":{"@type":"ImageObject","inLanguage":"fr-FR","@id":"https:\/\/new.albatartufi.com\/#\/schema\/logo\/image\/","url":"https:\/\/new.albatartufi.com\/wp-content\/uploads\/2025\/09\/cropped-logo_alba_tartufi.webp","contentUrl":"https:\/\/new.albatartufi.com\/wp-content\/uploads\/2025\/09\/cropped-logo_alba_tartufi.webp","width":389,"height":211,"caption":"Alba Tartufi"},"image":{"@id":"https:\/\/new.albatartufi.com\/#\/schema\/logo\/image\/"},"sameAs":["https:\/\/www.facebook.com\/albatartufi","https:\/\/x.com\/albatartufi","https:\/\/www.instagram.com\/albatartufi\/"]}]}},"_links":{"self":[{"href":"https:\/\/new.albatartufi.com\/fr\/wp-json\/wp\/v2\/product\/988853","targetHints":{"allow":["GET"]}}],"collection":[{"href":"https:\/\/new.albatartufi.com\/fr\/wp-json\/wp\/v2\/product"}],"about":[{"href":"https:\/\/new.albatartufi.com\/fr\/wp-json\/wp\/v2\/types\/product"}],"version-history":[{"count":2,"href":"https:\/\/new.albatartufi.com\/fr\/wp-json\/wp\/v2\/product\/988853\/revisions"}],"predecessor-version":[{"id":994386,"href":"https:\/\/new.albatartufi.com\/fr\/wp-json\/wp\/v2\/product\/988853\/revisions\/994386"}],"wp:featuredmedia":[{"embeddable":true,"href":"https:\/\/new.albatartufi.com\/fr\/wp-json\/wp\/v2\/media\/994344"}],"wp:attachment":[{"href":"https:\/\/new.albatartufi.com\/fr\/wp-json\/wp\/v2\/media?parent=988853"}],"wp:term":[{"taxonomy":"product_brand","embeddable":true,"href":"https:\/\/new.albatartufi.com\/fr\/wp-json\/wp\/v2\/product_brand?post=988853"},{"taxonomy":"product_cat","embeddable":true,"href":"https:\/\/new.albatartufi.com\/fr\/wp-json\/wp\/v2\/product_cat?post=988853"},{"taxonomy":"product_tag","embeddable":true,"href":"https:\/\/new.albatartufi.com\/fr\/wp-json\/wp\/v2\/product_tag?post=988853"}],"curies":[{"name":"wp","href":"https:\/\/api.w.org\/{rel}","templated":true}]}}