{"id":988868,"date":"2025-09-22T14:57:37","date_gmt":"2025-09-22T14:57:37","guid":{"rendered":"https:\/\/new.albatartufi.com\/prodotto\/carpaccio-a-la-truffe\/"},"modified":"2025-10-14T15:05:53","modified_gmt":"2025-10-14T15:05:53","slug":"carpaccio-a-la-truffe","status":"publish","type":"product","link":"https:\/\/new.albatartufi.com\/fr\/shop\/carpaccio-a-la-truffe\/","title":{"rendered":"Carpaccio \u00e0 la truffe"},"content":{"rendered":"<div class=\"vgblk-rw-wrapper limit-wrapper\">\n<h4>Pot de 90g.<\/h4>\n<h4 class=\"text-dark\">UTILISATION RECOMMAND\u00c9E<\/h4>\n<p class=\"text-muted\">Le Carpaccio de Truffe peut \u00eatre utilis\u00e9 comme assaisonnement froid ou l\u00e9g\u00e8rement r\u00e9chauff\u00e9 pour \u00e9viter de disperser la saveur de la truffe, et utilis\u00e9 comme assaisonnement avec l&rsquo;huile pr\u00e9sente dans le pot. Recommand\u00e9 pour les carpaccios de viande ou de poisson, il peut \u00e9galement \u00eatre utilis\u00e9 pour assaisonner \u00e0 votre convenance de nombreux autres plats.<\/p>\n<h5 class=\"text-dark mb-0 mt-2\">STOCKAGE<\/h5>\n<p class=\"text-muted\">Le produit conserve ses caract\u00e9ristiques inchang\u00e9es depuis la date de fabrication pour les dur\u00e9es et temp\u00e9ratures d\u00e9finies ci-dessous : au r\u00e9frig\u00e9rateur (+4\u00b0C) &#8211; une fois ouvert, \u00e0 conserver au r\u00e9frig\u00e9rateur recouvert d&rsquo;huile et \u00e0 consommer sous quelques jours ; \u00e0 temp\u00e9rature ambiante &#8211; en pot ferm\u00e9, \u00e0 consommer avant la date de p\u00e9remption indiqu\u00e9e sur le pot (D.M.C).<\/p>\n<h5 class=\"text-dark mb-0 mt-2\">INGR\u00c9DIENTS<\/h5>\n<p class=\"text-muted\">Truffe noire d&rsquo;\u00e9t\u00e9 65% (Tuber aestivum Vitt.), huile d&rsquo;olive vierge extra 34%, sel 1%.<\/p>\n<h5 class=\"text-dark mb-0 mt-2\">PR\u00c9SENCE D&rsquo;ALLERG\u00c8NES<\/h5>\n<p class=\"text-muted\">Non.<\/p>\n<h5 class=\"text-dark mb-0 mt-2\">PR\u00c9SENCE D&rsquo;OGM<\/h5>\n<p class=\"text-muted\">Non.<\/p>\n<h5 class=\"text-dark mb-0 mt-2\">DUREE MINIMUM DE CONSERVATION (D.M.C.)<\/h5>\n<p class=\"text-muted\">36 mois.<\/p>\n<h5 class=\"text-dark mb-0 mt-2\">CARACT\u00c9RISTIQUES NUTRITIONNELLES<\/h5>\n<p>SUCRES<\/p>\n<table class=\"tabella-nut\">\n<thead>\n<tr>\n<td>PARAM\u00c8TRE<\/td>\n<td>VALEURS<\/td>\n<\/tr>\n<\/thead>\n<tbody>\n<tr>\n<td>VALEUR \u00c9NERG\u00c9TIQUE<\/td>\n<td>413 kJ<\/td>\n<\/tr>\n<tr>\n<td>KCAL<\/td>\n<td>98,8<\/td>\n<\/tr>\n<tr>\n<td>MATI\u00c8RES GRASSES<\/td>\n<td>116,5 g<\/td>\n<\/tr>\n<tr>\n<td>MATI\u00c8RES GRASSES DONT ACIDES GRAS SATUR\u00c9S<\/td>\n<td>7 g<\/td>\n<\/tr>\n<tr>\n<td>GLUCIDES<\/td>\n<td>0,45 g<\/td>\n<\/tr>\n<tr>\n<td>DONT<\/td>\n<td>&lt;0,01 g<\/td>\n<\/tr>\n<tr>\n<td>PROT\u00c9INES<\/td>\n<td>3,9 g<\/td>\n<\/tr>\n<tr>\n<td>SEL<\/td>\n<td>1g<\/td>\n<\/tr>\n<\/tbody>\n<\/table>\n<\/div>\n<p><!-- .vgblk-rw-wrapper --><\/p>\n","protected":false},"excerpt":{"rendered":"<p>Pot de 90g. UTILISATION RECOMMAND\u00c9E Le Carpaccio de Truffe peut \u00eatre utilis\u00e9 comme assaisonnement froid ou l\u00e9g\u00e8rement r\u00e9chauff\u00e9 pour \u00e9viter de disperser la saveur de la truffe, et utilis\u00e9 comme assaisonnement avec l&rsquo;huile pr\u00e9sente dans le pot. Recommand\u00e9 pour les carpaccios de viande ou de poisson, il peut \u00e9galement \u00eatre utilis\u00e9 pour assaisonner \u00e0 votre&#8230;<\/p>\n","protected":false},"featured_media":994319,"template":"","meta":{"inline_featured_image":false},"product_brand":[],"product_cat":[69],"product_tag":[],"class_list":{"0":"post-988868","1":"product","2":"type-product","3":"status-publish","4":"has-post-thumbnail","6":"product_cat-truffes-conservees","8":"first","9":"instock","10":"shipping-taxable","11":"purchasable","12":"product-type-simple"},"yoast_head":"<!-- This site is optimized with the Yoast SEO plugin v26.2 - https:\/\/yoast.com\/wordpress\/plugins\/seo\/ -->\n<title>Carpaccio \u00e0 la truffe - Truffe d&#039;Alba (Pi\u00e9mont - Italie)<\/title>\n<meta name=\"description\" content=\"Le Carpaccio de Truffe peut \u00eatre utilis\u00e9 comme assaisonnement froid ou l\u00e9g\u00e8rement r\u00e9chauff\u00e9 pour \u00e9viter de disperser la saveur de la truffe, et utilis\u00e9 comme assaisonnement avec l&#039;huile pr\u00e9sente dans le pot.\" \/>\n<meta name=\"robots\" content=\"index, follow, max-snippet:-1, max-image-preview:large, max-video-preview:-1\" \/>\n<link rel=\"canonical\" href=\"https:\/\/new.albatartufi.com\/fr\/shop\/carpaccio-a-la-truffe\/\" \/>\n<meta property=\"og:locale\" content=\"fr_FR\" \/>\n<meta property=\"og:type\" content=\"article\" \/>\n<meta property=\"og:title\" content=\"Carpaccio \u00e0 la truffe - Truffe d&#039;Alba (Pi\u00e9mont - Italie)\" \/>\n<meta property=\"og:description\" content=\"Le Carpaccio de Truffe peut \u00eatre utilis\u00e9 comme assaisonnement froid ou l\u00e9g\u00e8rement r\u00e9chauff\u00e9 pour \u00e9viter de disperser la saveur de la truffe, et utilis\u00e9 comme assaisonnement avec l&#039;huile pr\u00e9sente dans le pot.\" \/>\n<meta property=\"og:url\" content=\"https:\/\/new.albatartufi.com\/fr\/shop\/carpaccio-a-la-truffe\/\" \/>\n<meta property=\"og:site_name\" content=\"Truffe d&#039;Alba (Pi\u00e9mont - Italie)\" \/>\n<meta property=\"article:publisher\" content=\"https:\/\/www.facebook.com\/albatartufi\" \/>\n<meta property=\"article:modified_time\" content=\"2025-10-14T15:05:53+00:00\" \/>\n<meta property=\"og:image\" content=\"https:\/\/new.albatartufi.com\/wp-content\/uploads\/2025\/09\/carpaccio_di_tartufo_alba_tartufi-1.png\" \/>\n\t<meta property=\"og:image:width\" content=\"800\" \/>\n\t<meta property=\"og:image:height\" content=\"800\" \/>\n\t<meta property=\"og:image:type\" content=\"image\/png\" \/>\n<meta name=\"twitter:card\" content=\"summary_large_image\" \/>\n<meta name=\"twitter:site\" content=\"@albatartufi\" \/>\n<meta name=\"twitter:label1\" content=\"Dur\u00e9e de lecture estim\u00e9e\" \/>\n\t<meta name=\"twitter:data1\" content=\"2 minutes\" \/>\n<script type=\"application\/ld+json\" class=\"yoast-schema-graph\">{\"@context\":\"https:\/\/schema.org\",\"@graph\":[{\"@type\":\"WebPage\",\"@id\":\"https:\/\/new.albatartufi.com\/fr\/shop\/carpaccio-a-la-truffe\/\",\"url\":\"https:\/\/new.albatartufi.com\/fr\/shop\/carpaccio-a-la-truffe\/\",\"name\":\"Carpaccio \u00e0 la truffe - Truffe d'Alba (Pi\u00e9mont - Italie)\",\"isPartOf\":{\"@id\":\"https:\/\/new.albatartufi.com\/#website\"},\"primaryImageOfPage\":{\"@id\":\"https:\/\/new.albatartufi.com\/fr\/shop\/carpaccio-a-la-truffe\/#primaryimage\"},\"image\":{\"@id\":\"https:\/\/new.albatartufi.com\/fr\/shop\/carpaccio-a-la-truffe\/#primaryimage\"},\"thumbnailUrl\":\"https:\/\/new.albatartufi.com\/wp-content\/uploads\/2025\/09\/carpaccio_di_tartufo_alba_tartufi-1.png\",\"datePublished\":\"2025-09-22T14:57:37+00:00\",\"dateModified\":\"2025-10-14T15:05:53+00:00\",\"description\":\"Le Carpaccio de Truffe peut \u00eatre utilis\u00e9 comme assaisonnement froid ou l\u00e9g\u00e8rement r\u00e9chauff\u00e9 pour \u00e9viter de disperser la saveur de la truffe, et utilis\u00e9 comme assaisonnement avec l'huile pr\u00e9sente dans le pot.\",\"breadcrumb\":{\"@id\":\"https:\/\/new.albatartufi.com\/fr\/shop\/carpaccio-a-la-truffe\/#breadcrumb\"},\"inLanguage\":\"fr-FR\",\"potentialAction\":[{\"@type\":\"ReadAction\",\"target\":[\"https:\/\/new.albatartufi.com\/fr\/shop\/carpaccio-a-la-truffe\/\"]}]},{\"@type\":\"ImageObject\",\"inLanguage\":\"fr-FR\",\"@id\":\"https:\/\/new.albatartufi.com\/fr\/shop\/carpaccio-a-la-truffe\/#primaryimage\",\"url\":\"https:\/\/new.albatartufi.com\/wp-content\/uploads\/2025\/09\/carpaccio_di_tartufo_alba_tartufi-1.png\",\"contentUrl\":\"https:\/\/new.albatartufi.com\/wp-content\/uploads\/2025\/09\/carpaccio_di_tartufo_alba_tartufi-1.png\",\"width\":800,\"height\":800,\"caption\":\"Carpaccio di tartufo\"},{\"@type\":\"BreadcrumbList\",\"@id\":\"https:\/\/new.albatartufi.com\/fr\/shop\/carpaccio-a-la-truffe\/#breadcrumb\",\"itemListElement\":[{\"@type\":\"ListItem\",\"position\":1,\"name\":\"Home\",\"item\":\"https:\/\/new.albatartufi.com\/fr\/truffe-dalba-piemont-italie\/\"},{\"@type\":\"ListItem\",\"position\":2,\"name\":\"Boutique\",\"item\":\"https:\/\/new.albatartufi.com\/fr\/boutique\/\"},{\"@type\":\"ListItem\",\"position\":3,\"name\":\"Carpaccio \u00e0 la truffe\"}]},{\"@type\":\"WebSite\",\"@id\":\"https:\/\/new.albatartufi.com\/#website\",\"url\":\"https:\/\/new.albatartufi.com\/\",\"name\":\"Alba Tartufi\",\"description\":\"Tartufo di Alba (Piemonte - Italia)\",\"publisher\":{\"@id\":\"https:\/\/new.albatartufi.com\/#organization\"},\"potentialAction\":[{\"@type\":\"SearchAction\",\"target\":{\"@type\":\"EntryPoint\",\"urlTemplate\":\"https:\/\/new.albatartufi.com\/?s={search_term_string}\"},\"query-input\":{\"@type\":\"PropertyValueSpecification\",\"valueRequired\":true,\"valueName\":\"search_term_string\"}}],\"inLanguage\":\"fr-FR\"},{\"@type\":\"Organization\",\"@id\":\"https:\/\/new.albatartufi.com\/#organization\",\"name\":\"Alba Tartufi\",\"url\":\"https:\/\/new.albatartufi.com\/\",\"logo\":{\"@type\":\"ImageObject\",\"inLanguage\":\"fr-FR\",\"@id\":\"https:\/\/new.albatartufi.com\/#\/schema\/logo\/image\/\",\"url\":\"https:\/\/new.albatartufi.com\/wp-content\/uploads\/2025\/09\/cropped-logo_alba_tartufi.webp\",\"contentUrl\":\"https:\/\/new.albatartufi.com\/wp-content\/uploads\/2025\/09\/cropped-logo_alba_tartufi.webp\",\"width\":389,\"height\":211,\"caption\":\"Alba Tartufi\"},\"image\":{\"@id\":\"https:\/\/new.albatartufi.com\/#\/schema\/logo\/image\/\"},\"sameAs\":[\"https:\/\/www.facebook.com\/albatartufi\",\"https:\/\/x.com\/albatartufi\",\"https:\/\/www.instagram.com\/albatartufi\/\"]}]}<\/script>\n<!-- \/ Yoast SEO plugin. -->","yoast_head_json":{"title":"Carpaccio \u00e0 la truffe - Truffe d'Alba (Pi\u00e9mont - Italie)","description":"Le Carpaccio de Truffe peut \u00eatre utilis\u00e9 comme assaisonnement froid ou l\u00e9g\u00e8rement r\u00e9chauff\u00e9 pour \u00e9viter de disperser la saveur de la truffe, et utilis\u00e9 comme assaisonnement avec l'huile pr\u00e9sente dans le pot.","robots":{"index":"index","follow":"follow","max-snippet":"max-snippet:-1","max-image-preview":"max-image-preview:large","max-video-preview":"max-video-preview:-1"},"canonical":"https:\/\/new.albatartufi.com\/fr\/shop\/carpaccio-a-la-truffe\/","og_locale":"fr_FR","og_type":"article","og_title":"Carpaccio \u00e0 la truffe - Truffe d'Alba (Pi\u00e9mont - Italie)","og_description":"Le Carpaccio de Truffe peut \u00eatre utilis\u00e9 comme assaisonnement froid ou l\u00e9g\u00e8rement r\u00e9chauff\u00e9 pour \u00e9viter de disperser la saveur de la truffe, et utilis\u00e9 comme assaisonnement avec l'huile pr\u00e9sente dans le pot.","og_url":"https:\/\/new.albatartufi.com\/fr\/shop\/carpaccio-a-la-truffe\/","og_site_name":"Truffe d'Alba (Pi\u00e9mont - Italie)","article_publisher":"https:\/\/www.facebook.com\/albatartufi","article_modified_time":"2025-10-14T15:05:53+00:00","og_image":[{"width":800,"height":800,"url":"https:\/\/new.albatartufi.com\/wp-content\/uploads\/2025\/09\/carpaccio_di_tartufo_alba_tartufi-1.png","type":"image\/png"}],"twitter_card":"summary_large_image","twitter_site":"@albatartufi","twitter_misc":{"Dur\u00e9e de lecture estim\u00e9e":"2 minutes"},"schema":{"@context":"https:\/\/schema.org","@graph":[{"@type":"WebPage","@id":"https:\/\/new.albatartufi.com\/fr\/shop\/carpaccio-a-la-truffe\/","url":"https:\/\/new.albatartufi.com\/fr\/shop\/carpaccio-a-la-truffe\/","name":"Carpaccio \u00e0 la truffe - Truffe d'Alba (Pi\u00e9mont - Italie)","isPartOf":{"@id":"https:\/\/new.albatartufi.com\/#website"},"primaryImageOfPage":{"@id":"https:\/\/new.albatartufi.com\/fr\/shop\/carpaccio-a-la-truffe\/#primaryimage"},"image":{"@id":"https:\/\/new.albatartufi.com\/fr\/shop\/carpaccio-a-la-truffe\/#primaryimage"},"thumbnailUrl":"https:\/\/new.albatartufi.com\/wp-content\/uploads\/2025\/09\/carpaccio_di_tartufo_alba_tartufi-1.png","datePublished":"2025-09-22T14:57:37+00:00","dateModified":"2025-10-14T15:05:53+00:00","description":"Le Carpaccio de Truffe peut \u00eatre utilis\u00e9 comme assaisonnement froid ou l\u00e9g\u00e8rement r\u00e9chauff\u00e9 pour \u00e9viter de disperser la saveur de la truffe, et utilis\u00e9 comme assaisonnement avec l'huile pr\u00e9sente dans le pot.","breadcrumb":{"@id":"https:\/\/new.albatartufi.com\/fr\/shop\/carpaccio-a-la-truffe\/#breadcrumb"},"inLanguage":"fr-FR","potentialAction":[{"@type":"ReadAction","target":["https:\/\/new.albatartufi.com\/fr\/shop\/carpaccio-a-la-truffe\/"]}]},{"@type":"ImageObject","inLanguage":"fr-FR","@id":"https:\/\/new.albatartufi.com\/fr\/shop\/carpaccio-a-la-truffe\/#primaryimage","url":"https:\/\/new.albatartufi.com\/wp-content\/uploads\/2025\/09\/carpaccio_di_tartufo_alba_tartufi-1.png","contentUrl":"https:\/\/new.albatartufi.com\/wp-content\/uploads\/2025\/09\/carpaccio_di_tartufo_alba_tartufi-1.png","width":800,"height":800,"caption":"Carpaccio di tartufo"},{"@type":"BreadcrumbList","@id":"https:\/\/new.albatartufi.com\/fr\/shop\/carpaccio-a-la-truffe\/#breadcrumb","itemListElement":[{"@type":"ListItem","position":1,"name":"Home","item":"https:\/\/new.albatartufi.com\/fr\/truffe-dalba-piemont-italie\/"},{"@type":"ListItem","position":2,"name":"Boutique","item":"https:\/\/new.albatartufi.com\/fr\/boutique\/"},{"@type":"ListItem","position":3,"name":"Carpaccio \u00e0 la truffe"}]},{"@type":"WebSite","@id":"https:\/\/new.albatartufi.com\/#website","url":"https:\/\/new.albatartufi.com\/","name":"Alba Tartufi","description":"Tartufo di Alba (Piemonte - Italia)","publisher":{"@id":"https:\/\/new.albatartufi.com\/#organization"},"potentialAction":[{"@type":"SearchAction","target":{"@type":"EntryPoint","urlTemplate":"https:\/\/new.albatartufi.com\/?s={search_term_string}"},"query-input":{"@type":"PropertyValueSpecification","valueRequired":true,"valueName":"search_term_string"}}],"inLanguage":"fr-FR"},{"@type":"Organization","@id":"https:\/\/new.albatartufi.com\/#organization","name":"Alba Tartufi","url":"https:\/\/new.albatartufi.com\/","logo":{"@type":"ImageObject","inLanguage":"fr-FR","@id":"https:\/\/new.albatartufi.com\/#\/schema\/logo\/image\/","url":"https:\/\/new.albatartufi.com\/wp-content\/uploads\/2025\/09\/cropped-logo_alba_tartufi.webp","contentUrl":"https:\/\/new.albatartufi.com\/wp-content\/uploads\/2025\/09\/cropped-logo_alba_tartufi.webp","width":389,"height":211,"caption":"Alba Tartufi"},"image":{"@id":"https:\/\/new.albatartufi.com\/#\/schema\/logo\/image\/"},"sameAs":["https:\/\/www.facebook.com\/albatartufi","https:\/\/x.com\/albatartufi","https:\/\/www.instagram.com\/albatartufi\/"]}]}},"_links":{"self":[{"href":"https:\/\/new.albatartufi.com\/fr\/wp-json\/wp\/v2\/product\/988868","targetHints":{"allow":["GET"]}}],"collection":[{"href":"https:\/\/new.albatartufi.com\/fr\/wp-json\/wp\/v2\/product"}],"about":[{"href":"https:\/\/new.albatartufi.com\/fr\/wp-json\/wp\/v2\/types\/product"}],"version-history":[{"count":3,"href":"https:\/\/new.albatartufi.com\/fr\/wp-json\/wp\/v2\/product\/988868\/revisions"}],"predecessor-version":[{"id":994389,"href":"https:\/\/new.albatartufi.com\/fr\/wp-json\/wp\/v2\/product\/988868\/revisions\/994389"}],"wp:featuredmedia":[{"embeddable":true,"href":"https:\/\/new.albatartufi.com\/fr\/wp-json\/wp\/v2\/media\/994319"}],"wp:attachment":[{"href":"https:\/\/new.albatartufi.com\/fr\/wp-json\/wp\/v2\/media?parent=988868"}],"wp:term":[{"taxonomy":"product_brand","embeddable":true,"href":"https:\/\/new.albatartufi.com\/fr\/wp-json\/wp\/v2\/product_brand?post=988868"},{"taxonomy":"product_cat","embeddable":true,"href":"https:\/\/new.albatartufi.com\/fr\/wp-json\/wp\/v2\/product_cat?post=988868"},{"taxonomy":"product_tag","embeddable":true,"href":"https:\/\/new.albatartufi.com\/fr\/wp-json\/wp\/v2\/product_tag?post=988868"}],"curies":[{"name":"wp","href":"https:\/\/api.w.org\/{rel}","templated":true}]}}