{"id":988874,"date":"2025-09-22T14:53:59","date_gmt":"2025-09-22T14:53:59","guid":{"rendered":"https:\/\/new.albatartufi.com\/prodotto\/mix-de-5-cremes-et-sauces\/"},"modified":"2025-10-14T15:07:03","modified_gmt":"2025-10-14T15:07:03","slug":"mix-de-5-cremes-et-sauces","status":"publish","type":"product","link":"https:\/\/new.albatartufi.com\/fr\/shop\/mix-de-5-cremes-et-sauces\/","title":{"rendered":"Mix de 5 cr\u00e8mes et sauces"},"content":{"rendered":"<div class=\"vgblk-rw-wrapper limit-wrapper\">5 pots de 180 gr.<\/p>\n<p class=\"text-muted\">Assortiment de 5 cr\u00e8mes et sauces \u00e0 la truffe pour la d\u00e9guster dans diff\u00e9rentes combinaisons:<br \/>\n&#8211; Sauce royale \u00e0 la truffe 180 g<br \/>\n&#8211; Sauce \u00e0 la truffe 180 g<br \/>\n&#8211; Cr\u00e8me aux c\u00e8pes et \u00e0 la truffe 180 g<br \/>\n&#8211; Cr\u00e8me aux fromages et \u00e0 la truffe 180 g<br \/>\n&#8211; Sauce gourmande \u00e0 la truffe 180 g<\/p>\n<h4 class=\"text-dark\">UTILISATION RECOMMAND\u00c9E<\/h4>\n<p class=\"text-muted\">L&rsquo;histoire de l&rsquo;ap\u00e9ritif commence \u00e0 Turin en 1876 (Pi\u00e9mont \/ Italie) avec le Vermouth, un d\u00e9licieux vin aromatis\u00e9. Le m\u00e9lange de 5 cr\u00e8mes et sauces permet de cr\u00e9er d&rsquo;excellents canap\u00e9s aux saveurs vari\u00e9es, qui peuvent \u00eatre accompagn\u00e9s d&rsquo;autant de cocktails. Le m\u00e9lange de 5 cr\u00e8mes et sauces peut \u00e9galement \u00eatre appr\u00e9ci\u00e9 lors de f\u00eates, d&rsquo;\u00e9v\u00e9nements et de t\u00eate-\u00e0-t\u00eate romantiques.<\/p>\n<h4 class=\"text-dark\">STOCKAGE<\/h4>\n<p class=\"text-muted\">Apr\u00e8s ouverture, conserver au r\u00e9frig\u00e9rateur et consommer dans les jours qui suivent.<\/p>\n<p>Fiches techniques d&rsquo;information sur les produits :<\/p>\n<ul>\n<li><a href=\"http:\/\/prodotto\/salsa-reale-con-tartufo\/\" target=\"_blank\" rel=\"noopener\">Sauce royale \u00e0 la truffe<\/a><\/li>\n<li><a href=\"http:\/\/prodotto\/crema-tartufata\/\" target=\"_blank\" rel=\"noopener\">Sauce aux Truffes<\/a><\/li>\n<li><a href=\"http:\/\/prodotto\/crema-di-funghi-porcini-e-tartufo\/\" target=\"_blank\" rel=\"noopener\">Cr\u00e8me de c\u00e8pes \u00e0 la truffe<\/a><\/li>\n<li><a href=\"http:\/\/prodotto\/crema-di-formaggi-al-tartufo\/\" target=\"_blank\" rel=\"noopener\">Cr\u00e8me de fromages \u00e0 la truffe<\/a><\/li>\n<li><a href=\"http:\/\/prodotto\/la-sfiziosa\/\" target=\"_blank\" rel=\"noopener\">Sauce savoureuse<\/a><\/li>\n<\/ul>\n<\/div>\n<p><!-- .vgblk-rw-wrapper --><\/p>\n","protected":false},"excerpt":{"rendered":"<p>5 pots de 180 gr. Assortiment de 5 cr\u00e8mes et sauces \u00e0 la truffe pour la d\u00e9guster dans diff\u00e9rentes combinaisons: &#8211; Sauce royale \u00e0 la truffe 180 g &#8211; Sauce \u00e0 la truffe 180 g &#8211; Cr\u00e8me aux c\u00e8pes et \u00e0 la truffe 180 g &#8211; Cr\u00e8me aux fromages et \u00e0 la truffe 180 g&#8230;<\/p>\n","protected":false},"featured_media":994312,"template":"","meta":{"inline_featured_image":false},"product_brand":[],"product_cat":[69],"product_tag":[],"class_list":{"0":"post-988874","1":"product","2":"type-product","3":"status-publish","4":"has-post-thumbnail","6":"product_cat-truffes-conservees","8":"first","9":"instock","10":"shipping-taxable","11":"purchasable","12":"product-type-simple"},"yoast_head":"<!-- This site is optimized with the Yoast SEO plugin v26.2 - https:\/\/yoast.com\/wordpress\/plugins\/seo\/ -->\n<title>Mix de 5 cr\u00e8mes et sauces - Truffe d&#039;Alba (Pi\u00e9mont - Italie)<\/title>\n<meta name=\"description\" content=\"Assortiment de 5 cr\u00e8mes et sauces \u00e0 la truffe pour la d\u00e9guster dans diff\u00e9rentes combinaisons\" \/>\n<meta name=\"robots\" content=\"index, follow, max-snippet:-1, max-image-preview:large, max-video-preview:-1\" \/>\n<link rel=\"canonical\" href=\"https:\/\/new.albatartufi.com\/fr\/shop\/mix-de-5-cremes-et-sauces\/\" \/>\n<meta property=\"og:locale\" content=\"fr_FR\" \/>\n<meta property=\"og:type\" content=\"article\" \/>\n<meta property=\"og:title\" content=\"Mix de 5 cr\u00e8mes et sauces - Truffe d&#039;Alba (Pi\u00e9mont - Italie)\" \/>\n<meta property=\"og:description\" content=\"Assortiment de 5 cr\u00e8mes et sauces \u00e0 la truffe pour la d\u00e9guster dans diff\u00e9rentes combinaisons\" \/>\n<meta property=\"og:url\" content=\"https:\/\/new.albatartufi.com\/fr\/shop\/mix-de-5-cremes-et-sauces\/\" \/>\n<meta property=\"og:site_name\" content=\"Truffe d&#039;Alba (Pi\u00e9mont - Italie)\" \/>\n<meta property=\"article:publisher\" content=\"https:\/\/www.facebook.com\/albatartufi\" \/>\n<meta property=\"article:modified_time\" content=\"2025-10-14T15:07:03+00:00\" \/>\n<meta property=\"og:image\" content=\"https:\/\/new.albatartufi.com\/wp-content\/uploads\/2025\/09\/mixsalse-1.png\" \/>\n\t<meta property=\"og:image:width\" content=\"750\" \/>\n\t<meta property=\"og:image:height\" content=\"750\" \/>\n\t<meta property=\"og:image:type\" content=\"image\/png\" \/>\n<meta name=\"twitter:card\" content=\"summary_large_image\" \/>\n<meta name=\"twitter:site\" content=\"@albatartufi\" \/>\n<meta name=\"twitter:label1\" content=\"Dur\u00e9e de lecture estim\u00e9e\" \/>\n\t<meta name=\"twitter:data1\" content=\"2 minutes\" \/>\n<script type=\"application\/ld+json\" class=\"yoast-schema-graph\">{\"@context\":\"https:\/\/schema.org\",\"@graph\":[{\"@type\":\"WebPage\",\"@id\":\"https:\/\/new.albatartufi.com\/fr\/shop\/mix-de-5-cremes-et-sauces\/\",\"url\":\"https:\/\/new.albatartufi.com\/fr\/shop\/mix-de-5-cremes-et-sauces\/\",\"name\":\"Mix de 5 cr\u00e8mes et sauces - Truffe d'Alba (Pi\u00e9mont - Italie)\",\"isPartOf\":{\"@id\":\"https:\/\/new.albatartufi.com\/#website\"},\"primaryImageOfPage\":{\"@id\":\"https:\/\/new.albatartufi.com\/fr\/shop\/mix-de-5-cremes-et-sauces\/#primaryimage\"},\"image\":{\"@id\":\"https:\/\/new.albatartufi.com\/fr\/shop\/mix-de-5-cremes-et-sauces\/#primaryimage\"},\"thumbnailUrl\":\"https:\/\/new.albatartufi.com\/wp-content\/uploads\/2025\/09\/mixsalse-1.png\",\"datePublished\":\"2025-09-22T14:53:59+00:00\",\"dateModified\":\"2025-10-14T15:07:03+00:00\",\"description\":\"Assortiment de 5 cr\u00e8mes et sauces \u00e0 la truffe pour la d\u00e9guster dans diff\u00e9rentes combinaisons\",\"breadcrumb\":{\"@id\":\"https:\/\/new.albatartufi.com\/fr\/shop\/mix-de-5-cremes-et-sauces\/#breadcrumb\"},\"inLanguage\":\"fr-FR\",\"potentialAction\":[{\"@type\":\"ReadAction\",\"target\":[\"https:\/\/new.albatartufi.com\/fr\/shop\/mix-de-5-cremes-et-sauces\/\"]}]},{\"@type\":\"ImageObject\",\"inLanguage\":\"fr-FR\",\"@id\":\"https:\/\/new.albatartufi.com\/fr\/shop\/mix-de-5-cremes-et-sauces\/#primaryimage\",\"url\":\"https:\/\/new.albatartufi.com\/wp-content\/uploads\/2025\/09\/mixsalse-1.png\",\"contentUrl\":\"https:\/\/new.albatartufi.com\/wp-content\/uploads\/2025\/09\/mixsalse-1.png\",\"width\":750,\"height\":750,\"caption\":\"Mix di 5 Creme e Salse\"},{\"@type\":\"BreadcrumbList\",\"@id\":\"https:\/\/new.albatartufi.com\/fr\/shop\/mix-de-5-cremes-et-sauces\/#breadcrumb\",\"itemListElement\":[{\"@type\":\"ListItem\",\"position\":1,\"name\":\"Home\",\"item\":\"https:\/\/new.albatartufi.com\/fr\/truffe-dalba-piemont-italie\/\"},{\"@type\":\"ListItem\",\"position\":2,\"name\":\"Boutique\",\"item\":\"https:\/\/new.albatartufi.com\/fr\/boutique\/\"},{\"@type\":\"ListItem\",\"position\":3,\"name\":\"Mix de 5 cr\u00e8mes et sauces\"}]},{\"@type\":\"WebSite\",\"@id\":\"https:\/\/new.albatartufi.com\/#website\",\"url\":\"https:\/\/new.albatartufi.com\/\",\"name\":\"Alba Tartufi\",\"description\":\"Tartufo di Alba (Piemonte - Italia)\",\"publisher\":{\"@id\":\"https:\/\/new.albatartufi.com\/#organization\"},\"potentialAction\":[{\"@type\":\"SearchAction\",\"target\":{\"@type\":\"EntryPoint\",\"urlTemplate\":\"https:\/\/new.albatartufi.com\/?s={search_term_string}\"},\"query-input\":{\"@type\":\"PropertyValueSpecification\",\"valueRequired\":true,\"valueName\":\"search_term_string\"}}],\"inLanguage\":\"fr-FR\"},{\"@type\":\"Organization\",\"@id\":\"https:\/\/new.albatartufi.com\/#organization\",\"name\":\"Alba Tartufi\",\"url\":\"https:\/\/new.albatartufi.com\/\",\"logo\":{\"@type\":\"ImageObject\",\"inLanguage\":\"fr-FR\",\"@id\":\"https:\/\/new.albatartufi.com\/#\/schema\/logo\/image\/\",\"url\":\"https:\/\/new.albatartufi.com\/wp-content\/uploads\/2025\/09\/cropped-logo_alba_tartufi.webp\",\"contentUrl\":\"https:\/\/new.albatartufi.com\/wp-content\/uploads\/2025\/09\/cropped-logo_alba_tartufi.webp\",\"width\":389,\"height\":211,\"caption\":\"Alba Tartufi\"},\"image\":{\"@id\":\"https:\/\/new.albatartufi.com\/#\/schema\/logo\/image\/\"},\"sameAs\":[\"https:\/\/www.facebook.com\/albatartufi\",\"https:\/\/x.com\/albatartufi\",\"https:\/\/www.instagram.com\/albatartufi\/\"]}]}<\/script>\n<!-- \/ Yoast SEO plugin. -->","yoast_head_json":{"title":"Mix de 5 cr\u00e8mes et sauces - Truffe d'Alba (Pi\u00e9mont - Italie)","description":"Assortiment de 5 cr\u00e8mes et sauces \u00e0 la truffe pour la d\u00e9guster dans diff\u00e9rentes combinaisons","robots":{"index":"index","follow":"follow","max-snippet":"max-snippet:-1","max-image-preview":"max-image-preview:large","max-video-preview":"max-video-preview:-1"},"canonical":"https:\/\/new.albatartufi.com\/fr\/shop\/mix-de-5-cremes-et-sauces\/","og_locale":"fr_FR","og_type":"article","og_title":"Mix de 5 cr\u00e8mes et sauces - Truffe d'Alba (Pi\u00e9mont - Italie)","og_description":"Assortiment de 5 cr\u00e8mes et sauces \u00e0 la truffe pour la d\u00e9guster dans diff\u00e9rentes combinaisons","og_url":"https:\/\/new.albatartufi.com\/fr\/shop\/mix-de-5-cremes-et-sauces\/","og_site_name":"Truffe d'Alba (Pi\u00e9mont - Italie)","article_publisher":"https:\/\/www.facebook.com\/albatartufi","article_modified_time":"2025-10-14T15:07:03+00:00","og_image":[{"width":750,"height":750,"url":"https:\/\/new.albatartufi.com\/wp-content\/uploads\/2025\/09\/mixsalse-1.png","type":"image\/png"}],"twitter_card":"summary_large_image","twitter_site":"@albatartufi","twitter_misc":{"Dur\u00e9e de lecture estim\u00e9e":"2 minutes"},"schema":{"@context":"https:\/\/schema.org","@graph":[{"@type":"WebPage","@id":"https:\/\/new.albatartufi.com\/fr\/shop\/mix-de-5-cremes-et-sauces\/","url":"https:\/\/new.albatartufi.com\/fr\/shop\/mix-de-5-cremes-et-sauces\/","name":"Mix de 5 cr\u00e8mes et sauces - Truffe d'Alba (Pi\u00e9mont - Italie)","isPartOf":{"@id":"https:\/\/new.albatartufi.com\/#website"},"primaryImageOfPage":{"@id":"https:\/\/new.albatartufi.com\/fr\/shop\/mix-de-5-cremes-et-sauces\/#primaryimage"},"image":{"@id":"https:\/\/new.albatartufi.com\/fr\/shop\/mix-de-5-cremes-et-sauces\/#primaryimage"},"thumbnailUrl":"https:\/\/new.albatartufi.com\/wp-content\/uploads\/2025\/09\/mixsalse-1.png","datePublished":"2025-09-22T14:53:59+00:00","dateModified":"2025-10-14T15:07:03+00:00","description":"Assortiment de 5 cr\u00e8mes et sauces \u00e0 la truffe pour la d\u00e9guster dans diff\u00e9rentes combinaisons","breadcrumb":{"@id":"https:\/\/new.albatartufi.com\/fr\/shop\/mix-de-5-cremes-et-sauces\/#breadcrumb"},"inLanguage":"fr-FR","potentialAction":[{"@type":"ReadAction","target":["https:\/\/new.albatartufi.com\/fr\/shop\/mix-de-5-cremes-et-sauces\/"]}]},{"@type":"ImageObject","inLanguage":"fr-FR","@id":"https:\/\/new.albatartufi.com\/fr\/shop\/mix-de-5-cremes-et-sauces\/#primaryimage","url":"https:\/\/new.albatartufi.com\/wp-content\/uploads\/2025\/09\/mixsalse-1.png","contentUrl":"https:\/\/new.albatartufi.com\/wp-content\/uploads\/2025\/09\/mixsalse-1.png","width":750,"height":750,"caption":"Mix di 5 Creme e Salse"},{"@type":"BreadcrumbList","@id":"https:\/\/new.albatartufi.com\/fr\/shop\/mix-de-5-cremes-et-sauces\/#breadcrumb","itemListElement":[{"@type":"ListItem","position":1,"name":"Home","item":"https:\/\/new.albatartufi.com\/fr\/truffe-dalba-piemont-italie\/"},{"@type":"ListItem","position":2,"name":"Boutique","item":"https:\/\/new.albatartufi.com\/fr\/boutique\/"},{"@type":"ListItem","position":3,"name":"Mix de 5 cr\u00e8mes et sauces"}]},{"@type":"WebSite","@id":"https:\/\/new.albatartufi.com\/#website","url":"https:\/\/new.albatartufi.com\/","name":"Alba Tartufi","description":"Tartufo di Alba (Piemonte - Italia)","publisher":{"@id":"https:\/\/new.albatartufi.com\/#organization"},"potentialAction":[{"@type":"SearchAction","target":{"@type":"EntryPoint","urlTemplate":"https:\/\/new.albatartufi.com\/?s={search_term_string}"},"query-input":{"@type":"PropertyValueSpecification","valueRequired":true,"valueName":"search_term_string"}}],"inLanguage":"fr-FR"},{"@type":"Organization","@id":"https:\/\/new.albatartufi.com\/#organization","name":"Alba Tartufi","url":"https:\/\/new.albatartufi.com\/","logo":{"@type":"ImageObject","inLanguage":"fr-FR","@id":"https:\/\/new.albatartufi.com\/#\/schema\/logo\/image\/","url":"https:\/\/new.albatartufi.com\/wp-content\/uploads\/2025\/09\/cropped-logo_alba_tartufi.webp","contentUrl":"https:\/\/new.albatartufi.com\/wp-content\/uploads\/2025\/09\/cropped-logo_alba_tartufi.webp","width":389,"height":211,"caption":"Alba Tartufi"},"image":{"@id":"https:\/\/new.albatartufi.com\/#\/schema\/logo\/image\/"},"sameAs":["https:\/\/www.facebook.com\/albatartufi","https:\/\/x.com\/albatartufi","https:\/\/www.instagram.com\/albatartufi\/"]}]}},"_links":{"self":[{"href":"https:\/\/new.albatartufi.com\/fr\/wp-json\/wp\/v2\/product\/988874","targetHints":{"allow":["GET"]}}],"collection":[{"href":"https:\/\/new.albatartufi.com\/fr\/wp-json\/wp\/v2\/product"}],"about":[{"href":"https:\/\/new.albatartufi.com\/fr\/wp-json\/wp\/v2\/types\/product"}],"version-history":[{"count":3,"href":"https:\/\/new.albatartufi.com\/fr\/wp-json\/wp\/v2\/product\/988874\/revisions"}],"predecessor-version":[{"id":994390,"href":"https:\/\/new.albatartufi.com\/fr\/wp-json\/wp\/v2\/product\/988874\/revisions\/994390"}],"wp:featuredmedia":[{"embeddable":true,"href":"https:\/\/new.albatartufi.com\/fr\/wp-json\/wp\/v2\/media\/994312"}],"wp:attachment":[{"href":"https:\/\/new.albatartufi.com\/fr\/wp-json\/wp\/v2\/media?parent=988874"}],"wp:term":[{"taxonomy":"product_brand","embeddable":true,"href":"https:\/\/new.albatartufi.com\/fr\/wp-json\/wp\/v2\/product_brand?post=988874"},{"taxonomy":"product_cat","embeddable":true,"href":"https:\/\/new.albatartufi.com\/fr\/wp-json\/wp\/v2\/product_cat?post=988874"},{"taxonomy":"product_tag","embeddable":true,"href":"https:\/\/new.albatartufi.com\/fr\/wp-json\/wp\/v2\/product_tag?post=988874"}],"curies":[{"name":"wp","href":"https:\/\/api.w.org\/{rel}","templated":true}]}}