{"id":988886,"date":"2025-09-22T14:42:23","date_gmt":"2025-09-22T14:42:23","guid":{"rendered":"https:\/\/new.albatartufi.com\/prodotto\/sauce-royale-a-la-truffe\/"},"modified":"2025-10-14T15:08:14","modified_gmt":"2025-10-14T15:08:14","slug":"sauce-royale-a-la-truffe","status":"publish","type":"product","link":"https:\/\/new.albatartufi.com\/fr\/shop\/sauce-royale-a-la-truffe\/","title":{"rendered":"Sauce royale \u00e0 la truffe"},"content":{"rendered":"<div class=\"vgblk-rw-wrapper limit-wrapper\">\n<h4>Pot de 180g.<\/h4>\n<h4 class=\"text-dark\">UTILISATION RECOMMAND\u00c9E<\/h4>\n<p class=\"text-muted\">La sauce royale \u00e0 la truffe est une sauce \u00e0 base de fromage Grana et de truffe. Cr\u00e9meux et facile \u00e0 tartiner, il offre un d\u00e9licieux mariage entre le fromage et les ar\u00f4mes de la truffe. Le produit, outre la pr\u00e9paration d&rsquo;ap\u00e9ritifs app\u00e9tissants, se pr\u00eate \u00e9galement \u00e0 la pr\u00e9paration de plats \u00e0 base de fromage et de d\u00e9licieuses mini-pizzas.<\/p>\n<h5 class=\"text-dark mb-0 mt-2\">STOCKAGE<\/h5>\n<p class=\"text-muted\">Le produit conserve ses caract\u00e9ristiques inchang\u00e9es depuis la date de fabrication pour les dur\u00e9es et temp\u00e9ratures d\u00e9finies ci-dessous : au r\u00e9frig\u00e9rateur (+4\u00b0C) &#8211; une fois ouvert, \u00e0 conserver au r\u00e9frig\u00e9rateur recouvert d&rsquo;huile et \u00e0 consommer sous quelques jours ; \u00e0 temp\u00e9rature ambiante &#8211; en pot ferm\u00e9, \u00e0 consommer avant la date de p\u00e9remption indiqu\u00e9e sur le pot (D.M.C).<\/p>\n<h5 class=\"text-dark mb-0 mt-2\">INGR\u00c9DIENTS<\/h5>\n<p class=\"text-muted\">Cr\u00e8me 64,80%, Bouillon de l\u00e9gumes 13,52% (eau, sel marin, extrait de levure, farine de riz, oignons, huile de tournesol, ail), Beurre 6,90%, Farine de bl\u00e9 type 00 6,90%, Truffe (Tuber Albidum Pico ou Tuber Borchii Vit.) 5,00%, Parmigiano Reggiano 1,40%, Ar\u00f4me de truffe blanche 0,70%, Sel 0,50%.<\/p>\n<h5 class=\"text-dark mb-0 mt-2\">PR\u00c9SENCE D&rsquo;ALLERG\u00c8NES<\/h5>\n<p class=\"text-muted\">Oui (farine de bl\u00e9, cr\u00e8me, fromage, beurre. Il existe une possibilit\u00e9 de contamination crois\u00e9e car l&rsquo;usine traite \u00e9galement de la farine, du c\u00e9leri, des noix, des produits laitiers, des c\u00e9r\u00e9ales, des \u0153ufs, du soja et ses d\u00e9riv\u00e9s).<\/p>\n<h5 class=\"text-dark mb-0 mt-2\">PR\u00c9SENCE D&rsquo;OGM<\/h5>\n<p class=\"text-muted\">Non.<\/p>\n<h5 class=\"text-dark mb-0 mt-2\">DUREE MINIMUM DE CONSERVATION (D.M.C.)<\/h5>\n<p class=\"text-muted\">36 mois.<\/p>\n<h5 class=\"text-dark mb-0 mt-2\">CARACT\u00c9RISTIQUES NUTRITIONNELLES &#8211; U.M.: g\/100g<\/h5>\n<table class=\"tabella-nut\">\n<thead>\n<tr>\n<td>PARAM\u00c8TRE<\/td>\n<td>VALEURS<\/td>\n<\/tr>\n<\/thead>\n<tbody>\n<tr>\n<td>VALEUR \u00c9NERG\u00c9TIQUE<\/td>\n<td>KJ 1370<\/td>\n<\/tr>\n<tr>\n<td>KCAL<\/td>\n<td>332<\/td>\n<\/tr>\n<tr>\n<td>GRAISSES<\/td>\n<td>31 g<\/td>\n<\/tr>\n<tr>\n<td>MATI\u00c8RES GRASSES DONT ACIDES GRAS SATUR\u00c9S<\/td>\n<td>21 g<\/td>\n<\/tr>\n<tr>\n<td>GLUCIDES<\/td>\n<td>8 g<\/td>\n<\/tr>\n<tr>\n<td>DONT SUCRES<\/td>\n<td>1 g<\/td>\n<\/tr>\n<tr>\n<td>PROT\u00c9INES<\/td>\n<td>2,2 g<\/td>\n<\/tr>\n<tr>\n<td>SEL<\/td>\n<td>1,4 g<\/td>\n<\/tr>\n<\/tbody>\n<\/table>\n<\/div>\n<p><!-- .vgblk-rw-wrapper --><\/p>\n","protected":false},"excerpt":{"rendered":"<p>Pot de 180g. UTILISATION RECOMMAND\u00c9E La sauce royale \u00e0 la truffe est une sauce \u00e0 base de fromage Grana et de truffe. Cr\u00e9meux et facile \u00e0 tartiner, il offre un d\u00e9licieux mariage entre le fromage et les ar\u00f4mes de la truffe. Le produit, outre la pr\u00e9paration d&rsquo;ap\u00e9ritifs app\u00e9tissants, se pr\u00eate \u00e9galement \u00e0 la pr\u00e9paration de&#8230;<\/p>\n","protected":false},"featured_media":994298,"template":"","meta":{"inline_featured_image":false},"product_brand":[],"product_cat":[69],"product_tag":[],"class_list":{"0":"post-988886","1":"product","2":"type-product","3":"status-publish","4":"has-post-thumbnail","6":"product_cat-truffes-conservees","8":"first","9":"instock","10":"shipping-taxable","11":"purchasable","12":"product-type-simple"},"yoast_head":"<!-- This site is optimized with the Yoast SEO plugin v26.2 - https:\/\/yoast.com\/wordpress\/plugins\/seo\/ -->\n<title>Sauce royale \u00e0 la truffe - Truffe d&#039;Alba (Pi\u00e9mont - Italie)<\/title>\n<meta name=\"description\" content=\"La sauce royale \u00e0 la truffe est une sauce \u00e0 base de fromage Grana et de truffe. Cr\u00e9meux et facile \u00e0 tartiner, il offre un d\u00e9licieux mariage entre le fromage et les ar\u00f4mes de la truffe.\" \/>\n<meta name=\"robots\" content=\"index, follow, max-snippet:-1, max-image-preview:large, max-video-preview:-1\" \/>\n<link rel=\"canonical\" href=\"https:\/\/new.albatartufi.com\/fr\/shop\/sauce-royale-a-la-truffe\/\" \/>\n<meta property=\"og:locale\" content=\"fr_FR\" \/>\n<meta property=\"og:type\" content=\"article\" \/>\n<meta property=\"og:title\" content=\"Sauce royale \u00e0 la truffe - Truffe d&#039;Alba (Pi\u00e9mont - Italie)\" \/>\n<meta property=\"og:description\" content=\"La sauce royale \u00e0 la truffe est une sauce \u00e0 base de fromage Grana et de truffe. Cr\u00e9meux et facile \u00e0 tartiner, il offre un d\u00e9licieux mariage entre le fromage et les ar\u00f4mes de la truffe.\" \/>\n<meta property=\"og:url\" content=\"https:\/\/new.albatartufi.com\/fr\/shop\/sauce-royale-a-la-truffe\/\" \/>\n<meta property=\"og:site_name\" content=\"Truffe d&#039;Alba (Pi\u00e9mont - Italie)\" \/>\n<meta property=\"article:publisher\" content=\"https:\/\/www.facebook.com\/albatartufi\" \/>\n<meta property=\"article:modified_time\" content=\"2025-10-14T15:08:14+00:00\" \/>\n<meta property=\"og:image\" content=\"https:\/\/new.albatartufi.com\/wp-content\/uploads\/2025\/09\/salsareale-1.png\" \/>\n\t<meta property=\"og:image:width\" content=\"800\" \/>\n\t<meta property=\"og:image:height\" content=\"800\" \/>\n\t<meta property=\"og:image:type\" content=\"image\/png\" \/>\n<meta name=\"twitter:card\" content=\"summary_large_image\" \/>\n<meta name=\"twitter:site\" content=\"@albatartufi\" \/>\n<meta name=\"twitter:label1\" content=\"Dur\u00e9e de lecture estim\u00e9e\" \/>\n\t<meta name=\"twitter:data1\" content=\"2 minutes\" \/>\n<script type=\"application\/ld+json\" class=\"yoast-schema-graph\">{\"@context\":\"https:\/\/schema.org\",\"@graph\":[{\"@type\":\"WebPage\",\"@id\":\"https:\/\/new.albatartufi.com\/fr\/shop\/sauce-royale-a-la-truffe\/\",\"url\":\"https:\/\/new.albatartufi.com\/fr\/shop\/sauce-royale-a-la-truffe\/\",\"name\":\"Sauce royale \u00e0 la truffe - Truffe d'Alba (Pi\u00e9mont - Italie)\",\"isPartOf\":{\"@id\":\"https:\/\/new.albatartufi.com\/#website\"},\"primaryImageOfPage\":{\"@id\":\"https:\/\/new.albatartufi.com\/fr\/shop\/sauce-royale-a-la-truffe\/#primaryimage\"},\"image\":{\"@id\":\"https:\/\/new.albatartufi.com\/fr\/shop\/sauce-royale-a-la-truffe\/#primaryimage\"},\"thumbnailUrl\":\"https:\/\/new.albatartufi.com\/wp-content\/uploads\/2025\/09\/salsareale-1.png\",\"datePublished\":\"2025-09-22T14:42:23+00:00\",\"dateModified\":\"2025-10-14T15:08:14+00:00\",\"description\":\"La sauce royale \u00e0 la truffe est une sauce \u00e0 base de fromage Grana et de truffe. Cr\u00e9meux et facile \u00e0 tartiner, il offre un d\u00e9licieux mariage entre le fromage et les ar\u00f4mes de la truffe.\",\"breadcrumb\":{\"@id\":\"https:\/\/new.albatartufi.com\/fr\/shop\/sauce-royale-a-la-truffe\/#breadcrumb\"},\"inLanguage\":\"fr-FR\",\"potentialAction\":[{\"@type\":\"ReadAction\",\"target\":[\"https:\/\/new.albatartufi.com\/fr\/shop\/sauce-royale-a-la-truffe\/\"]}]},{\"@type\":\"ImageObject\",\"inLanguage\":\"fr-FR\",\"@id\":\"https:\/\/new.albatartufi.com\/fr\/shop\/sauce-royale-a-la-truffe\/#primaryimage\",\"url\":\"https:\/\/new.albatartufi.com\/wp-content\/uploads\/2025\/09\/salsareale-1.png\",\"contentUrl\":\"https:\/\/new.albatartufi.com\/wp-content\/uploads\/2025\/09\/salsareale-1.png\",\"width\":800,\"height\":800,\"caption\":\"Salsa Reale con Tartufo\"},{\"@type\":\"BreadcrumbList\",\"@id\":\"https:\/\/new.albatartufi.com\/fr\/shop\/sauce-royale-a-la-truffe\/#breadcrumb\",\"itemListElement\":[{\"@type\":\"ListItem\",\"position\":1,\"name\":\"Home\",\"item\":\"https:\/\/new.albatartufi.com\/fr\/truffe-dalba-piemont-italie\/\"},{\"@type\":\"ListItem\",\"position\":2,\"name\":\"Boutique\",\"item\":\"https:\/\/new.albatartufi.com\/fr\/boutique\/\"},{\"@type\":\"ListItem\",\"position\":3,\"name\":\"Sauce royale \u00e0 la truffe\"}]},{\"@type\":\"WebSite\",\"@id\":\"https:\/\/new.albatartufi.com\/#website\",\"url\":\"https:\/\/new.albatartufi.com\/\",\"name\":\"Alba Tartufi\",\"description\":\"Tartufo di Alba (Piemonte - Italia)\",\"publisher\":{\"@id\":\"https:\/\/new.albatartufi.com\/#organization\"},\"potentialAction\":[{\"@type\":\"SearchAction\",\"target\":{\"@type\":\"EntryPoint\",\"urlTemplate\":\"https:\/\/new.albatartufi.com\/?s={search_term_string}\"},\"query-input\":{\"@type\":\"PropertyValueSpecification\",\"valueRequired\":true,\"valueName\":\"search_term_string\"}}],\"inLanguage\":\"fr-FR\"},{\"@type\":\"Organization\",\"@id\":\"https:\/\/new.albatartufi.com\/#organization\",\"name\":\"Alba Tartufi\",\"url\":\"https:\/\/new.albatartufi.com\/\",\"logo\":{\"@type\":\"ImageObject\",\"inLanguage\":\"fr-FR\",\"@id\":\"https:\/\/new.albatartufi.com\/#\/schema\/logo\/image\/\",\"url\":\"https:\/\/new.albatartufi.com\/wp-content\/uploads\/2025\/09\/cropped-logo_alba_tartufi.webp\",\"contentUrl\":\"https:\/\/new.albatartufi.com\/wp-content\/uploads\/2025\/09\/cropped-logo_alba_tartufi.webp\",\"width\":389,\"height\":211,\"caption\":\"Alba Tartufi\"},\"image\":{\"@id\":\"https:\/\/new.albatartufi.com\/#\/schema\/logo\/image\/\"},\"sameAs\":[\"https:\/\/www.facebook.com\/albatartufi\",\"https:\/\/x.com\/albatartufi\",\"https:\/\/www.instagram.com\/albatartufi\/\"]}]}<\/script>\n<!-- \/ Yoast SEO plugin. -->","yoast_head_json":{"title":"Sauce royale \u00e0 la truffe - Truffe d'Alba (Pi\u00e9mont - Italie)","description":"La sauce royale \u00e0 la truffe est une sauce \u00e0 base de fromage Grana et de truffe. Cr\u00e9meux et facile \u00e0 tartiner, il offre un d\u00e9licieux mariage entre le fromage et les ar\u00f4mes de la truffe.","robots":{"index":"index","follow":"follow","max-snippet":"max-snippet:-1","max-image-preview":"max-image-preview:large","max-video-preview":"max-video-preview:-1"},"canonical":"https:\/\/new.albatartufi.com\/fr\/shop\/sauce-royale-a-la-truffe\/","og_locale":"fr_FR","og_type":"article","og_title":"Sauce royale \u00e0 la truffe - Truffe d'Alba (Pi\u00e9mont - Italie)","og_description":"La sauce royale \u00e0 la truffe est une sauce \u00e0 base de fromage Grana et de truffe. Cr\u00e9meux et facile \u00e0 tartiner, il offre un d\u00e9licieux mariage entre le fromage et les ar\u00f4mes de la truffe.","og_url":"https:\/\/new.albatartufi.com\/fr\/shop\/sauce-royale-a-la-truffe\/","og_site_name":"Truffe d'Alba (Pi\u00e9mont - Italie)","article_publisher":"https:\/\/www.facebook.com\/albatartufi","article_modified_time":"2025-10-14T15:08:14+00:00","og_image":[{"width":800,"height":800,"url":"https:\/\/new.albatartufi.com\/wp-content\/uploads\/2025\/09\/salsareale-1.png","type":"image\/png"}],"twitter_card":"summary_large_image","twitter_site":"@albatartufi","twitter_misc":{"Dur\u00e9e de lecture estim\u00e9e":"2 minutes"},"schema":{"@context":"https:\/\/schema.org","@graph":[{"@type":"WebPage","@id":"https:\/\/new.albatartufi.com\/fr\/shop\/sauce-royale-a-la-truffe\/","url":"https:\/\/new.albatartufi.com\/fr\/shop\/sauce-royale-a-la-truffe\/","name":"Sauce royale \u00e0 la truffe - Truffe d'Alba (Pi\u00e9mont - Italie)","isPartOf":{"@id":"https:\/\/new.albatartufi.com\/#website"},"primaryImageOfPage":{"@id":"https:\/\/new.albatartufi.com\/fr\/shop\/sauce-royale-a-la-truffe\/#primaryimage"},"image":{"@id":"https:\/\/new.albatartufi.com\/fr\/shop\/sauce-royale-a-la-truffe\/#primaryimage"},"thumbnailUrl":"https:\/\/new.albatartufi.com\/wp-content\/uploads\/2025\/09\/salsareale-1.png","datePublished":"2025-09-22T14:42:23+00:00","dateModified":"2025-10-14T15:08:14+00:00","description":"La sauce royale \u00e0 la truffe est une sauce \u00e0 base de fromage Grana et de truffe. Cr\u00e9meux et facile \u00e0 tartiner, il offre un d\u00e9licieux mariage entre le fromage et les ar\u00f4mes de la truffe.","breadcrumb":{"@id":"https:\/\/new.albatartufi.com\/fr\/shop\/sauce-royale-a-la-truffe\/#breadcrumb"},"inLanguage":"fr-FR","potentialAction":[{"@type":"ReadAction","target":["https:\/\/new.albatartufi.com\/fr\/shop\/sauce-royale-a-la-truffe\/"]}]},{"@type":"ImageObject","inLanguage":"fr-FR","@id":"https:\/\/new.albatartufi.com\/fr\/shop\/sauce-royale-a-la-truffe\/#primaryimage","url":"https:\/\/new.albatartufi.com\/wp-content\/uploads\/2025\/09\/salsareale-1.png","contentUrl":"https:\/\/new.albatartufi.com\/wp-content\/uploads\/2025\/09\/salsareale-1.png","width":800,"height":800,"caption":"Salsa Reale con Tartufo"},{"@type":"BreadcrumbList","@id":"https:\/\/new.albatartufi.com\/fr\/shop\/sauce-royale-a-la-truffe\/#breadcrumb","itemListElement":[{"@type":"ListItem","position":1,"name":"Home","item":"https:\/\/new.albatartufi.com\/fr\/truffe-dalba-piemont-italie\/"},{"@type":"ListItem","position":2,"name":"Boutique","item":"https:\/\/new.albatartufi.com\/fr\/boutique\/"},{"@type":"ListItem","position":3,"name":"Sauce royale \u00e0 la truffe"}]},{"@type":"WebSite","@id":"https:\/\/new.albatartufi.com\/#website","url":"https:\/\/new.albatartufi.com\/","name":"Alba Tartufi","description":"Tartufo di Alba (Piemonte - Italia)","publisher":{"@id":"https:\/\/new.albatartufi.com\/#organization"},"potentialAction":[{"@type":"SearchAction","target":{"@type":"EntryPoint","urlTemplate":"https:\/\/new.albatartufi.com\/?s={search_term_string}"},"query-input":{"@type":"PropertyValueSpecification","valueRequired":true,"valueName":"search_term_string"}}],"inLanguage":"fr-FR"},{"@type":"Organization","@id":"https:\/\/new.albatartufi.com\/#organization","name":"Alba Tartufi","url":"https:\/\/new.albatartufi.com\/","logo":{"@type":"ImageObject","inLanguage":"fr-FR","@id":"https:\/\/new.albatartufi.com\/#\/schema\/logo\/image\/","url":"https:\/\/new.albatartufi.com\/wp-content\/uploads\/2025\/09\/cropped-logo_alba_tartufi.webp","contentUrl":"https:\/\/new.albatartufi.com\/wp-content\/uploads\/2025\/09\/cropped-logo_alba_tartufi.webp","width":389,"height":211,"caption":"Alba Tartufi"},"image":{"@id":"https:\/\/new.albatartufi.com\/#\/schema\/logo\/image\/"},"sameAs":["https:\/\/www.facebook.com\/albatartufi","https:\/\/x.com\/albatartufi","https:\/\/www.instagram.com\/albatartufi\/"]}]}},"_links":{"self":[{"href":"https:\/\/new.albatartufi.com\/fr\/wp-json\/wp\/v2\/product\/988886","targetHints":{"allow":["GET"]}}],"collection":[{"href":"https:\/\/new.albatartufi.com\/fr\/wp-json\/wp\/v2\/product"}],"about":[{"href":"https:\/\/new.albatartufi.com\/fr\/wp-json\/wp\/v2\/types\/product"}],"version-history":[{"count":2,"href":"https:\/\/new.albatartufi.com\/fr\/wp-json\/wp\/v2\/product\/988886\/revisions"}],"predecessor-version":[{"id":994392,"href":"https:\/\/new.albatartufi.com\/fr\/wp-json\/wp\/v2\/product\/988886\/revisions\/994392"}],"wp:featuredmedia":[{"embeddable":true,"href":"https:\/\/new.albatartufi.com\/fr\/wp-json\/wp\/v2\/media\/994298"}],"wp:attachment":[{"href":"https:\/\/new.albatartufi.com\/fr\/wp-json\/wp\/v2\/media?parent=988886"}],"wp:term":[{"taxonomy":"product_brand","embeddable":true,"href":"https:\/\/new.albatartufi.com\/fr\/wp-json\/wp\/v2\/product_brand?post=988886"},{"taxonomy":"product_cat","embeddable":true,"href":"https:\/\/new.albatartufi.com\/fr\/wp-json\/wp\/v2\/product_cat?post=988886"},{"taxonomy":"product_tag","embeddable":true,"href":"https:\/\/new.albatartufi.com\/fr\/wp-json\/wp\/v2\/product_tag?post=988886"}],"curies":[{"name":"wp","href":"https:\/\/api.w.org\/{rel}","templated":true}]}}