{"id":994122,"date":"2025-09-30T10:34:28","date_gmt":"2025-09-30T10:34:28","guid":{"rendered":"https:\/\/new.albatartufi.com\/shop\/forfait-gourmand\/"},"modified":"2025-10-14T14:59:50","modified_gmt":"2025-10-14T14:59:50","slug":"forfait-gourmand","status":"publish","type":"product","link":"https:\/\/new.albatartufi.com\/fr\/shop\/forfait-gourmand\/","title":{"rendered":"Forfait gourmand"},"content":{"rendered":"<div class=\"vgblk-rw-wrapper limit-wrapper\">\n<ul>\n<li>1 paquet de p\u00e2tes Tagliolini \u00e0 la truffe (250 g)<\/li>\n<li>1 Parfum Truffe Noire en flacon (100 ml d&rsquo;huile condiment aromatis\u00e9e \u00e0 la Truffe Noire)<\/li>\n<li>1 pot de riz aux truffes (250 g)<\/li>\n<li>1 pot de d\u00e9lice \u00e0 la truffe (90 g)<\/li>\n<li>1 Sp\u00e9cialit\u00e9 \u00e0 base de Beurre \u00e0 la Truffe en pot (90 g)<\/li>\n<li>1 pot de sauce \u00e0 la truffe blanche (90 g)<\/li>\n<li>1 pot de truffe noire d&rsquo;\u00e9t\u00e9 tranch\u00e9e (50 g)<\/li>\n<li>1 pot de cr\u00e8me de truffe noire d&rsquo;\u00e9t\u00e9 (50 g)<\/li>\n<li>1 Sel \u00e0 la Truffe Blanche d&rsquo;Alba en pot (30 g).<\/li>\n<\/ul>\n<h4>Poids net total 1080 gr.<\/h4>\n<\/div>\n<p><!-- .vgblk-rw-wrapper --><\/p>\n","protected":false},"excerpt":{"rendered":"<p>1 paquet de p\u00e2tes Tagliolini \u00e0 la truffe (250 g) 1 Parfum Truffe Noire en flacon (100 ml d&rsquo;huile condiment aromatis\u00e9e \u00e0 la Truffe Noire) 1 pot de riz aux truffes (250 g) 1 pot de d\u00e9lice \u00e0 la truffe (90 g) 1 Sp\u00e9cialit\u00e9 \u00e0 base de Beurre \u00e0 la Truffe en pot (90 g)&#8230;<\/p>\n","protected":false},"featured_media":994375,"template":"","meta":{"inline_featured_image":false},"product_brand":[],"product_cat":[69],"product_tag":[],"class_list":{"0":"post-994122","1":"product","2":"type-product","3":"status-publish","4":"has-post-thumbnail","6":"product_cat-truffes-conservees","8":"first","9":"instock","10":"shipping-taxable","11":"purchasable","12":"product-type-simple"},"yoast_head":"<!-- This site is optimized with the Yoast SEO plugin v26.2 - https:\/\/yoast.com\/wordpress\/plugins\/seo\/ -->\n<title>Forfait gourmand - Truffe d&#039;Alba (Pi\u00e9mont - Italie)<\/title>\n<meta name=\"description\" content=\"D\u00e9couvrez le Coffret Gourmet \u00e0 la Truffe, une s\u00e9lection exclusive de sp\u00e9cialit\u00e9s \u00e0 la truffe \u2014 p\u00e2tes, riz, sauces et assaisonnements fins pour une exp\u00e9rience gustative authentique et raffin\u00e9e.\" \/>\n<meta name=\"robots\" content=\"index, follow, max-snippet:-1, max-image-preview:large, max-video-preview:-1\" \/>\n<link rel=\"canonical\" href=\"https:\/\/new.albatartufi.com\/fr\/shop\/forfait-gourmand\/\" \/>\n<meta property=\"og:locale\" content=\"fr_FR\" \/>\n<meta property=\"og:type\" content=\"article\" \/>\n<meta property=\"og:title\" content=\"Forfait gourmand - Truffe d&#039;Alba (Pi\u00e9mont - Italie)\" \/>\n<meta property=\"og:description\" content=\"D\u00e9couvrez le Coffret Gourmet \u00e0 la Truffe, une s\u00e9lection exclusive de sp\u00e9cialit\u00e9s \u00e0 la truffe \u2014 p\u00e2tes, riz, sauces et assaisonnements fins pour une exp\u00e9rience gustative authentique et raffin\u00e9e.\" \/>\n<meta property=\"og:url\" content=\"https:\/\/new.albatartufi.com\/fr\/shop\/forfait-gourmand\/\" \/>\n<meta property=\"og:site_name\" content=\"Truffe d&#039;Alba (Pi\u00e9mont - Italie)\" \/>\n<meta property=\"article:publisher\" content=\"https:\/\/www.facebook.com\/albatartufi\" \/>\n<meta property=\"article:modified_time\" content=\"2025-10-14T14:59:50+00:00\" \/>\n<meta property=\"og:image\" content=\"https:\/\/new.albatartufi.com\/wp-content\/uploads\/2025\/09\/confezione_gourmet.png\" \/>\n\t<meta property=\"og:image:width\" content=\"800\" \/>\n\t<meta property=\"og:image:height\" content=\"800\" \/>\n\t<meta property=\"og:image:type\" content=\"image\/png\" \/>\n<meta name=\"twitter:card\" content=\"summary_large_image\" \/>\n<meta name=\"twitter:site\" content=\"@albatartufi\" \/>\n<meta name=\"twitter:label1\" content=\"Dur\u00e9e de lecture estim\u00e9e\" \/>\n\t<meta name=\"twitter:data1\" content=\"1 minute\" \/>\n<script type=\"application\/ld+json\" class=\"yoast-schema-graph\">{\"@context\":\"https:\/\/schema.org\",\"@graph\":[{\"@type\":\"WebPage\",\"@id\":\"https:\/\/new.albatartufi.com\/fr\/shop\/forfait-gourmand\/\",\"url\":\"https:\/\/new.albatartufi.com\/fr\/shop\/forfait-gourmand\/\",\"name\":\"Forfait gourmand - Truffe d'Alba (Pi\u00e9mont - Italie)\",\"isPartOf\":{\"@id\":\"https:\/\/new.albatartufi.com\/#website\"},\"primaryImageOfPage\":{\"@id\":\"https:\/\/new.albatartufi.com\/fr\/shop\/forfait-gourmand\/#primaryimage\"},\"image\":{\"@id\":\"https:\/\/new.albatartufi.com\/fr\/shop\/forfait-gourmand\/#primaryimage\"},\"thumbnailUrl\":\"https:\/\/new.albatartufi.com\/wp-content\/uploads\/2025\/09\/confezione_gourmet.png\",\"datePublished\":\"2025-09-30T10:34:28+00:00\",\"dateModified\":\"2025-10-14T14:59:50+00:00\",\"description\":\"D\u00e9couvrez le Coffret Gourmet \u00e0 la Truffe, une s\u00e9lection exclusive de sp\u00e9cialit\u00e9s \u00e0 la truffe \u2014 p\u00e2tes, riz, sauces et assaisonnements fins pour une exp\u00e9rience gustative authentique et raffin\u00e9e.\",\"breadcrumb\":{\"@id\":\"https:\/\/new.albatartufi.com\/fr\/shop\/forfait-gourmand\/#breadcrumb\"},\"inLanguage\":\"fr-FR\",\"potentialAction\":[{\"@type\":\"ReadAction\",\"target\":[\"https:\/\/new.albatartufi.com\/fr\/shop\/forfait-gourmand\/\"]}]},{\"@type\":\"ImageObject\",\"inLanguage\":\"fr-FR\",\"@id\":\"https:\/\/new.albatartufi.com\/fr\/shop\/forfait-gourmand\/#primaryimage\",\"url\":\"https:\/\/new.albatartufi.com\/wp-content\/uploads\/2025\/09\/confezione_gourmet.png\",\"contentUrl\":\"https:\/\/new.albatartufi.com\/wp-content\/uploads\/2025\/09\/confezione_gourmet.png\",\"width\":800,\"height\":800,\"caption\":\"Confezione gourmet\"},{\"@type\":\"BreadcrumbList\",\"@id\":\"https:\/\/new.albatartufi.com\/fr\/shop\/forfait-gourmand\/#breadcrumb\",\"itemListElement\":[{\"@type\":\"ListItem\",\"position\":1,\"name\":\"Home\",\"item\":\"https:\/\/new.albatartufi.com\/fr\/truffe-dalba-piemont-italie\/\"},{\"@type\":\"ListItem\",\"position\":2,\"name\":\"Boutique\",\"item\":\"https:\/\/new.albatartufi.com\/fr\/boutique\/\"},{\"@type\":\"ListItem\",\"position\":3,\"name\":\"Forfait gourmand\"}]},{\"@type\":\"WebSite\",\"@id\":\"https:\/\/new.albatartufi.com\/#website\",\"url\":\"https:\/\/new.albatartufi.com\/\",\"name\":\"Alba Tartufi\",\"description\":\"Tartufo di Alba (Piemonte - Italia)\",\"publisher\":{\"@id\":\"https:\/\/new.albatartufi.com\/#organization\"},\"potentialAction\":[{\"@type\":\"SearchAction\",\"target\":{\"@type\":\"EntryPoint\",\"urlTemplate\":\"https:\/\/new.albatartufi.com\/?s={search_term_string}\"},\"query-input\":{\"@type\":\"PropertyValueSpecification\",\"valueRequired\":true,\"valueName\":\"search_term_string\"}}],\"inLanguage\":\"fr-FR\"},{\"@type\":\"Organization\",\"@id\":\"https:\/\/new.albatartufi.com\/#organization\",\"name\":\"Alba Tartufi\",\"url\":\"https:\/\/new.albatartufi.com\/\",\"logo\":{\"@type\":\"ImageObject\",\"inLanguage\":\"fr-FR\",\"@id\":\"https:\/\/new.albatartufi.com\/#\/schema\/logo\/image\/\",\"url\":\"https:\/\/new.albatartufi.com\/wp-content\/uploads\/2025\/09\/cropped-logo_alba_tartufi.webp\",\"contentUrl\":\"https:\/\/new.albatartufi.com\/wp-content\/uploads\/2025\/09\/cropped-logo_alba_tartufi.webp\",\"width\":389,\"height\":211,\"caption\":\"Alba Tartufi\"},\"image\":{\"@id\":\"https:\/\/new.albatartufi.com\/#\/schema\/logo\/image\/\"},\"sameAs\":[\"https:\/\/www.facebook.com\/albatartufi\",\"https:\/\/x.com\/albatartufi\",\"https:\/\/www.instagram.com\/albatartufi\/\"]}]}<\/script>\n<!-- \/ Yoast SEO plugin. -->","yoast_head_json":{"title":"Forfait gourmand - Truffe d'Alba (Pi\u00e9mont - Italie)","description":"D\u00e9couvrez le Coffret Gourmet \u00e0 la Truffe, une s\u00e9lection exclusive de sp\u00e9cialit\u00e9s \u00e0 la truffe \u2014 p\u00e2tes, riz, sauces et assaisonnements fins pour une exp\u00e9rience gustative authentique et raffin\u00e9e.","robots":{"index":"index","follow":"follow","max-snippet":"max-snippet:-1","max-image-preview":"max-image-preview:large","max-video-preview":"max-video-preview:-1"},"canonical":"https:\/\/new.albatartufi.com\/fr\/shop\/forfait-gourmand\/","og_locale":"fr_FR","og_type":"article","og_title":"Forfait gourmand - Truffe d'Alba (Pi\u00e9mont - Italie)","og_description":"D\u00e9couvrez le Coffret Gourmet \u00e0 la Truffe, une s\u00e9lection exclusive de sp\u00e9cialit\u00e9s \u00e0 la truffe \u2014 p\u00e2tes, riz, sauces et assaisonnements fins pour une exp\u00e9rience gustative authentique et raffin\u00e9e.","og_url":"https:\/\/new.albatartufi.com\/fr\/shop\/forfait-gourmand\/","og_site_name":"Truffe d'Alba (Pi\u00e9mont - Italie)","article_publisher":"https:\/\/www.facebook.com\/albatartufi","article_modified_time":"2025-10-14T14:59:50+00:00","og_image":[{"width":800,"height":800,"url":"https:\/\/new.albatartufi.com\/wp-content\/uploads\/2025\/09\/confezione_gourmet.png","type":"image\/png"}],"twitter_card":"summary_large_image","twitter_site":"@albatartufi","twitter_misc":{"Dur\u00e9e de lecture estim\u00e9e":"1 minute"},"schema":{"@context":"https:\/\/schema.org","@graph":[{"@type":"WebPage","@id":"https:\/\/new.albatartufi.com\/fr\/shop\/forfait-gourmand\/","url":"https:\/\/new.albatartufi.com\/fr\/shop\/forfait-gourmand\/","name":"Forfait gourmand - Truffe d'Alba (Pi\u00e9mont - Italie)","isPartOf":{"@id":"https:\/\/new.albatartufi.com\/#website"},"primaryImageOfPage":{"@id":"https:\/\/new.albatartufi.com\/fr\/shop\/forfait-gourmand\/#primaryimage"},"image":{"@id":"https:\/\/new.albatartufi.com\/fr\/shop\/forfait-gourmand\/#primaryimage"},"thumbnailUrl":"https:\/\/new.albatartufi.com\/wp-content\/uploads\/2025\/09\/confezione_gourmet.png","datePublished":"2025-09-30T10:34:28+00:00","dateModified":"2025-10-14T14:59:50+00:00","description":"D\u00e9couvrez le Coffret Gourmet \u00e0 la Truffe, une s\u00e9lection exclusive de sp\u00e9cialit\u00e9s \u00e0 la truffe \u2014 p\u00e2tes, riz, sauces et assaisonnements fins pour une exp\u00e9rience gustative authentique et raffin\u00e9e.","breadcrumb":{"@id":"https:\/\/new.albatartufi.com\/fr\/shop\/forfait-gourmand\/#breadcrumb"},"inLanguage":"fr-FR","potentialAction":[{"@type":"ReadAction","target":["https:\/\/new.albatartufi.com\/fr\/shop\/forfait-gourmand\/"]}]},{"@type":"ImageObject","inLanguage":"fr-FR","@id":"https:\/\/new.albatartufi.com\/fr\/shop\/forfait-gourmand\/#primaryimage","url":"https:\/\/new.albatartufi.com\/wp-content\/uploads\/2025\/09\/confezione_gourmet.png","contentUrl":"https:\/\/new.albatartufi.com\/wp-content\/uploads\/2025\/09\/confezione_gourmet.png","width":800,"height":800,"caption":"Confezione gourmet"},{"@type":"BreadcrumbList","@id":"https:\/\/new.albatartufi.com\/fr\/shop\/forfait-gourmand\/#breadcrumb","itemListElement":[{"@type":"ListItem","position":1,"name":"Home","item":"https:\/\/new.albatartufi.com\/fr\/truffe-dalba-piemont-italie\/"},{"@type":"ListItem","position":2,"name":"Boutique","item":"https:\/\/new.albatartufi.com\/fr\/boutique\/"},{"@type":"ListItem","position":3,"name":"Forfait gourmand"}]},{"@type":"WebSite","@id":"https:\/\/new.albatartufi.com\/#website","url":"https:\/\/new.albatartufi.com\/","name":"Alba Tartufi","description":"Tartufo di Alba (Piemonte - Italia)","publisher":{"@id":"https:\/\/new.albatartufi.com\/#organization"},"potentialAction":[{"@type":"SearchAction","target":{"@type":"EntryPoint","urlTemplate":"https:\/\/new.albatartufi.com\/?s={search_term_string}"},"query-input":{"@type":"PropertyValueSpecification","valueRequired":true,"valueName":"search_term_string"}}],"inLanguage":"fr-FR"},{"@type":"Organization","@id":"https:\/\/new.albatartufi.com\/#organization","name":"Alba Tartufi","url":"https:\/\/new.albatartufi.com\/","logo":{"@type":"ImageObject","inLanguage":"fr-FR","@id":"https:\/\/new.albatartufi.com\/#\/schema\/logo\/image\/","url":"https:\/\/new.albatartufi.com\/wp-content\/uploads\/2025\/09\/cropped-logo_alba_tartufi.webp","contentUrl":"https:\/\/new.albatartufi.com\/wp-content\/uploads\/2025\/09\/cropped-logo_alba_tartufi.webp","width":389,"height":211,"caption":"Alba Tartufi"},"image":{"@id":"https:\/\/new.albatartufi.com\/#\/schema\/logo\/image\/"},"sameAs":["https:\/\/www.facebook.com\/albatartufi","https:\/\/x.com\/albatartufi","https:\/\/www.instagram.com\/albatartufi\/"]}]}},"_links":{"self":[{"href":"https:\/\/new.albatartufi.com\/fr\/wp-json\/wp\/v2\/product\/994122","targetHints":{"allow":["GET"]}}],"collection":[{"href":"https:\/\/new.albatartufi.com\/fr\/wp-json\/wp\/v2\/product"}],"about":[{"href":"https:\/\/new.albatartufi.com\/fr\/wp-json\/wp\/v2\/types\/product"}],"version-history":[{"count":1,"href":"https:\/\/new.albatartufi.com\/fr\/wp-json\/wp\/v2\/product\/994122\/revisions"}],"predecessor-version":[{"id":994377,"href":"https:\/\/new.albatartufi.com\/fr\/wp-json\/wp\/v2\/product\/994122\/revisions\/994377"}],"wp:featuredmedia":[{"embeddable":true,"href":"https:\/\/new.albatartufi.com\/fr\/wp-json\/wp\/v2\/media\/994375"}],"wp:attachment":[{"href":"https:\/\/new.albatartufi.com\/fr\/wp-json\/wp\/v2\/media?parent=994122"}],"wp:term":[{"taxonomy":"product_brand","embeddable":true,"href":"https:\/\/new.albatartufi.com\/fr\/wp-json\/wp\/v2\/product_brand?post=994122"},{"taxonomy":"product_cat","embeddable":true,"href":"https:\/\/new.albatartufi.com\/fr\/wp-json\/wp\/v2\/product_cat?post=994122"},{"taxonomy":"product_tag","embeddable":true,"href":"https:\/\/new.albatartufi.com\/fr\/wp-json\/wp\/v2\/product_tag?post=994122"}],"curies":[{"name":"wp","href":"https:\/\/api.w.org\/{rel}","templated":true}]}}