{"id":994149,"date":"2025-09-22T14:34:50","date_gmt":"2025-09-22T14:34:50","guid":{"rendered":"https:\/\/new.albatartufi.com\/shop\/creme-de-truffe-blanche-2\/"},"modified":"2025-10-14T15:08:49","modified_gmt":"2025-10-14T15:08:49","slug":"creme-de-truffe-blanche-2","status":"publish","type":"product","link":"https:\/\/new.albatartufi.com\/fr\/shop\/creme-de-truffe-blanche-2\/","title":{"rendered":"Cr\u00e8me De Truffe Blanche"},"content":{"rendered":"<div class=\"vgblk-rw-wrapper limit-wrapper\">\n<h4>Pot de 50 g.<\/h4>\n<h4 class=\"text-dark\">UTILISATION RECOMMAND\u00c9E<\/h4>\n<p class=\"text-muted\">La cr\u00e8me de truffe Bianchetto (Tuber Albidum Pico ou Tuber Borchii Vitt.) contient 73 % de truffe Bianchetto, de l&rsquo;huile d&rsquo;olive et quelques grains de sel. Id\u00e9ale pour parfumer entr\u00e9es et plats principaux, elle constitue \u00e9galement une excellente base pour les ap\u00e9ritifs, les focaccias et les Oizze. Elle poss\u00e8de \u00e9galement une note d&rsquo;ail parfum\u00e9e et enivrante.<\/p>\n<h5 class=\"text-dark mb-0 mt-2\">STOCKAGE<\/h5>\n<p class=\"text-muted\">Le produit conserve ses caract\u00e9ristiques inchang\u00e9es depuis sa date de production pendant les dur\u00e9es et temp\u00e9ratures indiqu\u00e9es ci-dessous :<br \/>\nAu r\u00e9frig\u00e9rateur (+4 \u00b0C) : une fois ouvert, conserver au r\u00e9frig\u00e9rateur, recouvert d&rsquo;huile et consommer dans les jours qui suivent ; \u00e0 temp\u00e9rature ambiante : dans le pot ferm\u00e9, consommer avant la date limite d&rsquo;utilisation optimale indiqu\u00e9e sur le pot (T.M.C.).<\/p>\n<h5 class=\"text-dark mb-0 mt-2\">INGR\u00c9DIENTS<\/h5>\n<p class=\"text-muted\">Truffe Blanche 73% (Tuber Albidum Pico ou Tuber Borchii Vitt.), Huile d&rsquo;Olive Extra Vierge 26%, Sel 1%.<\/p>\n<h5 class=\"text-dark mb-0 mt-2\">PR\u00c9SENCE D&rsquo;ALLERG\u00c8NES<\/h5>\n<p class=\"text-muted\">Non.<\/p>\n<h5 class=\"text-dark mb-0 mt-2\">PR\u00c9SENCE D&rsquo;OGM<\/h5>\n<p class=\"text-muted\">Non.<\/p>\n<h5 class=\"text-dark mb-0 mt-2\">DUREE MINIMUM DE CONSERVATION (D.M.C.)<\/h5>\n<p class=\"text-muted\">48 mois.<\/p>\n<h5 class=\"text-dark mb-0 mt-2\">CARACT\u00c9RISTIQUES NUTRITIONNELLES<\/h5>\n<table class=\"tabella-nut\">\n<thead>\n<tr>\n<td>PARAM\u00c8TRE<\/td>\n<td>VALEURS<\/td>\n<\/tr>\n<\/thead>\n<tbody>\n<tr>\n<td>VALORE ENERGETICO<\/td>\n<td>KJ 1081<\/td>\n<\/tr>\n<tr>\n<td>KCAL<\/td>\n<td>262<\/td>\n<\/tr>\n<tr>\n<td>GRAISSES<\/td>\n<td>26 g<\/td>\n<\/tr>\n<tr>\n<td>GRAISSES DONT ACIDES GRAS SATUR\u00c9S<\/td>\n<td>4,7 g<\/td>\n<\/tr>\n<tr>\n<td>LES GLUCIDES<\/td>\n<td>2 g<\/td>\n<\/tr>\n<tr>\n<td>DONT LES SUCRES<\/td>\n<td>&lt;&lt;0,5 g<\/td>\n<\/tr>\n<tr>\n<td>PROT\u00c9INES<\/td>\n<td>4,1 g<\/td>\n<\/tr>\n<tr>\n<td>SEL<\/td>\n<td>1,8 g<\/td>\n<\/tr>\n<\/tbody>\n<\/table>\n<p>&nbsp;<\/p><\/div>\n<p><!-- .vgblk-rw-wrapper --><\/p>\n","protected":false},"excerpt":{"rendered":"<p>Pot de 50 g. UTILISATION RECOMMAND\u00c9E La cr\u00e8me de truffe Bianchetto (Tuber Albidum Pico ou Tuber Borchii Vitt.) contient 73 % de truffe Bianchetto, de l&rsquo;huile d&rsquo;olive et quelques grains de sel. Id\u00e9ale pour parfumer entr\u00e9es et plats principaux, elle constitue \u00e9galement une excellente base pour les ap\u00e9ritifs, les focaccias et les Oizze. Elle poss\u00e8de&#8230;<\/p>\n","protected":false},"featured_media":994286,"template":"","meta":{"inline_featured_image":false},"product_brand":[],"product_cat":[69],"product_tag":[],"class_list":{"0":"post-994149","1":"product","2":"type-product","3":"status-publish","4":"has-post-thumbnail","6":"product_cat-truffes-conservees","8":"first","9":"instock","10":"shipping-taxable","11":"purchasable","12":"product-type-simple"},"yoast_head":"<!-- This site is optimized with the Yoast SEO plugin v26.2 - https:\/\/yoast.com\/wordpress\/plugins\/seo\/ -->\n<title>Cr\u00e8me De Truffe Blanche - Truffe d&#039;Alba (Pi\u00e9mont - Italie)<\/title>\n<meta name=\"description\" content=\"Id\u00e9ale pour parfumer entr\u00e9es et plats principaux, elle constitue \u00e9galement une excellente base pour les ap\u00e9ritifs, les focaccias et les Pizze.\" \/>\n<meta name=\"robots\" content=\"index, follow, max-snippet:-1, max-image-preview:large, max-video-preview:-1\" \/>\n<link rel=\"canonical\" href=\"https:\/\/new.albatartufi.com\/fr\/shop\/creme-de-truffe-blanche-2\/\" \/>\n<meta property=\"og:locale\" content=\"fr_FR\" \/>\n<meta property=\"og:type\" content=\"article\" \/>\n<meta property=\"og:title\" content=\"Cr\u00e8me De Truffe Blanche - Truffe d&#039;Alba (Pi\u00e9mont - Italie)\" \/>\n<meta property=\"og:description\" content=\"Id\u00e9ale pour parfumer entr\u00e9es et plats principaux, elle constitue \u00e9galement une excellente base pour les ap\u00e9ritifs, les focaccias et les Pizze.\" \/>\n<meta property=\"og:url\" content=\"https:\/\/new.albatartufi.com\/fr\/shop\/creme-de-truffe-blanche-2\/\" \/>\n<meta property=\"og:site_name\" content=\"Truffe d&#039;Alba (Pi\u00e9mont - Italie)\" \/>\n<meta property=\"article:publisher\" content=\"https:\/\/www.facebook.com\/albatartufi\" \/>\n<meta property=\"article:modified_time\" content=\"2025-10-14T15:08:49+00:00\" \/>\n<meta property=\"og:image\" content=\"https:\/\/new.albatartufi.com\/wp-content\/uploads\/2025\/09\/crema_bianchetto-1.png\" \/>\n\t<meta property=\"og:image:width\" content=\"800\" \/>\n\t<meta property=\"og:image:height\" content=\"800\" \/>\n\t<meta property=\"og:image:type\" content=\"image\/png\" \/>\n<meta name=\"twitter:card\" content=\"summary_large_image\" \/>\n<meta name=\"twitter:site\" content=\"@albatartufi\" \/>\n<meta name=\"twitter:label1\" content=\"Dur\u00e9e de lecture estim\u00e9e\" \/>\n\t<meta name=\"twitter:data1\" content=\"2 minutes\" \/>\n<script type=\"application\/ld+json\" class=\"yoast-schema-graph\">{\"@context\":\"https:\/\/schema.org\",\"@graph\":[{\"@type\":\"WebPage\",\"@id\":\"https:\/\/new.albatartufi.com\/fr\/shop\/creme-de-truffe-blanche-2\/\",\"url\":\"https:\/\/new.albatartufi.com\/fr\/shop\/creme-de-truffe-blanche-2\/\",\"name\":\"Cr\u00e8me De Truffe Blanche - Truffe d'Alba (Pi\u00e9mont - Italie)\",\"isPartOf\":{\"@id\":\"https:\/\/new.albatartufi.com\/#website\"},\"primaryImageOfPage\":{\"@id\":\"https:\/\/new.albatartufi.com\/fr\/shop\/creme-de-truffe-blanche-2\/#primaryimage\"},\"image\":{\"@id\":\"https:\/\/new.albatartufi.com\/fr\/shop\/creme-de-truffe-blanche-2\/#primaryimage\"},\"thumbnailUrl\":\"https:\/\/new.albatartufi.com\/wp-content\/uploads\/2025\/09\/crema_bianchetto-1.png\",\"datePublished\":\"2025-09-22T14:34:50+00:00\",\"dateModified\":\"2025-10-14T15:08:49+00:00\",\"description\":\"Id\u00e9ale pour parfumer entr\u00e9es et plats principaux, elle constitue \u00e9galement une excellente base pour les ap\u00e9ritifs, les focaccias et les Pizze.\",\"breadcrumb\":{\"@id\":\"https:\/\/new.albatartufi.com\/fr\/shop\/creme-de-truffe-blanche-2\/#breadcrumb\"},\"inLanguage\":\"fr-FR\",\"potentialAction\":[{\"@type\":\"ReadAction\",\"target\":[\"https:\/\/new.albatartufi.com\/fr\/shop\/creme-de-truffe-blanche-2\/\"]}]},{\"@type\":\"ImageObject\",\"inLanguage\":\"fr-FR\",\"@id\":\"https:\/\/new.albatartufi.com\/fr\/shop\/creme-de-truffe-blanche-2\/#primaryimage\",\"url\":\"https:\/\/new.albatartufi.com\/wp-content\/uploads\/2025\/09\/crema_bianchetto-1.png\",\"contentUrl\":\"https:\/\/new.albatartufi.com\/wp-content\/uploads\/2025\/09\/crema_bianchetto-1.png\",\"width\":800,\"height\":800,\"caption\":\"Crema di tartufo Bianchetto\"},{\"@type\":\"BreadcrumbList\",\"@id\":\"https:\/\/new.albatartufi.com\/fr\/shop\/creme-de-truffe-blanche-2\/#breadcrumb\",\"itemListElement\":[{\"@type\":\"ListItem\",\"position\":1,\"name\":\"Home\",\"item\":\"https:\/\/new.albatartufi.com\/fr\/truffe-dalba-piemont-italie\/\"},{\"@type\":\"ListItem\",\"position\":2,\"name\":\"Boutique\",\"item\":\"https:\/\/new.albatartufi.com\/fr\/boutique\/\"},{\"@type\":\"ListItem\",\"position\":3,\"name\":\"Cr\u00e8me De Truffe Blanche\"}]},{\"@type\":\"WebSite\",\"@id\":\"https:\/\/new.albatartufi.com\/#website\",\"url\":\"https:\/\/new.albatartufi.com\/\",\"name\":\"Alba Tartufi\",\"description\":\"Tartufo di Alba (Piemonte - Italia)\",\"publisher\":{\"@id\":\"https:\/\/new.albatartufi.com\/#organization\"},\"potentialAction\":[{\"@type\":\"SearchAction\",\"target\":{\"@type\":\"EntryPoint\",\"urlTemplate\":\"https:\/\/new.albatartufi.com\/?s={search_term_string}\"},\"query-input\":{\"@type\":\"PropertyValueSpecification\",\"valueRequired\":true,\"valueName\":\"search_term_string\"}}],\"inLanguage\":\"fr-FR\"},{\"@type\":\"Organization\",\"@id\":\"https:\/\/new.albatartufi.com\/#organization\",\"name\":\"Alba Tartufi\",\"url\":\"https:\/\/new.albatartufi.com\/\",\"logo\":{\"@type\":\"ImageObject\",\"inLanguage\":\"fr-FR\",\"@id\":\"https:\/\/new.albatartufi.com\/#\/schema\/logo\/image\/\",\"url\":\"https:\/\/new.albatartufi.com\/wp-content\/uploads\/2025\/09\/cropped-logo_alba_tartufi.webp\",\"contentUrl\":\"https:\/\/new.albatartufi.com\/wp-content\/uploads\/2025\/09\/cropped-logo_alba_tartufi.webp\",\"width\":389,\"height\":211,\"caption\":\"Alba Tartufi\"},\"image\":{\"@id\":\"https:\/\/new.albatartufi.com\/#\/schema\/logo\/image\/\"},\"sameAs\":[\"https:\/\/www.facebook.com\/albatartufi\",\"https:\/\/x.com\/albatartufi\",\"https:\/\/www.instagram.com\/albatartufi\/\"]}]}<\/script>\n<!-- \/ Yoast SEO plugin. -->","yoast_head_json":{"title":"Cr\u00e8me De Truffe Blanche - Truffe d'Alba (Pi\u00e9mont - Italie)","description":"Id\u00e9ale pour parfumer entr\u00e9es et plats principaux, elle constitue \u00e9galement une excellente base pour les ap\u00e9ritifs, les focaccias et les Pizze.","robots":{"index":"index","follow":"follow","max-snippet":"max-snippet:-1","max-image-preview":"max-image-preview:large","max-video-preview":"max-video-preview:-1"},"canonical":"https:\/\/new.albatartufi.com\/fr\/shop\/creme-de-truffe-blanche-2\/","og_locale":"fr_FR","og_type":"article","og_title":"Cr\u00e8me De Truffe Blanche - Truffe d'Alba (Pi\u00e9mont - Italie)","og_description":"Id\u00e9ale pour parfumer entr\u00e9es et plats principaux, elle constitue \u00e9galement une excellente base pour les ap\u00e9ritifs, les focaccias et les Pizze.","og_url":"https:\/\/new.albatartufi.com\/fr\/shop\/creme-de-truffe-blanche-2\/","og_site_name":"Truffe d'Alba (Pi\u00e9mont - Italie)","article_publisher":"https:\/\/www.facebook.com\/albatartufi","article_modified_time":"2025-10-14T15:08:49+00:00","og_image":[{"width":800,"height":800,"url":"https:\/\/new.albatartufi.com\/wp-content\/uploads\/2025\/09\/crema_bianchetto-1.png","type":"image\/png"}],"twitter_card":"summary_large_image","twitter_site":"@albatartufi","twitter_misc":{"Dur\u00e9e de lecture estim\u00e9e":"2 minutes"},"schema":{"@context":"https:\/\/schema.org","@graph":[{"@type":"WebPage","@id":"https:\/\/new.albatartufi.com\/fr\/shop\/creme-de-truffe-blanche-2\/","url":"https:\/\/new.albatartufi.com\/fr\/shop\/creme-de-truffe-blanche-2\/","name":"Cr\u00e8me De Truffe Blanche - Truffe d'Alba (Pi\u00e9mont - Italie)","isPartOf":{"@id":"https:\/\/new.albatartufi.com\/#website"},"primaryImageOfPage":{"@id":"https:\/\/new.albatartufi.com\/fr\/shop\/creme-de-truffe-blanche-2\/#primaryimage"},"image":{"@id":"https:\/\/new.albatartufi.com\/fr\/shop\/creme-de-truffe-blanche-2\/#primaryimage"},"thumbnailUrl":"https:\/\/new.albatartufi.com\/wp-content\/uploads\/2025\/09\/crema_bianchetto-1.png","datePublished":"2025-09-22T14:34:50+00:00","dateModified":"2025-10-14T15:08:49+00:00","description":"Id\u00e9ale pour parfumer entr\u00e9es et plats principaux, elle constitue \u00e9galement une excellente base pour les ap\u00e9ritifs, les focaccias et les Pizze.","breadcrumb":{"@id":"https:\/\/new.albatartufi.com\/fr\/shop\/creme-de-truffe-blanche-2\/#breadcrumb"},"inLanguage":"fr-FR","potentialAction":[{"@type":"ReadAction","target":["https:\/\/new.albatartufi.com\/fr\/shop\/creme-de-truffe-blanche-2\/"]}]},{"@type":"ImageObject","inLanguage":"fr-FR","@id":"https:\/\/new.albatartufi.com\/fr\/shop\/creme-de-truffe-blanche-2\/#primaryimage","url":"https:\/\/new.albatartufi.com\/wp-content\/uploads\/2025\/09\/crema_bianchetto-1.png","contentUrl":"https:\/\/new.albatartufi.com\/wp-content\/uploads\/2025\/09\/crema_bianchetto-1.png","width":800,"height":800,"caption":"Crema di tartufo Bianchetto"},{"@type":"BreadcrumbList","@id":"https:\/\/new.albatartufi.com\/fr\/shop\/creme-de-truffe-blanche-2\/#breadcrumb","itemListElement":[{"@type":"ListItem","position":1,"name":"Home","item":"https:\/\/new.albatartufi.com\/fr\/truffe-dalba-piemont-italie\/"},{"@type":"ListItem","position":2,"name":"Boutique","item":"https:\/\/new.albatartufi.com\/fr\/boutique\/"},{"@type":"ListItem","position":3,"name":"Cr\u00e8me De Truffe Blanche"}]},{"@type":"WebSite","@id":"https:\/\/new.albatartufi.com\/#website","url":"https:\/\/new.albatartufi.com\/","name":"Alba Tartufi","description":"Tartufo di Alba (Piemonte - Italia)","publisher":{"@id":"https:\/\/new.albatartufi.com\/#organization"},"potentialAction":[{"@type":"SearchAction","target":{"@type":"EntryPoint","urlTemplate":"https:\/\/new.albatartufi.com\/?s={search_term_string}"},"query-input":{"@type":"PropertyValueSpecification","valueRequired":true,"valueName":"search_term_string"}}],"inLanguage":"fr-FR"},{"@type":"Organization","@id":"https:\/\/new.albatartufi.com\/#organization","name":"Alba Tartufi","url":"https:\/\/new.albatartufi.com\/","logo":{"@type":"ImageObject","inLanguage":"fr-FR","@id":"https:\/\/new.albatartufi.com\/#\/schema\/logo\/image\/","url":"https:\/\/new.albatartufi.com\/wp-content\/uploads\/2025\/09\/cropped-logo_alba_tartufi.webp","contentUrl":"https:\/\/new.albatartufi.com\/wp-content\/uploads\/2025\/09\/cropped-logo_alba_tartufi.webp","width":389,"height":211,"caption":"Alba Tartufi"},"image":{"@id":"https:\/\/new.albatartufi.com\/#\/schema\/logo\/image\/"},"sameAs":["https:\/\/www.facebook.com\/albatartufi","https:\/\/x.com\/albatartufi","https:\/\/www.instagram.com\/albatartufi\/"]}]}},"_links":{"self":[{"href":"https:\/\/new.albatartufi.com\/fr\/wp-json\/wp\/v2\/product\/994149","targetHints":{"allow":["GET"]}}],"collection":[{"href":"https:\/\/new.albatartufi.com\/fr\/wp-json\/wp\/v2\/product"}],"about":[{"href":"https:\/\/new.albatartufi.com\/fr\/wp-json\/wp\/v2\/types\/product"}],"version-history":[{"count":1,"href":"https:\/\/new.albatartufi.com\/fr\/wp-json\/wp\/v2\/product\/994149\/revisions"}],"predecessor-version":[{"id":994393,"href":"https:\/\/new.albatartufi.com\/fr\/wp-json\/wp\/v2\/product\/994149\/revisions\/994393"}],"wp:featuredmedia":[{"embeddable":true,"href":"https:\/\/new.albatartufi.com\/fr\/wp-json\/wp\/v2\/media\/994286"}],"wp:attachment":[{"href":"https:\/\/new.albatartufi.com\/fr\/wp-json\/wp\/v2\/media?parent=994149"}],"wp:term":[{"taxonomy":"product_brand","embeddable":true,"href":"https:\/\/new.albatartufi.com\/fr\/wp-json\/wp\/v2\/product_brand?post=994149"},{"taxonomy":"product_cat","embeddable":true,"href":"https:\/\/new.albatartufi.com\/fr\/wp-json\/wp\/v2\/product_cat?post=994149"},{"taxonomy":"product_tag","embeddable":true,"href":"https:\/\/new.albatartufi.com\/fr\/wp-json\/wp\/v2\/product_tag?post=994149"}],"curies":[{"name":"wp","href":"https:\/\/api.w.org\/{rel}","templated":true}]}}