{"id":994226,"date":"2025-09-22T12:58:16","date_gmt":"2025-09-22T12:58:16","guid":{"rendered":"https:\/\/new.albatartufi.com\/shop\/arneis-d-o-c-g-vin-terre-alfieri\/"},"modified":"2025-10-15T18:25:59","modified_gmt":"2025-10-15T18:25:59","slug":"arneis-d-o-c-g-vin-terre-alfieri","status":"publish","type":"product","link":"https:\/\/new.albatartufi.com\/fr\/shop\/arneis-d-o-c-g-vin-terre-alfieri\/","title":{"rendered":"Arneis D.O.C.G. Vin \u00ab Terre Alfieri \u00bb"},"content":{"rendered":"<div class=\"vgblk-rw-wrapper limit-wrapper\"><strong>Accords Mets et Vins : <\/strong>poissons, viandes blanches, truffes et ap\u00e9ritifs ;<br \/>\n<strong>Couleur :<\/strong> jaune paille aux reflets verd\u00e2tres ;<br \/>\n<strong>C\u00e9page autochtone :<\/strong> 100% pur Arneis ;<br \/>\n<strong>Teneur en alcool :<\/strong> 13,50 % ;<br \/>\n<strong>Format: <\/strong>0,75 Lt<br \/>\n<strong>Mill\u00e9sime : <\/strong>2022<br \/>\n<strong>Temp\u00e9rature de service :<\/strong> 8-10 degr\u00e9s ;<br \/>\n<strong>R\u00e9gion :<\/strong> Pi\u00e9mont ;<br \/>\n<strong>Producteur :<\/strong> CARLIN de PAOLO ;<\/p>\n<p><strong>Prix \u200b\u200bet distinctions : <\/strong>WINE ADVOCATE ROBERT PARKER, BERLINER TROPHY, DECANTER WORLD WINE AWARDS LONDON, LUCA MARONI, JAMES SUCKLING, MUNDUS VINI, VINI VERONELLI, VINI BUONI D\u2019ITALIA, WINE ENTHUSIAST.<\/div>\n<p><!-- .vgblk-rw-wrapper --><\/p>\n","protected":false},"excerpt":{"rendered":"<p>Accords Mets et Vins : poissons, viandes blanches, truffes et ap\u00e9ritifs ; Couleur : jaune paille aux reflets verd\u00e2tres ; C\u00e9page autochtone : 100% pur Arneis ; Teneur en alcool : 13,50 % ; Format: 0,75 Lt Mill\u00e9sime : 2022 Temp\u00e9rature de service : 8-10 degr\u00e9s ; R\u00e9gion : Pi\u00e9mont ; Producteur : CARLIN de&#8230;<\/p>\n","protected":false},"featured_media":994632,"template":"","meta":{"inline_featured_image":false},"product_brand":[],"product_cat":[439],"product_tag":[],"class_list":{"0":"post-994226","1":"product","2":"type-product","3":"status-publish","4":"has-post-thumbnail","6":"product_cat-vino-gourmet","8":"first","9":"instock","10":"shipping-taxable","11":"purchasable","12":"product-type-simple"},"yoast_head":"<!-- This site is optimized with the Yoast SEO plugin v26.2 - https:\/\/yoast.com\/wordpress\/plugins\/seo\/ -->\n<title>Arneis D.O.C.G. Vin \u00ab Terre Alfieri \u00bb - Truffe d&#039;Alba (Pi\u00e9mont - Italie)<\/title>\n<meta name=\"description\" content=\"\u00c0 d\u00e9guster avec du poisson, de la viande blanche, des truffes et \u00e0 l&#039;ap\u00e9ritif. Couleur : jaune paille avec des reflets verd\u00e2tres.\" \/>\n<meta name=\"robots\" content=\"index, follow, max-snippet:-1, max-image-preview:large, max-video-preview:-1\" \/>\n<link rel=\"canonical\" href=\"https:\/\/new.albatartufi.com\/fr\/shop\/arneis-d-o-c-g-vin-terre-alfieri\/\" \/>\n<meta property=\"og:locale\" content=\"fr_FR\" \/>\n<meta property=\"og:type\" content=\"article\" \/>\n<meta property=\"og:title\" content=\"Arneis D.O.C.G. Vin \u00ab Terre Alfieri \u00bb - Truffe d&#039;Alba (Pi\u00e9mont - Italie)\" \/>\n<meta property=\"og:description\" content=\"\u00c0 d\u00e9guster avec du poisson, de la viande blanche, des truffes et \u00e0 l&#039;ap\u00e9ritif. Couleur : jaune paille avec des reflets verd\u00e2tres.\" \/>\n<meta property=\"og:url\" content=\"https:\/\/new.albatartufi.com\/fr\/shop\/arneis-d-o-c-g-vin-terre-alfieri\/\" \/>\n<meta property=\"og:site_name\" content=\"Truffe d&#039;Alba (Pi\u00e9mont - Italie)\" \/>\n<meta property=\"article:publisher\" content=\"https:\/\/www.facebook.com\/albatartufi\" \/>\n<meta property=\"article:modified_time\" content=\"2025-10-15T18:25:59+00:00\" \/>\n<meta property=\"og:image\" content=\"https:\/\/new.albatartufi.com\/wp-content\/uploads\/2025\/09\/vino_arneis-1.png\" \/>\n\t<meta property=\"og:image:width\" content=\"800\" \/>\n\t<meta property=\"og:image:height\" content=\"800\" \/>\n\t<meta property=\"og:image:type\" content=\"image\/png\" \/>\n<meta name=\"twitter:card\" content=\"summary_large_image\" \/>\n<meta name=\"twitter:site\" content=\"@albatartufi\" \/>\n<script type=\"application\/ld+json\" class=\"yoast-schema-graph\">{\"@context\":\"https:\/\/schema.org\",\"@graph\":[{\"@type\":\"WebPage\",\"@id\":\"https:\/\/new.albatartufi.com\/fr\/shop\/arneis-d-o-c-g-vin-terre-alfieri\/\",\"url\":\"https:\/\/new.albatartufi.com\/fr\/shop\/arneis-d-o-c-g-vin-terre-alfieri\/\",\"name\":\"Arneis D.O.C.G. Vin \u00ab Terre Alfieri \u00bb - Truffe d'Alba (Pi\u00e9mont - Italie)\",\"isPartOf\":{\"@id\":\"https:\/\/new.albatartufi.com\/#website\"},\"primaryImageOfPage\":{\"@id\":\"https:\/\/new.albatartufi.com\/fr\/shop\/arneis-d-o-c-g-vin-terre-alfieri\/#primaryimage\"},\"image\":{\"@id\":\"https:\/\/new.albatartufi.com\/fr\/shop\/arneis-d-o-c-g-vin-terre-alfieri\/#primaryimage\"},\"thumbnailUrl\":\"https:\/\/new.albatartufi.com\/wp-content\/uploads\/2025\/09\/vino_arneis-1.png\",\"datePublished\":\"2025-09-22T12:58:16+00:00\",\"dateModified\":\"2025-10-15T18:25:59+00:00\",\"description\":\"\u00c0 d\u00e9guster avec du poisson, de la viande blanche, des truffes et \u00e0 l'ap\u00e9ritif. Couleur : jaune paille avec des reflets verd\u00e2tres.\",\"breadcrumb\":{\"@id\":\"https:\/\/new.albatartufi.com\/fr\/shop\/arneis-d-o-c-g-vin-terre-alfieri\/#breadcrumb\"},\"inLanguage\":\"fr-FR\",\"potentialAction\":[{\"@type\":\"ReadAction\",\"target\":[\"https:\/\/new.albatartufi.com\/fr\/shop\/arneis-d-o-c-g-vin-terre-alfieri\/\"]}]},{\"@type\":\"ImageObject\",\"inLanguage\":\"fr-FR\",\"@id\":\"https:\/\/new.albatartufi.com\/fr\/shop\/arneis-d-o-c-g-vin-terre-alfieri\/#primaryimage\",\"url\":\"https:\/\/new.albatartufi.com\/wp-content\/uploads\/2025\/09\/vino_arneis-1.png\",\"contentUrl\":\"https:\/\/new.albatartufi.com\/wp-content\/uploads\/2025\/09\/vino_arneis-1.png\",\"width\":800,\"height\":800,\"caption\":\"Arneis D.O.C.G. Vin \u00ab Terre Alfieri \u00bb\"},{\"@type\":\"BreadcrumbList\",\"@id\":\"https:\/\/new.albatartufi.com\/fr\/shop\/arneis-d-o-c-g-vin-terre-alfieri\/#breadcrumb\",\"itemListElement\":[{\"@type\":\"ListItem\",\"position\":1,\"name\":\"Home\",\"item\":\"https:\/\/new.albatartufi.com\/fr\/truffe-dalba-piemont-italie\/\"},{\"@type\":\"ListItem\",\"position\":2,\"name\":\"Boutique\",\"item\":\"https:\/\/new.albatartufi.com\/fr\/boutique\/\"},{\"@type\":\"ListItem\",\"position\":3,\"name\":\"Arneis D.O.C.G. Vin \u00ab Terre Alfieri \u00bb\"}]},{\"@type\":\"WebSite\",\"@id\":\"https:\/\/new.albatartufi.com\/#website\",\"url\":\"https:\/\/new.albatartufi.com\/\",\"name\":\"Alba Tartufi\",\"description\":\"Tartufo di Alba (Piemonte - Italia)\",\"publisher\":{\"@id\":\"https:\/\/new.albatartufi.com\/#organization\"},\"potentialAction\":[{\"@type\":\"SearchAction\",\"target\":{\"@type\":\"EntryPoint\",\"urlTemplate\":\"https:\/\/new.albatartufi.com\/?s={search_term_string}\"},\"query-input\":{\"@type\":\"PropertyValueSpecification\",\"valueRequired\":true,\"valueName\":\"search_term_string\"}}],\"inLanguage\":\"fr-FR\"},{\"@type\":\"Organization\",\"@id\":\"https:\/\/new.albatartufi.com\/#organization\",\"name\":\"Alba Tartufi\",\"url\":\"https:\/\/new.albatartufi.com\/\",\"logo\":{\"@type\":\"ImageObject\",\"inLanguage\":\"fr-FR\",\"@id\":\"https:\/\/new.albatartufi.com\/#\/schema\/logo\/image\/\",\"url\":\"https:\/\/new.albatartufi.com\/wp-content\/uploads\/2025\/09\/cropped-logo_alba_tartufi.webp\",\"contentUrl\":\"https:\/\/new.albatartufi.com\/wp-content\/uploads\/2025\/09\/cropped-logo_alba_tartufi.webp\",\"width\":389,\"height\":211,\"caption\":\"Alba Tartufi\"},\"image\":{\"@id\":\"https:\/\/new.albatartufi.com\/#\/schema\/logo\/image\/\"},\"sameAs\":[\"https:\/\/www.facebook.com\/albatartufi\",\"https:\/\/x.com\/albatartufi\",\"https:\/\/www.instagram.com\/albatartufi\/\"]}]}<\/script>\n<!-- \/ Yoast SEO plugin. -->","yoast_head_json":{"title":"Arneis D.O.C.G. Vin \u00ab Terre Alfieri \u00bb - Truffe d'Alba (Pi\u00e9mont - Italie)","description":"\u00c0 d\u00e9guster avec du poisson, de la viande blanche, des truffes et \u00e0 l'ap\u00e9ritif. Couleur : jaune paille avec des reflets verd\u00e2tres.","robots":{"index":"index","follow":"follow","max-snippet":"max-snippet:-1","max-image-preview":"max-image-preview:large","max-video-preview":"max-video-preview:-1"},"canonical":"https:\/\/new.albatartufi.com\/fr\/shop\/arneis-d-o-c-g-vin-terre-alfieri\/","og_locale":"fr_FR","og_type":"article","og_title":"Arneis D.O.C.G. Vin \u00ab Terre Alfieri \u00bb - Truffe d'Alba (Pi\u00e9mont - Italie)","og_description":"\u00c0 d\u00e9guster avec du poisson, de la viande blanche, des truffes et \u00e0 l'ap\u00e9ritif. Couleur : jaune paille avec des reflets verd\u00e2tres.","og_url":"https:\/\/new.albatartufi.com\/fr\/shop\/arneis-d-o-c-g-vin-terre-alfieri\/","og_site_name":"Truffe d'Alba (Pi\u00e9mont - Italie)","article_publisher":"https:\/\/www.facebook.com\/albatartufi","article_modified_time":"2025-10-15T18:25:59+00:00","og_image":[{"width":800,"height":800,"url":"https:\/\/new.albatartufi.com\/wp-content\/uploads\/2025\/09\/vino_arneis-1.png","type":"image\/png"}],"twitter_card":"summary_large_image","twitter_site":"@albatartufi","schema":{"@context":"https:\/\/schema.org","@graph":[{"@type":"WebPage","@id":"https:\/\/new.albatartufi.com\/fr\/shop\/arneis-d-o-c-g-vin-terre-alfieri\/","url":"https:\/\/new.albatartufi.com\/fr\/shop\/arneis-d-o-c-g-vin-terre-alfieri\/","name":"Arneis D.O.C.G. Vin \u00ab Terre Alfieri \u00bb - Truffe d'Alba (Pi\u00e9mont - Italie)","isPartOf":{"@id":"https:\/\/new.albatartufi.com\/#website"},"primaryImageOfPage":{"@id":"https:\/\/new.albatartufi.com\/fr\/shop\/arneis-d-o-c-g-vin-terre-alfieri\/#primaryimage"},"image":{"@id":"https:\/\/new.albatartufi.com\/fr\/shop\/arneis-d-o-c-g-vin-terre-alfieri\/#primaryimage"},"thumbnailUrl":"https:\/\/new.albatartufi.com\/wp-content\/uploads\/2025\/09\/vino_arneis-1.png","datePublished":"2025-09-22T12:58:16+00:00","dateModified":"2025-10-15T18:25:59+00:00","description":"\u00c0 d\u00e9guster avec du poisson, de la viande blanche, des truffes et \u00e0 l'ap\u00e9ritif. Couleur : jaune paille avec des reflets verd\u00e2tres.","breadcrumb":{"@id":"https:\/\/new.albatartufi.com\/fr\/shop\/arneis-d-o-c-g-vin-terre-alfieri\/#breadcrumb"},"inLanguage":"fr-FR","potentialAction":[{"@type":"ReadAction","target":["https:\/\/new.albatartufi.com\/fr\/shop\/arneis-d-o-c-g-vin-terre-alfieri\/"]}]},{"@type":"ImageObject","inLanguage":"fr-FR","@id":"https:\/\/new.albatartufi.com\/fr\/shop\/arneis-d-o-c-g-vin-terre-alfieri\/#primaryimage","url":"https:\/\/new.albatartufi.com\/wp-content\/uploads\/2025\/09\/vino_arneis-1.png","contentUrl":"https:\/\/new.albatartufi.com\/wp-content\/uploads\/2025\/09\/vino_arneis-1.png","width":800,"height":800,"caption":"Arneis D.O.C.G. Vin \u00ab Terre Alfieri \u00bb"},{"@type":"BreadcrumbList","@id":"https:\/\/new.albatartufi.com\/fr\/shop\/arneis-d-o-c-g-vin-terre-alfieri\/#breadcrumb","itemListElement":[{"@type":"ListItem","position":1,"name":"Home","item":"https:\/\/new.albatartufi.com\/fr\/truffe-dalba-piemont-italie\/"},{"@type":"ListItem","position":2,"name":"Boutique","item":"https:\/\/new.albatartufi.com\/fr\/boutique\/"},{"@type":"ListItem","position":3,"name":"Arneis D.O.C.G. Vin \u00ab Terre Alfieri \u00bb"}]},{"@type":"WebSite","@id":"https:\/\/new.albatartufi.com\/#website","url":"https:\/\/new.albatartufi.com\/","name":"Alba Tartufi","description":"Tartufo di Alba (Piemonte - Italia)","publisher":{"@id":"https:\/\/new.albatartufi.com\/#organization"},"potentialAction":[{"@type":"SearchAction","target":{"@type":"EntryPoint","urlTemplate":"https:\/\/new.albatartufi.com\/?s={search_term_string}"},"query-input":{"@type":"PropertyValueSpecification","valueRequired":true,"valueName":"search_term_string"}}],"inLanguage":"fr-FR"},{"@type":"Organization","@id":"https:\/\/new.albatartufi.com\/#organization","name":"Alba Tartufi","url":"https:\/\/new.albatartufi.com\/","logo":{"@type":"ImageObject","inLanguage":"fr-FR","@id":"https:\/\/new.albatartufi.com\/#\/schema\/logo\/image\/","url":"https:\/\/new.albatartufi.com\/wp-content\/uploads\/2025\/09\/cropped-logo_alba_tartufi.webp","contentUrl":"https:\/\/new.albatartufi.com\/wp-content\/uploads\/2025\/09\/cropped-logo_alba_tartufi.webp","width":389,"height":211,"caption":"Alba Tartufi"},"image":{"@id":"https:\/\/new.albatartufi.com\/#\/schema\/logo\/image\/"},"sameAs":["https:\/\/www.facebook.com\/albatartufi","https:\/\/x.com\/albatartufi","https:\/\/www.instagram.com\/albatartufi\/"]}]}},"_links":{"self":[{"href":"https:\/\/new.albatartufi.com\/fr\/wp-json\/wp\/v2\/product\/994226","targetHints":{"allow":["GET"]}}],"collection":[{"href":"https:\/\/new.albatartufi.com\/fr\/wp-json\/wp\/v2\/product"}],"about":[{"href":"https:\/\/new.albatartufi.com\/fr\/wp-json\/wp\/v2\/types\/product"}],"version-history":[{"count":1,"href":"https:\/\/new.albatartufi.com\/fr\/wp-json\/wp\/v2\/product\/994226\/revisions"}],"predecessor-version":[{"id":994316,"href":"https:\/\/new.albatartufi.com\/fr\/wp-json\/wp\/v2\/product\/994226\/revisions\/994316"}],"wp:featuredmedia":[{"embeddable":true,"href":"https:\/\/new.albatartufi.com\/fr\/wp-json\/wp\/v2\/media\/994632"}],"wp:attachment":[{"href":"https:\/\/new.albatartufi.com\/fr\/wp-json\/wp\/v2\/media?parent=994226"}],"wp:term":[{"taxonomy":"product_brand","embeddable":true,"href":"https:\/\/new.albatartufi.com\/fr\/wp-json\/wp\/v2\/product_brand?post=994226"},{"taxonomy":"product_cat","embeddable":true,"href":"https:\/\/new.albatartufi.com\/fr\/wp-json\/wp\/v2\/product_cat?post=994226"},{"taxonomy":"product_tag","embeddable":true,"href":"https:\/\/new.albatartufi.com\/fr\/wp-json\/wp\/v2\/product_tag?post=994226"}],"curies":[{"name":"wp","href":"https:\/\/api.w.org\/{rel}","templated":true}]}}