{"id":994238,"date":"2025-09-22T12:54:32","date_gmt":"2025-09-22T12:54:32","guid":{"rendered":"https:\/\/new.albatartufi.com\/shop\/vin-barbera-dasti-d-o-c-g-cvrsvs-vitae\/"},"modified":"2025-10-15T18:23:32","modified_gmt":"2025-10-15T18:23:32","slug":"vin-barbera-dasti-d-o-c-g-cvrsvs-vitae","status":"publish","type":"product","link":"https:\/\/new.albatartufi.com\/fr\/shop\/vin-barbera-dasti-d-o-c-g-cvrsvs-vitae\/","title":{"rendered":"Vin Barbera d&rsquo;Asti D.O.C.G. \u00ab CVRSVS VITAE \u00bb"},"content":{"rendered":"<div class=\"vgblk-rw-wrapper limit-wrapper\"><strong>Accords Mets et Vins : <\/strong>r\u00f4tis, viandes rouges, truffes et fromages moyennement affin\u00e9s ;<br \/>\n<strong>Couleur :<\/strong> rouge rubis intense avec de discrets reflets violets ;<br \/>\n<strong>C\u00e9page autochtone :<\/strong> 100% Barbera pur ;<br \/>\n<strong>Teneur en alcool :<\/strong> 13,50 % ;<br \/>\n<strong>Format: <\/strong>0,75 Lt<br \/>\n<strong>Mill\u00e9sime : <\/strong>2021\/2022<br \/>\n<strong>Temp\u00e9rature de service : <\/strong>16-18 degr\u00e9s ;<br \/>\n<strong>R\u00e9gion :<\/strong> Pi\u00e9mont ;<br \/>\n<strong>Producteur :<\/strong> CARLIN de PAOLO ;<\/p>\n<p><strong>Prix \u200b\u200bet distinctions : <\/strong>WINE ADVOCATE ROBERT PARKER, BERLINER TROPHY, DECANTER WORLD WINE AWARDS LONDON, LUCA MARONI, JAMES SUCKLING, MUNDUS VINI, VINI VERONELLI, VINI BUONI D\u2019ITALIA, WINE ENTHUSIAST.<\/div>\n<p><!-- .vgblk-rw-wrapper --><\/p>\n","protected":false},"excerpt":{"rendered":"<p>Accords Mets et Vins : r\u00f4tis, viandes rouges, truffes et fromages moyennement affin\u00e9s ; Couleur : rouge rubis intense avec de discrets reflets violets ; C\u00e9page autochtone : 100% Barbera pur ; Teneur en alcool : 13,50 % ; Format: 0,75 Lt Mill\u00e9sime : 2021\/2022 Temp\u00e9rature de service : 16-18 degr\u00e9s ; R\u00e9gion : Pi\u00e9mont&#8230;<\/p>\n","protected":false},"featured_media":994626,"template":"","meta":{"inline_featured_image":false},"product_brand":[],"product_cat":[439],"product_tag":[],"class_list":{"0":"post-994238","1":"product","2":"type-product","3":"status-publish","4":"has-post-thumbnail","6":"product_cat-vino-gourmet","8":"first","9":"instock","10":"shipping-taxable","11":"purchasable","12":"product-type-simple"},"yoast_head":"<!-- This site is optimized with the Yoast SEO plugin v26.2 - https:\/\/yoast.com\/wordpress\/plugins\/seo\/ -->\n<title>Vin Barbera d&#039;Asti D.O.C.G. \u00ab CVRSVS VITAE \u00bb - Truffe d&#039;Alba (Pi\u00e9mont - Italie)<\/title>\n<meta name=\"description\" content=\"Accords avec les r\u00f4tis, les viandes rouges, les truffes et les fromages moyennement affin\u00e9s. Couleur rouge rubis intense avec de l\u00e9gers reflets pourpres ;\" \/>\n<meta name=\"robots\" content=\"index, follow, max-snippet:-1, max-image-preview:large, max-video-preview:-1\" \/>\n<link rel=\"canonical\" href=\"https:\/\/new.albatartufi.com\/fr\/shop\/vin-barbera-dasti-d-o-c-g-cvrsvs-vitae\/\" \/>\n<meta property=\"og:locale\" content=\"fr_FR\" \/>\n<meta property=\"og:type\" content=\"article\" \/>\n<meta property=\"og:title\" content=\"Vin Barbera d&#039;Asti D.O.C.G. \u00ab CVRSVS VITAE \u00bb - Truffe d&#039;Alba (Pi\u00e9mont - Italie)\" \/>\n<meta property=\"og:description\" content=\"Accords avec les r\u00f4tis, les viandes rouges, les truffes et les fromages moyennement affin\u00e9s. Couleur rouge rubis intense avec de l\u00e9gers reflets pourpres ;\" \/>\n<meta property=\"og:url\" content=\"https:\/\/new.albatartufi.com\/fr\/shop\/vin-barbera-dasti-d-o-c-g-cvrsvs-vitae\/\" \/>\n<meta property=\"og:site_name\" content=\"Truffe d&#039;Alba (Pi\u00e9mont - Italie)\" \/>\n<meta property=\"article:publisher\" content=\"https:\/\/www.facebook.com\/albatartufi\" \/>\n<meta property=\"article:modified_time\" content=\"2025-10-15T18:23:32+00:00\" \/>\n<meta property=\"og:image\" content=\"https:\/\/new.albatartufi.com\/wp-content\/uploads\/2025\/09\/barbera_cvrsvs-vitae-1.png\" \/>\n\t<meta property=\"og:image:width\" content=\"800\" \/>\n\t<meta property=\"og:image:height\" content=\"800\" \/>\n\t<meta property=\"og:image:type\" content=\"image\/png\" \/>\n<meta name=\"twitter:card\" content=\"summary_large_image\" \/>\n<meta name=\"twitter:site\" content=\"@albatartufi\" \/>\n<script type=\"application\/ld+json\" class=\"yoast-schema-graph\">{\"@context\":\"https:\/\/schema.org\",\"@graph\":[{\"@type\":\"WebPage\",\"@id\":\"https:\/\/new.albatartufi.com\/fr\/shop\/vin-barbera-dasti-d-o-c-g-cvrsvs-vitae\/\",\"url\":\"https:\/\/new.albatartufi.com\/fr\/shop\/vin-barbera-dasti-d-o-c-g-cvrsvs-vitae\/\",\"name\":\"Vin Barbera d'Asti D.O.C.G. \u00ab CVRSVS VITAE \u00bb - Truffe d'Alba (Pi\u00e9mont - Italie)\",\"isPartOf\":{\"@id\":\"https:\/\/new.albatartufi.com\/#website\"},\"primaryImageOfPage\":{\"@id\":\"https:\/\/new.albatartufi.com\/fr\/shop\/vin-barbera-dasti-d-o-c-g-cvrsvs-vitae\/#primaryimage\"},\"image\":{\"@id\":\"https:\/\/new.albatartufi.com\/fr\/shop\/vin-barbera-dasti-d-o-c-g-cvrsvs-vitae\/#primaryimage\"},\"thumbnailUrl\":\"https:\/\/new.albatartufi.com\/wp-content\/uploads\/2025\/09\/barbera_cvrsvs-vitae-1.png\",\"datePublished\":\"2025-09-22T12:54:32+00:00\",\"dateModified\":\"2025-10-15T18:23:32+00:00\",\"description\":\"Accords avec les r\u00f4tis, les viandes rouges, les truffes et les fromages moyennement affin\u00e9s. Couleur rouge rubis intense avec de l\u00e9gers reflets pourpres ;\",\"breadcrumb\":{\"@id\":\"https:\/\/new.albatartufi.com\/fr\/shop\/vin-barbera-dasti-d-o-c-g-cvrsvs-vitae\/#breadcrumb\"},\"inLanguage\":\"fr-FR\",\"potentialAction\":[{\"@type\":\"ReadAction\",\"target\":[\"https:\/\/new.albatartufi.com\/fr\/shop\/vin-barbera-dasti-d-o-c-g-cvrsvs-vitae\/\"]}]},{\"@type\":\"ImageObject\",\"inLanguage\":\"fr-FR\",\"@id\":\"https:\/\/new.albatartufi.com\/fr\/shop\/vin-barbera-dasti-d-o-c-g-cvrsvs-vitae\/#primaryimage\",\"url\":\"https:\/\/new.albatartufi.com\/wp-content\/uploads\/2025\/09\/barbera_cvrsvs-vitae-1.png\",\"contentUrl\":\"https:\/\/new.albatartufi.com\/wp-content\/uploads\/2025\/09\/barbera_cvrsvs-vitae-1.png\",\"width\":800,\"height\":800,\"caption\":\"Vin Barbera d'Asti D.O.C.G. \u00ab CVRSVS VITAE \u00bb\"},{\"@type\":\"BreadcrumbList\",\"@id\":\"https:\/\/new.albatartufi.com\/fr\/shop\/vin-barbera-dasti-d-o-c-g-cvrsvs-vitae\/#breadcrumb\",\"itemListElement\":[{\"@type\":\"ListItem\",\"position\":1,\"name\":\"Home\",\"item\":\"https:\/\/new.albatartufi.com\/fr\/truffe-dalba-piemont-italie\/\"},{\"@type\":\"ListItem\",\"position\":2,\"name\":\"Boutique\",\"item\":\"https:\/\/new.albatartufi.com\/fr\/boutique\/\"},{\"@type\":\"ListItem\",\"position\":3,\"name\":\"Vin Barbera d&rsquo;Asti D.O.C.G. \u00ab CVRSVS VITAE \u00bb\"}]},{\"@type\":\"WebSite\",\"@id\":\"https:\/\/new.albatartufi.com\/#website\",\"url\":\"https:\/\/new.albatartufi.com\/\",\"name\":\"Alba Tartufi\",\"description\":\"Tartufo di Alba (Piemonte - Italia)\",\"publisher\":{\"@id\":\"https:\/\/new.albatartufi.com\/#organization\"},\"potentialAction\":[{\"@type\":\"SearchAction\",\"target\":{\"@type\":\"EntryPoint\",\"urlTemplate\":\"https:\/\/new.albatartufi.com\/?s={search_term_string}\"},\"query-input\":{\"@type\":\"PropertyValueSpecification\",\"valueRequired\":true,\"valueName\":\"search_term_string\"}}],\"inLanguage\":\"fr-FR\"},{\"@type\":\"Organization\",\"@id\":\"https:\/\/new.albatartufi.com\/#organization\",\"name\":\"Alba Tartufi\",\"url\":\"https:\/\/new.albatartufi.com\/\",\"logo\":{\"@type\":\"ImageObject\",\"inLanguage\":\"fr-FR\",\"@id\":\"https:\/\/new.albatartufi.com\/#\/schema\/logo\/image\/\",\"url\":\"https:\/\/new.albatartufi.com\/wp-content\/uploads\/2025\/09\/cropped-logo_alba_tartufi.webp\",\"contentUrl\":\"https:\/\/new.albatartufi.com\/wp-content\/uploads\/2025\/09\/cropped-logo_alba_tartufi.webp\",\"width\":389,\"height\":211,\"caption\":\"Alba Tartufi\"},\"image\":{\"@id\":\"https:\/\/new.albatartufi.com\/#\/schema\/logo\/image\/\"},\"sameAs\":[\"https:\/\/www.facebook.com\/albatartufi\",\"https:\/\/x.com\/albatartufi\",\"https:\/\/www.instagram.com\/albatartufi\/\"]}]}<\/script>\n<!-- \/ Yoast SEO plugin. -->","yoast_head_json":{"title":"Vin Barbera d'Asti D.O.C.G. \u00ab CVRSVS VITAE \u00bb - Truffe d'Alba (Pi\u00e9mont - Italie)","description":"Accords avec les r\u00f4tis, les viandes rouges, les truffes et les fromages moyennement affin\u00e9s. Couleur rouge rubis intense avec de l\u00e9gers reflets pourpres ;","robots":{"index":"index","follow":"follow","max-snippet":"max-snippet:-1","max-image-preview":"max-image-preview:large","max-video-preview":"max-video-preview:-1"},"canonical":"https:\/\/new.albatartufi.com\/fr\/shop\/vin-barbera-dasti-d-o-c-g-cvrsvs-vitae\/","og_locale":"fr_FR","og_type":"article","og_title":"Vin Barbera d'Asti D.O.C.G. \u00ab CVRSVS VITAE \u00bb - Truffe d'Alba (Pi\u00e9mont - Italie)","og_description":"Accords avec les r\u00f4tis, les viandes rouges, les truffes et les fromages moyennement affin\u00e9s. Couleur rouge rubis intense avec de l\u00e9gers reflets pourpres ;","og_url":"https:\/\/new.albatartufi.com\/fr\/shop\/vin-barbera-dasti-d-o-c-g-cvrsvs-vitae\/","og_site_name":"Truffe d'Alba (Pi\u00e9mont - Italie)","article_publisher":"https:\/\/www.facebook.com\/albatartufi","article_modified_time":"2025-10-15T18:23:32+00:00","og_image":[{"width":800,"height":800,"url":"https:\/\/new.albatartufi.com\/wp-content\/uploads\/2025\/09\/barbera_cvrsvs-vitae-1.png","type":"image\/png"}],"twitter_card":"summary_large_image","twitter_site":"@albatartufi","schema":{"@context":"https:\/\/schema.org","@graph":[{"@type":"WebPage","@id":"https:\/\/new.albatartufi.com\/fr\/shop\/vin-barbera-dasti-d-o-c-g-cvrsvs-vitae\/","url":"https:\/\/new.albatartufi.com\/fr\/shop\/vin-barbera-dasti-d-o-c-g-cvrsvs-vitae\/","name":"Vin Barbera d'Asti D.O.C.G. \u00ab CVRSVS VITAE \u00bb - Truffe d'Alba (Pi\u00e9mont - Italie)","isPartOf":{"@id":"https:\/\/new.albatartufi.com\/#website"},"primaryImageOfPage":{"@id":"https:\/\/new.albatartufi.com\/fr\/shop\/vin-barbera-dasti-d-o-c-g-cvrsvs-vitae\/#primaryimage"},"image":{"@id":"https:\/\/new.albatartufi.com\/fr\/shop\/vin-barbera-dasti-d-o-c-g-cvrsvs-vitae\/#primaryimage"},"thumbnailUrl":"https:\/\/new.albatartufi.com\/wp-content\/uploads\/2025\/09\/barbera_cvrsvs-vitae-1.png","datePublished":"2025-09-22T12:54:32+00:00","dateModified":"2025-10-15T18:23:32+00:00","description":"Accords avec les r\u00f4tis, les viandes rouges, les truffes et les fromages moyennement affin\u00e9s. Couleur rouge rubis intense avec de l\u00e9gers reflets pourpres ;","breadcrumb":{"@id":"https:\/\/new.albatartufi.com\/fr\/shop\/vin-barbera-dasti-d-o-c-g-cvrsvs-vitae\/#breadcrumb"},"inLanguage":"fr-FR","potentialAction":[{"@type":"ReadAction","target":["https:\/\/new.albatartufi.com\/fr\/shop\/vin-barbera-dasti-d-o-c-g-cvrsvs-vitae\/"]}]},{"@type":"ImageObject","inLanguage":"fr-FR","@id":"https:\/\/new.albatartufi.com\/fr\/shop\/vin-barbera-dasti-d-o-c-g-cvrsvs-vitae\/#primaryimage","url":"https:\/\/new.albatartufi.com\/wp-content\/uploads\/2025\/09\/barbera_cvrsvs-vitae-1.png","contentUrl":"https:\/\/new.albatartufi.com\/wp-content\/uploads\/2025\/09\/barbera_cvrsvs-vitae-1.png","width":800,"height":800,"caption":"Vin Barbera d'Asti D.O.C.G. \u00ab CVRSVS VITAE \u00bb"},{"@type":"BreadcrumbList","@id":"https:\/\/new.albatartufi.com\/fr\/shop\/vin-barbera-dasti-d-o-c-g-cvrsvs-vitae\/#breadcrumb","itemListElement":[{"@type":"ListItem","position":1,"name":"Home","item":"https:\/\/new.albatartufi.com\/fr\/truffe-dalba-piemont-italie\/"},{"@type":"ListItem","position":2,"name":"Boutique","item":"https:\/\/new.albatartufi.com\/fr\/boutique\/"},{"@type":"ListItem","position":3,"name":"Vin Barbera d&rsquo;Asti D.O.C.G. \u00ab CVRSVS VITAE \u00bb"}]},{"@type":"WebSite","@id":"https:\/\/new.albatartufi.com\/#website","url":"https:\/\/new.albatartufi.com\/","name":"Alba Tartufi","description":"Tartufo di Alba (Piemonte - Italia)","publisher":{"@id":"https:\/\/new.albatartufi.com\/#organization"},"potentialAction":[{"@type":"SearchAction","target":{"@type":"EntryPoint","urlTemplate":"https:\/\/new.albatartufi.com\/?s={search_term_string}"},"query-input":{"@type":"PropertyValueSpecification","valueRequired":true,"valueName":"search_term_string"}}],"inLanguage":"fr-FR"},{"@type":"Organization","@id":"https:\/\/new.albatartufi.com\/#organization","name":"Alba Tartufi","url":"https:\/\/new.albatartufi.com\/","logo":{"@type":"ImageObject","inLanguage":"fr-FR","@id":"https:\/\/new.albatartufi.com\/#\/schema\/logo\/image\/","url":"https:\/\/new.albatartufi.com\/wp-content\/uploads\/2025\/09\/cropped-logo_alba_tartufi.webp","contentUrl":"https:\/\/new.albatartufi.com\/wp-content\/uploads\/2025\/09\/cropped-logo_alba_tartufi.webp","width":389,"height":211,"caption":"Alba Tartufi"},"image":{"@id":"https:\/\/new.albatartufi.com\/#\/schema\/logo\/image\/"},"sameAs":["https:\/\/www.facebook.com\/albatartufi","https:\/\/x.com\/albatartufi","https:\/\/www.instagram.com\/albatartufi\/"]}]}},"_links":{"self":[{"href":"https:\/\/new.albatartufi.com\/fr\/wp-json\/wp\/v2\/product\/994238","targetHints":{"allow":["GET"]}}],"collection":[{"href":"https:\/\/new.albatartufi.com\/fr\/wp-json\/wp\/v2\/product"}],"about":[{"href":"https:\/\/new.albatartufi.com\/fr\/wp-json\/wp\/v2\/types\/product"}],"version-history":[{"count":1,"href":"https:\/\/new.albatartufi.com\/fr\/wp-json\/wp\/v2\/product\/994238\/revisions"}],"predecessor-version":[{"id":994645,"href":"https:\/\/new.albatartufi.com\/fr\/wp-json\/wp\/v2\/product\/994238\/revisions\/994645"}],"wp:featuredmedia":[{"embeddable":true,"href":"https:\/\/new.albatartufi.com\/fr\/wp-json\/wp\/v2\/media\/994626"}],"wp:attachment":[{"href":"https:\/\/new.albatartufi.com\/fr\/wp-json\/wp\/v2\/media?parent=994238"}],"wp:term":[{"taxonomy":"product_brand","embeddable":true,"href":"https:\/\/new.albatartufi.com\/fr\/wp-json\/wp\/v2\/product_brand?post=994238"},{"taxonomy":"product_cat","embeddable":true,"href":"https:\/\/new.albatartufi.com\/fr\/wp-json\/wp\/v2\/product_cat?post=994238"},{"taxonomy":"product_tag","embeddable":true,"href":"https:\/\/new.albatartufi.com\/fr\/wp-json\/wp\/v2\/product_tag?post=994238"}],"curies":[{"name":"wp","href":"https:\/\/api.w.org\/{rel}","templated":true}]}}