{"id":994261,"date":"2025-09-22T12:35:30","date_gmt":"2025-09-22T12:35:30","guid":{"rendered":"https:\/\/new.albatartufi.com\/shop\/vin-barolo-d-o-c-g\/"},"modified":"2025-10-14T19:20:09","modified_gmt":"2025-10-14T19:20:09","slug":"vin-barolo-d-o-c-g","status":"publish","type":"product","link":"https:\/\/new.albatartufi.com\/fr\/shop\/vin-barolo-d-o-c-g\/","title":{"rendered":"Vin Barolo D.O.C.G."},"content":{"rendered":"<div class=\"vgblk-rw-wrapper limit-wrapper\"><strong>Accords Mets et Vins :<\/strong> convient aux plats les plus complexes et \u00e9labor\u00e9s de la cuisine italienne et internationale \u00e0 base de viandes rouges, de truffes blanches d&rsquo;Alba et de fromages ;<br \/>\n<strong>Couleur :<\/strong> rouge grenat aux reflets orang\u00e9s ;<br \/>\n<strong>C\u00e9page autochtone : <\/strong>100% pur Nebbiolo ;<br \/>\n<strong>Teneur en alcool : <\/strong>14,00 % ;<br \/>\n<strong>Format: <\/strong>0,75 Lt<br \/>\n<strong>Mill\u00e9sime :<\/strong> 2018<br \/>\n<strong>Temp\u00e9rature de service : <\/strong>16-18 degr\u00e9s ;<br \/>\n<strong>R\u00e9gion : <\/strong>Pi\u00e9mont ;<br \/>\n<strong>Producteur :<\/strong> CARLIN de PAOLO ;<\/p>\n<p>Prix \u200b\u200b\u200b\u200b\u200b\u200bet distinctions : WINE ADVOCATE ROBERT PARKER, BERLINER TROPHY, DECANTER WORLD WINE AWARDS LONDON, LUCA MARONI, JAMES SUCKLING, MUNDUS VINI, VINI VERONELLI, VINI BUONI D\u2019ITALIA, WINE ENTHUSIAST.<\/p><\/div>\n<p><!-- .vgblk-rw-wrapper --><\/p>\n","protected":false},"excerpt":{"rendered":"<p>Accords Mets et Vins : convient aux plats les plus complexes et \u00e9labor\u00e9s de la cuisine italienne et internationale \u00e0 base de viandes rouges, de truffes blanches d&rsquo;Alba et de fromages ; Couleur : rouge grenat aux reflets orang\u00e9s ; C\u00e9page autochtone : 100% pur Nebbiolo ; Teneur en alcool : 14,00 % ; Format:&#8230;<\/p>\n","protected":false},"featured_media":994614,"template":"","meta":{"inline_featured_image":false},"product_brand":[],"product_cat":[439],"product_tag":[],"class_list":{"0":"post-994261","1":"product","2":"type-product","3":"status-publish","4":"has-post-thumbnail","6":"product_cat-vino-gourmet","8":"first","9":"instock","10":"shipping-taxable","11":"purchasable","12":"product-type-simple"},"yoast_head":"<!-- This site is optimized with the Yoast SEO plugin v26.2 - https:\/\/yoast.com\/wordpress\/plugins\/seo\/ -->\n<title>Vin Barolo D.O.C.G. - Truffe d&#039;Alba (Pi\u00e9mont - Italie)<\/title>\n<meta name=\"description\" content=\"Couleur : rouge grenat aux reflets orang\u00e9s ; C\u00e9page autochtone : 100 % pur Nebbiolo ; Teneur en alcool : 14,00 % ; Format : 0,75 Lt ; Mill\u00e9sime : 2018\" \/>\n<meta name=\"robots\" content=\"index, follow, max-snippet:-1, max-image-preview:large, max-video-preview:-1\" \/>\n<link rel=\"canonical\" href=\"https:\/\/new.albatartufi.com\/fr\/shop\/vin-barolo-d-o-c-g\/\" \/>\n<meta property=\"og:locale\" content=\"fr_FR\" \/>\n<meta property=\"og:type\" content=\"article\" \/>\n<meta property=\"og:title\" content=\"Vin Barolo D.O.C.G. - Truffe d&#039;Alba (Pi\u00e9mont - Italie)\" \/>\n<meta property=\"og:description\" content=\"Couleur : rouge grenat aux reflets orang\u00e9s ; C\u00e9page autochtone : 100 % pur Nebbiolo ; Teneur en alcool : 14,00 % ; Format : 0,75 Lt ; Mill\u00e9sime : 2018\" \/>\n<meta property=\"og:url\" content=\"https:\/\/new.albatartufi.com\/fr\/shop\/vin-barolo-d-o-c-g\/\" \/>\n<meta property=\"og:site_name\" content=\"Truffe d&#039;Alba (Pi\u00e9mont - Italie)\" \/>\n<meta property=\"article:publisher\" content=\"https:\/\/www.facebook.com\/albatartufi\" \/>\n<meta property=\"article:modified_time\" content=\"2025-10-14T19:20:09+00:00\" \/>\n<meta property=\"og:image\" content=\"https:\/\/new.albatartufi.com\/wp-content\/uploads\/2025\/09\/barolo.png\" \/>\n\t<meta property=\"og:image:width\" content=\"800\" \/>\n\t<meta property=\"og:image:height\" content=\"800\" \/>\n\t<meta property=\"og:image:type\" content=\"image\/png\" \/>\n<meta name=\"twitter:card\" content=\"summary_large_image\" \/>\n<meta name=\"twitter:site\" content=\"@albatartufi\" \/>\n<script type=\"application\/ld+json\" class=\"yoast-schema-graph\">{\"@context\":\"https:\/\/schema.org\",\"@graph\":[{\"@type\":\"WebPage\",\"@id\":\"https:\/\/new.albatartufi.com\/fr\/shop\/vin-barolo-d-o-c-g\/\",\"url\":\"https:\/\/new.albatartufi.com\/fr\/shop\/vin-barolo-d-o-c-g\/\",\"name\":\"Vin Barolo D.O.C.G. - Truffe d'Alba (Pi\u00e9mont - Italie)\",\"isPartOf\":{\"@id\":\"https:\/\/new.albatartufi.com\/#website\"},\"primaryImageOfPage\":{\"@id\":\"https:\/\/new.albatartufi.com\/fr\/shop\/vin-barolo-d-o-c-g\/#primaryimage\"},\"image\":{\"@id\":\"https:\/\/new.albatartufi.com\/fr\/shop\/vin-barolo-d-o-c-g\/#primaryimage\"},\"thumbnailUrl\":\"https:\/\/new.albatartufi.com\/wp-content\/uploads\/2025\/09\/barolo-1.png\",\"datePublished\":\"2025-09-22T12:35:30+00:00\",\"dateModified\":\"2025-10-14T19:20:09+00:00\",\"description\":\"Couleur : rouge grenat aux reflets orang\u00e9s ; C\u00e9page autochtone : 100 % pur Nebbiolo ; Teneur en alcool : 14,00 % ; Format : 0,75 Lt ; Mill\u00e9sime : 2018\",\"breadcrumb\":{\"@id\":\"https:\/\/new.albatartufi.com\/fr\/shop\/vin-barolo-d-o-c-g\/#breadcrumb\"},\"inLanguage\":\"fr-FR\",\"potentialAction\":[{\"@type\":\"ReadAction\",\"target\":[\"https:\/\/new.albatartufi.com\/fr\/shop\/vin-barolo-d-o-c-g\/\"]}]},{\"@type\":\"ImageObject\",\"inLanguage\":\"fr-FR\",\"@id\":\"https:\/\/new.albatartufi.com\/fr\/shop\/vin-barolo-d-o-c-g\/#primaryimage\",\"url\":\"https:\/\/new.albatartufi.com\/wp-content\/uploads\/2025\/09\/barolo-1.png\",\"contentUrl\":\"https:\/\/new.albatartufi.com\/wp-content\/uploads\/2025\/09\/barolo-1.png\",\"width\":800,\"height\":800,\"caption\":\"Barolo\"},{\"@type\":\"BreadcrumbList\",\"@id\":\"https:\/\/new.albatartufi.com\/fr\/shop\/vin-barolo-d-o-c-g\/#breadcrumb\",\"itemListElement\":[{\"@type\":\"ListItem\",\"position\":1,\"name\":\"Home\",\"item\":\"https:\/\/new.albatartufi.com\/fr\/truffe-dalba-piemont-italie\/\"},{\"@type\":\"ListItem\",\"position\":2,\"name\":\"Boutique\",\"item\":\"https:\/\/new.albatartufi.com\/fr\/boutique\/\"},{\"@type\":\"ListItem\",\"position\":3,\"name\":\"Vin Barolo D.O.C.G.\"}]},{\"@type\":\"WebSite\",\"@id\":\"https:\/\/new.albatartufi.com\/#website\",\"url\":\"https:\/\/new.albatartufi.com\/\",\"name\":\"Alba Tartufi\",\"description\":\"Tartufo di Alba (Piemonte - Italia)\",\"publisher\":{\"@id\":\"https:\/\/new.albatartufi.com\/#organization\"},\"potentialAction\":[{\"@type\":\"SearchAction\",\"target\":{\"@type\":\"EntryPoint\",\"urlTemplate\":\"https:\/\/new.albatartufi.com\/?s={search_term_string}\"},\"query-input\":{\"@type\":\"PropertyValueSpecification\",\"valueRequired\":true,\"valueName\":\"search_term_string\"}}],\"inLanguage\":\"fr-FR\"},{\"@type\":\"Organization\",\"@id\":\"https:\/\/new.albatartufi.com\/#organization\",\"name\":\"Alba Tartufi\",\"url\":\"https:\/\/new.albatartufi.com\/\",\"logo\":{\"@type\":\"ImageObject\",\"inLanguage\":\"fr-FR\",\"@id\":\"https:\/\/new.albatartufi.com\/#\/schema\/logo\/image\/\",\"url\":\"https:\/\/new.albatartufi.com\/wp-content\/uploads\/2025\/09\/cropped-logo_alba_tartufi.webp\",\"contentUrl\":\"https:\/\/new.albatartufi.com\/wp-content\/uploads\/2025\/09\/cropped-logo_alba_tartufi.webp\",\"width\":389,\"height\":211,\"caption\":\"Alba Tartufi\"},\"image\":{\"@id\":\"https:\/\/new.albatartufi.com\/#\/schema\/logo\/image\/\"},\"sameAs\":[\"https:\/\/www.facebook.com\/albatartufi\",\"https:\/\/x.com\/albatartufi\",\"https:\/\/www.instagram.com\/albatartufi\/\"]}]}<\/script>\n<!-- \/ Yoast SEO plugin. -->","yoast_head_json":{"title":"Vin Barolo D.O.C.G. - Truffe d'Alba (Pi\u00e9mont - Italie)","description":"Couleur : rouge grenat aux reflets orang\u00e9s ; C\u00e9page autochtone : 100 % pur Nebbiolo ; Teneur en alcool : 14,00 % ; Format : 0,75 Lt ; Mill\u00e9sime : 2018","robots":{"index":"index","follow":"follow","max-snippet":"max-snippet:-1","max-image-preview":"max-image-preview:large","max-video-preview":"max-video-preview:-1"},"canonical":"https:\/\/new.albatartufi.com\/fr\/shop\/vin-barolo-d-o-c-g\/","og_locale":"fr_FR","og_type":"article","og_title":"Vin Barolo D.O.C.G. - Truffe d'Alba (Pi\u00e9mont - Italie)","og_description":"Couleur : rouge grenat aux reflets orang\u00e9s ; C\u00e9page autochtone : 100 % pur Nebbiolo ; Teneur en alcool : 14,00 % ; Format : 0,75 Lt ; Mill\u00e9sime : 2018","og_url":"https:\/\/new.albatartufi.com\/fr\/shop\/vin-barolo-d-o-c-g\/","og_site_name":"Truffe d'Alba (Pi\u00e9mont - Italie)","article_publisher":"https:\/\/www.facebook.com\/albatartufi","article_modified_time":"2025-10-14T19:20:09+00:00","og_image":[{"width":800,"height":800,"url":"https:\/\/new.albatartufi.com\/wp-content\/uploads\/2025\/09\/barolo.png","type":"image\/png"}],"twitter_card":"summary_large_image","twitter_site":"@albatartufi","schema":{"@context":"https:\/\/schema.org","@graph":[{"@type":"WebPage","@id":"https:\/\/new.albatartufi.com\/fr\/shop\/vin-barolo-d-o-c-g\/","url":"https:\/\/new.albatartufi.com\/fr\/shop\/vin-barolo-d-o-c-g\/","name":"Vin Barolo D.O.C.G. - Truffe d'Alba (Pi\u00e9mont - Italie)","isPartOf":{"@id":"https:\/\/new.albatartufi.com\/#website"},"primaryImageOfPage":{"@id":"https:\/\/new.albatartufi.com\/fr\/shop\/vin-barolo-d-o-c-g\/#primaryimage"},"image":{"@id":"https:\/\/new.albatartufi.com\/fr\/shop\/vin-barolo-d-o-c-g\/#primaryimage"},"thumbnailUrl":"https:\/\/new.albatartufi.com\/wp-content\/uploads\/2025\/09\/barolo-1.png","datePublished":"2025-09-22T12:35:30+00:00","dateModified":"2025-10-14T19:20:09+00:00","description":"Couleur : rouge grenat aux reflets orang\u00e9s ; C\u00e9page autochtone : 100 % pur Nebbiolo ; Teneur en alcool : 14,00 % ; Format : 0,75 Lt ; Mill\u00e9sime : 2018","breadcrumb":{"@id":"https:\/\/new.albatartufi.com\/fr\/shop\/vin-barolo-d-o-c-g\/#breadcrumb"},"inLanguage":"fr-FR","potentialAction":[{"@type":"ReadAction","target":["https:\/\/new.albatartufi.com\/fr\/shop\/vin-barolo-d-o-c-g\/"]}]},{"@type":"ImageObject","inLanguage":"fr-FR","@id":"https:\/\/new.albatartufi.com\/fr\/shop\/vin-barolo-d-o-c-g\/#primaryimage","url":"https:\/\/new.albatartufi.com\/wp-content\/uploads\/2025\/09\/barolo-1.png","contentUrl":"https:\/\/new.albatartufi.com\/wp-content\/uploads\/2025\/09\/barolo-1.png","width":800,"height":800,"caption":"Barolo"},{"@type":"BreadcrumbList","@id":"https:\/\/new.albatartufi.com\/fr\/shop\/vin-barolo-d-o-c-g\/#breadcrumb","itemListElement":[{"@type":"ListItem","position":1,"name":"Home","item":"https:\/\/new.albatartufi.com\/fr\/truffe-dalba-piemont-italie\/"},{"@type":"ListItem","position":2,"name":"Boutique","item":"https:\/\/new.albatartufi.com\/fr\/boutique\/"},{"@type":"ListItem","position":3,"name":"Vin Barolo D.O.C.G."}]},{"@type":"WebSite","@id":"https:\/\/new.albatartufi.com\/#website","url":"https:\/\/new.albatartufi.com\/","name":"Alba Tartufi","description":"Tartufo di Alba (Piemonte - Italia)","publisher":{"@id":"https:\/\/new.albatartufi.com\/#organization"},"potentialAction":[{"@type":"SearchAction","target":{"@type":"EntryPoint","urlTemplate":"https:\/\/new.albatartufi.com\/?s={search_term_string}"},"query-input":{"@type":"PropertyValueSpecification","valueRequired":true,"valueName":"search_term_string"}}],"inLanguage":"fr-FR"},{"@type":"Organization","@id":"https:\/\/new.albatartufi.com\/#organization","name":"Alba Tartufi","url":"https:\/\/new.albatartufi.com\/","logo":{"@type":"ImageObject","inLanguage":"fr-FR","@id":"https:\/\/new.albatartufi.com\/#\/schema\/logo\/image\/","url":"https:\/\/new.albatartufi.com\/wp-content\/uploads\/2025\/09\/cropped-logo_alba_tartufi.webp","contentUrl":"https:\/\/new.albatartufi.com\/wp-content\/uploads\/2025\/09\/cropped-logo_alba_tartufi.webp","width":389,"height":211,"caption":"Alba Tartufi"},"image":{"@id":"https:\/\/new.albatartufi.com\/#\/schema\/logo\/image\/"},"sameAs":["https:\/\/www.facebook.com\/albatartufi","https:\/\/x.com\/albatartufi","https:\/\/www.instagram.com\/albatartufi\/"]}]}},"_links":{"self":[{"href":"https:\/\/new.albatartufi.com\/fr\/wp-json\/wp\/v2\/product\/994261","targetHints":{"allow":["GET"]}}],"collection":[{"href":"https:\/\/new.albatartufi.com\/fr\/wp-json\/wp\/v2\/product"}],"about":[{"href":"https:\/\/new.albatartufi.com\/fr\/wp-json\/wp\/v2\/types\/product"}],"version-history":[{"count":1,"href":"https:\/\/new.albatartufi.com\/fr\/wp-json\/wp\/v2\/product\/994261\/revisions"}],"predecessor-version":[{"id":994263,"href":"https:\/\/new.albatartufi.com\/fr\/wp-json\/wp\/v2\/product\/994261\/revisions\/994263"}],"wp:featuredmedia":[{"embeddable":true,"href":"https:\/\/new.albatartufi.com\/fr\/wp-json\/wp\/v2\/media\/994614"}],"wp:attachment":[{"href":"https:\/\/new.albatartufi.com\/fr\/wp-json\/wp\/v2\/media?parent=994261"}],"wp:term":[{"taxonomy":"product_brand","embeddable":true,"href":"https:\/\/new.albatartufi.com\/fr\/wp-json\/wp\/v2\/product_brand?post=994261"},{"taxonomy":"product_cat","embeddable":true,"href":"https:\/\/new.albatartufi.com\/fr\/wp-json\/wp\/v2\/product_cat?post=994261"},{"taxonomy":"product_tag","embeddable":true,"href":"https:\/\/new.albatartufi.com\/fr\/wp-json\/wp\/v2\/product_tag?post=994261"}],"curies":[{"name":"wp","href":"https:\/\/api.w.org\/{rel}","templated":true}]}}