{"id":995440,"date":"2025-10-14T20:02:41","date_gmt":"2025-10-14T20:02:41","guid":{"rendered":"https:\/\/new.albatartufi.com\/shop\/tour-de-la-truffe-dalba\/"},"modified":"2025-10-14T20:02:41","modified_gmt":"2025-10-14T20:02:41","slug":"tour-de-la-truffe-dalba","status":"publish","type":"product","link":"https:\/\/new.albatartufi.com\/fr\/shop\/tour-de-la-truffe-dalba\/","title":{"rendered":"Tour de la Truffe d&rsquo;Alba"},"content":{"rendered":"<div class=\"vgblk-rw-wrapper limit-wrapper\">L&rsquo;Alba Truffle Tour se d\u00e9roule dans les r\u00e9gions des Langhe, du Roero et du Monferrato, c\u00e9l\u00e8bres pour la truffe blanche d&rsquo;Alba et les truffes du Pi\u00e9mont.<\/div>\n<p><!-- .vgblk-rw-wrapper --><\/p>\n","protected":false},"excerpt":{"rendered":"<p>Cette option est configur\u00e9e pour s\u00e9lectionner des croisi\u00e8res avec diff\u00e9rentes tailles de cabine, prix, \u00e9quipements et dates.<\/p>\n","protected":false},"featured_media":994461,"template":"","meta":{"inline_featured_image":false},"product_brand":[],"product_cat":[442],"product_tag":[446],"class_list":{"0":"post-995440","1":"product","2":"type-product","3":"status-publish","4":"has-post-thumbnail","6":"product_cat-tour-de-la-truffe","7":"product_tag-service","9":"first","10":"instock","11":"sold-individually","12":"shipping-taxable","13":"purchasable","14":"product-type-booking"},"yoast_head":"<!-- This site is optimized with the Yoast SEO plugin v26.2 - https:\/\/yoast.com\/wordpress\/plugins\/seo\/ -->\n<title>Tour de la Truffe d&#039;Alba - Truffe d&#039;Alba (Pi\u00e9mont - Italie)<\/title>\n<meta name=\"description\" content=\"L&#039;Alba Truffle Tour se d\u00e9roule dans les r\u00e9gions des Langhe, du Roero et du Monferrato, c\u00e9l\u00e8bres pour la truffe blanche d&#039;Alba et les truffes du Pi\u00e9mont.\" \/>\n<meta name=\"robots\" content=\"index, follow, max-snippet:-1, max-image-preview:large, max-video-preview:-1\" \/>\n<link rel=\"canonical\" href=\"https:\/\/new.albatartufi.com\/fr\/shop\/tour-de-la-truffe-dalba\/\" \/>\n<meta property=\"og:locale\" content=\"fr_FR\" \/>\n<meta property=\"og:type\" content=\"article\" \/>\n<meta property=\"og:title\" content=\"Tour de la Truffe d&#039;Alba - Truffe d&#039;Alba (Pi\u00e9mont - Italie)\" \/>\n<meta property=\"og:description\" content=\"L&#039;Alba Truffle Tour se d\u00e9roule dans les r\u00e9gions des Langhe, du Roero et du Monferrato, c\u00e9l\u00e8bres pour la truffe blanche d&#039;Alba et les truffes du Pi\u00e9mont.\" \/>\n<meta property=\"og:url\" content=\"https:\/\/new.albatartufi.com\/fr\/shop\/tour-de-la-truffe-dalba\/\" \/>\n<meta property=\"og:site_name\" content=\"Truffe d&#039;Alba (Pi\u00e9mont - Italie)\" \/>\n<meta property=\"article:publisher\" content=\"https:\/\/www.facebook.com\/albatartufi\" \/>\n<meta property=\"og:image\" content=\"https:\/\/new.albatartufi.com\/wp-content\/uploads\/2025\/10\/divisione-natura-alba-tartufi-2.jpg\" \/>\n\t<meta property=\"og:image:width\" content=\"790\" \/>\n\t<meta property=\"og:image:height\" content=\"520\" \/>\n\t<meta property=\"og:image:type\" content=\"image\/jpeg\" \/>\n<meta name=\"twitter:card\" content=\"summary_large_image\" \/>\n<meta name=\"twitter:site\" content=\"@albatartufi\" \/>\n<script type=\"application\/ld+json\" class=\"yoast-schema-graph\">{\"@context\":\"https:\/\/schema.org\",\"@graph\":[{\"@type\":\"WebPage\",\"@id\":\"https:\/\/new.albatartufi.com\/fr\/shop\/tour-de-la-truffe-dalba\/\",\"url\":\"https:\/\/new.albatartufi.com\/fr\/shop\/tour-de-la-truffe-dalba\/\",\"name\":\"Tour de la Truffe d'Alba - Truffe d'Alba (Pi\u00e9mont - Italie)\",\"isPartOf\":{\"@id\":\"https:\/\/new.albatartufi.com\/#website\"},\"primaryImageOfPage\":{\"@id\":\"https:\/\/new.albatartufi.com\/fr\/shop\/tour-de-la-truffe-dalba\/#primaryimage\"},\"image\":{\"@id\":\"https:\/\/new.albatartufi.com\/fr\/shop\/tour-de-la-truffe-dalba\/#primaryimage\"},\"thumbnailUrl\":\"https:\/\/new.albatartufi.com\/wp-content\/uploads\/2025\/10\/divisione-natura-alba-tartufi-2.jpg\",\"datePublished\":\"2025-10-14T20:02:41+00:00\",\"description\":\"L'Alba Truffle Tour se d\u00e9roule dans les r\u00e9gions des Langhe, du Roero et du Monferrato, c\u00e9l\u00e8bres pour la truffe blanche d'Alba et les truffes du Pi\u00e9mont.\",\"breadcrumb\":{\"@id\":\"https:\/\/new.albatartufi.com\/fr\/shop\/tour-de-la-truffe-dalba\/#breadcrumb\"},\"inLanguage\":\"fr-FR\",\"potentialAction\":[{\"@type\":\"ReadAction\",\"target\":[\"https:\/\/new.albatartufi.com\/fr\/shop\/tour-de-la-truffe-dalba\/\"]}]},{\"@type\":\"ImageObject\",\"inLanguage\":\"fr-FR\",\"@id\":\"https:\/\/new.albatartufi.com\/fr\/shop\/tour-de-la-truffe-dalba\/#primaryimage\",\"url\":\"https:\/\/new.albatartufi.com\/wp-content\/uploads\/2025\/10\/divisione-natura-alba-tartufi-2.jpg\",\"contentUrl\":\"https:\/\/new.albatartufi.com\/wp-content\/uploads\/2025\/10\/divisione-natura-alba-tartufi-2.jpg\",\"width\":790,\"height\":520,\"caption\":\"Tour del Tertufo\"},{\"@type\":\"BreadcrumbList\",\"@id\":\"https:\/\/new.albatartufi.com\/fr\/shop\/tour-de-la-truffe-dalba\/#breadcrumb\",\"itemListElement\":[{\"@type\":\"ListItem\",\"position\":1,\"name\":\"Home\",\"item\":\"https:\/\/new.albatartufi.com\/fr\/truffe-dalba-piemont-italie\/\"},{\"@type\":\"ListItem\",\"position\":2,\"name\":\"Boutique\",\"item\":\"https:\/\/new.albatartufi.com\/fr\/boutique\/\"},{\"@type\":\"ListItem\",\"position\":3,\"name\":\"Tour de la Truffe d&#8217;Alba\"}]},{\"@type\":\"WebSite\",\"@id\":\"https:\/\/new.albatartufi.com\/#website\",\"url\":\"https:\/\/new.albatartufi.com\/\",\"name\":\"Alba Tartufi\",\"description\":\"Tartufo di Alba (Piemonte - Italia)\",\"publisher\":{\"@id\":\"https:\/\/new.albatartufi.com\/#organization\"},\"potentialAction\":[{\"@type\":\"SearchAction\",\"target\":{\"@type\":\"EntryPoint\",\"urlTemplate\":\"https:\/\/new.albatartufi.com\/?s={search_term_string}\"},\"query-input\":{\"@type\":\"PropertyValueSpecification\",\"valueRequired\":true,\"valueName\":\"search_term_string\"}}],\"inLanguage\":\"fr-FR\"},{\"@type\":\"Organization\",\"@id\":\"https:\/\/new.albatartufi.com\/#organization\",\"name\":\"Alba Tartufi\",\"url\":\"https:\/\/new.albatartufi.com\/\",\"logo\":{\"@type\":\"ImageObject\",\"inLanguage\":\"fr-FR\",\"@id\":\"https:\/\/new.albatartufi.com\/#\/schema\/logo\/image\/\",\"url\":\"https:\/\/new.albatartufi.com\/wp-content\/uploads\/2025\/09\/cropped-logo_alba_tartufi.webp\",\"contentUrl\":\"https:\/\/new.albatartufi.com\/wp-content\/uploads\/2025\/09\/cropped-logo_alba_tartufi.webp\",\"width\":389,\"height\":211,\"caption\":\"Alba Tartufi\"},\"image\":{\"@id\":\"https:\/\/new.albatartufi.com\/#\/schema\/logo\/image\/\"},\"sameAs\":[\"https:\/\/www.facebook.com\/albatartufi\",\"https:\/\/x.com\/albatartufi\",\"https:\/\/www.instagram.com\/albatartufi\/\"]}]}<\/script>\n<!-- \/ Yoast SEO plugin. -->","yoast_head_json":{"title":"Tour de la Truffe d'Alba - Truffe d'Alba (Pi\u00e9mont - Italie)","description":"L'Alba Truffle Tour se d\u00e9roule dans les r\u00e9gions des Langhe, du Roero et du Monferrato, c\u00e9l\u00e8bres pour la truffe blanche d'Alba et les truffes du Pi\u00e9mont.","robots":{"index":"index","follow":"follow","max-snippet":"max-snippet:-1","max-image-preview":"max-image-preview:large","max-video-preview":"max-video-preview:-1"},"canonical":"https:\/\/new.albatartufi.com\/fr\/shop\/tour-de-la-truffe-dalba\/","og_locale":"fr_FR","og_type":"article","og_title":"Tour de la Truffe d'Alba - Truffe d'Alba (Pi\u00e9mont - Italie)","og_description":"L'Alba Truffle Tour se d\u00e9roule dans les r\u00e9gions des Langhe, du Roero et du Monferrato, c\u00e9l\u00e8bres pour la truffe blanche d'Alba et les truffes du Pi\u00e9mont.","og_url":"https:\/\/new.albatartufi.com\/fr\/shop\/tour-de-la-truffe-dalba\/","og_site_name":"Truffe d'Alba (Pi\u00e9mont - Italie)","article_publisher":"https:\/\/www.facebook.com\/albatartufi","og_image":[{"width":790,"height":520,"url":"https:\/\/new.albatartufi.com\/wp-content\/uploads\/2025\/10\/divisione-natura-alba-tartufi-2.jpg","type":"image\/jpeg"}],"twitter_card":"summary_large_image","twitter_site":"@albatartufi","schema":{"@context":"https:\/\/schema.org","@graph":[{"@type":"WebPage","@id":"https:\/\/new.albatartufi.com\/fr\/shop\/tour-de-la-truffe-dalba\/","url":"https:\/\/new.albatartufi.com\/fr\/shop\/tour-de-la-truffe-dalba\/","name":"Tour de la Truffe d'Alba - Truffe d'Alba (Pi\u00e9mont - Italie)","isPartOf":{"@id":"https:\/\/new.albatartufi.com\/#website"},"primaryImageOfPage":{"@id":"https:\/\/new.albatartufi.com\/fr\/shop\/tour-de-la-truffe-dalba\/#primaryimage"},"image":{"@id":"https:\/\/new.albatartufi.com\/fr\/shop\/tour-de-la-truffe-dalba\/#primaryimage"},"thumbnailUrl":"https:\/\/new.albatartufi.com\/wp-content\/uploads\/2025\/10\/divisione-natura-alba-tartufi-2.jpg","datePublished":"2025-10-14T20:02:41+00:00","description":"L'Alba Truffle Tour se d\u00e9roule dans les r\u00e9gions des Langhe, du Roero et du Monferrato, c\u00e9l\u00e8bres pour la truffe blanche d'Alba et les truffes du Pi\u00e9mont.","breadcrumb":{"@id":"https:\/\/new.albatartufi.com\/fr\/shop\/tour-de-la-truffe-dalba\/#breadcrumb"},"inLanguage":"fr-FR","potentialAction":[{"@type":"ReadAction","target":["https:\/\/new.albatartufi.com\/fr\/shop\/tour-de-la-truffe-dalba\/"]}]},{"@type":"ImageObject","inLanguage":"fr-FR","@id":"https:\/\/new.albatartufi.com\/fr\/shop\/tour-de-la-truffe-dalba\/#primaryimage","url":"https:\/\/new.albatartufi.com\/wp-content\/uploads\/2025\/10\/divisione-natura-alba-tartufi-2.jpg","contentUrl":"https:\/\/new.albatartufi.com\/wp-content\/uploads\/2025\/10\/divisione-natura-alba-tartufi-2.jpg","width":790,"height":520,"caption":"Tour del Tertufo"},{"@type":"BreadcrumbList","@id":"https:\/\/new.albatartufi.com\/fr\/shop\/tour-de-la-truffe-dalba\/#breadcrumb","itemListElement":[{"@type":"ListItem","position":1,"name":"Home","item":"https:\/\/new.albatartufi.com\/fr\/truffe-dalba-piemont-italie\/"},{"@type":"ListItem","position":2,"name":"Boutique","item":"https:\/\/new.albatartufi.com\/fr\/boutique\/"},{"@type":"ListItem","position":3,"name":"Tour de la Truffe d&#8217;Alba"}]},{"@type":"WebSite","@id":"https:\/\/new.albatartufi.com\/#website","url":"https:\/\/new.albatartufi.com\/","name":"Alba Tartufi","description":"Tartufo di Alba (Piemonte - Italia)","publisher":{"@id":"https:\/\/new.albatartufi.com\/#organization"},"potentialAction":[{"@type":"SearchAction","target":{"@type":"EntryPoint","urlTemplate":"https:\/\/new.albatartufi.com\/?s={search_term_string}"},"query-input":{"@type":"PropertyValueSpecification","valueRequired":true,"valueName":"search_term_string"}}],"inLanguage":"fr-FR"},{"@type":"Organization","@id":"https:\/\/new.albatartufi.com\/#organization","name":"Alba Tartufi","url":"https:\/\/new.albatartufi.com\/","logo":{"@type":"ImageObject","inLanguage":"fr-FR","@id":"https:\/\/new.albatartufi.com\/#\/schema\/logo\/image\/","url":"https:\/\/new.albatartufi.com\/wp-content\/uploads\/2025\/09\/cropped-logo_alba_tartufi.webp","contentUrl":"https:\/\/new.albatartufi.com\/wp-content\/uploads\/2025\/09\/cropped-logo_alba_tartufi.webp","width":389,"height":211,"caption":"Alba Tartufi"},"image":{"@id":"https:\/\/new.albatartufi.com\/#\/schema\/logo\/image\/"},"sameAs":["https:\/\/www.facebook.com\/albatartufi","https:\/\/x.com\/albatartufi","https:\/\/www.instagram.com\/albatartufi\/"]}]}},"_links":{"self":[{"href":"https:\/\/new.albatartufi.com\/fr\/wp-json\/wp\/v2\/product\/995440","targetHints":{"allow":["GET"]}}],"collection":[{"href":"https:\/\/new.albatartufi.com\/fr\/wp-json\/wp\/v2\/product"}],"about":[{"href":"https:\/\/new.albatartufi.com\/fr\/wp-json\/wp\/v2\/types\/product"}],"version-history":[{"count":0,"href":"https:\/\/new.albatartufi.com\/fr\/wp-json\/wp\/v2\/product\/995440\/revisions"}],"wp:featuredmedia":[{"embeddable":true,"href":"https:\/\/new.albatartufi.com\/fr\/wp-json\/wp\/v2\/media\/994461"}],"wp:attachment":[{"href":"https:\/\/new.albatartufi.com\/fr\/wp-json\/wp\/v2\/media?parent=995440"}],"wp:term":[{"taxonomy":"product_brand","embeddable":true,"href":"https:\/\/new.albatartufi.com\/fr\/wp-json\/wp\/v2\/product_brand?post=995440"},{"taxonomy":"product_cat","embeddable":true,"href":"https:\/\/new.albatartufi.com\/fr\/wp-json\/wp\/v2\/product_cat?post=995440"},{"taxonomy":"product_tag","embeddable":true,"href":"https:\/\/new.albatartufi.com\/fr\/wp-json\/wp\/v2\/product_tag?post=995440"}],"curies":[{"name":"wp","href":"https:\/\/api.w.org\/{rel}","templated":true}]}}