{"id":995453,"date":"2025-10-14T20:59:08","date_gmt":"2025-10-14T20:59:08","guid":{"rendered":"https:\/\/new.albatartufi.com\/shop\/service-dinterpretation\/"},"modified":"2025-10-14T20:59:08","modified_gmt":"2025-10-14T20:59:08","slug":"service-dinterpretation","status":"publish","type":"product","link":"https:\/\/new.albatartufi.com\/fr\/shop\/service-dinterpretation\/","title":{"rendered":"Service d&rsquo;interpr\u00e9tation"},"content":{"rendered":"<div class=\"vgblk-rw-wrapper limit-wrapper\">\n<p class=\"p1\">Am\u00e9liorez votre exp\u00e9rience avec notre service d&rsquo;interpr\u00e9tation professionnel, disponible en anglais, fran\u00e7ais, allemand, espagnol, russe et portugais.<\/p>\n<p class=\"p2\">Un interpr\u00e8te qualifi\u00e9 vous accompagnera tout au long de la visite, assurant une communication claire et une compr\u00e9hension plus approfondie de la culture et des traditions locales.<\/p>\n<\/div>\n<p><!-- .vgblk-rw-wrapper --><\/p>\n","protected":false},"excerpt":{"rendered":"<p>Am\u00e9liorez votre exp\u00e9rience avec notre service d&rsquo;interpr\u00e9tation professionnel, disponible en anglais, fran\u00e7ais, allemand, espagnol, russe et portugais. Un interpr\u00e8te qualifi\u00e9 vous accompagnera tout au long de la visite, assurant une communication claire et une compr\u00e9hension plus approfondie de la culture et des traditions locales.<\/p>\n","protected":false},"featured_media":994480,"template":"","meta":{"inline_featured_image":false},"product_brand":[],"product_cat":[442],"product_tag":[446],"class_list":{"0":"post-995453","1":"product","2":"type-product","3":"status-publish","4":"has-post-thumbnail","6":"product_cat-tour-de-la-truffe","7":"product_tag-service","9":"first","10":"instock","11":"sold-individually","12":"shipping-taxable","13":"purchasable","14":"product-type-variable"},"yoast_head":"<!-- This site is optimized with the Yoast SEO plugin v27.4 - https:\/\/yoast.com\/product\/yoast-seo-wordpress\/ -->\n<title>Service d&#039;interpr\u00e9tation - Truffe d&#039;Alba (Pi\u00e9mont - Italie)<\/title>\n<meta name=\"description\" content=\"Un interpr\u00e8te qualifi\u00e9 vous accompagnera tout au long de la visite, garantissant une communication claire et une compr\u00e9hension plus approfondie.\" \/>\n<meta name=\"robots\" content=\"index, follow, max-snippet:-1, max-image-preview:large, max-video-preview:-1\" \/>\n<link rel=\"canonical\" href=\"https:\/\/new.albatartufi.com\/fr\/shop\/service-dinterpretation\/\" \/>\n<meta property=\"og:locale\" content=\"fr_FR\" \/>\n<meta property=\"og:type\" content=\"article\" \/>\n<meta property=\"og:title\" content=\"Service d&#039;interpr\u00e9tation - Truffe d&#039;Alba (Pi\u00e9mont - Italie)\" \/>\n<meta property=\"og:description\" content=\"Un interpr\u00e8te qualifi\u00e9 vous accompagnera tout au long de la visite, garantissant une communication claire et une compr\u00e9hension plus approfondie.\" \/>\n<meta property=\"og:url\" content=\"https:\/\/new.albatartufi.com\/fr\/shop\/service-dinterpretation\/\" \/>\n<meta property=\"og:site_name\" content=\"Truffe d&#039;Alba (Pi\u00e9mont - Italie)\" \/>\n<meta property=\"article:publisher\" content=\"https:\/\/www.facebook.com\/albatartufi\" \/>\n<meta property=\"og:image\" content=\"https:\/\/new.albatartufi.com\/wp-content\/uploads\/2025\/10\/logo-albatartufi.png\" \/>\n\t<meta property=\"og:image:width\" content=\"200\" \/>\n\t<meta property=\"og:image:height\" content=\"200\" \/>\n\t<meta property=\"og:image:type\" content=\"image\/png\" \/>\n<meta name=\"twitter:card\" content=\"summary_large_image\" \/>\n<meta name=\"twitter:site\" content=\"@albatartufi\" \/>\n<script type=\"application\/ld+json\" class=\"yoast-schema-graph\">{\"@context\":\"https:\\\/\\\/schema.org\",\"@graph\":[{\"@type\":\"WebPage\",\"@id\":\"https:\\\/\\\/new.albatartufi.com\\\/fr\\\/shop\\\/service-dinterpretation\\\/\",\"url\":\"https:\\\/\\\/new.albatartufi.com\\\/fr\\\/shop\\\/service-dinterpretation\\\/\",\"name\":\"Service d'interpr\u00e9tation - Truffe d'Alba (Pi\u00e9mont - Italie)\",\"isPartOf\":{\"@id\":\"https:\\\/\\\/new.albatartufi.com\\\/#website\"},\"primaryImageOfPage\":{\"@id\":\"https:\\\/\\\/new.albatartufi.com\\\/fr\\\/shop\\\/service-dinterpretation\\\/#primaryimage\"},\"image\":{\"@id\":\"https:\\\/\\\/new.albatartufi.com\\\/fr\\\/shop\\\/service-dinterpretation\\\/#primaryimage\"},\"thumbnailUrl\":\"https:\\\/\\\/new.albatartufi.com\\\/wp-content\\\/uploads\\\/2025\\\/10\\\/logo-albatartufi.png\",\"datePublished\":\"2025-10-14T20:59:08+00:00\",\"description\":\"Un interpr\u00e8te qualifi\u00e9 vous accompagnera tout au long de la visite, garantissant une communication claire et une compr\u00e9hension plus approfondie.\",\"breadcrumb\":{\"@id\":\"https:\\\/\\\/new.albatartufi.com\\\/fr\\\/shop\\\/service-dinterpretation\\\/#breadcrumb\"},\"inLanguage\":\"fr-FR\",\"potentialAction\":[{\"@type\":\"ReadAction\",\"target\":[\"https:\\\/\\\/new.albatartufi.com\\\/fr\\\/shop\\\/service-dinterpretation\\\/\"]}]},{\"@type\":\"ImageObject\",\"inLanguage\":\"fr-FR\",\"@id\":\"https:\\\/\\\/new.albatartufi.com\\\/fr\\\/shop\\\/service-dinterpretation\\\/#primaryimage\",\"url\":\"https:\\\/\\\/new.albatartufi.com\\\/wp-content\\\/uploads\\\/2025\\\/10\\\/logo-albatartufi.png\",\"contentUrl\":\"https:\\\/\\\/new.albatartufi.com\\\/wp-content\\\/uploads\\\/2025\\\/10\\\/logo-albatartufi.png\",\"width\":200,\"height\":200,\"caption\":\"Truffes d'Alba\"},{\"@type\":\"BreadcrumbList\",\"@id\":\"https:\\\/\\\/new.albatartufi.com\\\/fr\\\/shop\\\/service-dinterpretation\\\/#breadcrumb\",\"itemListElement\":[{\"@type\":\"ListItem\",\"position\":1,\"name\":\"Home\",\"item\":\"https:\\\/\\\/new.albatartufi.com\\\/fr\\\/truffe-dalba-piemont-italie\\\/\"},{\"@type\":\"ListItem\",\"position\":2,\"name\":\"Boutique\",\"item\":\"https:\\\/\\\/new.albatartufi.com\\\/fr\\\/boutique\\\/\"},{\"@type\":\"ListItem\",\"position\":3,\"name\":\"Service d&#8217;interpr\u00e9tation\"}]},{\"@type\":\"WebSite\",\"@id\":\"https:\\\/\\\/new.albatartufi.com\\\/#website\",\"url\":\"https:\\\/\\\/new.albatartufi.com\\\/\",\"name\":\"Alba Tartufi\",\"description\":\"Tartufo di Alba (Piemonte - Italia)\",\"publisher\":{\"@id\":\"https:\\\/\\\/new.albatartufi.com\\\/#organization\"},\"potentialAction\":[{\"@type\":\"SearchAction\",\"target\":{\"@type\":\"EntryPoint\",\"urlTemplate\":\"https:\\\/\\\/new.albatartufi.com\\\/?s={search_term_string}\"},\"query-input\":{\"@type\":\"PropertyValueSpecification\",\"valueRequired\":true,\"valueName\":\"search_term_string\"}}],\"inLanguage\":\"fr-FR\"},{\"@type\":\"Organization\",\"@id\":\"https:\\\/\\\/new.albatartufi.com\\\/#organization\",\"name\":\"Alba Tartufi\",\"url\":\"https:\\\/\\\/new.albatartufi.com\\\/\",\"logo\":{\"@type\":\"ImageObject\",\"inLanguage\":\"fr-FR\",\"@id\":\"https:\\\/\\\/new.albatartufi.com\\\/#\\\/schema\\\/logo\\\/image\\\/\",\"url\":\"https:\\\/\\\/new.albatartufi.com\\\/wp-content\\\/uploads\\\/2025\\\/09\\\/cropped-logo_alba_tartufi.webp\",\"contentUrl\":\"https:\\\/\\\/new.albatartufi.com\\\/wp-content\\\/uploads\\\/2025\\\/09\\\/cropped-logo_alba_tartufi.webp\",\"width\":389,\"height\":211,\"caption\":\"Alba Tartufi\"},\"image\":{\"@id\":\"https:\\\/\\\/new.albatartufi.com\\\/#\\\/schema\\\/logo\\\/image\\\/\"},\"sameAs\":[\"https:\\\/\\\/www.facebook.com\\\/albatartufi\",\"https:\\\/\\\/x.com\\\/albatartufi\",\"https:\\\/\\\/www.instagram.com\\\/albatartufi\\\/\"]}]}<\/script>\n<!-- \/ Yoast SEO plugin. -->","yoast_head_json":{"title":"Service d'interpr\u00e9tation - Truffe d'Alba (Pi\u00e9mont - Italie)","description":"Un interpr\u00e8te qualifi\u00e9 vous accompagnera tout au long de la visite, garantissant une communication claire et une compr\u00e9hension plus approfondie.","robots":{"index":"index","follow":"follow","max-snippet":"max-snippet:-1","max-image-preview":"max-image-preview:large","max-video-preview":"max-video-preview:-1"},"canonical":"https:\/\/new.albatartufi.com\/fr\/shop\/service-dinterpretation\/","og_locale":"fr_FR","og_type":"article","og_title":"Service d'interpr\u00e9tation - Truffe d'Alba (Pi\u00e9mont - Italie)","og_description":"Un interpr\u00e8te qualifi\u00e9 vous accompagnera tout au long de la visite, garantissant une communication claire et une compr\u00e9hension plus approfondie.","og_url":"https:\/\/new.albatartufi.com\/fr\/shop\/service-dinterpretation\/","og_site_name":"Truffe d'Alba (Pi\u00e9mont - Italie)","article_publisher":"https:\/\/www.facebook.com\/albatartufi","og_image":[{"width":200,"height":200,"url":"https:\/\/new.albatartufi.com\/wp-content\/uploads\/2025\/10\/logo-albatartufi.png","type":"image\/png"}],"twitter_card":"summary_large_image","twitter_site":"@albatartufi","schema":{"@context":"https:\/\/schema.org","@graph":[{"@type":"WebPage","@id":"https:\/\/new.albatartufi.com\/fr\/shop\/service-dinterpretation\/","url":"https:\/\/new.albatartufi.com\/fr\/shop\/service-dinterpretation\/","name":"Service d'interpr\u00e9tation - Truffe d'Alba (Pi\u00e9mont - Italie)","isPartOf":{"@id":"https:\/\/new.albatartufi.com\/#website"},"primaryImageOfPage":{"@id":"https:\/\/new.albatartufi.com\/fr\/shop\/service-dinterpretation\/#primaryimage"},"image":{"@id":"https:\/\/new.albatartufi.com\/fr\/shop\/service-dinterpretation\/#primaryimage"},"thumbnailUrl":"https:\/\/new.albatartufi.com\/wp-content\/uploads\/2025\/10\/logo-albatartufi.png","datePublished":"2025-10-14T20:59:08+00:00","description":"Un interpr\u00e8te qualifi\u00e9 vous accompagnera tout au long de la visite, garantissant une communication claire et une compr\u00e9hension plus approfondie.","breadcrumb":{"@id":"https:\/\/new.albatartufi.com\/fr\/shop\/service-dinterpretation\/#breadcrumb"},"inLanguage":"fr-FR","potentialAction":[{"@type":"ReadAction","target":["https:\/\/new.albatartufi.com\/fr\/shop\/service-dinterpretation\/"]}]},{"@type":"ImageObject","inLanguage":"fr-FR","@id":"https:\/\/new.albatartufi.com\/fr\/shop\/service-dinterpretation\/#primaryimage","url":"https:\/\/new.albatartufi.com\/wp-content\/uploads\/2025\/10\/logo-albatartufi.png","contentUrl":"https:\/\/new.albatartufi.com\/wp-content\/uploads\/2025\/10\/logo-albatartufi.png","width":200,"height":200,"caption":"Truffes d'Alba"},{"@type":"BreadcrumbList","@id":"https:\/\/new.albatartufi.com\/fr\/shop\/service-dinterpretation\/#breadcrumb","itemListElement":[{"@type":"ListItem","position":1,"name":"Home","item":"https:\/\/new.albatartufi.com\/fr\/truffe-dalba-piemont-italie\/"},{"@type":"ListItem","position":2,"name":"Boutique","item":"https:\/\/new.albatartufi.com\/fr\/boutique\/"},{"@type":"ListItem","position":3,"name":"Service d&#8217;interpr\u00e9tation"}]},{"@type":"WebSite","@id":"https:\/\/new.albatartufi.com\/#website","url":"https:\/\/new.albatartufi.com\/","name":"Alba Tartufi","description":"Tartufo di Alba (Piemonte - Italia)","publisher":{"@id":"https:\/\/new.albatartufi.com\/#organization"},"potentialAction":[{"@type":"SearchAction","target":{"@type":"EntryPoint","urlTemplate":"https:\/\/new.albatartufi.com\/?s={search_term_string}"},"query-input":{"@type":"PropertyValueSpecification","valueRequired":true,"valueName":"search_term_string"}}],"inLanguage":"fr-FR"},{"@type":"Organization","@id":"https:\/\/new.albatartufi.com\/#organization","name":"Alba Tartufi","url":"https:\/\/new.albatartufi.com\/","logo":{"@type":"ImageObject","inLanguage":"fr-FR","@id":"https:\/\/new.albatartufi.com\/#\/schema\/logo\/image\/","url":"https:\/\/new.albatartufi.com\/wp-content\/uploads\/2025\/09\/cropped-logo_alba_tartufi.webp","contentUrl":"https:\/\/new.albatartufi.com\/wp-content\/uploads\/2025\/09\/cropped-logo_alba_tartufi.webp","width":389,"height":211,"caption":"Alba Tartufi"},"image":{"@id":"https:\/\/new.albatartufi.com\/#\/schema\/logo\/image\/"},"sameAs":["https:\/\/www.facebook.com\/albatartufi","https:\/\/x.com\/albatartufi","https:\/\/www.instagram.com\/albatartufi\/"]}]}},"_links":{"self":[{"href":"https:\/\/new.albatartufi.com\/fr\/wp-json\/wp\/v2\/product\/995453","targetHints":{"allow":["GET"]}}],"collection":[{"href":"https:\/\/new.albatartufi.com\/fr\/wp-json\/wp\/v2\/product"}],"about":[{"href":"https:\/\/new.albatartufi.com\/fr\/wp-json\/wp\/v2\/types\/product"}],"version-history":[{"count":0,"href":"https:\/\/new.albatartufi.com\/fr\/wp-json\/wp\/v2\/product\/995453\/revisions"}],"wp:featuredmedia":[{"embeddable":true,"href":"https:\/\/new.albatartufi.com\/fr\/wp-json\/wp\/v2\/media\/994480"}],"wp:attachment":[{"href":"https:\/\/new.albatartufi.com\/fr\/wp-json\/wp\/v2\/media?parent=995453"}],"wp:term":[{"taxonomy":"product_brand","embeddable":true,"href":"https:\/\/new.albatartufi.com\/fr\/wp-json\/wp\/v2\/product_brand?post=995453"},{"taxonomy":"product_cat","embeddable":true,"href":"https:\/\/new.albatartufi.com\/fr\/wp-json\/wp\/v2\/product_cat?post=995453"},{"taxonomy":"product_tag","embeddable":true,"href":"https:\/\/new.albatartufi.com\/fr\/wp-json\/wp\/v2\/product_tag?post=995453"}],"curies":[{"name":"wp","href":"https:\/\/api.w.org\/{rel}","templated":true}]}}