{"id":995467,"date":"2025-10-15T05:51:15","date_gmt":"2025-10-15T05:51:15","guid":{"rendered":"https:\/\/new.albatartufi.com\/shop\/service-de-transport\/"},"modified":"2025-10-15T05:51:15","modified_gmt":"2025-10-15T05:51:15","slug":"service-de-transport","status":"publish","type":"product","link":"https:\/\/new.albatartufi.com\/fr\/shop\/service-de-transport\/","title":{"rendered":"Service de transport"},"content":{"rendered":"<div class=\"vgblk-rw-wrapper limit-wrapper\">\n<p class=\"p1\">Rendez votre Truffe Tour encore plus confortable avec notre service de transport d\u00e9di\u00e9.<\/p>\n<p class=\"p1\">Nous proposons des transferts priv\u00e9s ou de groupe depuis et vers les principales villes et a\u00e9roports du Pi\u00e9mont, avec des v\u00e9hicules modernes et des chauffeurs professionnels.<\/p>\n<p class=\"p1\">Profitez d&rsquo;un voyage relaxant, immerg\u00e9 dans le paysage des Langhe, sans vous soucier des horaires, du stationnement ou des itin\u00e9raires : nous nous occupons de tout ; il ne vous reste plus qu&rsquo;\u00e0 profiter de l&rsquo;exp\u00e9rience de la truffe.<\/p>\n<\/div>\n<p><!-- .vgblk-rw-wrapper --><\/p>\n","protected":false},"excerpt":{"rendered":"<p>Rendez votre Truffe Tour encore plus confortable avec notre service de transport d\u00e9di\u00e9. Nous proposons des transferts priv\u00e9s ou de groupe depuis et vers les principales villes et a\u00e9roports du Pi\u00e9mont, avec des v\u00e9hicules modernes et des chauffeurs professionnels. Profitez d&rsquo;un voyage relaxant, immerg\u00e9 dans le paysage des Langhe, sans vous soucier des horaires, du&#8230;<\/p>\n","protected":false},"featured_media":994480,"template":"","meta":{"inline_featured_image":false},"product_brand":[],"product_cat":[442],"product_tag":[446],"class_list":{"0":"post-995467","1":"product","2":"type-product","3":"status-publish","4":"has-post-thumbnail","6":"product_cat-tour-de-la-truffe","7":"product_tag-service","9":"first","10":"instock","11":"sold-individually","12":"shipping-taxable","13":"purchasable","14":"product-type-variable"},"yoast_head":"<!-- This site is optimized with the Yoast SEO plugin v27.4 - https:\/\/yoast.com\/product\/yoast-seo-wordpress\/ -->\n<title>Service de transport - Truffe d&#039;Alba (Pi\u00e9mont - Italie)<\/title>\n<meta name=\"description\" content=\"Nous proposons des transferts priv\u00e9s ou de groupe depuis et vers les principales villes et a\u00e9roports du Pi\u00e9mont, avec des v\u00e9hicules modernes et des chauffeurs professionnels.\" \/>\n<meta name=\"robots\" content=\"index, follow, max-snippet:-1, max-image-preview:large, max-video-preview:-1\" \/>\n<link rel=\"canonical\" href=\"https:\/\/new.albatartufi.com\/fr\/shop\/service-de-transport\/\" \/>\n<meta property=\"og:locale\" content=\"fr_FR\" \/>\n<meta property=\"og:type\" content=\"article\" \/>\n<meta property=\"og:title\" content=\"Service de transport - Truffe d&#039;Alba (Pi\u00e9mont - Italie)\" \/>\n<meta property=\"og:description\" content=\"Nous proposons des transferts priv\u00e9s ou de groupe depuis et vers les principales villes et a\u00e9roports du Pi\u00e9mont, avec des v\u00e9hicules modernes et des chauffeurs professionnels.\" \/>\n<meta property=\"og:url\" content=\"https:\/\/new.albatartufi.com\/fr\/shop\/service-de-transport\/\" \/>\n<meta property=\"og:site_name\" content=\"Truffe d&#039;Alba (Pi\u00e9mont - Italie)\" \/>\n<meta property=\"article:publisher\" content=\"https:\/\/www.facebook.com\/albatartufi\" \/>\n<meta property=\"og:image\" content=\"https:\/\/new.albatartufi.com\/wp-content\/uploads\/2025\/10\/logo-albatartufi.png\" \/>\n\t<meta property=\"og:image:width\" content=\"200\" \/>\n\t<meta property=\"og:image:height\" content=\"200\" \/>\n\t<meta property=\"og:image:type\" content=\"image\/png\" \/>\n<meta name=\"twitter:card\" content=\"summary_large_image\" \/>\n<meta name=\"twitter:site\" content=\"@albatartufi\" \/>\n<script type=\"application\/ld+json\" class=\"yoast-schema-graph\">{\"@context\":\"https:\\\/\\\/schema.org\",\"@graph\":[{\"@type\":\"WebPage\",\"@id\":\"https:\\\/\\\/new.albatartufi.com\\\/fr\\\/shop\\\/service-de-transport\\\/\",\"url\":\"https:\\\/\\\/new.albatartufi.com\\\/fr\\\/shop\\\/service-de-transport\\\/\",\"name\":\"Service de transport - Truffe d'Alba (Pi\u00e9mont - Italie)\",\"isPartOf\":{\"@id\":\"https:\\\/\\\/new.albatartufi.com\\\/#website\"},\"primaryImageOfPage\":{\"@id\":\"https:\\\/\\\/new.albatartufi.com\\\/fr\\\/shop\\\/service-de-transport\\\/#primaryimage\"},\"image\":{\"@id\":\"https:\\\/\\\/new.albatartufi.com\\\/fr\\\/shop\\\/service-de-transport\\\/#primaryimage\"},\"thumbnailUrl\":\"https:\\\/\\\/new.albatartufi.com\\\/wp-content\\\/uploads\\\/2025\\\/10\\\/logo-albatartufi.png\",\"datePublished\":\"2025-10-15T05:51:15+00:00\",\"description\":\"Nous proposons des transferts priv\u00e9s ou de groupe depuis et vers les principales villes et a\u00e9roports du Pi\u00e9mont, avec des v\u00e9hicules modernes et des chauffeurs professionnels.\",\"breadcrumb\":{\"@id\":\"https:\\\/\\\/new.albatartufi.com\\\/fr\\\/shop\\\/service-de-transport\\\/#breadcrumb\"},\"inLanguage\":\"fr-FR\",\"potentialAction\":[{\"@type\":\"ReadAction\",\"target\":[\"https:\\\/\\\/new.albatartufi.com\\\/fr\\\/shop\\\/service-de-transport\\\/\"]}]},{\"@type\":\"ImageObject\",\"inLanguage\":\"fr-FR\",\"@id\":\"https:\\\/\\\/new.albatartufi.com\\\/fr\\\/shop\\\/service-de-transport\\\/#primaryimage\",\"url\":\"https:\\\/\\\/new.albatartufi.com\\\/wp-content\\\/uploads\\\/2025\\\/10\\\/logo-albatartufi.png\",\"contentUrl\":\"https:\\\/\\\/new.albatartufi.com\\\/wp-content\\\/uploads\\\/2025\\\/10\\\/logo-albatartufi.png\",\"width\":200,\"height\":200,\"caption\":\"Truffes d'Alba\"},{\"@type\":\"BreadcrumbList\",\"@id\":\"https:\\\/\\\/new.albatartufi.com\\\/fr\\\/shop\\\/service-de-transport\\\/#breadcrumb\",\"itemListElement\":[{\"@type\":\"ListItem\",\"position\":1,\"name\":\"Home\",\"item\":\"https:\\\/\\\/new.albatartufi.com\\\/fr\\\/truffe-dalba-piemont-italie\\\/\"},{\"@type\":\"ListItem\",\"position\":2,\"name\":\"Boutique\",\"item\":\"https:\\\/\\\/new.albatartufi.com\\\/fr\\\/boutique\\\/\"},{\"@type\":\"ListItem\",\"position\":3,\"name\":\"Service de transport\"}]},{\"@type\":\"WebSite\",\"@id\":\"https:\\\/\\\/new.albatartufi.com\\\/#website\",\"url\":\"https:\\\/\\\/new.albatartufi.com\\\/\",\"name\":\"Alba Tartufi\",\"description\":\"Tartufo di Alba (Piemonte - Italia)\",\"publisher\":{\"@id\":\"https:\\\/\\\/new.albatartufi.com\\\/#organization\"},\"potentialAction\":[{\"@type\":\"SearchAction\",\"target\":{\"@type\":\"EntryPoint\",\"urlTemplate\":\"https:\\\/\\\/new.albatartufi.com\\\/?s={search_term_string}\"},\"query-input\":{\"@type\":\"PropertyValueSpecification\",\"valueRequired\":true,\"valueName\":\"search_term_string\"}}],\"inLanguage\":\"fr-FR\"},{\"@type\":\"Organization\",\"@id\":\"https:\\\/\\\/new.albatartufi.com\\\/#organization\",\"name\":\"Alba Tartufi\",\"url\":\"https:\\\/\\\/new.albatartufi.com\\\/\",\"logo\":{\"@type\":\"ImageObject\",\"inLanguage\":\"fr-FR\",\"@id\":\"https:\\\/\\\/new.albatartufi.com\\\/#\\\/schema\\\/logo\\\/image\\\/\",\"url\":\"https:\\\/\\\/new.albatartufi.com\\\/wp-content\\\/uploads\\\/2025\\\/09\\\/cropped-logo_alba_tartufi.webp\",\"contentUrl\":\"https:\\\/\\\/new.albatartufi.com\\\/wp-content\\\/uploads\\\/2025\\\/09\\\/cropped-logo_alba_tartufi.webp\",\"width\":389,\"height\":211,\"caption\":\"Alba Tartufi\"},\"image\":{\"@id\":\"https:\\\/\\\/new.albatartufi.com\\\/#\\\/schema\\\/logo\\\/image\\\/\"},\"sameAs\":[\"https:\\\/\\\/www.facebook.com\\\/albatartufi\",\"https:\\\/\\\/x.com\\\/albatartufi\",\"https:\\\/\\\/www.instagram.com\\\/albatartufi\\\/\"]}]}<\/script>\n<!-- \/ Yoast SEO plugin. -->","yoast_head_json":{"title":"Service de transport - Truffe d'Alba (Pi\u00e9mont - Italie)","description":"Nous proposons des transferts priv\u00e9s ou de groupe depuis et vers les principales villes et a\u00e9roports du Pi\u00e9mont, avec des v\u00e9hicules modernes et des chauffeurs professionnels.","robots":{"index":"index","follow":"follow","max-snippet":"max-snippet:-1","max-image-preview":"max-image-preview:large","max-video-preview":"max-video-preview:-1"},"canonical":"https:\/\/new.albatartufi.com\/fr\/shop\/service-de-transport\/","og_locale":"fr_FR","og_type":"article","og_title":"Service de transport - Truffe d'Alba (Pi\u00e9mont - Italie)","og_description":"Nous proposons des transferts priv\u00e9s ou de groupe depuis et vers les principales villes et a\u00e9roports du Pi\u00e9mont, avec des v\u00e9hicules modernes et des chauffeurs professionnels.","og_url":"https:\/\/new.albatartufi.com\/fr\/shop\/service-de-transport\/","og_site_name":"Truffe d'Alba (Pi\u00e9mont - Italie)","article_publisher":"https:\/\/www.facebook.com\/albatartufi","og_image":[{"width":200,"height":200,"url":"https:\/\/new.albatartufi.com\/wp-content\/uploads\/2025\/10\/logo-albatartufi.png","type":"image\/png"}],"twitter_card":"summary_large_image","twitter_site":"@albatartufi","schema":{"@context":"https:\/\/schema.org","@graph":[{"@type":"WebPage","@id":"https:\/\/new.albatartufi.com\/fr\/shop\/service-de-transport\/","url":"https:\/\/new.albatartufi.com\/fr\/shop\/service-de-transport\/","name":"Service de transport - Truffe d'Alba (Pi\u00e9mont - Italie)","isPartOf":{"@id":"https:\/\/new.albatartufi.com\/#website"},"primaryImageOfPage":{"@id":"https:\/\/new.albatartufi.com\/fr\/shop\/service-de-transport\/#primaryimage"},"image":{"@id":"https:\/\/new.albatartufi.com\/fr\/shop\/service-de-transport\/#primaryimage"},"thumbnailUrl":"https:\/\/new.albatartufi.com\/wp-content\/uploads\/2025\/10\/logo-albatartufi.png","datePublished":"2025-10-15T05:51:15+00:00","description":"Nous proposons des transferts priv\u00e9s ou de groupe depuis et vers les principales villes et a\u00e9roports du Pi\u00e9mont, avec des v\u00e9hicules modernes et des chauffeurs professionnels.","breadcrumb":{"@id":"https:\/\/new.albatartufi.com\/fr\/shop\/service-de-transport\/#breadcrumb"},"inLanguage":"fr-FR","potentialAction":[{"@type":"ReadAction","target":["https:\/\/new.albatartufi.com\/fr\/shop\/service-de-transport\/"]}]},{"@type":"ImageObject","inLanguage":"fr-FR","@id":"https:\/\/new.albatartufi.com\/fr\/shop\/service-de-transport\/#primaryimage","url":"https:\/\/new.albatartufi.com\/wp-content\/uploads\/2025\/10\/logo-albatartufi.png","contentUrl":"https:\/\/new.albatartufi.com\/wp-content\/uploads\/2025\/10\/logo-albatartufi.png","width":200,"height":200,"caption":"Truffes d'Alba"},{"@type":"BreadcrumbList","@id":"https:\/\/new.albatartufi.com\/fr\/shop\/service-de-transport\/#breadcrumb","itemListElement":[{"@type":"ListItem","position":1,"name":"Home","item":"https:\/\/new.albatartufi.com\/fr\/truffe-dalba-piemont-italie\/"},{"@type":"ListItem","position":2,"name":"Boutique","item":"https:\/\/new.albatartufi.com\/fr\/boutique\/"},{"@type":"ListItem","position":3,"name":"Service de transport"}]},{"@type":"WebSite","@id":"https:\/\/new.albatartufi.com\/#website","url":"https:\/\/new.albatartufi.com\/","name":"Alba Tartufi","description":"Tartufo di Alba (Piemonte - Italia)","publisher":{"@id":"https:\/\/new.albatartufi.com\/#organization"},"potentialAction":[{"@type":"SearchAction","target":{"@type":"EntryPoint","urlTemplate":"https:\/\/new.albatartufi.com\/?s={search_term_string}"},"query-input":{"@type":"PropertyValueSpecification","valueRequired":true,"valueName":"search_term_string"}}],"inLanguage":"fr-FR"},{"@type":"Organization","@id":"https:\/\/new.albatartufi.com\/#organization","name":"Alba Tartufi","url":"https:\/\/new.albatartufi.com\/","logo":{"@type":"ImageObject","inLanguage":"fr-FR","@id":"https:\/\/new.albatartufi.com\/#\/schema\/logo\/image\/","url":"https:\/\/new.albatartufi.com\/wp-content\/uploads\/2025\/09\/cropped-logo_alba_tartufi.webp","contentUrl":"https:\/\/new.albatartufi.com\/wp-content\/uploads\/2025\/09\/cropped-logo_alba_tartufi.webp","width":389,"height":211,"caption":"Alba Tartufi"},"image":{"@id":"https:\/\/new.albatartufi.com\/#\/schema\/logo\/image\/"},"sameAs":["https:\/\/www.facebook.com\/albatartufi","https:\/\/x.com\/albatartufi","https:\/\/www.instagram.com\/albatartufi\/"]}]}},"_links":{"self":[{"href":"https:\/\/new.albatartufi.com\/fr\/wp-json\/wp\/v2\/product\/995467","targetHints":{"allow":["GET"]}}],"collection":[{"href":"https:\/\/new.albatartufi.com\/fr\/wp-json\/wp\/v2\/product"}],"about":[{"href":"https:\/\/new.albatartufi.com\/fr\/wp-json\/wp\/v2\/types\/product"}],"version-history":[{"count":0,"href":"https:\/\/new.albatartufi.com\/fr\/wp-json\/wp\/v2\/product\/995467\/revisions"}],"wp:featuredmedia":[{"embeddable":true,"href":"https:\/\/new.albatartufi.com\/fr\/wp-json\/wp\/v2\/media\/994480"}],"wp:attachment":[{"href":"https:\/\/new.albatartufi.com\/fr\/wp-json\/wp\/v2\/media?parent=995467"}],"wp:term":[{"taxonomy":"product_brand","embeddable":true,"href":"https:\/\/new.albatartufi.com\/fr\/wp-json\/wp\/v2\/product_brand?post=995467"},{"taxonomy":"product_cat","embeddable":true,"href":"https:\/\/new.albatartufi.com\/fr\/wp-json\/wp\/v2\/product_cat?post=995467"},{"taxonomy":"product_tag","embeddable":true,"href":"https:\/\/new.albatartufi.com\/fr\/wp-json\/wp\/v2\/product_tag?post=995467"}],"curies":[{"name":"wp","href":"https:\/\/api.w.org\/{rel}","templated":true}]}}